{"id":925,"date":"2021-03-18T08:12:20","date_gmt":"2021-03-18T08:12:20","guid":{"rendered":"https:\/\/r-filter.hu\/?page_id=925"},"modified":"2026-02-25T13:33:08","modified_gmt":"2026-02-25T11:33:08","slug":"uvh50","status":"publish","type":"page","link":"https:\/\/r-filter.ro\/hu\/uvh50\/","title":{"rendered":"UVH"},"content":{"rendered":"<div data-elementor-type=\"wp-page\" data-elementor-id=\"925\" class=\"elementor elementor-925\" data-elementor-post-type=\"page\">\n\t\t\t\t\t\t<section class=\"elementor-section elementor-top-section elementor-element elementor-element-be11c91 elementor-section-boxed elementor-section-height-default elementor-section-height-default\" data-id=\"be11c91\" data-element_type=\"section\" data-e-type=\"section\">\n\t\t\t\t\t\t<div class=\"elementor-container elementor-column-gap-default\">\n\t\t\t\t\t<div class=\"elementor-column elementor-col-100 elementor-top-column elementor-element elementor-element-009a53b\" data-id=\"009a53b\" data-element_type=\"column\" data-e-type=\"column\" data-settings=\"{&quot;background_background&quot;:&quot;classic&quot;}\">\n\t\t\t<div class=\"elementor-widget-wrap elementor-element-populated\">\n\t\t\t\t\t\t<div class=\"elementor-element elementor-element-fd28468 elementor-widget elementor-widget-heading\" data-id=\"fd28468\" data-element_type=\"widget\" data-e-type=\"widget\" data-widget_type=\"heading.default\">\n\t\t\t\t<div class=\"elementor-widget-container\">\n\t\t\t\t\t<h1 class=\"elementor-heading-title elementor-size-default\">UVH 50<\/h1>\t\t\t\t<\/div>\n\t\t\t\t<\/div>\n\t\t\t\t<div class=\"elementor-element elementor-element-c47d127 elementor-widget-divider--view-line elementor-widget elementor-widget-divider\" data-id=\"c47d127\" data-element_type=\"widget\" data-e-type=\"widget\" data-widget_type=\"divider.default\">\n\t\t\t\t<div class=\"elementor-widget-container\">\n\t\t\t\t\t\t\t<div class=\"elementor-divider\">\n\t\t\t<span class=\"elementor-divider-separator\">\n\t\t\t\t\t\t<\/span>\n\t\t<\/div>\n\t\t\t\t\t\t<\/div>\n\t\t\t\t<\/div>\n\t\t\t\t\t<\/div>\n\t\t<\/div>\n\t\t\t\t\t<\/div>\n\t\t<\/section>\n\t\t\t\t<section class=\"elementor-section elementor-top-section elementor-element elementor-element-2183a3f elementor-section-boxed elementor-section-height-default elementor-section-height-default\" data-id=\"2183a3f\" data-element_type=\"section\" data-e-type=\"section\">\n\t\t\t\t\t\t<div class=\"elementor-container elementor-column-gap-default\">\n\t\t\t\t\t<div class=\"elementor-column elementor-col-100 elementor-top-column elementor-element elementor-element-e0019e5\" data-id=\"e0019e5\" data-element_type=\"column\" data-e-type=\"column\">\n\t\t\t<div class=\"elementor-widget-wrap elementor-element-populated\">\n\t\t\t\t\t\t<section class=\"elementor-section elementor-inner-section elementor-element elementor-element-c775e80 elementor-section-boxed elementor-section-height-default elementor-section-height-default\" data-id=\"c775e80\" data-element_type=\"section\" data-e-type=\"section\">\n\t\t\t\t\t\t<div class=\"elementor-container elementor-column-gap-default\">\n\t\t\t\t\t<div class=\"elementor-column elementor-col-50 elementor-inner-column elementor-element elementor-element-3ceb423\" data-id=\"3ceb423\" data-element_type=\"column\" data-e-type=\"column\">\n\t\t\t<div class=\"elementor-widget-wrap elementor-element-populated\">\n\t\t\t\t\t\t<div class=\"elementor-element elementor-element-47aa036 elementor-widget elementor-widget-text-editor\" data-id=\"47aa036\" data-element_type=\"widget\" data-e-type=\"widget\" data-widget_type=\"text-editor.default\">\n\t\t\t\t<div class=\"elementor-widget-container\">\n\t\t\t\t\t\t\t\t\t<p>Az UVH fotokatalitikus UVH fert\u0151tlen\u00edt\u0151szert \u00e9s a mozg\u00e1s\u00e9rz\u00e9kel\u0151vel ell\u00e1tott szagtalan l\u00e9gtiszt\u00edt\u00f3t kifejezetten a zs\u00fafolt \u00e9s nagy forgalm\u00fa nyilv\u00e1nos helyis\u00e9gek leveg\u0151j\u00e9nek fert\u0151tlen\u00edt\u00e9s\u00e9re \u00e9s szagtalan\u00edt\u00e1s\u00e1ra tervezt\u00e9k.<br \/><strong>Ez az innovat\u00edv k\u00e9sz\u00fcl\u00e9k minden olyan helyis\u00e9gben haszn\u00e1lhat\u00f3 (WC-k, f\u00fcrd\u0151szob\u00e1k, szaun\u00e1k, \u00f6lt\u00f6z\u0151k, m\u0171helyek, nagy forgalm\u00fa kiszolg\u00e1l\u00f3 helyis\u00e9gek, edz\u0151termek \u00e9s sz\u00e1ll\u00e1shelyek), ahol a mikroorganizmusokat, a kellemetlen szagokat \u00e9s az emberi eg\u00e9szs\u00e9gre k\u00e1ros szagokat szeretn\u00e9nk megsz\u0171rni \u00e9s semleges\u00edteni. <\/strong> A bakt\u00e9riumok \u00e9s v\u00edrusok leveg\u0151b\u0151l val\u00f3 elt\u00e1vol\u00edt\u00e1s\u00e1val megakad\u00e1lyozzuk, hogy azok a fel\u00fcleteken megtelepedjenek \u00e9s \u00e9rintkez\u00e9s \u00fatj\u00e1n terjedjenek.<\/p>\t\t\t\t\t\t\t\t<\/div>\n\t\t\t\t<\/div>\n\t\t\t\t<div class=\"elementor-element elementor-element-6dfe22a elementor-widget-divider--view-line elementor-widget elementor-widget-divider\" data-id=\"6dfe22a\" data-element_type=\"widget\" data-e-type=\"widget\" data-widget_type=\"divider.default\">\n\t\t\t\t<div class=\"elementor-widget-container\">\n\t\t\t\t\t\t\t<div class=\"elementor-divider\">\n\t\t\t<span class=\"elementor-divider-separator\">\n\t\t\t\t\t\t<\/span>\n\t\t<\/div>\n\t\t\t\t\t\t<\/div>\n\t\t\t\t<\/div>\n\t\t\t\t<div class=\"elementor-element elementor-element-279481f elementor-widget elementor-widget-text-editor\" data-id=\"279481f\" data-element_type=\"widget\" data-e-type=\"widget\" data-widget_type=\"text-editor.default\">\n\t\t\t\t<div class=\"elementor-widget-container\">\n\t\t\t\t\t\t\t\t\t<strong>Hogyan m\u0171k\u00f6dik<\/strong>\t\t\t\t\t\t\t\t<\/div>\n\t\t\t\t<\/div>\n\t\t\t\t<div class=\"elementor-element elementor-element-73b3115 elementor-widget elementor-widget-text-editor\" data-id=\"73b3115\" data-element_type=\"widget\" data-e-type=\"widget\" data-widget_type=\"text-editor.default\">\n\t\t\t\t<div class=\"elementor-widget-container\">\n\t\t\t\t\t\t\t\t\t<p>Az R-FILTER UVH-50 higi\u00e9nikus ventil\u00e1toros l\u00e9gtiszt\u00edt\u00f3 hat\u00e9konyan semleges\u00edti a bakt\u00e9riumokat \u00e9s v\u00edrusokat a belt\u00e9ri leveg\u0151ben, \u00e9s megsz\u00fcnteti a szagokat. A l\u00e9gtiszt\u00edt\u00f3 k\u00e9t technol\u00f3gia szinergikus hat\u00e1s\u00e1t egyes\u00edti.<\/p><p><b>PCO (fotokatalitikus oxid\u00e1ci\u00f3):<br \/><\/b><span style=\"colour: var( --e-global-colour-text ); font-family: var( --e-global-typography-text-font-family ), Sans-serif; font-weight: var( --e-global-typography-text-font-weight ); background-colour: var(--nv-site-bg); font-size: var(--bodyfontsize); letter-spacing: var(--bodyletterspacing); text-transform: var(--bodytexttransform);\">A be\u00e9p\u00edtett ventil\u00e1torok \u00e1ltal keringetett belt\u00e9ri leveg\u0151 \u00e1thalad a k\u00e9sz\u00fcl\u00e9ken, \u00e9s \u00e9rintkezik a fotokatalitikus lemezekkel. A lemezeket UV-f\u00e9ny vil\u00e1g\u00edtja meg, amely aktiv\u00e1lja a kataliz\u00e1torlemezeket, \u00e9s nagy reakci\u00f3k\u00e9pess\u00e9g\u0171 hidroxil- \u00e9s szuperoxid-ionokat hoz l\u00e9tre. Ezek megt\u00e1madj\u00e1k a leveg\u0151ben l\u00e9v\u0151 szennyez\u0151 anyagokat, p\u00e9ld\u00e1ul a legt\u00f6bb szerves szennyez\u0151 anyagot (bakt\u00e9riumok, v\u00edrusok, pen\u00e9szgomb\u00e1k \u00e9s szagok), \u00e9s oxid\u00e1ci\u00f3val elpuszt\u00edtj\u00e1k azokat. <\/span><\/p><p><b>UVGI (ultraibolya cs\u00edr\u00e1tlan\u00edt\u00f3 besug\u00e1rz\u00e1s ultraibolya cs\u00edr\u00e1tlan\u00edt\u00f3 besug\u00e1rz\u00e1ssal):<br \/><\/b><span style=\"colour: var( --e-global-colour-text ); font-family: var( --e-global-typography-text-font-family ), Sans-serif; font-weight: var( --e-global-typography-text-font-weight ); background-colour: var(--nv-site-bg); font-size: var(--bodyfontsize); letter-spacing: var(--bodyletterspacing); text-transform: var(--bodytexttransform);\">A haszn\u00e1lt cs\u00edra- vagy bakt\u00e9rium\u00f6l\u0151 l\u00e1mpa egy speci\u00e1lis UV-C f\u00e9nyforr\u00e1s. A k\u00e9sz\u00fcl\u00e9k UV-reaktor kamr\u00e1j\u00e1ban a r\u00f6vidhull\u00e1m\u00fa ultraibolya sug\u00e1rz\u00e1s elpuszt\u00edtja a mikroorganizmusok DNS-\u00e9t \u00e9s RNS-\u00e9t, elpuszt\u00edtva azokat. Az UV-f\u00e9ny a fotokataliz\u00e1tor lemezek aktiv\u00e1l\u00e1s\u00e1ra is szolg\u00e1l.<\/span><\/p><p><em>A k\u00f6vetkez\u0151 l\u00e9gtiszt\u00edt\u00e1si folyamat a TiO<sub>2<\/sub>:<\/em><\/p>\t\t\t\t\t\t\t\t<\/div>\n\t\t\t\t<\/div>\n\t\t\t\t<div class=\"elementor-element elementor-element-a83a2b9 elementor-widget elementor-widget-image\" data-id=\"a83a2b9\" data-element_type=\"widget\" data-e-type=\"widget\" data-widget_type=\"image.default\">\n\t\t\t\t<div class=\"elementor-widget-container\">\n\t\t\t\t\t\t\t\t\t\t\t\t\t\t\t<img fetchpriority=\"high\" decoding=\"async\" width=\"1024\" height=\"670\" src=\"https:\/\/r-filter.ro\/wp-content\/uploads\/2021\/03\/to_rajz-1024x670.jpg\" class=\"attachment-large size-large wp-image-8709\" alt=\"\" srcset=\"\" sizes=\"(max-width: 1024px) 100vw, 1024px\" data-srcset=\"\" \/>\t\t\t\t\t\t\t\t\t\t\t\t\t\t\t<\/div>\n\t\t\t\t<\/div>\n\t\t\t\t<div class=\"elementor-element elementor-element-b831c42 elementor-widget elementor-widget-text-editor\" data-id=\"b831c42\" data-element_type=\"widget\" data-e-type=\"widget\" data-widget_type=\"text-editor.default\">\n\t\t\t\t<div class=\"elementor-widget-container\">\n\t\t\t\t\t\t\t\t\t<p>TiO<sub>2<\/sub> a fenti f\u00e9lvezet\u0151, amelyben az elektronok (e-) egy bizonyos hull\u00e1mhossz\u00fas\u00e1g\u00fa f\u00e9nnyel megvil\u00e1g\u00edtva a vezet\u00e9si s\u00e1vban gerjeszt\u0151dnek, \u00e9s hely\u00fck\u00f6n lyukak (h+) keletkeznek. A lyukaknak er\u0151s oxid\u00e1l\u00f3, m\u00edg az elektronoknak er\u0151s reduk\u00e1l\u00f3 hat\u00e1suk van. A leveg\u0151ben l\u00e9v\u0151 nedvess\u00e9gben l\u00e9v\u0151 v\u00edzb\u0151l nagy reakci\u00f3k\u00e9pess\u00e9g\u0171 hidroxilgy\u00f6k\u00f6k (-OH) keletkeznek, m\u00edg a szuperoxidgy\u00f6k\u00f6k (-O<sub>2<\/sub>-) a leveg\u0151 oxig\u00e9nj\u00e9b\u0151l reakci\u00f3k\u00e9pes anyagokat k\u00e9peznek. A leveg\u0151ben l\u00e9v\u0151 szaganyagok lebomlanak, a mikroorganizmusok pedig DNS-\u00fck szerkezet\u00e9nek k\u00e1ros\u00edt\u00e1s\u00e1val elpusztulnak, \u00e9s csak sz\u00e9n-dioxid \u00e9s v\u00edz marad ut\u00e1nuk, amelyek a megtiszt\u00edtott leveg\u0151vel egy\u00fctt t\u00e1voznak. A tit\u00e1n-dioxid bevonat nem kopik le, \u00e9s tart\u00f3san m\u0171k\u00f6d\u0151k\u00e9pes marad.<\/p><p><em>Az ill\u00e9kony szerves vegy\u00fcletek (VOC) boml\u00e1si folyamat\u00e1t bemutat\u00f3 keresztmetszeti k\u00e9p:<\/em><\/p>\t\t\t\t\t\t\t\t<\/div>\n\t\t\t\t<\/div>\n\t\t\t\t<div class=\"elementor-element elementor-element-846bfd6 elementor-widget elementor-widget-image\" data-id=\"846bfd6\" data-element_type=\"widget\" data-e-type=\"widget\" data-widget_type=\"image.default\">\n\t\t\t\t<div class=\"elementor-widget-container\">\n\t\t\t\t\t\t\t\t\t\t\t\t\t\t\t<img decoding=\"async\" width=\"1024\" height=\"589\" src=\"https:\/\/r-filter.ro\/wp-content\/uploads\/2021\/03\/fot.e.2.m-1024x589.jpg\" class=\"attachment-large size-large wp-image-8711\" alt=\"\" srcset=\"\" sizes=\"(max-width: 1024px) 100vw, 1024px\" data-srcset=\"\" \/>\t\t\t\t\t\t\t\t\t\t\t\t\t\t\t<\/div>\n\t\t\t\t<\/div>\n\t\t\t\t\t<\/div>\n\t\t<\/div>\n\t\t\t\t<div class=\"elementor-column elementor-col-50 elementor-inner-column elementor-element elementor-element-2fff13a\" data-id=\"2fff13a\" data-element_type=\"column\" data-e-type=\"column\">\n\t\t\t<div class=\"elementor-widget-wrap elementor-element-populated\">\n\t\t\t\t\t\t<div class=\"elementor-element elementor-element-b74dc22 elementor-widget elementor-widget-image\" data-id=\"b74dc22\" data-element_type=\"widget\" data-e-type=\"widget\" data-widget_type=\"image.default\">\n\t\t\t\t<div class=\"elementor-widget-container\">\n\t\t\t\t\t\t\t\t\t\t\t\t\t\t\t<img decoding=\"async\" width=\"1024\" height=\"512\" src=\"https:\/\/r-filter.ro\/wp-content\/uploads\/2022\/10\/UVH2-1024x512.jpg\" class=\"attachment-large size-large wp-image-5297\" alt=\"R-Filter innovat\u00edv konyhai l\u00e9gkezel\u00e9s, zs\u00edrbont\u00e1s \u00e9s szagtalan\u00edt\u00e1s\" srcset=\"https:\/\/r-filter.ro\/wp-content\/uploads\/2022\/10\/UVH2-1024x512.jpg 1024w, https:\/\/r-filter.ro\/wp-content\/uploads\/2022\/10\/UVH2-300x150.jpg 300w, https:\/\/r-filter.ro\/wp-content\/uploads\/2022\/10\/UVH2-768x384.jpg 768w, https:\/\/r-filter.ro\/wp-content\/uploads\/2022\/10\/UVH2-18x9.jpg 18w, https:\/\/r-filter.ro\/wp-content\/uploads\/2022\/10\/UVH2.jpg 1200w\" sizes=\"(max-width: 1024px) 100vw, 1024px\" \/>\t\t\t\t\t\t\t\t\t\t\t\t\t\t\t<\/div>\n\t\t\t\t<\/div>\n\t\t\t\t<div class=\"elementor-element elementor-element-28494af elementor-widget elementor-widget-text-editor\" data-id=\"28494af\" data-element_type=\"widget\" data-e-type=\"widget\" data-widget_type=\"text-editor.default\">\n\t\t\t\t<div class=\"elementor-widget-container\">\n\t\t\t\t\t\t\t\t\t<p style=\"color: #0000f3;\">A k\u00e9sz\u00fcl\u00e9k haszn\u00e1lat\u00e1nak el\u0151nyei:<\/p>\n\n<ul>\n \t<li>az ultraibolya cs\u00edra\u00f6l\u0151 besug\u00e1rz\u00e1s (UVGI) \u00e9s a fotokatalitikus oxid\u00e1ci\u00f3 (PCO) szinergikus hat\u00e1sa<\/li>\n \t<li>kiemelked\u0151 fert\u0151tlen\u00edt\u0151 \u00e9s szagtalan\u00edt\u00f3 hat\u00e1s\u00fa<\/li>\n \t<li>vegyszer- \u00e9s \u00f3zonmentes m\u0171k\u00f6d\u00e9s<\/li>\n \t<li>Automatikus mozg\u00e1s\u00e9rz\u00e9kel\u0151 aktiv\u00e1l\u00e1s<\/li>\n \t<li>Rozsdamentes ac\u00e9l h\u00e1z<\/li>\n \t<li>Minim\u00e1lis karbantart\u00e1si k\u00f6vetelm\u00e9nyek<\/li>\n \t<li>18 h\u00f3nap garancia<\/li>\n<\/ul>\t\t\t\t\t\t\t\t<\/div>\n\t\t\t\t<\/div>\n\t\t\t\t<div class=\"elementor-element elementor-element-c783028 elementor-widget elementor-widget-image\" data-id=\"c783028\" data-element_type=\"widget\" data-e-type=\"widget\" data-widget_type=\"image.default\">\n\t\t\t\t<div class=\"elementor-widget-container\">\n\t\t\t\t\t\t\t\t\t\t\t\t\t\t\t<img loading=\"lazy\" decoding=\"async\" width=\"541\" height=\"460\" src=\"https:\/\/r-filter.ro\/wp-content\/uploads\/2021\/03\/UVH_rajz.jpg\" class=\"attachment-large size-large wp-image-936\" alt=\"\" srcset=\"https:\/\/r-filter.ro\/wp-content\/uploads\/2021\/03\/UVH_rajz.jpg 541w, https:\/\/r-filter.ro\/wp-content\/uploads\/2021\/03\/UVH_rajz-300x255.jpg 300w, https:\/\/r-filter.ro\/wp-content\/uploads\/2021\/03\/UVH_rajz-14x12.jpg 14w\" sizes=\"(max-width: 541px) 100vw, 541px\" \/>\t\t\t\t\t\t\t\t\t\t\t\t\t\t\t<\/div>\n\t\t\t\t<\/div>\n\t\t\t\t<div class=\"elementor-element elementor-element-300e6fa elementor-widget elementor-widget-text-editor\" data-id=\"300e6fa\" data-element_type=\"widget\" data-e-type=\"widget\" data-widget_type=\"text-editor.default\">\n\t\t\t\t<div class=\"elementor-widget-container\">\n\t\t\t\t\t\t\t\t\t<strong>K\u00e9r\u00e9sre a &#8222;Kapcsolat&#8221; men\u00fcben t\u00f6rt\u00e9n\u0151 regisztr\u00e1ci\u00f3 ut\u00e1n elk\u00fcldj\u00fck \u00d6nnek az eszk\u00f6z\u00f6k adatlapjait.<\/strong>\t\t\t\t\t\t\t\t<\/div>\n\t\t\t\t<\/div>\n\t\t\t\t\t<\/div>\n\t\t<\/div>\n\t\t\t\t\t<\/div>\n\t\t<\/section>\n\t\t\t\t\t<\/div>\n\t\t<\/div>\n\t\t\t\t\t<\/div>\n\t\t<\/section>\n\t\t\t\t<\/div>","protected":false},"excerpt":{"rendered":"<p>Az UVH 50 UVH fotokatalitikus fert\u0151tlen\u00edt\u0151 \u00e9s szagtalan\u00edt\u00f3 l\u00e9gtiszt\u00edt\u00f3 k\u00e9sz\u00fcl\u00e9ket mozg\u00e1s\u00e9rz\u00e9kel\u0151vel kifejezetten a zs\u00fafolt \u00e9s nagy forgalm\u00fa nyilv\u00e1nos helyis\u00e9gek leveg\u0151j\u00e9nek fert\u0151tlen\u00edt\u00e9s\u00e9re \u00e9s szagtalan\u00edt\u00e1s\u00e1ra tervezt\u00e9k.Ez az innovat\u00edv k\u00e9sz\u00fcl\u00e9k b\u00e1rmilyen helyis\u00e9gben haszn\u00e1lhat\u00f3 (WC-k, f\u00fcrd\u0151szob\u00e1k, szaun\u00e1k, \u00f6lt\u00f6z\u0151k, m\u0171helyek, nagy forgalm\u00fa kiszolg\u00e1l\u00f3 helyis\u00e9gek, edz\u0151termek \u00e9s eg\u00e9szs\u00e9g\u00fcgyi&hellip;&nbsp;<a href=\"https:\/\/r-filter.ro\/hu\/uvh50\/\" rel=\"bookmark\">Olvass tov\u00e1bb &raquo;<span class=\"screen-reader-text\">UVH<\/span><\/a><\/p>","protected":false},"author":1,"featured_media":0,"parent":0,"menu_order":0,"comment_status":"closed","ping_status":"closed","template":"","meta":{"neve_meta_sidebar":"full-width","neve_meta_container":"","neve_meta_enable_content_width":"on","neve_meta_content_width":100,"neve_meta_title_alignment":"","neve_meta_author_avatar":"","neve_post_elements_order":"","neve_meta_disable_header":"","neve_meta_disable_footer":"","neve_meta_disable_title":"","neve_meta_reading_time":"","_themeisle_gutenberg_block_has_review":false,"_ti_tpc_template_sync":false,"_ti_tpc_template_id":"","footnotes":""},"class_list":["post-925","page","type-page","status-publish","hentry"],"_links":{"self":[{"href":"https:\/\/r-filter.ro\/hu\/wp-json\/wp\/v2\/pages\/925","targetHints":{"allow":["GET"]}}],"collection":[{"href":"https:\/\/r-filter.ro\/hu\/wp-json\/wp\/v2\/pages"}],"about":[{"href":"https:\/\/r-filter.ro\/hu\/wp-json\/wp\/v2\/types\/page"}],"author":[{"embeddable":true,"href":"https:\/\/r-filter.ro\/hu\/wp-json\/wp\/v2\/users\/1"}],"replies":[{"embeddable":true,"href":"https:\/\/r-filter.ro\/hu\/wp-json\/wp\/v2\/comments?post=925"}],"version-history":[{"count":93,"href":"https:\/\/r-filter.ro\/hu\/wp-json\/wp\/v2\/pages\/925\/revisions"}],"predecessor-version":[{"id":8714,"href":"https:\/\/r-filter.ro\/hu\/wp-json\/wp\/v2\/pages\/925\/revisions\/8714"}],"wp:attachment":[{"href":"https:\/\/r-filter.ro\/hu\/wp-json\/wp\/v2\/media?parent=925"}],"curies":[{"name":"wp","href":"https:\/\/api.w.org\/{rel}","templated":true}]}}