{"id":8856,"date":"2026-03-31T09:41:57","date_gmt":"2026-03-31T07:41:57","guid":{"rendered":"https:\/\/r-filter.ro\/?page_id=8856"},"modified":"2026-03-31T09:46:09","modified_gmt":"2026-03-31T07:46:09","slug":"mentiuni-legale","status":"publish","type":"page","link":"https:\/\/r-filter.ro\/hu\/mentiuni-legale\/","title":{"rendered":"Men\u021biuni legale"},"content":{"rendered":"\t\t<div data-elementor-type=\"wp-page\" data-elementor-id=\"8856\" class=\"elementor elementor-8856\" data-elementor-post-type=\"page\">\n\t\t\t\t\t\t<section class=\"elementor-section elementor-top-section elementor-element elementor-element-373f84b elementor-section-boxed elementor-section-height-default elementor-section-height-default\" data-id=\"373f84b\" data-element_type=\"section\" data-e-type=\"section\">\n\t\t\t\t\t\t<div class=\"elementor-container elementor-column-gap-default\">\n\t\t\t\t\t<div class=\"elementor-column elementor-col-100 elementor-top-column elementor-element elementor-element-3d2cf90\" data-id=\"3d2cf90\" data-element_type=\"column\" data-e-type=\"column\">\n\t\t\t<div class=\"elementor-widget-wrap elementor-element-populated\">\n\t\t\t\t\t\t<div class=\"elementor-element elementor-element-38557ba elementor-widget elementor-widget-heading\" data-id=\"38557ba\" data-element_type=\"widget\" data-e-type=\"widget\" data-widget_type=\"heading.default\">\n\t\t\t\t<div class=\"elementor-widget-container\">\n\t\t\t\t\t<h1 class=\"elementor-heading-title elementor-size-default\">Men\u021biuni legale<\/h1>\t\t\t\t<\/div>\n\t\t\t\t<\/div>\n\t\t\t\t<div class=\"elementor-element elementor-element-e0cfd3d elementor-widget elementor-widget-text-editor\" data-id=\"e0cfd3d\" data-element_type=\"widget\" data-e-type=\"widget\" data-widget_type=\"text-editor.default\">\n\t\t\t\t<div class=\"elementor-widget-container\">\n\t\t\t\t\t\t\t\t\t<p class=\"font-claude-response-body break-words whitespace-normal leading-[1.7]\"><strong>Denumirea societ\u0103\u021bii:<\/strong> HVB MEDICAL SRL<br \/><strong>Sediul social:<\/strong> T\u00e2rgu Mure\u0219, str. Franz Liszt nr. 11, 540068, jude\u021bul Mure\u0219, Rom\u00e2nia<br \/><strong>Cod unic de \u00eenregistrare (CUI):<\/strong> RO30695481<br \/><strong>Nr. de \u00eenregistrare la Registrul Comer\u021bului:<\/strong> J26\/916\/2012<br \/><strong>Autoritatea de \u00eenregistrare:<\/strong> Oficiul Registrului Comer\u021bului de pe l\u00e2ng\u0103 Tribunalul Mure\u0219<br \/><strong>Telefon:<\/strong> +40 750 276 611 \/ +40 752 251 111<br \/><strong>E-mail:<\/strong> <a class=\"underline underline underline-offset-2 decoration-1 decoration-current\/40 hover:decoration-current focus:decoration-current\" href=\"mailto:r-filter@r-filter.ro\">r-filter@r-filter.ro<\/a><br \/><strong>Program:<\/strong> Luni\u2013Vineri, 9:00\u201317:00<br \/><strong>Furnizor de servicii de g\u0103zduire web:<\/strong> In mid Air Kft.<\/p>\t\t\t\t\t\t\t\t<\/div>\n\t\t\t\t<\/div>\n\t\t\t\t\t<\/div>\n\t\t<\/div>\n\t\t\t\t\t<\/div>\n\t\t<\/section>\n\t\t\t\t<\/div>\n\t\t","protected":false},"excerpt":{"rendered":"<p>Denumirea societ\u0103\u021bii: HVB MEDICAL SRLSediul social: T\u00e2rgu Mure\u0219, str. Franz Liszt nr. 11, 540068, jude\u021bul Mure\u0219, Rom\u00e2niaCod unic de \u00eenregistrare (CUI): RO30695481Nr. de \u00eenregistrare la Registrul Comer\u021bului: J26\/916\/2012Autoritatea de \u00eenregistrare: Oficiul Registrului Comer\u021bului de pe l\u00e2ng\u0103 Tribunalul Mure\u0219Telefon: +40 750 276 611 \/ +40 752 251 111E-mail: r-filter@r-filter.roProgram: Luni\u2013Vineri, 9:00\u201317:00Furnizor de servicii de g\u0103zduire web:&hellip;&nbsp;<a href=\"https:\/\/r-filter.ro\/hu\/mentiuni-legale\/\" rel=\"bookmark\">Olvass tov\u00e1bb &raquo;<span class=\"screen-reader-text\">Men\u021biuni legale<\/span><\/a><\/p>","protected":false},"author":7,"featured_media":0,"parent":0,"menu_order":0,"comment_status":"closed","ping_status":"closed","template":"page-templates\/template-pagebuilder-full-width.php","meta":{"neve_meta_sidebar":"","neve_meta_container":"","neve_meta_enable_content_width":"","neve_meta_content_width":0,"neve_meta_title_alignment":"","neve_meta_author_avatar":"","neve_post_elements_order":"","neve_meta_disable_header":"","neve_meta_disable_footer":"","neve_meta_disable_title":"","neve_meta_reading_time":"","_themeisle_gutenberg_block_has_review":false,"_ti_tpc_template_sync":false,"_ti_tpc_template_id":"","footnotes":""},"class_list":["post-8856","page","type-page","status-publish","hentry"],"_links":{"self":[{"href":"https:\/\/r-filter.ro\/hu\/wp-json\/wp\/v2\/pages\/8856","targetHints":{"allow":["GET"]}}],"collection":[{"href":"https:\/\/r-filter.ro\/hu\/wp-json\/wp\/v2\/pages"}],"about":[{"href":"https:\/\/r-filter.ro\/hu\/wp-json\/wp\/v2\/types\/page"}],"author":[{"embeddable":true,"href":"https:\/\/r-filter.ro\/hu\/wp-json\/wp\/v2\/users\/7"}],"replies":[{"embeddable":true,"href":"https:\/\/r-filter.ro\/hu\/wp-json\/wp\/v2\/comments?post=8856"}],"version-history":[{"count":4,"href":"https:\/\/r-filter.ro\/hu\/wp-json\/wp\/v2\/pages\/8856\/revisions"}],"predecessor-version":[{"id":8862,"href":"https:\/\/r-filter.ro\/hu\/wp-json\/wp\/v2\/pages\/8856\/revisions\/8862"}],"wp:attachment":[{"href":"https:\/\/r-filter.ro\/hu\/wp-json\/wp\/v2\/media?parent=8856"}],"curies":[{"name":"wp","href":"https:\/\/api.w.org\/{rel}","templated":true}]}}