{"id":754,"date":"2021-04-28T10:34:32","date_gmt":"2021-04-28T10:34:32","guid":{"rendered":"https:\/\/r-filter.hu\/?page_id=754"},"modified":"2026-02-18T12:27:54","modified_gmt":"2026-02-18T10:27:54","slug":"uvc100-150","status":"publish","type":"page","link":"https:\/\/r-filter.ro\/hu\/uvc100-150\/","title":{"rendered":"UVC"},"content":{"rendered":"<div data-elementor-type=\"wp-page\" data-elementor-id=\"754\" class=\"elementor elementor-754\" data-elementor-post-type=\"page\">\n\t\t\t\t\t\t<section class=\"elementor-section elementor-top-section elementor-element elementor-element-018d5fe elementor-section-boxed elementor-section-height-default elementor-section-height-default\" data-id=\"018d5fe\" data-element_type=\"section\" data-e-type=\"section\">\n\t\t\t\t\t\t<div class=\"elementor-container elementor-column-gap-default\">\n\t\t\t\t\t<div class=\"elementor-column elementor-col-100 elementor-top-column elementor-element elementor-element-6c9b558\" data-id=\"6c9b558\" data-element_type=\"column\" data-e-type=\"column\" data-settings=\"{&quot;background_background&quot;:&quot;classic&quot;}\">\n\t\t\t<div class=\"elementor-widget-wrap elementor-element-populated\">\n\t\t\t\t\t\t<div class=\"elementor-element elementor-element-78af782 elementor-widget elementor-widget-heading\" data-id=\"78af782\" data-element_type=\"widget\" data-e-type=\"widget\" data-widget_type=\"heading.default\">\n\t\t\t\t<div class=\"elementor-widget-container\">\n\t\t\t\t\t<h1 class=\"elementor-heading-title elementor-size-default\">UVC<\/h1>\t\t\t\t<\/div>\n\t\t\t\t<\/div>\n\t\t\t\t<div class=\"elementor-element elementor-element-5faccc9 elementor-widget-divider--view-line elementor-widget elementor-widget-divider\" data-id=\"5faccc9\" data-element_type=\"widget\" data-e-type=\"widget\" data-widget_type=\"divider.default\">\n\t\t\t\t<div class=\"elementor-widget-container\">\n\t\t\t\t\t\t\t<div class=\"elementor-divider\">\n\t\t\t<span class=\"elementor-divider-separator\">\n\t\t\t\t\t\t<\/span>\n\t\t<\/div>\n\t\t\t\t\t\t<\/div>\n\t\t\t\t<\/div>\n\t\t\t\t\t<\/div>\n\t\t<\/div>\n\t\t\t\t\t<\/div>\n\t\t<\/section>\n\t\t\t\t<section class=\"elementor-section elementor-top-section elementor-element elementor-element-81138d2 elementor-section-boxed elementor-section-height-default elementor-section-height-default\" data-id=\"81138d2\" data-element_type=\"section\" data-e-type=\"section\">\n\t\t\t\t\t\t<div class=\"elementor-container elementor-column-gap-default\">\n\t\t\t\t\t<div class=\"elementor-column elementor-col-100 elementor-top-column elementor-element elementor-element-96cb46f\" data-id=\"96cb46f\" data-element_type=\"column\" data-e-type=\"column\">\n\t\t\t<div class=\"elementor-widget-wrap elementor-element-populated\">\n\t\t\t\t\t\t<div class=\"elementor-element elementor-element-703ff25 elementor-widget elementor-widget-image\" data-id=\"703ff25\" data-element_type=\"widget\" data-e-type=\"widget\" data-widget_type=\"image.default\">\n\t\t\t\t<div class=\"elementor-widget-container\">\n\t\t\t\t\t\t\t\t\t\t\t\t<figure class=\"wp-caption\">\n\t\t\t\t\t\t\t\t\t\t<img decoding=\"async\" width=\"150\" height=\"150\" src=\"https:\/\/r-filter.ro\/wp-content\/uploads\/2021\/04\/uvc150-150x150.jpg\" class=\"attachment-thumbnail size-thumbnail wp-image-1602\" alt=\"\" \/>\t\t\t\t\t\t\t\t\t\t\t<figcaption class=\"widget-image-caption wp-caption-text\">UVC 150<\/figcaption>\n\t\t\t\t\t\t\t\t\t\t<\/figure>\n\t\t\t\t\t\t\t\t\t<\/div>\n\t\t\t\t<\/div>\n\t\t\t\t<div class=\"elementor-element elementor-element-7ab15d5 elementor-align-center elementor-widget elementor-widget-button\" data-id=\"7ab15d5\" data-element_type=\"widget\" data-e-type=\"widget\" data-widget_type=\"button.default\">\n\t\t\t\t<div class=\"elementor-widget-container\">\n\t\t\t\t\t\t\t\t\t<div class=\"elementor-button-wrapper\">\n\t\t\t\t\t<a class=\"elementor-button elementor-button-link elementor-size-sm elementor-animation-shrink\" href=\"https:\/\/r-filter.ro\/hu\/uvc150\/\" target=\"_blank\">\n\t\t\t\t\t\t<span class=\"elementor-button-content-wrapper\">\n\t\t\t\t\t\t\t\t\t<span class=\"elementor-button-text\">R\u00e9szletek<\/span>\n\t\t\t\t\t<\/span>\n\t\t\t\t\t<\/a>\n\t\t\t\t<\/div>\n\t\t\t\t\t\t\t\t<\/div>\n\t\t\t\t<\/div>\n\t\t\t\t\t<\/div>\n\t\t<\/div>\n\t\t\t\t\t<\/div>\n\t\t<\/section>\n\t\t\t\t<section class=\"elementor-section elementor-top-section elementor-element elementor-element-13924aee elementor-section-boxed elementor-section-height-default elementor-section-height-default\" data-id=\"13924aee\" data-element_type=\"section\" data-e-type=\"section\">\n\t\t\t\t\t\t<div class=\"elementor-container elementor-column-gap-default\">\n\t\t\t\t\t<div class=\"elementor-column elementor-col-100 elementor-top-column elementor-element elementor-element-72bedf06\" data-id=\"72bedf06\" data-element_type=\"column\" data-e-type=\"column\">\n\t\t\t<div class=\"elementor-widget-wrap\">\n\t\t\t\t\t\t\t<\/div>\n\t\t<\/div>\n\t\t\t\t\t<\/div>\n\t\t<\/section>\n\t\t\t\t<section class=\"elementor-section elementor-top-section elementor-element elementor-element-7d8262d elementor-section-boxed elementor-section-height-default elementor-section-height-default\" data-id=\"7d8262d\" data-element_type=\"section\" data-e-type=\"section\">\n\t\t\t\t\t\t<div class=\"elementor-container elementor-column-gap-default\">\n\t\t\t\t\t<div class=\"elementor-column elementor-col-100 elementor-top-column elementor-element elementor-element-92e323b\" data-id=\"92e323b\" data-element_type=\"column\" data-e-type=\"column\">\n\t\t\t<div class=\"elementor-widget-wrap elementor-element-populated\">\n\t\t\t\t\t\t<section class=\"elementor-section elementor-inner-section elementor-element elementor-element-f0ff243 elementor-section-boxed elementor-section-height-default elementor-section-height-default\" data-id=\"f0ff243\" data-element_type=\"section\" data-e-type=\"section\">\n\t\t\t\t\t\t<div class=\"elementor-container elementor-column-gap-default\">\n\t\t\t\t\t<div class=\"elementor-column elementor-col-50 elementor-inner-column elementor-element elementor-element-7cfaec3\" data-id=\"7cfaec3\" data-element_type=\"column\" data-e-type=\"column\">\n\t\t\t<div class=\"elementor-widget-wrap elementor-element-populated\">\n\t\t\t\t\t\t<div class=\"elementor-element elementor-element-ec29053 elementor-widget elementor-widget-text-editor\" data-id=\"ec29053\" data-element_type=\"widget\" data-e-type=\"widget\" data-widget_type=\"text-editor.default\">\n\t\t\t\t<div class=\"elementor-widget-container\">\n\t\t\t\t\t\t\t\t\t<p>A gyakran \u00e9rintett fel\u00fcletek olyan fel\u00fcletek, amelyeket a nap folyam\u00e1n t\u00f6bbsz\u00f6r \u00e9rintenek k\u00fcl\u00f6nb\u00f6z\u0151 felhaszn\u00e1l\u00f3k. Ezeknek a fel\u00fcleteknek a rendszeres UV-C f\u00e9nnyel t\u00f6rt\u00e9n\u0151 fert\u0151tlen\u00edt\u00e9se megakad\u00e1lyozza a k\u00e1ros mikroorganizmusok \u00e9rint\u00e9s \u00fatj\u00e1n t\u00f6rt\u00e9n\u0151 terjed\u00e9s\u00e9t.<\/p><p style=\"color: #0000f3;\">Gyakran \u00e9rintkez\u0151 fel\u00fcletek:<\/p><ul><li>\u00cdr\u00f3asztalok, telefonok, sz\u00e1m\u00edt\u00f3g\u00e9pek k\u00e9perny\u0151i \u00e9s billenty\u0171zete, laptopok<\/li><li>Ajt\u00f3cseng\u0151k, kilincsek, villanykapcsol\u00f3k, vez\u00e9rl\u0151panelek \u00e9s gombok a felvon\u00f3kban<\/li><li>L\u00e9pcs\u0151korl\u00e1tok, falak, asztalok, \u00e1gyak<\/li><li>F\u00fcrd\u0151szobai csapok, WC-k \u00e9s mosd\u00f3kagyl\u00f3k<\/li><li>Orvosi berendez\u00e9sek \u00e9s eszk\u00f6z\u00f6k<\/li><li>Edz\u0151eszk\u00f6z\u00f6k, sz\u0151nyegek \u00e9s felszerel\u00e9sek<\/li><li>ATM-ek, fizet\u00e9si termin\u00e1lok<\/li><li>\u00dcl\u00e9sek aut\u00f3kban, buszokban, vonatokon, utassz\u00e1ll\u00edt\u00f3 rep\u00fcl\u0151g\u00e9peken<\/li><li>\u00dcl\u0151helyek mozikban, sz\u00ednh\u00e1zakban<\/li><\/ul>\t\t\t\t\t\t\t\t<\/div>\n\t\t\t\t<\/div>\n\t\t\t\t<div class=\"elementor-element elementor-element-0051d5c elementor-widget elementor-widget-text-editor\" data-id=\"0051d5c\" data-element_type=\"widget\" data-e-type=\"widget\" data-widget_type=\"text-editor.default\">\n\t\t\t\t<div class=\"elementor-widget-container\">\n\t\t\t\t\t\t\t\t\t<strong>Hogyan m\u0171k\u00f6dik<\/strong>\t\t\t\t\t\t\t\t<\/div>\n\t\t\t\t<\/div>\n\t\t\t\t<div class=\"elementor-element elementor-element-962e7cb elementor-widget-divider--view-line elementor-widget elementor-widget-divider\" data-id=\"962e7cb\" data-element_type=\"widget\" data-e-type=\"widget\" data-widget_type=\"divider.default\">\n\t\t\t\t<div class=\"elementor-widget-container\">\n\t\t\t\t\t\t\t<div class=\"elementor-divider\">\n\t\t\t<span class=\"elementor-divider-separator\">\n\t\t\t\t\t\t<\/span>\n\t\t<\/div>\n\t\t\t\t\t\t<\/div>\n\t\t\t\t<\/div>\n\t\t\t\t<div class=\"elementor-element elementor-element-49b9a96 elementor-widget elementor-widget-text-editor\" data-id=\"49b9a96\" data-element_type=\"widget\" data-e-type=\"widget\" data-widget_type=\"text-editor.default\">\n\t\t\t\t<div class=\"elementor-widget-container\">\n\t\t\t\t\t\t\t\t\t<p>A k\u00f3rokoz\u00f3 bakt\u00e9riumokkal \u00e9s v\u00edrusokkal szennyezett fel\u00fcletek \u00e9rint\u00e9se sz\u00e1mos fert\u0151z\u0151 betegs\u00e9g forr\u00e1sa. Elm\u00e9letileg b\u00e1rmilyen fel\u00fclet, amelyet egy fert\u0151z\u00f6tt szem\u00e9ly meg\u00e9rintett vagy kik\u00f6h\u00f6g\u00f6tt, terjesztheti a v\u00edrusokat.<br \/>Ennek a kock\u00e1zatnak a minimaliz\u00e1l\u00e1sa kulcsfontoss\u00e1g\u00fa, mivel a kutat\u00e1sok azt mutatj\u00e1k, hogy p\u00e9ld\u00e1ul a COVID-19 v\u00edrus a fel\u00fcleten t\u00f6bb \u00f3r\u00e1n vagy ak\u00e1r napokon kereszt\u00fcl is \u00e9letben maradhat, a h\u0151m\u00e9rs\u00e9klett\u0151l, a fel\u00fclet t\u00edpus\u00e1t\u00f3l \u00e9s a k\u00f6rnyezet p\u00e1ratartalm\u00e1t\u00f3l f\u00fcgg\u0151en.<br \/>Hordozhat\u00f3 UVC k\u00e9sz\u00fcl\u00e9k\u00fcnk kiv\u00e1l\u00f3 eszk\u00f6z b\u00e1rmilyen fel\u00fclet fert\u0151tlen\u00edt\u00e9s\u00e9re. A 254 nm hull\u00e1mhossz\u00fa UV-sug\u00e1rz\u00e1s elpuszt\u00edtja vagy inaktiv\u00e1lja a mikroorganizmusokat DNS-\u00fck vagy RNS-\u00fck k\u00e1ros\u00edt\u00e1sa r\u00e9v\u00e9n.<br \/>Az IUVA (International Ultraviolet UV Association) aj\u00e1nl\u00e1sa szerint a k\u00e9zi UV fel\u00fcletfert\u0151tlen\u00edt\u0151 k\u00e9sz\u00fcl\u00e9keknek legal\u00e1bb 40 mJ\/cm\u00b2 d\u00f3zist kell el\u00e9rni\u00fck a v\u00edrusok inaktiv\u00e1l\u00e1s\u00e1hoz. Ez\u00e9rt, ha a c\u00e9lfel\u00fclet besug\u00e1rz\u00e1sa 10 mW\/cm\u00b2, akkor ez a d\u00f3zis 4 m\u00e1sodperces expoz\u00edci\u00f3s id\u0151vel \u00e9rhet\u0151 el.<br \/><em>UVC-d\u00f3zis (mWsec\/cm)<sup>2<\/sup>) = besug\u00e1rz\u00e1s (mW\/cm)<sup>2<\/sup>) x id\u0151 (sec)<\/em><br \/>Az UVC 150 l\u00e1mp\u00e1nk alapj\u00e1t\u00f3l m\u00e9rt UVC-sug\u00e1rz\u00e1st az al\u00e1bbiakban mutatjuk be:<\/p>\t\t\t\t\t\t\t\t<\/div>\n\t\t\t\t<\/div>\n\t\t\t\t<div class=\"elementor-element elementor-element-85be15c elementor-widget elementor-widget-image\" data-id=\"85be15c\" data-element_type=\"widget\" data-e-type=\"widget\" data-widget_type=\"image.default\">\n\t\t\t\t<div class=\"elementor-widget-container\">\n\t\t\t\t\t\t\t\t\t\t\t\t\t\t\t<img fetchpriority=\"high\" decoding=\"async\" width=\"686\" height=\"537\" src=\"https:\/\/r-filter.ro\/wp-content\/uploads\/2021\/04\/UVChu.jpg\" class=\"attachment-large size-large wp-image-1603\" alt=\"\" srcset=\"https:\/\/r-filter.ro\/wp-content\/uploads\/2021\/04\/UVChu.jpg 686w, https:\/\/r-filter.ro\/wp-content\/uploads\/2021\/04\/UVChu-300x235.jpg 300w, https:\/\/r-filter.ro\/wp-content\/uploads\/2021\/04\/UVChu-16x12.jpg 16w\" sizes=\"(max-width: 686px) 100vw, 686px\" \/>\t\t\t\t\t\t\t\t\t\t\t\t\t\t\t<\/div>\n\t\t\t\t<\/div>\n\t\t\t\t<div class=\"elementor-element elementor-element-fe77722 elementor-widget elementor-widget-text-editor\" data-id=\"fe77722\" data-element_type=\"widget\" data-e-type=\"widget\" data-widget_type=\"text-editor.default\">\n\t\t\t\t<div class=\"elementor-widget-container\">\n\t\t\t\t\t\t\t\t\t<p>A mikroorganizmusok inaktiv\u00e1l\u00e1s\u00e1nak legjobb hat\u00e9konys\u00e1ga 40-60%-os relat\u00edv p\u00e1ratartalom \u00e9s 21-24 \u00b0C-os k\u00f6rnyezeti h\u0151m\u00e9rs\u00e9klet mellett \u00e9rhet\u0151 el.<\/p>\t\t\t\t\t\t\t\t<\/div>\n\t\t\t\t<\/div>\n\t\t\t\t\t<\/div>\n\t\t<\/div>\n\t\t\t\t<div class=\"elementor-column elementor-col-50 elementor-inner-column elementor-element elementor-element-84ec9c1\" data-id=\"84ec9c1\" data-element_type=\"column\" data-e-type=\"column\">\n\t\t\t<div class=\"elementor-widget-wrap elementor-element-populated\">\n\t\t\t\t\t\t<div class=\"elementor-element elementor-element-beb6168 elementor-widget elementor-widget-image\" data-id=\"beb6168\" data-element_type=\"widget\" data-e-type=\"widget\" data-widget_type=\"image.default\">\n\t\t\t\t<div class=\"elementor-widget-container\">\n\t\t\t\t\t\t\t\t\t\t\t\t\t\t\t<img decoding=\"async\" width=\"1200\" height=\"600\" src=\"https:\/\/r-filter.ro\/wp-content\/uploads\/2022\/10\/UV-C2.jpg\" class=\"attachment-full size-full wp-image-5306\" alt=\"R-Filter innovat\u00edv konyhai l\u00e9gkezel\u00e9s, zs\u00edrbont\u00e1s \u00e9s szagtalan\u00edt\u00e1s\" srcset=\"https:\/\/r-filter.ro\/wp-content\/uploads\/2022\/10\/UV-C2.jpg 1200w, https:\/\/r-filter.ro\/wp-content\/uploads\/2022\/10\/UV-C2-300x150.jpg 300w, https:\/\/r-filter.ro\/wp-content\/uploads\/2022\/10\/UV-C2-1024x512.jpg 1024w, https:\/\/r-filter.ro\/wp-content\/uploads\/2022\/10\/UV-C2-768x384.jpg 768w, https:\/\/r-filter.ro\/wp-content\/uploads\/2022\/10\/UV-C2-18x9.jpg 18w\" sizes=\"(max-width: 1200px) 100vw, 1200px\" \/>\t\t\t\t\t\t\t\t\t\t\t\t\t\t\t<\/div>\n\t\t\t\t<\/div>\n\t\t\t\t<div class=\"elementor-element elementor-element-11e3ba5 elementor-widget elementor-widget-text-editor\" data-id=\"11e3ba5\" data-element_type=\"widget\" data-e-type=\"widget\" data-widget_type=\"text-editor.default\">\n\t\t\t\t<div class=\"elementor-widget-container\">\n\t\t\t\t\t\t\t\t\t<p style=\"color: #0000f3;\">A k\u00e9sz\u00fcl\u00e9k haszn\u00e1lat\u00e1nak el\u0151nyei:<\/p>\n\n<ul>\n     <li>hordozhat\u00f3 UVC k\u00e9sz\u00fcl\u00e9k<\/li>\n     <li>elpuszt\u00edtja a fel\u00fcleteken l\u00e9v\u0151 mikrobi\u00e1lis szennyez\u0151d\u00e9seket &#8211; v\u00edrusokat, bakt\u00e9riumokat, gomb\u00e1kat \u00e9s sp\u00f3r\u00e1kat<\/li>\n     <li>cs\u00f6kkenti a fert\u0151z\u00e9s terjed\u00e9s\u00e9t<\/li>\n     <li>gyors \u00e9s egyszer\u0171 haszn\u00e1lat<\/li>\n \t<li>olcs\u00f3 haszn\u00e1lni<\/li>\n     <li>UV-C l\u00e1mpa \u00e9lettartama 9000 \u00f3ra<\/li>\n     <li>nem termel \u00f3zont vagy mell\u00e9kterm\u00e9keket<\/li>\n     <li>ak\u00e1r 99,99%-os sterilit\u00e1st is el\u00e9rhet<\/li>\n<\/ul>\t\t\t\t\t\t\t\t<\/div>\n\t\t\t\t<\/div>\n\t\t\t\t\t<\/div>\n\t\t<\/div>\n\t\t\t\t\t<\/div>\n\t\t<\/section>\n\t\t\t\t\t<\/div>\n\t\t<\/div>\n\t\t\t\t\t<\/div>\n\t\t<\/section>\n\t\t\t\t<\/div>","protected":false},"excerpt":{"rendered":"<p>UVC UVC 150 Inform\u00e1ci\u00f3 A gyakran \u00e9rintett fel\u00fcletek olyan fel\u00fcletek, amelyeket a nap folyam\u00e1n t\u00f6bbsz\u00f6r \u00e9rintenek k\u00fcl\u00f6nb\u00f6z\u0151 felhaszn\u00e1l\u00f3k. Ezeknek a fel\u00fcleteknek a rendszeres UV-C f\u00e9nnyel t\u00f6rt\u00e9n\u0151 fert\u0151tlen\u00edt\u00e9se megakad\u00e1lyozza a k\u00e1ros mikroorganizmusok \u00e9rint\u00e9s \u00fatj\u00e1n t\u00f6rt\u00e9n\u0151 terjed\u00e9s\u00e9t. Gyakran meg\u00e9rintett fel\u00fcletek: \u00edr\u00f3asztalok, telefonok, sz\u00e1m\u00edt\u00f3g\u00e9pek k\u00e9perny\u0151i \u00e9s billenty\u0171zete, laptopok Cseng\u0151k, kilincsek, villanykapcsol\u00f3k, ajt\u00f3&hellip;&nbsp;<a href=\"https:\/\/r-filter.ro\/hu\/uvc100-150\/\" rel=\"bookmark\">Olvass tov\u00e1bb &raquo;<span class=\"screen-reader-text\">UVC<\/span><\/a><\/p>","protected":false},"author":1,"featured_media":0,"parent":0,"menu_order":0,"comment_status":"closed","ping_status":"closed","template":"","meta":{"neve_meta_sidebar":"full-width","neve_meta_container":"","neve_meta_enable_content_width":"on","neve_meta_content_width":100,"neve_meta_title_alignment":"","neve_meta_author_avatar":"","neve_post_elements_order":"","neve_meta_disable_header":"","neve_meta_disable_footer":"","neve_meta_disable_title":"","neve_meta_reading_time":"","_themeisle_gutenberg_block_has_review":false,"_ti_tpc_template_sync":false,"_ti_tpc_template_id":"","footnotes":""},"class_list":["post-754","page","type-page","status-publish","hentry"],"_links":{"self":[{"href":"https:\/\/r-filter.ro\/hu\/wp-json\/wp\/v2\/pages\/754","targetHints":{"allow":["GET"]}}],"collection":[{"href":"https:\/\/r-filter.ro\/hu\/wp-json\/wp\/v2\/pages"}],"about":[{"href":"https:\/\/r-filter.ro\/hu\/wp-json\/wp\/v2\/types\/page"}],"author":[{"embeddable":true,"href":"https:\/\/r-filter.ro\/hu\/wp-json\/wp\/v2\/users\/1"}],"replies":[{"embeddable":true,"href":"https:\/\/r-filter.ro\/hu\/wp-json\/wp\/v2\/comments?post=754"}],"version-history":[{"count":50,"href":"https:\/\/r-filter.ro\/hu\/wp-json\/wp\/v2\/pages\/754\/revisions"}],"predecessor-version":[{"id":8613,"href":"https:\/\/r-filter.ro\/hu\/wp-json\/wp\/v2\/pages\/754\/revisions\/8613"}],"wp:attachment":[{"href":"https:\/\/r-filter.ro\/hu\/wp-json\/wp\/v2\/media?parent=754"}],"curies":[{"name":"wp","href":"https:\/\/api.w.org\/{rel}","templated":true}]}}