{"id":6,"date":"2021-03-08T12:09:59","date_gmt":"2021-03-08T12:09:59","guid":{"rendered":"https:\/\/r-filter.hu\/?page_id=6"},"modified":"2026-02-12T17:09:21","modified_gmt":"2026-02-12T15:09:21","slug":"servicii","status":"publish","type":"page","link":"https:\/\/r-filter.ro\/hu\/servicii\/","title":{"rendered":"Szolg\u00e1ltat\u00e1sok"},"content":{"rendered":"<div data-elementor-type=\"wp-post\" data-elementor-id=\"6\" class=\"elementor elementor-6\" data-elementor-post-type=\"page\">\n\t\t\t\t\t\t<section class=\"elementor-section elementor-top-section elementor-element elementor-element-f5c8b0d elementor-section-boxed elementor-section-height-default elementor-section-height-default\" data-id=\"f5c8b0d\" data-element_type=\"section\" data-e-type=\"section\">\n\t\t\t\t\t\t<div class=\"elementor-container elementor-column-gap-default\">\n\t\t\t\t\t<div class=\"elementor-column elementor-col-100 elementor-top-column elementor-element elementor-element-79aac9a\" data-id=\"79aac9a\" data-element_type=\"column\" data-e-type=\"column\" data-settings=\"{&quot;background_background&quot;:&quot;classic&quot;}\">\n\t\t\t<div class=\"elementor-widget-wrap elementor-element-populated\">\n\t\t\t\t\t<div class=\"elementor-background-overlay\"><\/div>\n\t\t\t\t\t\t<div class=\"elementor-element elementor-element-225689f elementor-widget elementor-widget-text-editor\" data-id=\"225689f\" data-element_type=\"widget\" data-e-type=\"widget\" data-widget_type=\"text-editor.default\">\n\t\t\t\t<div class=\"elementor-widget-container\">\n\t\t\t\t\t\t\t\t\t14 \u00e9ve \u00d6n\u00f6k\u00e9rt.\t\t\t\t\t\t\t\t<\/div>\n\t\t\t\t<\/div>\n\t\t\t\t<section class=\"elementor-section elementor-inner-section elementor-element elementor-element-1a19cc9 elementor-section-boxed elementor-section-height-default elementor-section-height-default\" data-id=\"1a19cc9\" data-element_type=\"section\" data-e-type=\"section\">\n\t\t\t\t\t\t<div class=\"elementor-container elementor-column-gap-default\">\n\t\t\t\t\t<div class=\"elementor-column elementor-col-50 elementor-inner-column elementor-element elementor-element-96e8cc3\" data-id=\"96e8cc3\" data-element_type=\"column\" data-e-type=\"column\">\n\t\t\t<div class=\"elementor-widget-wrap elementor-element-populated\">\n\t\t\t\t\t\t<div class=\"elementor-element elementor-element-d9e3d87 elementor-widget elementor-widget-text-editor\" data-id=\"d9e3d87\" data-element_type=\"widget\" data-e-type=\"widget\" data-widget_type=\"text-editor.default\">\n\t\t\t\t<div class=\"elementor-widget-container\">\n\t\t\t\t\t\t\t\t\tAz R-Filter csapata az al\u00e1bbi szolg\u00e1ltat\u00e1sokkal \u00e1ll az \u00d6n vagy c\u00e9ge rendelkez\u00e9s\u00e9re:\t\t\t\t\t\t\t\t<\/div>\n\t\t\t\t<\/div>\n\t\t\t\t<div class=\"elementor-element elementor-element-6afd157 elementor-icon-list--layout-traditional elementor-list-item-link-full_width elementor-widget elementor-widget-icon-list\" data-id=\"6afd157\" data-element_type=\"widget\" data-e-type=\"widget\" data-widget_type=\"icon-list.default\">\n\t\t\t\t<div class=\"elementor-widget-container\">\n\t\t\t\t\t\t\t<ul class=\"elementor-icon-list-items\">\n\t\t\t\t\t\t\t<li class=\"elementor-icon-list-item\">\n\t\t\t\t\t\t\t\t\t\t\t<span class=\"elementor-icon-list-icon\">\n\t\t\t\t\t\t\t<i aria-hidden=\"true\" class=\"fas fa-check\"><\/i>\t\t\t\t\t\t<\/span>\n\t\t\t\t\t\t\t\t\t\t<span class=\"elementor-icon-list-text\">L\u00e9gt\u00e9r \u00e9s fel\u00fcletfert\u0151tlen\u00edt\u00e9s<\/span>\n\t\t\t\t\t\t\t\t\t<\/li>\n\t\t\t\t\t\t\t\t<li class=\"elementor-icon-list-item\">\n\t\t\t\t\t\t\t\t\t\t\t<span class=\"elementor-icon-list-icon\">\n\t\t\t\t\t\t\t<i aria-hidden=\"true\" class=\"fas fa-check\"><\/i>\t\t\t\t\t\t<\/span>\n\t\t\t\t\t\t\t\t\t\t<span class=\"elementor-icon-list-text\">HVAC rendszerek tervez\u00e9se \u00e9s gy\u00e1rt\u00e1sa<\/span>\n\t\t\t\t\t\t\t\t\t<\/li>\n\t\t\t\t\t\t\t\t<li class=\"elementor-icon-list-item\">\n\t\t\t\t\t\t\t\t\t\t\t<span class=\"elementor-icon-list-icon\">\n\t\t\t\t\t\t\t<i aria-hidden=\"true\" class=\"fas fa-check\"><\/i>\t\t\t\t\t\t<\/span>\n\t\t\t\t\t\t\t\t\t\t<span class=\"elementor-icon-list-text\">Zs\u00edrbont\u00f3 \u00e9s szagtalan\u00edt\u00f3 rendszerek tervez\u00e9se \u00e9s gy\u00e1rt\u00e1sa<\/span>\n\t\t\t\t\t\t\t\t\t<\/li>\n\t\t\t\t\t\t\t\t<li class=\"elementor-icon-list-item\">\n\t\t\t\t\t\t\t\t\t\t\t<span class=\"elementor-icon-list-icon\">\n\t\t\t\t\t\t\t<i aria-hidden=\"true\" class=\"fas fa-check\"><\/i>\t\t\t\t\t\t<\/span>\n\t\t\t\t\t\t\t\t\t\t<span class=\"elementor-icon-list-text\">Szaktan\u00e1csad\u00e1s<\/span>\n\t\t\t\t\t\t\t\t\t<\/li>\n\t\t\t\t\t\t\t\t<li class=\"elementor-icon-list-item\">\n\t\t\t\t\t\t\t\t\t\t\t<span class=\"elementor-icon-list-icon\">\n\t\t\t\t\t\t\t<i aria-hidden=\"true\" class=\"fas fa-check\"><\/i>\t\t\t\t\t\t<\/span>\n\t\t\t\t\t\t\t\t\t\t<span class=\"elementor-icon-list-text\">\u00c9rt\u00e9kes\u00edt\u00e9s<\/span>\n\t\t\t\t\t\t\t\t\t<\/li>\n\t\t\t\t\t\t\t\t<li class=\"elementor-icon-list-item\">\n\t\t\t\t\t\t\t\t\t\t\t<span class=\"elementor-icon-list-icon\">\n\t\t\t\t\t\t\t<i aria-hidden=\"true\" class=\"fas fa-check\"><\/i>\t\t\t\t\t\t<\/span>\n\t\t\t\t\t\t\t\t\t\t<span class=\"elementor-icon-list-text\">Szerviz \u00e9s karbantart\u00e1s<\/span>\n\t\t\t\t\t\t\t\t\t<\/li>\n\t\t\t\t\t\t<\/ul>\n\t\t\t\t\t\t<\/div>\n\t\t\t\t<\/div>\n\t\t\t\t<div class=\"elementor-element elementor-element-8b57c02 elementor-widget elementor-widget-text-editor\" data-id=\"8b57c02\" data-element_type=\"widget\" data-e-type=\"widget\" data-widget_type=\"text-editor.default\">\n\t\t\t\t<div class=\"elementor-widget-container\">\n\t\t\t\t\t\t\t\t\t<p>Az R-Filter saj\u00e1t innovat\u00edv berendez\u00e9seivel int\u00e9zm\u00e9nyek, otthonok, irod\u00e1k \u00e9s rakt\u00e1rak minden fel\u00fclet\u00e9nek vagy z\u00e1rt ter\u00e9nek gyors \u00e9s hat\u00e9kony fert\u0151tlen\u00edt\u00e9s\u00e9vel \u00e9s szagtalan\u00edt\u00e1s\u00e1val foglalkozik.<br \/>Szolg\u00e1ltat\u00e1sainkat minden esetben jegyz\u0151k\u00f6nyvezz\u00fck, a fert\u0151tlen\u00edt\u00e9s hat\u00e9konys\u00e1g\u00e1t higi\u00e9niai m\u00e9r\u00e9sekkel igazoljuk.<\/p><p>\u00c9lelmiszeripari \u00fczemek vagy ipari konyh\u00e1k l\u00e9gkezel\u00e9si megold\u00e1saihoz helysz\u00edni felm\u00e9r\u00e9st \u00e9s ingyenes szaktan\u00e1csad\u00e1st biztos\u00edtunk.<\/p>\t\t\t\t\t\t\t\t<\/div>\n\t\t\t\t<\/div>\n\t\t\t\t\t<\/div>\n\t\t<\/div>\n\t\t\t\t<div class=\"elementor-column elementor-col-50 elementor-inner-column elementor-element elementor-element-8e59640\" data-id=\"8e59640\" data-element_type=\"column\" data-e-type=\"column\" data-settings=\"{&quot;background_background&quot;:&quot;classic&quot;}\">\n\t\t\t<div class=\"elementor-widget-wrap elementor-element-populated\">\n\t\t\t\t\t<div class=\"elementor-background-overlay\"><\/div>\n\t\t\t\t\t\t<div class=\"elementor-element elementor-element-6cbdef3 elementor-widget elementor-widget-image\" data-id=\"6cbdef3\" data-element_type=\"widget\" data-e-type=\"widget\" data-widget_type=\"image.default\">\n\t\t\t\t<div class=\"elementor-widget-container\">\n\t\t\t\t\t\t\t\t\t\t\t\t\t\t\t<img fetchpriority=\"high\" decoding=\"async\" width=\"1024\" height=\"527\" src=\"https:\/\/r-filter.ro\/wp-content\/uploads\/2022\/10\/Cars7-1024x527.jpg\" class=\"attachment-large size-large wp-image-5041\" alt=\"R-Filter innovat\u00edv konyhai l\u00e9gkezel\u00e9s, zs\u00edrbont\u00e1s \u00e9s szagtalan\u00edt\u00e1s\" srcset=\"https:\/\/r-filter.ro\/wp-content\/uploads\/2022\/10\/Cars7-1024x527.jpg 1024w, https:\/\/r-filter.ro\/wp-content\/uploads\/2022\/10\/Cars7-300x154.jpg 300w, https:\/\/r-filter.ro\/wp-content\/uploads\/2022\/10\/Cars7-768x395.jpg 768w, https:\/\/r-filter.ro\/wp-content\/uploads\/2022\/10\/Cars7-18x9.jpg 18w, https:\/\/r-filter.ro\/wp-content\/uploads\/2022\/10\/Cars7.jpg 1210w\" sizes=\"(max-width: 1024px) 100vw, 1024px\" \/>\t\t\t\t\t\t\t\t\t\t\t\t\t\t\t<\/div>\n\t\t\t\t<\/div>\n\t\t\t\t\t<\/div>\n\t\t<\/div>\n\t\t\t\t\t<\/div>\n\t\t<\/section>\n\t\t\t\t\t<\/div>\n\t\t<\/div>\n\t\t\t\t\t<\/div>\n\t\t<\/section>\n\t\t\t\t<\/div>","protected":false},"excerpt":{"rendered":"<p>Az R-Filter csapata a k\u00f6vetkez\u0151 szolg\u00e1ltat\u00e1sokkal \u00e1ll az \u00d6n vagy c\u00e9ge rendelkez\u00e9s\u00e9re: leveg\u0151- \u00e9s fel\u00fcletfert\u0151tlen\u00edt\u00e9s HVAC rendszerek tervez\u00e9se \u00e9s gy\u00e1rt\u00e1sa Zs\u00edrlev\u00e1laszt\u00f3 \u00e9s szagcs\u00f6kkent\u0151 rendszerek tervez\u00e9se \u00e9s gy\u00e1rt\u00e1sa Zs\u00edrlev\u00e1laszt\u00f3 \u00e9s szagcs\u00f6kkent\u0151 rendszerek tervez\u00e9se \u00e9s gy\u00e1rt\u00e1sa Szak\u00e9rt\u0151i tan\u00e1csad\u00e1s \u00c9rt\u00e9kes\u00edt\u00e9s Szerviz \u00e9s karbantart\u00e1s Az R-Filter elk\u00f6telezett a fert\u0151tlen\u00edt\u00e9s \u00e9s&hellip;&nbsp;<a href=\"https:\/\/r-filter.ro\/hu\/servicii\/\" rel=\"bookmark\">Olvass tov\u00e1bb &raquo;<span class=\"screen-reader-text\">Szolg\u00e1ltat\u00e1sok<\/span><\/a><\/p>","protected":false},"author":1,"featured_media":0,"parent":0,"menu_order":0,"comment_status":"closed","ping_status":"closed","template":"elementor_header_footer","meta":{"neve_meta_sidebar":"","neve_meta_container":"","neve_meta_enable_content_width":"","neve_meta_content_width":0,"neve_meta_title_alignment":"","neve_meta_author_avatar":"","neve_post_elements_order":"","neve_meta_disable_header":"","neve_meta_disable_footer":"","neve_meta_disable_title":"","neve_meta_reading_time":"","_themeisle_gutenberg_block_has_review":false,"_ti_tpc_template_sync":false,"_ti_tpc_template_id":"","footnotes":""},"class_list":["post-6","page","type-page","status-publish","hentry"],"_links":{"self":[{"href":"https:\/\/r-filter.ro\/hu\/wp-json\/wp\/v2\/pages\/6","targetHints":{"allow":["GET"]}}],"collection":[{"href":"https:\/\/r-filter.ro\/hu\/wp-json\/wp\/v2\/pages"}],"about":[{"href":"https:\/\/r-filter.ro\/hu\/wp-json\/wp\/v2\/types\/page"}],"author":[{"embeddable":true,"href":"https:\/\/r-filter.ro\/hu\/wp-json\/wp\/v2\/users\/1"}],"replies":[{"embeddable":true,"href":"https:\/\/r-filter.ro\/hu\/wp-json\/wp\/v2\/comments?post=6"}],"version-history":[{"count":130,"href":"https:\/\/r-filter.ro\/hu\/wp-json\/wp\/v2\/pages\/6\/revisions"}],"predecessor-version":[{"id":8388,"href":"https:\/\/r-filter.ro\/hu\/wp-json\/wp\/v2\/pages\/6\/revisions\/8388"}],"wp:attachment":[{"href":"https:\/\/r-filter.ro\/hu\/wp-json\/wp\/v2\/media?parent=6"}],"curies":[{"name":"wp","href":"https:\/\/api.w.org\/{rel}","templated":true}]}}