{"id":3648,"date":"2021-12-06T16:58:15","date_gmt":"2021-12-06T16:58:15","guid":{"rendered":"https:\/\/r-filter.hu\/?page_id=3648"},"modified":"2026-02-18T13:52:06","modified_gmt":"2026-02-18T11:52:06","slug":"gestionare-grasimi-bucatarii","status":"publish","type":"page","link":"https:\/\/r-filter.ro\/hu\/gestionare-grasimi-bucatarii\/","title":{"rendered":"Nagykonyhai l\u00e9gkezel\u00e9s"},"content":{"rendered":"<div data-elementor-type=\"wp-page\" data-elementor-id=\"3648\" class=\"elementor elementor-3648\" data-elementor-post-type=\"page\">\n\t\t\t\t\t\t<section class=\"elementor-section elementor-top-section elementor-element elementor-element-0551d97 elementor-section-boxed elementor-section-height-default elementor-section-height-default\" data-id=\"0551d97\" data-element_type=\"section\" data-e-type=\"section\">\n\t\t\t\t\t\t<div class=\"elementor-container elementor-column-gap-default\">\n\t\t\t\t\t<div class=\"elementor-column elementor-col-100 elementor-top-column elementor-element elementor-element-235aef2\" data-id=\"235aef2\" data-element_type=\"column\" data-e-type=\"column\">\n\t\t\t<div class=\"elementor-widget-wrap elementor-element-populated\">\n\t\t\t\t\t\t<div class=\"elementor-element elementor-element-446f03e elementor-widget elementor-widget-menu-anchor\" data-id=\"446f03e\" data-element_type=\"widget\" data-e-type=\"widget\" data-widget_type=\"menu-anchor.default\">\n\t\t\t\t<div class=\"elementor-widget-container\">\n\t\t\t\t\t\t\t<div class=\"elementor-menu-anchor\" id=\"nagykonyhai_legkezeles\"><\/div>\n\t\t\t\t\t\t<\/div>\n\t\t\t\t<\/div>\n\t\t\t\t\t<\/div>\n\t\t<\/div>\n\t\t\t\t\t<\/div>\n\t\t<\/section>\n\t\t\t\t<section class=\"elementor-section elementor-top-section elementor-element elementor-element-9c22aa1 elementor-section-boxed elementor-section-height-default elementor-section-height-default\" data-id=\"9c22aa1\" data-element_type=\"section\" data-e-type=\"section\">\n\t\t\t\t\t\t<div class=\"elementor-container elementor-column-gap-default\">\n\t\t\t\t\t<div class=\"elementor-column elementor-col-100 elementor-top-column elementor-element elementor-element-3d07b0b\" data-id=\"3d07b0b\" data-element_type=\"column\" data-e-type=\"column\" data-settings=\"{&quot;background_background&quot;:&quot;classic&quot;}\">\n\t\t\t<div class=\"elementor-widget-wrap elementor-element-populated\">\n\t\t\t\t\t\t<div class=\"elementor-element elementor-element-f4d9e0a elementor-widget elementor-widget-heading\" data-id=\"f4d9e0a\" data-element_type=\"widget\" data-e-type=\"widget\" data-widget_type=\"heading.default\">\n\t\t\t\t<div class=\"elementor-widget-container\">\n\t\t\t\t\t<h2 class=\"elementor-heading-title elementor-size-default\">Nagykonyhai l\u00e9gkezel\u00e9s<\/h2>\t\t\t\t<\/div>\n\t\t\t\t<\/div>\n\t\t\t\t<div class=\"elementor-element elementor-element-b728f93 elementor-widget-divider--view-line elementor-widget elementor-widget-divider\" data-id=\"b728f93\" data-element_type=\"widget\" data-e-type=\"widget\" data-widget_type=\"divider.default\">\n\t\t\t\t<div class=\"elementor-widget-container\">\n\t\t\t\t\t\t\t<div class=\"elementor-divider\">\n\t\t\t<span class=\"elementor-divider-separator\">\n\t\t\t\t\t\t<\/span>\n\t\t<\/div>\n\t\t\t\t\t\t<\/div>\n\t\t\t\t<\/div>\n\t\t\t\t<div class=\"elementor-element elementor-element-faef332 elementor-widget elementor-widget-text-editor\" data-id=\"faef332\" data-element_type=\"widget\" data-e-type=\"widget\" data-widget_type=\"text-editor.default\">\n\t\t\t\t<div class=\"elementor-widget-container\">\n\t\t\t\t\t\t\t\t\tInnovat\u00edv zs\u00edr- \u00e9s szagtalan\u00edt\u00f3 k\u00e9sz\u00fcl\u00e9keink a gasztron\u00f3mia sz\u00e1m\u00e1ra. Tipikus felhaszn\u00e1l\u00e1si ter\u00fcletei azok a helyek, ahol zs\u00edrt \u00e9s olajat meleg\u00edtenek, \u00e9s a zs\u00edrral terhelt leveg\u0151 lerak\u00f3d\u00e1st okoz az elsz\u00edv\u00f3csatorna-rendszerben, illetve szagterhel\u00e9st jelent a k\u00f6rnyezetre. A zs\u00edrbont\u00f3 \u00e9s szagtalan\u00edt\u00f3 berendez\u00e9s be\u00e9p\u00edt\u00e9se r\u00e9v\u00e9n, a zs\u00edr- \u00e9s szaganyagok \u201ehideg el\u00e9get\u00e9se\u201d \u00e1ltal ezeket a probl\u00e9m\u00e1kat kik\u00fcsz\u00f6b\u00f6lhetj\u00fck.\t\t\t\t\t\t\t\t<\/div>\n\t\t\t\t<\/div>\n\t\t\t\t\t<\/div>\n\t\t<\/div>\n\t\t\t\t\t<\/div>\n\t\t<\/section>\n\t\t\t\t<section class=\"elementor-section elementor-top-section elementor-element elementor-element-69491bba elementor-section-boxed elementor-section-height-default elementor-section-height-default\" data-id=\"69491bba\" data-element_type=\"section\" data-e-type=\"section\">\n\t\t\t\t\t\t<div class=\"elementor-container elementor-column-gap-default\">\n\t\t\t\t\t<div class=\"elementor-column elementor-col-33 elementor-top-column elementor-element elementor-element-91efe7a\" data-id=\"91efe7a\" data-element_type=\"column\" data-e-type=\"column\">\n\t\t\t<div class=\"elementor-widget-wrap elementor-element-populated\">\n\t\t\t\t\t\t<div class=\"elementor-element elementor-element-22dcea16 elementor-widget elementor-widget-image\" data-id=\"22dcea16\" data-element_type=\"widget\" data-e-type=\"widget\" data-widget_type=\"image.default\">\n\t\t\t\t<div class=\"elementor-widget-container\">\n\t\t\t\t\t\t\t\t\t\t\t\t\t\t\t<img fetchpriority=\"high\" decoding=\"async\" width=\"1024\" height=\"512\" src=\"https:\/\/r-filter.ro\/wp-content\/uploads\/2023\/05\/UVO-C-3-1024x512.jpg\" class=\"attachment-large size-large wp-image-6420\" alt=\"R-Filter innovat\u00edv konyhai l\u00e9gkezel\u00e9s, zs\u00edrbont\u00e1s \u00e9s szagtalan\u00edt\u00e1s\" srcset=\"https:\/\/r-filter.ro\/wp-content\/uploads\/2023\/05\/UVO-C-3-1024x512.jpg 1024w, https:\/\/r-filter.ro\/wp-content\/uploads\/2023\/05\/UVO-C-3-300x150.jpg 300w, https:\/\/r-filter.ro\/wp-content\/uploads\/2023\/05\/UVO-C-3-768x384.jpg 768w, https:\/\/r-filter.ro\/wp-content\/uploads\/2023\/05\/UVO-C-3-18x9.jpg 18w, https:\/\/r-filter.ro\/wp-content\/uploads\/2023\/05\/UVO-C-3.jpg 1200w\" sizes=\"(max-width: 1024px) 100vw, 1024px\" \/>\t\t\t\t\t\t\t\t\t\t\t\t\t\t\t<\/div>\n\t\t\t\t<\/div>\n\t\t\t\t\t<\/div>\n\t\t<\/div>\n\t\t\t\t<div class=\"elementor-column elementor-col-66 elementor-top-column elementor-element elementor-element-7f3cba99\" data-id=\"7f3cba99\" data-element_type=\"column\" data-e-type=\"column\">\n\t\t\t<div class=\"elementor-widget-wrap elementor-element-populated\">\n\t\t\t\t\t\t<div class=\"elementor-element elementor-element-7439001d elementor-widget elementor-widget-heading\" data-id=\"7439001d\" data-element_type=\"widget\" data-e-type=\"widget\" data-widget_type=\"heading.default\">\n\t\t\t\t<div class=\"elementor-widget-container\">\n\t\t\t\t\t<h2 class=\"elementor-heading-title elementor-size-default\"><a href=\"https:\/\/r-filter.ro\/hu\/uvo-c\/\">UVO-C<\/a><\/h2>\t\t\t\t<\/div>\n\t\t\t\t<\/div>\n\t\t\t\t<div class=\"elementor-element elementor-element-b322199 elementor-widget elementor-widget-text-editor\" data-id=\"b322199\" data-element_type=\"widget\" data-e-type=\"widget\" data-widget_type=\"text-editor.default\">\n\t\t\t\t<div class=\"elementor-widget-container\">\n\t\t\t\t\t\t\t\t\tK\u00e9sz\u00fcl\u00e9k\u00fcnk az elsz\u00edv\u00f3csatorn\u00e1n k\u00edv\u00fclre ker\u00fclt megtervez\u00e9sre, \u00edgy az UV-l\u00e1mp\u00e1k nem \u00e9rintkeznek k\u00f6zvetlen\u00fcl a zs\u00edrral szennyezett leveg\u0151vel. \u00d3zonol\u00edzis bontja le a zs\u00edrt \u00e9s a nem k\u00edv\u00e1nt szagokat. V\u00edzszintes elrendez\u00e9s\u0171.\t\t\t\t\t\t\t\t<\/div>\n\t\t\t\t<\/div>\n\t\t\t\t<div class=\"elementor-element elementor-element-5ba6e445 elementor-mobile-align-center elementor-widget elementor-widget-button\" data-id=\"5ba6e445\" data-element_type=\"widget\" data-e-type=\"widget\" data-widget_type=\"button.default\">\n\t\t\t\t<div class=\"elementor-widget-container\">\n\t\t\t\t\t\t\t\t\t<div class=\"elementor-button-wrapper\">\n\t\t\t\t\t<a class=\"elementor-button elementor-button-link elementor-size-md elementor-animation-shrink\" href=\"https:\/\/r-filter.ro\/hu\/uvo-c\/\">\n\t\t\t\t\t\t<span class=\"elementor-button-content-wrapper\">\n\t\t\t\t\t\t\t\t\t<span class=\"elementor-button-text\">B\u0151vebben<\/span>\n\t\t\t\t\t<\/span>\n\t\t\t\t\t<\/a>\n\t\t\t\t<\/div>\n\t\t\t\t\t\t\t\t<\/div>\n\t\t\t\t<\/div>\n\t\t\t\t\t<\/div>\n\t\t<\/div>\n\t\t\t\t\t<\/div>\n\t\t<\/section>\n\t\t\t\t<section class=\"elementor-section elementor-top-section elementor-element elementor-element-3ed27cb elementor-section-boxed elementor-section-height-default elementor-section-height-default\" data-id=\"3ed27cb\" data-element_type=\"section\" data-e-type=\"section\">\n\t\t\t\t\t\t<div class=\"elementor-container elementor-column-gap-default\">\n\t\t\t\t\t<div class=\"elementor-column elementor-col-100 elementor-top-column elementor-element elementor-element-ce1ce90\" data-id=\"ce1ce90\" data-element_type=\"column\" data-e-type=\"column\">\n\t\t\t<div class=\"elementor-widget-wrap elementor-element-populated\">\n\t\t\t\t\t\t<div class=\"elementor-element elementor-element-22e5fda elementor-widget-divider--view-line elementor-widget elementor-widget-divider\" data-id=\"22e5fda\" data-element_type=\"widget\" data-e-type=\"widget\" data-widget_type=\"divider.default\">\n\t\t\t\t<div class=\"elementor-widget-container\">\n\t\t\t\t\t\t\t<div class=\"elementor-divider\">\n\t\t\t<span class=\"elementor-divider-separator\">\n\t\t\t\t\t\t<\/span>\n\t\t<\/div>\n\t\t\t\t\t\t<\/div>\n\t\t\t\t<\/div>\n\t\t\t\t\t<\/div>\n\t\t<\/div>\n\t\t\t\t\t<\/div>\n\t\t<\/section>\n\t\t\t\t<section class=\"elementor-section elementor-top-section elementor-element elementor-element-64faf4c elementor-section-boxed elementor-section-height-default elementor-section-height-default\" data-id=\"64faf4c\" data-element_type=\"section\" data-e-type=\"section\">\n\t\t\t\t\t\t<div class=\"elementor-container elementor-column-gap-default\">\n\t\t\t\t\t<div class=\"elementor-column elementor-col-33 elementor-top-column elementor-element elementor-element-20e4db03\" data-id=\"20e4db03\" data-element_type=\"column\" data-e-type=\"column\">\n\t\t\t<div class=\"elementor-widget-wrap elementor-element-populated\">\n\t\t\t\t\t\t<div class=\"elementor-element elementor-element-7fd6dae5 elementor-widget elementor-widget-image\" data-id=\"7fd6dae5\" data-element_type=\"widget\" data-e-type=\"widget\" data-widget_type=\"image.default\">\n\t\t\t\t<div class=\"elementor-widget-container\">\n\t\t\t\t\t\t\t\t\t\t\t\t\t\t\t<img decoding=\"async\" width=\"1024\" height=\"512\" src=\"https:\/\/r-filter.ro\/wp-content\/uploads\/2022\/10\/UVS-1500F-1024x512.jpg\" class=\"attachment-large size-large wp-image-5094\" alt=\"R-Filter innovat\u00edv konyhai l\u00e9gkezel\u00e9s, zs\u00edrbont\u00e1s \u00e9s szagtalan\u00edt\u00e1s\" srcset=\"https:\/\/r-filter.ro\/wp-content\/uploads\/2022\/10\/UVS-1500F-1024x512.jpg 1024w, https:\/\/r-filter.ro\/wp-content\/uploads\/2022\/10\/UVS-1500F-300x150.jpg 300w, https:\/\/r-filter.ro\/wp-content\/uploads\/2022\/10\/UVS-1500F-768x384.jpg 768w, https:\/\/r-filter.ro\/wp-content\/uploads\/2022\/10\/UVS-1500F-18x9.jpg 18w, https:\/\/r-filter.ro\/wp-content\/uploads\/2022\/10\/UVS-1500F.jpg 1200w\" sizes=\"(max-width: 1024px) 100vw, 1024px\" \/>\t\t\t\t\t\t\t\t\t\t\t\t\t\t\t<\/div>\n\t\t\t\t<\/div>\n\t\t\t\t\t<\/div>\n\t\t<\/div>\n\t\t\t\t<div class=\"elementor-column elementor-col-66 elementor-top-column elementor-element elementor-element-3d8aad81\" data-id=\"3d8aad81\" data-element_type=\"column\" data-e-type=\"column\">\n\t\t\t<div class=\"elementor-widget-wrap elementor-element-populated\">\n\t\t\t\t\t\t<div class=\"elementor-element elementor-element-6245f2f0 elementor-widget elementor-widget-heading\" data-id=\"6245f2f0\" data-element_type=\"widget\" data-e-type=\"widget\" data-widget_type=\"heading.default\">\n\t\t\t\t<div class=\"elementor-widget-container\">\n\t\t\t\t\t<h2 class=\"elementor-heading-title elementor-size-default\"><a href=\"https:\/\/r-filter.ro\/hu\/uvs-zsirbonto-keszulek\/\">UVS<\/a><\/h2>\t\t\t\t<\/div>\n\t\t\t\t<\/div>\n\t\t\t\t<div class=\"elementor-element elementor-element-7e3781f6 elementor-widget elementor-widget-text-editor\" data-id=\"7e3781f6\" data-element_type=\"widget\" data-e-type=\"widget\" data-widget_type=\"text-editor.default\">\n\t\t\t\t<div class=\"elementor-widget-container\">\n\t\t\t\t\t\t\t\t\tK\u00e9sz\u00fcl\u00e9k\u00fcnk az elsz\u00edv\u00f3csatorn\u00e1ba ker\u00fclt megtervez\u00e9sre, az UV-l\u00e1mp\u00e1k k\u00f6zvetlen\u00fcl \u00e9rintkeznek a zs\u00edrral szennyezett leveg\u0151vel. Fotol\u00edzis \u00e9s \u00f3zonol\u00edzis egy\u00fcttes hat\u00e1sa bontja le a zs\u00edrt \u00e9s a nem k\u00edv\u00e1nt szagokat.\t\t\t\t\t\t\t\t<\/div>\n\t\t\t\t<\/div>\n\t\t\t\t<div class=\"elementor-element elementor-element-6496e443 elementor-mobile-align-center elementor-widget elementor-widget-button\" data-id=\"6496e443\" data-element_type=\"widget\" data-e-type=\"widget\" data-widget_type=\"button.default\">\n\t\t\t\t<div class=\"elementor-widget-container\">\n\t\t\t\t\t\t\t\t\t<div class=\"elementor-button-wrapper\">\n\t\t\t\t\t<a class=\"elementor-button elementor-button-link elementor-size-md elementor-animation-shrink\" href=\"https:\/\/r-filter.ro\/hu\/uvs\/\">\n\t\t\t\t\t\t<span class=\"elementor-button-content-wrapper\">\n\t\t\t\t\t\t\t\t\t<span class=\"elementor-button-text\">B\u0151vebben<\/span>\n\t\t\t\t\t<\/span>\n\t\t\t\t\t<\/a>\n\t\t\t\t<\/div>\n\t\t\t\t\t\t\t\t<\/div>\n\t\t\t\t<\/div>\n\t\t\t\t\t<\/div>\n\t\t<\/div>\n\t\t\t\t\t<\/div>\n\t\t<\/section>\n\t\t\t\t<section class=\"elementor-section elementor-top-section elementor-element elementor-element-3cf2c52 elementor-section-boxed elementor-section-height-default elementor-section-height-default\" data-id=\"3cf2c52\" data-element_type=\"section\" data-e-type=\"section\">\n\t\t\t\t\t\t<div class=\"elementor-container elementor-column-gap-default\">\n\t\t\t\t\t<div class=\"elementor-column elementor-col-100 elementor-top-column elementor-element elementor-element-12ba7e2\" data-id=\"12ba7e2\" data-element_type=\"column\" data-e-type=\"column\">\n\t\t\t<div class=\"elementor-widget-wrap elementor-element-populated\">\n\t\t\t\t\t\t<div class=\"elementor-element elementor-element-4be8b81 elementor-widget-divider--view-line elementor-widget elementor-widget-divider\" data-id=\"4be8b81\" data-element_type=\"widget\" data-e-type=\"widget\" data-widget_type=\"divider.default\">\n\t\t\t\t<div class=\"elementor-widget-container\">\n\t\t\t\t\t\t\t<div class=\"elementor-divider\">\n\t\t\t<span class=\"elementor-divider-separator\">\n\t\t\t\t\t\t<\/span>\n\t\t<\/div>\n\t\t\t\t\t\t<\/div>\n\t\t\t\t<\/div>\n\t\t\t\t\t<\/div>\n\t\t<\/div>\n\t\t\t\t\t<\/div>\n\t\t<\/section>\n\t\t\t\t<section class=\"elementor-section elementor-top-section elementor-element elementor-element-2698e77 elementor-section-boxed elementor-section-height-default elementor-section-height-default\" data-id=\"2698e77\" data-element_type=\"section\" data-e-type=\"section\">\n\t\t\t\t\t\t<div class=\"elementor-container elementor-column-gap-default\">\n\t\t\t\t\t<div class=\"elementor-column elementor-col-33 elementor-top-column elementor-element elementor-element-7e9463b\" data-id=\"7e9463b\" data-element_type=\"column\" data-e-type=\"column\">\n\t\t\t<div class=\"elementor-widget-wrap elementor-element-populated\">\n\t\t\t\t\t\t<div class=\"elementor-element elementor-element-28233f5 elementor-widget elementor-widget-image\" data-id=\"28233f5\" data-element_type=\"widget\" data-e-type=\"widget\" data-widget_type=\"image.default\">\n\t\t\t\t<div class=\"elementor-widget-container\">\n\t\t\t\t\t\t\t\t\t\t\t\t\t\t\t<img decoding=\"async\" width=\"1024\" height=\"512\" src=\"https:\/\/r-filter.ro\/wp-content\/uploads\/2023\/05\/UVS-1024x512.jpg\" class=\"attachment-large size-large wp-image-6419\" alt=\"R-Filter innovat\u00edv konyhai l\u00e9gkezel\u00e9s, zs\u00edrbont\u00e1s \u00e9s szagtalan\u00edt\u00e1s\" srcset=\"https:\/\/r-filter.ro\/wp-content\/uploads\/2023\/05\/UVS-1024x512.jpg 1024w, https:\/\/r-filter.ro\/wp-content\/uploads\/2023\/05\/UVS-300x150.jpg 300w, https:\/\/r-filter.ro\/wp-content\/uploads\/2023\/05\/UVS-768x384.jpg 768w, https:\/\/r-filter.ro\/wp-content\/uploads\/2023\/05\/UVS-18x9.jpg 18w, https:\/\/r-filter.ro\/wp-content\/uploads\/2023\/05\/UVS.jpg 1200w\" sizes=\"(max-width: 1024px) 100vw, 1024px\" \/>\t\t\t\t\t\t\t\t\t\t\t\t\t\t\t<\/div>\n\t\t\t\t<\/div>\n\t\t\t\t\t<\/div>\n\t\t<\/div>\n\t\t\t\t<div class=\"elementor-column elementor-col-66 elementor-top-column elementor-element elementor-element-fffde34\" data-id=\"fffde34\" data-element_type=\"column\" data-e-type=\"column\">\n\t\t\t<div class=\"elementor-widget-wrap elementor-element-populated\">\n\t\t\t\t\t\t<div class=\"elementor-element elementor-element-9d8f914 elementor-widget elementor-widget-heading\" data-id=\"9d8f914\" data-element_type=\"widget\" data-e-type=\"widget\" data-widget_type=\"heading.default\">\n\t\t\t\t<div class=\"elementor-widget-container\">\n\t\t\t\t\t<h2 class=\"elementor-heading-title elementor-size-default\"><a href=\"https:\/\/r-filter.ro\/hu\/uvo-s\/\">UVO-S<\/a><\/h2>\t\t\t\t<\/div>\n\t\t\t\t<\/div>\n\t\t\t\t<div class=\"elementor-element elementor-element-81779aa elementor-widget elementor-widget-text-editor\" data-id=\"81779aa\" data-element_type=\"widget\" data-e-type=\"widget\" data-widget_type=\"text-editor.default\">\n\t\t\t\t<div class=\"elementor-widget-container\">\n\t\t\t\t\t\t\t\t\tK\u00e9sz\u00fcl\u00e9k\u00fcnk az elsz\u00edv\u00f3csatorn\u00e1n k\u00edv\u00fclre ker\u00fclt megtervez\u00e9sre, \u00edgy az UV-l\u00e1mp\u00e1k nem \u00e9rintkeznek k\u00f6zvetlen\u00fcl a zs\u00edrral szennyezett leveg\u0151vel. \u00d3zonol\u00edzis bontja le a zs\u00edrt \u00e9s a nem k\u00edv\u00e1nt szagokat. F\u00fcgg\u0151leges elrendez\u00e9s\u0171.\t\t\t\t\t\t\t\t<\/div>\n\t\t\t\t<\/div>\n\t\t\t\t<div class=\"elementor-element elementor-element-bcce8f2 elementor-mobile-align-center elementor-widget elementor-widget-button\" data-id=\"bcce8f2\" data-element_type=\"widget\" data-e-type=\"widget\" data-widget_type=\"button.default\">\n\t\t\t\t<div class=\"elementor-widget-container\">\n\t\t\t\t\t\t\t\t\t<div class=\"elementor-button-wrapper\">\n\t\t\t\t\t<a class=\"elementor-button elementor-button-link elementor-size-md elementor-animation-shrink\" href=\"https:\/\/r-filter.ro\/hu\/uvo-s\/\">\n\t\t\t\t\t\t<span class=\"elementor-button-content-wrapper\">\n\t\t\t\t\t\t\t\t\t<span class=\"elementor-button-text\">B\u0151vebben<\/span>\n\t\t\t\t\t<\/span>\n\t\t\t\t\t<\/a>\n\t\t\t\t<\/div>\n\t\t\t\t\t\t\t\t<\/div>\n\t\t\t\t<\/div>\n\t\t\t\t\t<\/div>\n\t\t<\/div>\n\t\t\t\t\t<\/div>\n\t\t<\/section>\n\t\t\t\t<section class=\"elementor-section elementor-top-section elementor-element elementor-element-a678503 elementor-section-boxed elementor-section-height-default elementor-section-height-default\" data-id=\"a678503\" data-element_type=\"section\" data-e-type=\"section\" data-settings=\"{&quot;background_background&quot;:&quot;classic&quot;}\">\n\t\t\t\t\t\t<div class=\"elementor-container elementor-column-gap-default\">\n\t\t\t\t\t<div class=\"elementor-column elementor-col-100 elementor-top-column elementor-element elementor-element-f782f2e\" data-id=\"f782f2e\" data-element_type=\"column\" data-e-type=\"column\">\n\t\t\t<div class=\"elementor-widget-wrap elementor-element-populated\">\n\t\t\t\t\t\t<div class=\"elementor-element elementor-element-45251c2 elementor-widget elementor-widget-spacer\" data-id=\"45251c2\" data-element_type=\"widget\" data-e-type=\"widget\" data-widget_type=\"spacer.default\">\n\t\t\t\t<div class=\"elementor-widget-container\">\n\t\t\t\t\t\t\t<div class=\"elementor-spacer\">\n\t\t\t<div class=\"elementor-spacer-inner\"><\/div>\n\t\t<\/div>\n\t\t\t\t\t\t<\/div>\n\t\t\t\t<\/div>\n\t\t\t\t\t<\/div>\n\t\t<\/div>\n\t\t\t\t\t<\/div>\n\t\t<\/section>\n\t\t\t\t<\/div>","protected":false},"excerpt":{"rendered":"<p>Konyhai zs\u00edrkezel\u00e9s Innovat\u00edv zs\u00edr- \u00e9s szagtalan\u00edt\u00f3 eszk\u00f6zeink az \u00e9lelmiszeripar sz\u00e1m\u00e1ra. Tipikus alkalmaz\u00e1si ter\u00fcletek azok a helyek, ahol zs\u00edrokat \u00e9s olajokat meleg\u00edtenek, \u00e9s a zs\u00edros leveg\u0151 lerak\u00f3d\u00e1sokat okoz az elsz\u00edv\u00f3 csatornarendszerben, valamint szagszennyez\u00e9st a k\u00f6rnyezetben. A zs\u00edrold\u00f3 berendez\u00e9sek telep\u00edt\u00e9s\u00e9vel&hellip;&nbsp;<a href=\"https:\/\/r-filter.ro\/hu\/gestionare-grasimi-bucatarii\/\" rel=\"bookmark\">Olvass tov\u00e1bb &raquo;<span class=\"screen-reader-text\">Nagykonyhai l\u00e9gkezel\u00e9s<\/span><\/a><\/p>","protected":false},"author":2,"featured_media":0,"parent":0,"menu_order":0,"comment_status":"closed","ping_status":"closed","template":"elementor_header_footer","meta":{"neve_meta_sidebar":"full-width","neve_meta_container":"","neve_meta_enable_content_width":"on","neve_meta_content_width":100,"neve_meta_title_alignment":"","neve_meta_author_avatar":"","neve_post_elements_order":"","neve_meta_disable_header":"","neve_meta_disable_footer":"","neve_meta_disable_title":"","neve_meta_reading_time":"","_themeisle_gutenberg_block_has_review":false,"_ti_tpc_template_sync":false,"_ti_tpc_template_id":"mk6wxwtarsnpkqh0yl92","footnotes":""},"class_list":["post-3648","page","type-page","status-publish","hentry"],"_links":{"self":[{"href":"https:\/\/r-filter.ro\/hu\/wp-json\/wp\/v2\/pages\/3648","targetHints":{"allow":["GET"]}}],"collection":[{"href":"https:\/\/r-filter.ro\/hu\/wp-json\/wp\/v2\/pages"}],"about":[{"href":"https:\/\/r-filter.ro\/hu\/wp-json\/wp\/v2\/types\/page"}],"author":[{"embeddable":true,"href":"https:\/\/r-filter.ro\/hu\/wp-json\/wp\/v2\/users\/2"}],"replies":[{"embeddable":true,"href":"https:\/\/r-filter.ro\/hu\/wp-json\/wp\/v2\/comments?post=3648"}],"version-history":[{"count":120,"href":"https:\/\/r-filter.ro\/hu\/wp-json\/wp\/v2\/pages\/3648\/revisions"}],"predecessor-version":[{"id":8669,"href":"https:\/\/r-filter.ro\/hu\/wp-json\/wp\/v2\/pages\/3648\/revisions\/8669"}],"wp:attachment":[{"href":"https:\/\/r-filter.ro\/hu\/wp-json\/wp\/v2\/media?parent=3648"}],"curies":[{"name":"wp","href":"https:\/\/api.w.org\/{rel}","templated":true}]}}