{"id":2738,"date":"2021-09-07T06:24:05","date_gmt":"2021-09-07T06:24:05","guid":{"rendered":"https:\/\/r-filter.hu\/?page_id=2738"},"modified":"2023-05-18T14:58:38","modified_gmt":"2023-05-18T14:58:38","slug":"uve220","status":"publish","type":"page","link":"https:\/\/r-filter.ro\/hu\/uve220\/","title":{"rendered":"UVE220"},"content":{"rendered":"<div data-elementor-type=\"wp-page\" data-elementor-id=\"2738\" class=\"elementor elementor-2738\" data-elementor-post-type=\"page\">\n\t\t\t\t\t\t<section class=\"elementor-section elementor-top-section elementor-element elementor-element-e358eab elementor-section-boxed elementor-section-height-default elementor-section-height-default\" data-id=\"e358eab\" data-element_type=\"section\" data-e-type=\"section\">\n\t\t\t\t\t\t<div class=\"elementor-container elementor-column-gap-default\">\n\t\t\t\t\t<div class=\"elementor-column elementor-col-50 elementor-top-column elementor-element elementor-element-8f37320\" data-id=\"8f37320\" data-element_type=\"column\" data-e-type=\"column\" data-settings=\"{&quot;background_background&quot;:&quot;classic&quot;}\">\n\t\t\t<div class=\"elementor-widget-wrap elementor-element-populated\">\n\t\t\t\t\t\t<div class=\"elementor-element elementor-element-78f40ba elementor-widget elementor-widget-text-editor\" data-id=\"78f40ba\" data-element_type=\"widget\" data-e-type=\"widget\" data-widget_type=\"text-editor.default\">\n\t\t\t\t<div class=\"elementor-widget-container\">\n\t\t\t\t\t\t\t\t\t<p style=\"text-align: center;\"><strong><br \/>M\u00e9retek \u00e9s m\u0171szaki adatok:<\/strong><\/p><p>Bet\u00f6lt\u00e9s&#8230;<\/p>\t\t\t\t\t\t\t\t<\/div>\n\t\t\t\t<\/div>\n\t\t\t\t\t<\/div>\n\t\t<\/div>\n\t\t\t\t<div class=\"elementor-column elementor-col-50 elementor-top-column elementor-element elementor-element-25a6269\" data-id=\"25a6269\" data-element_type=\"column\" data-e-type=\"column\">\n\t\t\t<div class=\"elementor-widget-wrap elementor-element-populated\">\n\t\t\t\t\t\t<div class=\"elementor-element elementor-element-2dcc70b elementor-widget elementor-widget-text-editor\" data-id=\"2dcc70b\" data-element_type=\"widget\" data-e-type=\"widget\" data-widget_type=\"text-editor.default\">\n\t\t\t\t<div class=\"elementor-widget-container\">\n\t\t\t\t\t\t\t\t\t<p><strong>Berendez\u00e9sek<\/strong><\/p>\t\t\t\t\t\t\t\t<\/div>\n\t\t\t\t<\/div>\n\t\t\t\t<div class=\"elementor-element elementor-element-fbc9b3d elementor-widget elementor-widget-image\" data-id=\"fbc9b3d\" data-element_type=\"widget\" data-e-type=\"widget\" data-widget_type=\"image.default\">\n\t\t\t\t<div class=\"elementor-widget-container\">\n\t\t\t\t\t\t\t\t\t\t\t\t\t\t\t<img fetchpriority=\"high\" decoding=\"async\" width=\"892\" height=\"773\" src=\"https:\/\/r-filter.ro\/wp-content\/uploads\/2021\/04\/UVE_220.jpg\" class=\"attachment-large size-large wp-image-1464\" alt=\"\" srcset=\"https:\/\/r-filter.ro\/wp-content\/uploads\/2021\/04\/UVE_220.jpg 892w, https:\/\/r-filter.ro\/wp-content\/uploads\/2021\/04\/UVE_220-300x260.jpg 300w, https:\/\/r-filter.ro\/wp-content\/uploads\/2021\/04\/UVE_220-768x666.jpg 768w, https:\/\/r-filter.ro\/wp-content\/uploads\/2021\/04\/UVE_220-14x12.jpg 14w\" sizes=\"(max-width: 892px) 100vw, 892px\" \/>\t\t\t\t\t\t\t\t\t\t\t\t\t\t\t<\/div>\n\t\t\t\t<\/div>\n\t\t\t\t\t<\/div>\n\t\t<\/div>\n\t\t\t\t\t<\/div>\n\t\t<\/section>\n\t\t\t\t<\/div>","protected":false},"excerpt":{"rendered":"<p>M\u00e9retek \u00e9s m\u0171szaki adatok: Terhel\u00e9s alatt&#8230; Berendez\u00e9s<\/p>","protected":false},"author":2,"featured_media":0,"parent":0,"menu_order":0,"comment_status":"closed","ping_status":"closed","template":"","meta":{"neve_meta_sidebar":"full-width","neve_meta_container":"","neve_meta_enable_content_width":"on","neve_meta_content_width":100,"neve_meta_title_alignment":"","neve_meta_author_avatar":"","neve_post_elements_order":"","neve_meta_disable_header":"","neve_meta_disable_footer":"","neve_meta_disable_title":"","neve_meta_reading_time":"","_themeisle_gutenberg_block_has_review":false,"_ti_tpc_template_sync":false,"_ti_tpc_template_id":"","footnotes":""},"class_list":["post-2738","page","type-page","status-publish","hentry"],"_links":{"self":[{"href":"https:\/\/r-filter.ro\/hu\/wp-json\/wp\/v2\/pages\/2738","targetHints":{"allow":["GET"]}}],"collection":[{"href":"https:\/\/r-filter.ro\/hu\/wp-json\/wp\/v2\/pages"}],"about":[{"href":"https:\/\/r-filter.ro\/hu\/wp-json\/wp\/v2\/types\/page"}],"author":[{"embeddable":true,"href":"https:\/\/r-filter.ro\/hu\/wp-json\/wp\/v2\/users\/2"}],"replies":[{"embeddable":true,"href":"https:\/\/r-filter.ro\/hu\/wp-json\/wp\/v2\/comments?post=2738"}],"version-history":[{"count":16,"href":"https:\/\/r-filter.ro\/hu\/wp-json\/wp\/v2\/pages\/2738\/revisions"}],"predecessor-version":[{"id":6834,"href":"https:\/\/r-filter.ro\/hu\/wp-json\/wp\/v2\/pages\/2738\/revisions\/6834"}],"wp:attachment":[{"href":"https:\/\/r-filter.ro\/hu\/wp-json\/wp\/v2\/media?parent=2738"}],"curies":[{"name":"wp","href":"https:\/\/api.w.org\/{rel}","templated":true}]}}