{"id":2089,"date":"2021-06-29T08:50:30","date_gmt":"2021-06-29T08:50:30","guid":{"rendered":"https:\/\/r-filter.hu\/?page_id=2089"},"modified":"2026-02-18T12:26:20","modified_gmt":"2026-02-18T10:26:20","slug":"nanoactive","status":"publish","type":"page","link":"https:\/\/r-filter.ro\/hu\/nanoactive\/","title":{"rendered":"NANOACTIVE"},"content":{"rendered":"<div data-elementor-type=\"wp-page\" data-elementor-id=\"2089\" class=\"elementor elementor-2089\" data-elementor-post-type=\"page\">\n\t\t\t\t\t\t<section class=\"elementor-section elementor-top-section elementor-element elementor-element-0946be5 elementor-section-boxed elementor-section-height-default elementor-section-height-default\" data-id=\"0946be5\" data-element_type=\"section\" data-e-type=\"section\">\n\t\t\t\t\t\t<div class=\"elementor-container elementor-column-gap-default\">\n\t\t\t\t\t<div class=\"elementor-column elementor-col-100 elementor-top-column elementor-element elementor-element-85a34aa\" data-id=\"85a34aa\" data-element_type=\"column\" data-e-type=\"column\" data-settings=\"{&quot;background_background&quot;:&quot;classic&quot;}\">\n\t\t\t<div class=\"elementor-widget-wrap elementor-element-populated\">\n\t\t\t\t\t\t<div class=\"elementor-element elementor-element-17d1233 elementor-widget elementor-widget-heading\" data-id=\"17d1233\" data-element_type=\"widget\" data-e-type=\"widget\" data-widget_type=\"heading.default\">\n\t\t\t\t<div class=\"elementor-widget-container\">\n\t\t\t\t\t<h1 class=\"elementor-heading-title elementor-size-default\">NANOACTIVE<\/h1>\t\t\t\t<\/div>\n\t\t\t\t<\/div>\n\t\t\t\t<div class=\"elementor-element elementor-element-4e764bb elementor-widget-divider--view-line elementor-widget elementor-widget-divider\" data-id=\"4e764bb\" data-element_type=\"widget\" data-e-type=\"widget\" data-widget_type=\"divider.default\">\n\t\t\t\t<div class=\"elementor-widget-container\">\n\t\t\t\t\t\t\t<div class=\"elementor-divider\">\n\t\t\t<span class=\"elementor-divider-separator\">\n\t\t\t\t\t\t<\/span>\n\t\t<\/div>\n\t\t\t\t\t\t<\/div>\n\t\t\t\t<\/div>\n\t\t\t\t\t<\/div>\n\t\t<\/div>\n\t\t\t\t\t<\/div>\n\t\t<\/section>\n\t\t\t\t<section class=\"elementor-section elementor-top-section elementor-element elementor-element-92dde3d elementor-section-boxed elementor-section-height-default elementor-section-height-default\" data-id=\"92dde3d\" data-element_type=\"section\" data-e-type=\"section\">\n\t\t\t\t\t\t<div class=\"elementor-container elementor-column-gap-default\">\n\t\t\t\t\t<div class=\"elementor-column elementor-col-50 elementor-top-column elementor-element elementor-element-ee6bcad\" data-id=\"ee6bcad\" data-element_type=\"column\" data-e-type=\"column\">\n\t\t\t<div class=\"elementor-widget-wrap elementor-element-populated\">\n\t\t\t\t\t\t<div class=\"elementor-element elementor-element-849c88d elementor-widget elementor-widget-text-editor\" data-id=\"849c88d\" data-element_type=\"widget\" data-e-type=\"widget\" data-widget_type=\"text-editor.default\">\n\t\t\t\t<div class=\"elementor-widget-container\">\n\t\t\t\t\t\t\t\t\tTerm\u00e9szetes vagy mesters\u00e9ges f\u00e9ny hat\u00e1s\u00e1ra a fotokatalitikus r\u00e9szecsk\u00e9k reakt\u00edv szabad gy\u00f6k\u00f6ket termelnek, amelyek oxid\u00e1lj\u00e1k a v\u00edrusokat, bakt\u00e9riumokat, gomb\u00e1kat, szerves anyagokat \u00e9s kellemetlen vagy kellemetlen szagokat a fel\u00fcletekr\u0151l. B\u00e1rmilyen fel\u00fcleten haszn\u00e1lhat\u00f3 az er\u0151sen ig\u00e9nybe vett ter\u00fcleteken. <strong>Recepci\u00f3k, \u00fcgyf\u00e9lszolg\u00e1lati ter\u00fcletek, v\u00e1r\u00f3termek, irod\u00e1k&#8230;<\/strong>\t\t\t\t\t\t\t\t<\/div>\n\t\t\t\t<\/div>\n\t\t\t\t<div class=\"elementor-element elementor-element-474312a elementor-widget elementor-widget-text-editor\" data-id=\"474312a\" data-element_type=\"widget\" data-e-type=\"widget\" data-widget_type=\"text-editor.default\">\n\t\t\t\t<div class=\"elementor-widget-container\">\n\t\t\t\t\t\t\t\t\t<strong>Hogyan m\u0171k\u00f6dik<\/strong>\t\t\t\t\t\t\t\t<\/div>\n\t\t\t\t<\/div>\n\t\t\t\t<div class=\"elementor-element elementor-element-beba2f1 elementor-widget-divider--view-line elementor-widget elementor-widget-divider\" data-id=\"beba2f1\" data-element_type=\"widget\" data-e-type=\"widget\" data-widget_type=\"divider.default\">\n\t\t\t\t<div class=\"elementor-widget-container\">\n\t\t\t\t\t\t\t<div class=\"elementor-divider\">\n\t\t\t<span class=\"elementor-divider-separator\">\n\t\t\t\t\t\t<\/span>\n\t\t<\/div>\n\t\t\t\t\t\t<\/div>\n\t\t\t\t<\/div>\n\t\t\t\t<div class=\"elementor-element elementor-element-ff377c2 elementor-widget elementor-widget-text-editor\" data-id=\"ff377c2\" data-element_type=\"widget\" data-e-type=\"widget\" data-widget_type=\"text-editor.default\">\n\t\t\t\t<div class=\"elementor-widget-container\">\n\t\t\t\t\t\t\t\t\tA fotoreakt\u00edv tulajdons\u00e1gokkal rendelkez\u0151 tart\u00f3s higi\u00e9niai v\u00e9d\u0151bevonat legf\u0151bb el\u0151nye, hogy a fotokatalitikus hat\u00e1st biztos\u00edt\u00f3 apr\u00f3 fotokataliz\u00e1tor r\u00e9szecsk\u00e9ket egy speci\u00e1lis polimer tart\u00f3san r\u00f6gz\u00edti a fel\u00fclethez, \u00edgy azok hossz\u00fa id\u0151n kereszt\u00fcl, az emberi eg\u00e9szs\u00e9gre \u00e9s a k\u00f6rnyezetre \u00e1rtalmatlan m\u00f3don fejtik ki antimikrobi\u00e1lis hat\u00e1sukat.\nEz azon a t\u00e9nyen alapul, hogy term\u00e9szetes vagy mesters\u00e9ges f\u00e9ny hat\u00e1s\u00e1ra a fel\u00fcleten l\u00e9v\u0151 fotokataliz\u00e1tor r\u00e9szecsk\u00e9k \u00fagynevezett reakt\u00edv szabad gy\u00f6k\u00f6ket termelnek, amelyek kell\u0151en nagy oxid\u00e1ci\u00f3s potenci\u00e1llal rendelkeznek ahhoz, hogy a fel\u00fcleten l\u00e9v\u0151 szerves anyagokat oxid\u00e1lj\u00e1k, legyenek azok fel\u00fcleti szennyez\u0151d\u00e9sek, kellemetlen vagy k\u00e1ros szagok vagy k\u00fcl\u00f6nb\u00f6z\u0151 mikroorganizmusok (v\u00edrusok, bakt\u00e9riumok, gomb\u00e1k).\t\t\t\t\t\t\t\t<\/div>\n\t\t\t\t<\/div>\n\t\t\t\t\t<\/div>\n\t\t<\/div>\n\t\t\t\t<div class=\"elementor-column elementor-col-50 elementor-top-column elementor-element elementor-element-842a61f\" data-id=\"842a61f\" data-element_type=\"column\" data-e-type=\"column\">\n\t\t\t<div class=\"elementor-widget-wrap elementor-element-populated\">\n\t\t\t\t\t\t<div class=\"elementor-element elementor-element-fd6d452 elementor-widget elementor-widget-image\" data-id=\"fd6d452\" data-element_type=\"widget\" data-e-type=\"widget\" data-widget_type=\"image.default\">\n\t\t\t\t<div class=\"elementor-widget-container\">\n\t\t\t\t\t\t\t\t\t\t\t\t\t\t\t<img fetchpriority=\"high\" decoding=\"async\" width=\"1024\" height=\"512\" src=\"https:\/\/r-filter.ro\/wp-content\/uploads\/2022\/10\/NANO2-1024x512.jpg\" class=\"attachment-large size-large wp-image-5307\" alt=\"R-Filter innovat\u00edv konyhai l\u00e9gkezel\u00e9s, zs\u00edrbont\u00e1s \u00e9s szagtalan\u00edt\u00e1s\" srcset=\"https:\/\/r-filter.ro\/wp-content\/uploads\/2022\/10\/NANO2-1024x512.jpg 1024w, https:\/\/r-filter.ro\/wp-content\/uploads\/2022\/10\/NANO2-300x150.jpg 300w, https:\/\/r-filter.ro\/wp-content\/uploads\/2022\/10\/NANO2-768x384.jpg 768w, https:\/\/r-filter.ro\/wp-content\/uploads\/2022\/10\/NANO2-18x9.jpg 18w, https:\/\/r-filter.ro\/wp-content\/uploads\/2022\/10\/NANO2.jpg 1200w\" sizes=\"(max-width: 1024px) 100vw, 1024px\" \/>\t\t\t\t\t\t\t\t\t\t\t\t\t\t\t<\/div>\n\t\t\t\t<\/div>\n\t\t\t\t<div class=\"elementor-element elementor-element-abe600b elementor-widget elementor-widget-text-editor\" data-id=\"abe600b\" data-element_type=\"widget\" data-e-type=\"widget\" data-widget_type=\"text-editor.default\">\n\t\t\t\t<div class=\"elementor-widget-container\">\n\t\t\t\t\t\t\t\t\t<p style=\"color: #0000f3;\">A folyad\u00e9k haszn\u00e1lat\u00e1nak el\u0151nyei:<\/p>\n\n<ul>\n     <li>v\u00e9delmet ny\u00fajt a v\u00edrusok, bakt\u00e9riumok \u00e9s gomb\u00e1k ellen<\/li>\n     <li>a szagok \u00e9s a fel\u00fcleti szennyez\u0151d\u00e9sek lebomlanak<\/li>\n     <li>a fotokataliz\u00e1tor r\u00e9szecsk\u00e9ket f\u00e9ny (cs\u00edra\u00f6l\u0151 UV-f\u00e9ny, napf\u00e9ny, egy\u00e9b mesters\u00e9ges f\u00e9ny) aktiv\u00e1lja.<\/li>\n \t<li>a folyamat csak a felsz\u00ednen zajlik, \u00edgy nem ker\u00fclnek vesz\u00e9lyes anyagok a k\u00f6rnyezetbe.<\/li>\n     <li>nincs k\u00e1ros hat\u00e1sa az emberi szervezetre, \u00e9s nem okoz b\u0151rirrit\u00e1ci\u00f3t.<\/li>\n     <li>a fedezet legfeljebb 14 napig marad akt\u00edv<\/li>\n<\/ul>\t\t\t\t\t\t\t\t<\/div>\n\t\t\t\t<\/div>\n\t\t\t\t\t<\/div>\n\t\t<\/div>\n\t\t\t\t\t<\/div>\n\t\t<\/section>\n\t\t\t\t<\/div>","protected":false},"excerpt":{"rendered":"<p>NANOAKT\u00cdV A term\u00e9szetes vagy mesters\u00e9ges f\u00e9ny hat\u00e1s\u00e1ra a fotokatalitikus r\u00e9szecsk\u00e9k reakt\u00edv szabad gy\u00f6k\u00f6ket termelnek, amelyek oxid\u00e1lj\u00e1k a v\u00edrusokat, bakt\u00e9riumokat, gomb\u00e1kat, szerves anyagokat \u00e9s a kellemetlen vagy kellemetlen szagokat a fel\u00fcletekr\u0151l. B\u00e1rmilyen fel\u00fcleten haszn\u00e1lhat\u00f3 az er\u0151sen ig\u00e9nybe vett ter\u00fcleteken. Recepci\u00f3k, \u00fcgyf\u00e9lszolg\u00e1lati ter\u00fcletek, v\u00e1r\u00f3termek, irod\u00e1k&#8230;M\u0171k\u00f6d\u00e9si elv A &amp;hellip legf\u0151bb el\u0151nye;&nbsp;<a href=\"https:\/\/r-filter.ro\/hu\/nanoactive\/\" rel=\"bookmark\">Olvass tov\u00e1bb &raquo;<span class=\"screen-reader-text\">NANOACTIVE<\/span><\/a><\/p>","protected":false},"author":2,"featured_media":0,"parent":0,"menu_order":0,"comment_status":"closed","ping_status":"closed","template":"","meta":{"neve_meta_sidebar":"full-width","neve_meta_container":"","neve_meta_enable_content_width":"on","neve_meta_content_width":100,"neve_meta_title_alignment":"","neve_meta_author_avatar":"","neve_post_elements_order":"","neve_meta_disable_header":"","neve_meta_disable_footer":"","neve_meta_disable_title":"","neve_meta_reading_time":"","_themeisle_gutenberg_block_has_review":false,"_ti_tpc_template_sync":false,"_ti_tpc_template_id":"","footnotes":""},"class_list":["post-2089","page","type-page","status-publish","hentry"],"_links":{"self":[{"href":"https:\/\/r-filter.ro\/hu\/wp-json\/wp\/v2\/pages\/2089","targetHints":{"allow":["GET"]}}],"collection":[{"href":"https:\/\/r-filter.ro\/hu\/wp-json\/wp\/v2\/pages"}],"about":[{"href":"https:\/\/r-filter.ro\/hu\/wp-json\/wp\/v2\/types\/page"}],"author":[{"embeddable":true,"href":"https:\/\/r-filter.ro\/hu\/wp-json\/wp\/v2\/users\/2"}],"replies":[{"embeddable":true,"href":"https:\/\/r-filter.ro\/hu\/wp-json\/wp\/v2\/comments?post=2089"}],"version-history":[{"count":46,"href":"https:\/\/r-filter.ro\/hu\/wp-json\/wp\/v2\/pages\/2089\/revisions"}],"predecessor-version":[{"id":8610,"href":"https:\/\/r-filter.ro\/hu\/wp-json\/wp\/v2\/pages\/2089\/revisions\/8610"}],"wp:attachment":[{"href":"https:\/\/r-filter.ro\/hu\/wp-json\/wp\/v2\/media?parent=2089"}],"curies":[{"name":"wp","href":"https:\/\/api.w.org\/{rel}","templated":true}]}}