{"id":2068,"date":"2021-06-29T06:10:26","date_gmt":"2021-06-29T06:10:26","guid":{"rendered":"https:\/\/r-filter.hu\/?page_id=2068"},"modified":"2026-02-25T14:06:16","modified_gmt":"2026-02-25T12:06:16","slug":"uvk","status":"publish","type":"page","link":"https:\/\/r-filter.ro\/hu\/uvk\/","title":{"rendered":"UVK"},"content":{"rendered":"<div data-elementor-type=\"wp-page\" data-elementor-id=\"2068\" class=\"elementor elementor-2068\" data-elementor-post-type=\"page\">\n\t\t\t\t\t\t<section class=\"elementor-section elementor-top-section elementor-element elementor-element-bfbd4c0 elementor-section-boxed elementor-section-height-default elementor-section-height-default\" data-id=\"bfbd4c0\" data-element_type=\"section\" data-e-type=\"section\">\n\t\t\t\t\t\t<div class=\"elementor-container elementor-column-gap-default\">\n\t\t\t\t\t<div class=\"elementor-column elementor-col-100 elementor-top-column elementor-element elementor-element-c13b5e6\" data-id=\"c13b5e6\" data-element_type=\"column\" data-e-type=\"column\" data-settings=\"{&quot;background_background&quot;:&quot;classic&quot;}\">\n\t\t\t<div class=\"elementor-widget-wrap elementor-element-populated\">\n\t\t\t\t\t\t<div class=\"elementor-element elementor-element-c87e7d6 elementor-widget elementor-widget-heading\" data-id=\"c87e7d6\" data-element_type=\"widget\" data-e-type=\"widget\" data-widget_type=\"heading.default\">\n\t\t\t\t<div class=\"elementor-widget-container\">\n\t\t\t\t\t<h1 class=\"elementor-heading-title elementor-size-default\">UVK<\/h1>\t\t\t\t<\/div>\n\t\t\t\t<\/div>\n\t\t\t\t<div class=\"elementor-element elementor-element-48dc0a8 elementor-widget-divider--view-line elementor-widget elementor-widget-divider\" data-id=\"48dc0a8\" data-element_type=\"widget\" data-e-type=\"widget\" data-widget_type=\"divider.default\">\n\t\t\t\t<div class=\"elementor-widget-container\">\n\t\t\t\t\t\t\t<div class=\"elementor-divider\">\n\t\t\t<span class=\"elementor-divider-separator\">\n\t\t\t\t\t\t<\/span>\n\t\t<\/div>\n\t\t\t\t\t\t<\/div>\n\t\t\t\t<\/div>\n\t\t\t\t\t<\/div>\n\t\t<\/div>\n\t\t\t\t\t<\/div>\n\t\t<\/section>\n\t\t\t\t<section class=\"elementor-section elementor-top-section elementor-element elementor-element-df948cf elementor-section-boxed elementor-section-height-default elementor-section-height-default\" data-id=\"df948cf\" data-element_type=\"section\" data-e-type=\"section\">\n\t\t\t\t\t\t<div class=\"elementor-container elementor-column-gap-default\">\n\t\t\t\t\t<div class=\"elementor-column elementor-col-50 elementor-top-column elementor-element elementor-element-89b4c80\" data-id=\"89b4c80\" data-element_type=\"column\" data-e-type=\"column\">\n\t\t\t<div class=\"elementor-widget-wrap elementor-element-populated\">\n\t\t\t\t\t\t<div class=\"elementor-element elementor-element-d60c7de elementor-widget elementor-widget-text-editor\" data-id=\"d60c7de\" data-element_type=\"widget\" data-e-type=\"widget\" data-widget_type=\"text-editor.default\">\n\t\t\t\t<div class=\"elementor-widget-container\">\n\t\t\t\t\t\t\t\t\t<p>A v\u00edrusok, bakt\u00e9riumok, pen\u00e9sz, pen\u00e9szgomba, sp\u00f3r\u00e1k, gomb\u00e1k stb. gyorsan elszaporodhatnak a nedves \u00e9s s\u00f6t\u00e9t HVAC-rendszerekben, \u00e9s a l\u00e9gkondicion\u00e1l\u00f3 rendszereken kereszt\u00fcl elterjedhetnek az eg\u00e9sz \u00e9p\u00fcletben, fert\u0151z\u0151v\u00e9 t\u00e9ve a belt\u00e9ri k\u00f6rnyezetet. A l\u00e9gcsatorn\u00e1kba szerelt UV-cs\u00edra\u00f6l\u0151 k\u00e9sz\u00fcl\u00e9keink \"helyben\" hat\u00e1stalan\u00edtj\u00e1k a k\u00f3rokoz\u00f3 mikroorganizmusokat. Az \u00e9p\u00fclet\u00fczemeltet\u0151knek \u00e9rdemes megfontolniuk ennek a technol\u00f3gi\u00e1nak a telep\u00edt\u00e9s\u00e9t az \u00e9p\u00fcleteikbe.<\/p>\t\t\t\t\t\t\t\t<\/div>\n\t\t\t\t<\/div>\n\t\t\t\t<div class=\"elementor-element elementor-element-8e3cfe6 elementor-widget elementor-widget-text-editor\" data-id=\"8e3cfe6\" data-element_type=\"widget\" data-e-type=\"widget\" data-widget_type=\"text-editor.default\">\n\t\t\t\t<div class=\"elementor-widget-container\">\n\t\t\t\t\t\t\t\t\t<strong>Hogyan m\u0171k\u00f6dik<\/strong>\t\t\t\t\t\t\t\t<\/div>\n\t\t\t\t<\/div>\n\t\t\t\t<div class=\"elementor-element elementor-element-818e71b elementor-widget-divider--view-line elementor-widget elementor-widget-divider\" data-id=\"818e71b\" data-element_type=\"widget\" data-e-type=\"widget\" data-widget_type=\"divider.default\">\n\t\t\t\t<div class=\"elementor-widget-container\">\n\t\t\t\t\t\t\t<div class=\"elementor-divider\">\n\t\t\t<span class=\"elementor-divider-separator\">\n\t\t\t\t\t\t<\/span>\n\t\t<\/div>\n\t\t\t\t\t\t<\/div>\n\t\t\t\t<\/div>\n\t\t\t\t<div class=\"elementor-element elementor-element-5a79d6c elementor-widget elementor-widget-text-editor\" data-id=\"5a79d6c\" data-element_type=\"widget\" data-e-type=\"widget\" data-widget_type=\"text-editor.default\">\n\t\t\t\t<div class=\"elementor-widget-container\">\n\t\t\t\t\t\t\t\t\tA l\u00e1mp\u00e1knak a l\u00e9g\u00e1raml\u00e1ssal p\u00e1rhuzamos elhelyez\u00e9s\u00e9vel hosszabb kontaktid\u0151t (tart\u00f3zkod\u00e1si id\u0151t) tudunk biztos\u00edtani a mikroorganizmusok \u00e9s az UV-C f\u00e9ny k\u00f6z\u00f6tt:\t\t\t\t\t\t\t\t<\/div>\n\t\t\t\t<\/div>\n\t\t\t\t<div class=\"elementor-element elementor-element-867af91 elementor-widget elementor-widget-image\" data-id=\"867af91\" data-element_type=\"widget\" data-e-type=\"widget\" data-widget_type=\"image.default\">\n\t\t\t\t<div class=\"elementor-widget-container\">\n\t\t\t\t\t\t\t\t\t\t\t\t\t\t\t\t<a href=\"https:\/\/r-filter.ro\/wp-content\/uploads\/2021\/10\/VS.-MAGYAR.jpg\" data-elementor-open-lightbox=\"yes\" data-elementor-lightbox-title=\"VS.-MAGYAR_RO\" data-e-action-hash=\"#elementor-action%3Aaction%3Dlightbox%26settings%3DeyJpZCI6ODc0NSwidXJsIjoiaHR0cHM6XC9cL3ItZmlsdGVyLnJvXC93cC1jb250ZW50XC91cGxvYWRzXC8yMDI2XC8wMlwvVlMuLU1BR1lBUl9STy0xLmpwZyJ9\">\n\t\t\t\t\t\t\t<img fetchpriority=\"high\" decoding=\"async\" width=\"924\" height=\"388\" src=\"https:\/\/r-filter.ro\/wp-content\/uploads\/2021\/10\/VS.-MAGYAR.jpg\" class=\"attachment-large size-large wp-image-8745\" alt=\"\" srcset=\"https:\/\/r-filter.ro\/wp-content\/uploads\/2021\/10\/VS.-MAGYAR.jpg 924w, https:\/\/r-filter.ro\/wp-content\/uploads\/2021\/10\/VS.-MAGYAR-300x126.jpg 300w, https:\/\/r-filter.ro\/wp-content\/uploads\/2021\/10\/VS.-MAGYAR-768x322.jpg 768w, https:\/\/r-filter.ro\/wp-content\/uploads\/2021\/10\/VS.-MAGYAR-18x8.jpg 18w\" sizes=\"(max-width: 924px) 100vw, 924px\" \/>\t\t\t\t\t\t\t\t<\/a>\n\t\t\t\t\t\t\t\t\t\t\t\t\t\t\t<\/div>\n\t\t\t\t<\/div>\n\t\t\t\t<div class=\"elementor-element elementor-element-9e0ada4 elementor-widget elementor-widget-text-editor\" data-id=\"9e0ada4\" data-element_type=\"widget\" data-e-type=\"widget\" data-widget_type=\"text-editor.default\">\n\t\t\t\t<div class=\"elementor-widget-container\">\n\t\t\t\t\t\t\t\t\tA mikroorganizmusok elpuszt\u00edt\u00e1s\u00e1hoz \u00e1ltal\u00e1ban 10-100 Ws\/m\u00b2 sug\u00e1rd\u00f3zis sz\u00fcks\u00e9ges, b\u00e1r az egyes organizmusok sug\u00e1r\u00e9rz\u00e9kenys\u00e9ge igen elt\u00e9r\u0151. A D10 d\u00f3zis 7 Ws\/m\u00b2 (Escherichia coli) \u00e9s 1000 Ws\/m\u00b2 (gomb\u00e1k) k\u00f6z\u00f6tt v\u00e1ltozhat. A D10 \u00e9rt\u00e9k az az UV-sug\u00e1rz\u00e1si d\u00f3zis, amely egy adott kezdeti cs\u00edrasz\u00e1mot 90%-kal cs\u00f6kkent. Az UVC-sug\u00e1rz\u00e1s koronav\u00edrusokra gyakorolt hat\u00e1sa j\u00f3l ismert. A D10 d\u00f3zis\u00e9rt\u00e9k ezekre a v\u00edrusokra k\u00f6r\u00fclbel\u00fcl 40 Ws\/m<sup>2<\/sup>.\t\t\t\t\t\t\t\t<\/div>\n\t\t\t\t<\/div>\n\t\t\t\t\t<\/div>\n\t\t<\/div>\n\t\t\t\t<div class=\"elementor-column elementor-col-50 elementor-top-column elementor-element elementor-element-dc5a491\" data-id=\"dc5a491\" data-element_type=\"column\" data-e-type=\"column\">\n\t\t\t<div class=\"elementor-widget-wrap elementor-element-populated\">\n\t\t\t\t\t\t<div class=\"elementor-element elementor-element-4a46543 elementor-widget elementor-widget-image\" data-id=\"4a46543\" data-element_type=\"widget\" data-e-type=\"widget\" data-widget_type=\"image.default\">\n\t\t\t\t<div class=\"elementor-widget-container\">\n\t\t\t\t\t\t\t\t\t\t\t\t\t\t\t<img decoding=\"async\" width=\"1200\" height=\"600\" src=\"https:\/\/r-filter.ro\/wp-content\/uploads\/2022\/10\/UVK3.jpg\" class=\"attachment-full size-full wp-image-5301\" alt=\"R-Filter innovat\u00edv konyhai l\u00e9gkezel\u00e9s, zs\u00edrbont\u00e1s \u00e9s szagtalan\u00edt\u00e1s\" srcset=\"https:\/\/r-filter.ro\/wp-content\/uploads\/2022\/10\/UVK3.jpg 1200w, https:\/\/r-filter.ro\/wp-content\/uploads\/2022\/10\/UVK3-300x150.jpg 300w, https:\/\/r-filter.ro\/wp-content\/uploads\/2022\/10\/UVK3-1024x512.jpg 1024w, https:\/\/r-filter.ro\/wp-content\/uploads\/2022\/10\/UVK3-768x384.jpg 768w, https:\/\/r-filter.ro\/wp-content\/uploads\/2022\/10\/UVK3-18x9.jpg 18w\" sizes=\"(max-width: 1200px) 100vw, 1200px\" \/>\t\t\t\t\t\t\t\t\t\t\t\t\t\t\t<\/div>\n\t\t\t\t<\/div>\n\t\t\t\t<div class=\"elementor-element elementor-element-2fe8c99 elementor-widget elementor-widget-text-editor\" data-id=\"2fe8c99\" data-element_type=\"widget\" data-e-type=\"widget\" data-widget_type=\"text-editor.default\">\n\t\t\t\t<div class=\"elementor-widget-container\">\n\t\t\t\t\t\t\t\t\t<p style=\"color: #0000f3;\">A berendez\u00e9s haszn\u00e1lat\u00e1nak el\u0151nyei:<\/p>\n\n<ul>\n     <li>K\u00f6nnyen integr\u00e1lhat\u00f3 a megl\u00e9v\u0151 l\u00e9gcsatorna-rendszerekbe<\/li>\n     <li>A konfigur\u00e1ci\u00f3kat \u00fagy lehet kialak\u00edtani, hogy el\u00e9rj\u00e9k a k\u00edv\u00e1nt d\u00f3zist.<\/li>\n \t<li>Fert\u0151tlen\u00edt\u00e9s vegyszerek \u00e9s \u00f3zon n\u00e9lk\u00fcl<\/li>\n     <li>Innovat\u00edv vez\u00e9rl\u00e9s biztos\u00edtja a biztons\u00e1gos m\u0171k\u00f6d\u00e9st<\/li>\n     <li>Eg\u00e9szs\u00e9gesebb belt\u00e9ri leveg\u0151min\u0151s\u00e9g kialak\u00edt\u00e1sa<\/li>\n \t<li>Elpuszt\u00edtja az eg\u00e9szs\u00e9gre k\u00e1ros k\u00f3rokoz\u00f3kat.\n     <li>Megel\u0151zi a beteg \u00e9p\u00fclet szindr\u00f3ma kialakul\u00e1s\u00e1t.\n     <li>Jav\u00edtja a j\u00f3l\u00e9tet.\n     <li>Cs\u00f6kkentse a HVAC-rendszer karbantart\u00e1si k\u00f6lts\u00e9geit.\n<\/ul>\t\t\t\t\t\t\t\t<\/div>\n\t\t\t\t<\/div>\n\t\t\t\t\t<\/div>\n\t\t<\/div>\n\t\t\t\t\t<\/div>\n\t\t<\/section>\n\t\t\t\t<\/div>","protected":false},"excerpt":{"rendered":"<p>UVK A v\u00edrusok, bakt\u00e9riumok, pen\u00e9sz, pen\u00e9szgomba, sp\u00f3r\u00e1k, gomb\u00e1k stb. gyorsan elszaporodhatnak a nedves \u00e9s s\u00f6t\u00e9t HVAC-rendszerekben, \u00e9s a l\u00e9gkondicion\u00e1l\u00f3 rendszereken kereszt\u00fcl elterjedhetnek az eg\u00e9sz \u00e9p\u00fcletben, fert\u0151z\u0151v\u00e9 t\u00e9ve a belt\u00e9ri k\u00f6rnyezetet. A l\u00e9gcsatorn\u00e1kba szerelt UV-cs\u00edra\u00f6l\u0151 k\u00e9sz\u00fcl\u00e9keink \"helyben\" hat\u00e1stalan\u00edtj\u00e1k a k\u00f3rokoz\u00f3 mikroorganizmusokat. Az \u00e9p\u00fclet\u00fczemeltet\u0151knek figyelembe kell venni\u00fck&hellip;&nbsp;<a href=\"https:\/\/r-filter.ro\/hu\/uvk\/\" rel=\"bookmark\">Olvass tov\u00e1bb &raquo;<span class=\"screen-reader-text\">UVK<\/span><\/a><\/p>","protected":false},"author":2,"featured_media":0,"parent":0,"menu_order":0,"comment_status":"closed","ping_status":"closed","template":"","meta":{"neve_meta_sidebar":"full-width","neve_meta_container":"","neve_meta_enable_content_width":"on","neve_meta_content_width":100,"neve_meta_title_alignment":"","neve_meta_author_avatar":"","neve_post_elements_order":"","neve_meta_disable_header":"","neve_meta_disable_footer":"","neve_meta_disable_title":"","neve_meta_reading_time":"","_themeisle_gutenberg_block_has_review":false,"_ti_tpc_template_sync":false,"_ti_tpc_template_id":"","footnotes":""},"class_list":["post-2068","page","type-page","status-publish","hentry"],"_links":{"self":[{"href":"https:\/\/r-filter.ro\/hu\/wp-json\/wp\/v2\/pages\/2068","targetHints":{"allow":["GET"]}}],"collection":[{"href":"https:\/\/r-filter.ro\/hu\/wp-json\/wp\/v2\/pages"}],"about":[{"href":"https:\/\/r-filter.ro\/hu\/wp-json\/wp\/v2\/types\/page"}],"author":[{"embeddable":true,"href":"https:\/\/r-filter.ro\/hu\/wp-json\/wp\/v2\/users\/2"}],"replies":[{"embeddable":true,"href":"https:\/\/r-filter.ro\/hu\/wp-json\/wp\/v2\/comments?post=2068"}],"version-history":[{"count":42,"href":"https:\/\/r-filter.ro\/hu\/wp-json\/wp\/v2\/pages\/2068\/revisions"}],"predecessor-version":[{"id":8748,"href":"https:\/\/r-filter.ro\/hu\/wp-json\/wp\/v2\/pages\/2068\/revisions\/8748"}],"wp:attachment":[{"href":"https:\/\/r-filter.ro\/hu\/wp-json\/wp\/v2\/media?parent=2068"}],"curies":[{"name":"wp","href":"https:\/\/api.w.org\/{rel}","templated":true}]}}