{"id":2002,"date":"2021-06-28T15:08:57","date_gmt":"2021-06-28T15:08:57","guid":{"rendered":"https:\/\/r-filter.hu\/?page_id=2002"},"modified":"2026-02-25T14:04:04","modified_gmt":"2026-02-25T12:04:04","slug":"uvf","status":"publish","type":"page","link":"https:\/\/r-filter.ro\/hu\/uvf\/","title":{"rendered":"UVF"},"content":{"rendered":"<div data-elementor-type=\"wp-page\" data-elementor-id=\"2002\" class=\"elementor elementor-2002\" data-elementor-post-type=\"page\">\n\t\t\t\t\t\t<section class=\"elementor-section elementor-top-section elementor-element elementor-element-d8b6b01 elementor-section-boxed elementor-section-height-default elementor-section-height-default\" data-id=\"d8b6b01\" data-element_type=\"section\" data-e-type=\"section\">\n\t\t\t\t\t\t<div class=\"elementor-container elementor-column-gap-default\">\n\t\t\t\t\t<div class=\"elementor-column elementor-col-100 elementor-top-column elementor-element elementor-element-805b373\" data-id=\"805b373\" data-element_type=\"column\" data-e-type=\"column\" data-settings=\"{&quot;background_background&quot;:&quot;classic&quot;}\">\n\t\t\t<div class=\"elementor-widget-wrap elementor-element-populated\">\n\t\t\t\t\t\t<div class=\"elementor-element elementor-element-83552bb elementor-widget elementor-widget-heading\" data-id=\"83552bb\" data-element_type=\"widget\" data-e-type=\"widget\" data-widget_type=\"heading.default\">\n\t\t\t\t<div class=\"elementor-widget-container\">\n\t\t\t\t\t<h1 class=\"elementor-heading-title elementor-size-default\">UVF<\/h1>\t\t\t\t<\/div>\n\t\t\t\t<\/div>\n\t\t\t\t<div class=\"elementor-element elementor-element-a5a59b4 elementor-widget-divider--view-line elementor-widget elementor-widget-divider\" data-id=\"a5a59b4\" data-element_type=\"widget\" data-e-type=\"widget\" data-widget_type=\"divider.default\">\n\t\t\t\t<div class=\"elementor-widget-container\">\n\t\t\t\t\t\t\t<div class=\"elementor-divider\">\n\t\t\t<span class=\"elementor-divider-separator\">\n\t\t\t\t\t\t<\/span>\n\t\t<\/div>\n\t\t\t\t\t\t<\/div>\n\t\t\t\t<\/div>\n\t\t\t\t\t<\/div>\n\t\t<\/div>\n\t\t\t\t\t<\/div>\n\t\t<\/section>\n\t\t\t\t<section class=\"elementor-section elementor-top-section elementor-element elementor-element-e6b9faf elementor-section-boxed elementor-section-height-default elementor-section-height-default\" data-id=\"e6b9faf\" data-element_type=\"section\" data-e-type=\"section\">\n\t\t\t\t\t\t<div class=\"elementor-container elementor-column-gap-default\">\n\t\t\t\t\t<div class=\"elementor-column elementor-col-50 elementor-top-column elementor-element elementor-element-0159887\" data-id=\"0159887\" data-element_type=\"column\" data-e-type=\"column\">\n\t\t\t<div class=\"elementor-widget-wrap elementor-element-populated\">\n\t\t\t\t\t\t<div class=\"elementor-element elementor-element-9fbc3a9 elementor-widget elementor-widget-text-editor\" data-id=\"9fbc3a9\" data-element_type=\"widget\" data-e-type=\"widget\" data-widget_type=\"text-editor.default\">\n\t\t\t\t<div class=\"elementor-widget-container\">\n\t\t\t\t\t\t\t\t\t<strong>Lak\u00e1sok, irod\u00e1k, orvosi l\u00e9tes\u00edtm\u00e9nyek, l\u00e9gkondicion\u00e1l\u00f3 \u00e9s szell\u0151ztet\u00e9si technol\u00f3gia<\/strong>\t\t\t\t\t\t\t\t<\/div>\n\t\t\t\t<\/div>\n\t\t\t\t<div class=\"elementor-element elementor-element-0a2ad1d elementor-widget-divider--view-line elementor-widget elementor-widget-divider\" data-id=\"0a2ad1d\" data-element_type=\"widget\" data-e-type=\"widget\" data-widget_type=\"divider.default\">\n\t\t\t\t<div class=\"elementor-widget-container\">\n\t\t\t\t\t\t\t<div class=\"elementor-divider\">\n\t\t\t<span class=\"elementor-divider-separator\">\n\t\t\t\t\t\t<\/span>\n\t\t<\/div>\n\t\t\t\t\t\t<\/div>\n\t\t\t\t<\/div>\n\t\t\t\t<div class=\"elementor-element elementor-element-c8233d5 elementor-widget elementor-widget-text-editor\" data-id=\"c8233d5\" data-element_type=\"widget\" data-e-type=\"widget\" data-widget_type=\"text-editor.default\">\n\t\t\t\t<div class=\"elementor-widget-container\">\n\t\t\t\t\t\t\t\t\tA k\u00e9sz\u00fcl\u00e9k haszn\u00e1lhat\u00f3 a k\u00edv\u00fclr\u0151l besz\u00edvott leveg\u0151 vagy a k\u00f6zponti l\u00e9gkezel\u0151 egys\u00e9g \u00e1ltal szolg\u00e1ltatott leveg\u0151 fert\u0151tlen\u00edt\u00e9s\u00e9re. A l\u00e9gcsatorna-rendszerbe be\u00e9p\u00edtve passz\u00edv elemk\u00e9nt m\u0171k\u00f6dik, \u00e9s nem rendelkezik saj\u00e1t ventil\u00e1torral.\t\t\t\t\t\t\t\t<\/div>\n\t\t\t\t<\/div>\n\t\t\t\t<div class=\"elementor-element elementor-element-547ad68 elementor-widget elementor-widget-text-editor\" data-id=\"547ad68\" data-element_type=\"widget\" data-e-type=\"widget\" data-widget_type=\"text-editor.default\">\n\t\t\t\t<div class=\"elementor-widget-container\">\n\t\t\t\t\t\t\t\t\t<strong>Hogyan m\u0171k\u00f6dik<\/strong>\t\t\t\t\t\t\t\t<\/div>\n\t\t\t\t<\/div>\n\t\t\t\t<div class=\"elementor-element elementor-element-c2624cd elementor-widget-divider--view-line elementor-widget elementor-widget-divider\" data-id=\"c2624cd\" data-element_type=\"widget\" data-e-type=\"widget\" data-widget_type=\"divider.default\">\n\t\t\t\t<div class=\"elementor-widget-container\">\n\t\t\t\t\t\t\t<div class=\"elementor-divider\">\n\t\t\t<span class=\"elementor-divider-separator\">\n\t\t\t\t\t\t<\/span>\n\t\t<\/div>\n\t\t\t\t\t\t<\/div>\n\t\t\t\t<\/div>\n\t\t\t\t<div class=\"elementor-element elementor-element-9adeed0 elementor-widget elementor-widget-text-editor\" data-id=\"9adeed0\" data-element_type=\"widget\" data-e-type=\"widget\" data-widget_type=\"text-editor.default\">\n\t\t\t\t<div class=\"elementor-widget-container\">\n\t\t\t\t\t\t\t\t\t<p>Ak\u00e1r k\u00edv\u00fclr\u0151l sz\u00edvj\u00e1k be, ak\u00e1r a k\u00f6zponti l\u00e9gkezel\u0151 egys\u00e9gen kereszt\u00fcl sz\u00e1ll\u00edtj\u00e1k, a leveg\u0151 sz\u00e1mos olyan mikroorganizmust tartalmazhat, amelyeket eg\u00e9szs\u00e9g\u00fcgyi okokb\u00f3l el kell puszt\u00edtani. Erre a c\u00e9lra aj\u00e1nljuk az R-FILTER fert\u0151tlen\u00edt\u0151 k\u00e9sz\u00fcl\u00e9ket, mivel a k\u00e9sz\u00fcl\u00e9kben l\u00e9v\u0151 UV-C sug\u00e1rz\u00e1s elpuszt\u00edtja a k\u00f3rokoz\u00f3k DNS-\u00e9t, \u00edgy fert\u0151tlen\u00edti a leveg\u0151t. A k\u00e9sz\u00fcl\u00e9k nem rendelkezik saj\u00e1t ventil\u00e1torral, \u00edgy ak\u00e1r a szell\u0151z\u0151rendszer akt\u00edv vagy passz\u00edv r\u00e9sz\u00e9be is be\u00e9p\u00edthet\u0151, de \u00fcgyelni kell arra, hogy a k\u00e9sz\u00fcl\u00e9k belsej\u00e9ben a leveg\u0151 sebess\u00e9ge 2-2,5 m\/s legyen, ami a legmegfelel\u0151bb a steriliz\u00e1l\u00e1shoz. Nagyobb l\u00e9gsebess\u00e9gn\u00e9l az UV-C R-FILTER l\u00e1mp\u00e1knak nincs el\u00e9g idej\u00fck a bakt\u00e9riumok elpuszt\u00edt\u00e1s\u00e1ra \u00e9s \u00edgy a leveg\u0151 fert\u0151tlen\u00edt\u00e9s\u00e9re.<\/p><p>F\u00e9nyspektrum nanom\u00e9terben:<\/p>\t\t\t\t\t\t\t\t<\/div>\n\t\t\t\t<\/div>\n\t\t\t\t<div class=\"elementor-element elementor-element-d6ecdb7 elementor-widget elementor-widget-image\" data-id=\"d6ecdb7\" data-element_type=\"widget\" data-e-type=\"widget\" data-widget_type=\"image.default\">\n\t\t\t\t<div class=\"elementor-widget-container\">\n\t\t\t\t\t\t\t\t\t\t\t\t\t\t\t\t<a href=\"https:\/\/r-filter.ro\/wp-content\/uploads\/2021\/07\/Feny-spektruma-2537nm-1.jpg\" data-elementor-open-lightbox=\"yes\" data-elementor-lightbox-title=\"Feny-spektruma-2537nm-1_RO\" data-e-action-hash=\"#elementor-action%3Aaction%3Dlightbox%26settings%3DeyJpZCI6ODcyNCwidXJsIjoiaHR0cHM6XC9cL3ItZmlsdGVyLnJvXC93cC1jb250ZW50XC91cGxvYWRzXC8yMDI2XC8wMlwvRmVueS1zcGVrdHJ1bWEtMjUzN25tLTFfUk8ucG5nIn0%3D\">\n\t\t\t\t\t\t\t<img fetchpriority=\"high\" decoding=\"async\" width=\"862\" height=\"360\" src=\"https:\/\/r-filter.ro\/wp-content\/uploads\/2021\/07\/Feny-spektruma-2537nm-1.jpg\" class=\"attachment-2048x2048 size-2048x2048 wp-image-8724\" alt=\"\" srcset=\"https:\/\/r-filter.ro\/wp-content\/uploads\/2021\/07\/Feny-spektruma-2537nm-1.jpg 862w, https:\/\/r-filter.ro\/wp-content\/uploads\/2021\/07\/Feny-spektruma-2537nm-1-300x125.jpg 300w, https:\/\/r-filter.ro\/wp-content\/uploads\/2021\/07\/Feny-spektruma-2537nm-1-768x321.jpg 768w, https:\/\/r-filter.ro\/wp-content\/uploads\/2021\/07\/Feny-spektruma-2537nm-1-16x7.jpg 16w\" sizes=\"(max-width: 862px) 100vw, 862px\" \/>\t\t\t\t\t\t\t\t<\/a>\n\t\t\t\t\t\t\t\t\t\t\t\t\t\t\t<\/div>\n\t\t\t\t<\/div>\n\t\t\t\t<div class=\"elementor-element elementor-element-6b09c77 elementor-widget elementor-widget-text-editor\" data-id=\"6b09c77\" data-element_type=\"widget\" data-e-type=\"widget\" data-widget_type=\"text-editor.default\">\n\t\t\t\t<div class=\"elementor-widget-container\">\n\t\t\t\t\t\t\t\t\tAz UV-C sug\u00e1rz\u00e1s cs\u00edra\u00f6l\u0151, azaz bakt\u00e9rium\u00f6l\u0151 hat\u00e1sa 265 nm-n\u00e9l \u00e9ri el a cs\u00facspontj\u00e1t.\t\t\t\t\t\t\t\t<\/div>\n\t\t\t\t<\/div>\n\t\t\t\t<div class=\"elementor-element elementor-element-5069715 elementor-widget elementor-widget-image\" data-id=\"5069715\" data-element_type=\"widget\" data-e-type=\"widget\" data-widget_type=\"image.default\">\n\t\t\t\t<div class=\"elementor-widget-container\">\n\t\t\t\t\t\t\t\t\t\t\t\t\t\t\t\t<a href=\"https:\/\/r-filter.ro\/wp-content\/uploads\/2021\/07\/relativ-hatekonysagi-gorbe-szoveggel.jpg\" data-elementor-open-lightbox=\"yes\" data-elementor-lightbox-title=\"relativ-hatekonysagi-gorbe-szoveggel_RO\" data-e-action-hash=\"#elementor-action%3Aaction%3Dlightbox%26settings%3DeyJpZCI6ODczNSwidXJsIjoiaHR0cHM6XC9cL3ItZmlsdGVyLnJvXC93cC1jb250ZW50XC91cGxvYWRzXC8yMDI2XC8wMlwvcmVsYXRpdi1oYXRla29ueXNhZ2ktZ29yYmUtc3pvdmVnZ2VsX1JPLTEuanBnIn0%3D\">\n\t\t\t\t\t\t\t<img decoding=\"async\" width=\"1621\" height=\"1020\" src=\"https:\/\/r-filter.ro\/wp-content\/uploads\/2021\/07\/relativ-hatekonysagi-gorbe-szoveggel.jpg\" class=\"attachment-2048x2048 size-2048x2048 wp-image-8735\" alt=\"\" srcset=\"https:\/\/r-filter.ro\/wp-content\/uploads\/2021\/07\/relativ-hatekonysagi-gorbe-szoveggel.jpg 1621w, https:\/\/r-filter.ro\/wp-content\/uploads\/2021\/07\/relativ-hatekonysagi-gorbe-szoveggel-300x189.jpg 300w, https:\/\/r-filter.ro\/wp-content\/uploads\/2021\/07\/relativ-hatekonysagi-gorbe-szoveggel-1024x644.jpg 1024w, https:\/\/r-filter.ro\/wp-content\/uploads\/2021\/07\/relativ-hatekonysagi-gorbe-szoveggel-768x483.jpg 768w, https:\/\/r-filter.ro\/wp-content\/uploads\/2021\/07\/relativ-hatekonysagi-gorbe-szoveggel-1536x967.jpg 1536w, https:\/\/r-filter.ro\/wp-content\/uploads\/2021\/07\/relativ-hatekonysagi-gorbe-szoveggel-16x10.jpg 16w\" sizes=\"(max-width: 1621px) 100vw, 1621px\" \/>\t\t\t\t\t\t\t\t<\/a>\n\t\t\t\t\t\t\t\t\t\t\t\t\t\t\t<\/div>\n\t\t\t\t<\/div>\n\t\t\t\t\t<\/div>\n\t\t<\/div>\n\t\t\t\t<div class=\"elementor-column elementor-col-50 elementor-top-column elementor-element elementor-element-f52a362\" data-id=\"f52a362\" data-element_type=\"column\" data-e-type=\"column\">\n\t\t\t<div class=\"elementor-widget-wrap elementor-element-populated\">\n\t\t\t\t\t\t<div class=\"elementor-element elementor-element-f20409d elementor-widget elementor-widget-image\" data-id=\"f20409d\" data-element_type=\"widget\" data-e-type=\"widget\" data-widget_type=\"image.default\">\n\t\t\t\t<div class=\"elementor-widget-container\">\n\t\t\t\t\t\t\t\t\t\t\t\t\t\t\t<img decoding=\"async\" width=\"1024\" height=\"512\" src=\"https:\/\/r-filter.ro\/wp-content\/uploads\/2022\/10\/UVF3-1024x512.jpg\" class=\"attachment-large size-large wp-image-5292\" alt=\"R-Filter innovat\u00edv konyhai l\u00e9gkezel\u00e9s, zs\u00edrbont\u00e1s \u00e9s szagtalan\u00edt\u00e1s\" srcset=\"https:\/\/r-filter.ro\/wp-content\/uploads\/2022\/10\/UVF3-1024x512.jpg 1024w, https:\/\/r-filter.ro\/wp-content\/uploads\/2022\/10\/UVF3-300x150.jpg 300w, https:\/\/r-filter.ro\/wp-content\/uploads\/2022\/10\/UVF3-768x384.jpg 768w, https:\/\/r-filter.ro\/wp-content\/uploads\/2022\/10\/UVF3-18x9.jpg 18w, https:\/\/r-filter.ro\/wp-content\/uploads\/2022\/10\/UVF3.jpg 1200w\" sizes=\"(max-width: 1024px) 100vw, 1024px\" \/>\t\t\t\t\t\t\t\t\t\t\t\t\t\t\t<\/div>\n\t\t\t\t<\/div>\n\t\t\t\t<div class=\"elementor-element elementor-element-d0deed5 elementor-widget elementor-widget-text-editor\" data-id=\"d0deed5\" data-element_type=\"widget\" data-e-type=\"widget\" data-widget_type=\"text-editor.default\">\n\t\t\t\t<div class=\"elementor-widget-container\">\n\t\t\t\t\t\t\t\t\t<p style=\"color: #0000f3;\">A berendez\u00e9s haszn\u00e1lat\u00e1nak el\u0151nyei:<\/p><ul><li>L\u00e9gcsatorna-alkatr\u00e9szk\u00e9nt k\u00f6nnyen integr\u00e1lhat\u00f3 a megl\u00e9v\u0151 l\u00e9gcsatorna-rendszerekbe.<\/li><li>Kiv\u00e1l\u00f3 l\u00e9ghigi\u00e9nia, magas szint\u0171 cs\u00edramentes\u00edt\u00e9s.<\/li><li>A l\u00e9gz\u0151szervi megbeteged\u00e9sek cs\u00f6kkent\u00e9se.<\/li><li>\u00d3zonmentes m\u0171k\u00f6d\u00e9s<\/li><li>Vegyszermentes m\u0171k\u00f6d\u00e9s<\/li><li>Nincs sz\u00fcks\u00e9g sz\u0171r\u0151re<\/li><li>Korr\u00f3zi\u00f3mentes rozsdamentes ac\u00e9l h\u00e1z<\/li><li>Minim\u00e1lis tiszt\u00edt\u00e1st ig\u00e9nyel<\/li><\/ul>\t\t\t\t\t\t\t\t<\/div>\n\t\t\t\t<\/div>\n\t\t\t\t\t<\/div>\n\t\t<\/div>\n\t\t\t\t\t<\/div>\n\t\t<\/section>\n\t\t\t\t<\/div>","protected":false},"excerpt":{"rendered":"<p>UVF Lak\u00e1sok, irod\u00e1k, orvosi l\u00e9tes\u00edtm\u00e9nyek, l\u00e9gkondicion\u00e1l\u00f3 \u00e9s szell\u0151ztet\u00e9si technol\u00f3gia A k\u00e9sz\u00fcl\u00e9k a k\u00edv\u00fclr\u0151l besz\u00edvott leveg\u0151 vagy a k\u00f6zponti l\u00e9gkezel\u0151 berendez\u00e9s \u00e1ltal sz\u00e1ll\u00edtott leveg\u0151 fert\u0151tlen\u00edt\u00e9s\u00e9re haszn\u00e1lhat\u00f3. A l\u00e9gcsatorna-rendszerbe be\u00e9p\u00edtve passz\u00edv elemk\u00e9nt m\u0171k\u00f6dik, \u00e9s nem rendelkezik saj\u00e1t ventil\u00e1torral.M\u0171k\u00f6d\u00e9si elv&hellip;&nbsp;<a href=\"https:\/\/r-filter.ro\/hu\/uvf\/\" rel=\"bookmark\">Olvass tov\u00e1bb &raquo;<span class=\"screen-reader-text\">UVF<\/span><\/a><\/p>","protected":false},"author":2,"featured_media":0,"parent":0,"menu_order":0,"comment_status":"closed","ping_status":"closed","template":"","meta":{"neve_meta_sidebar":"full-width","neve_meta_container":"","neve_meta_enable_content_width":"on","neve_meta_content_width":100,"neve_meta_title_alignment":"","neve_meta_author_avatar":"","neve_post_elements_order":"","neve_meta_disable_header":"","neve_meta_disable_footer":"","neve_meta_disable_title":"","neve_meta_reading_time":"","_themeisle_gutenberg_block_has_review":false,"_ti_tpc_template_sync":false,"_ti_tpc_template_id":"","footnotes":""},"class_list":["post-2002","page","type-page","status-publish","hentry"],"_links":{"self":[{"href":"https:\/\/r-filter.ro\/hu\/wp-json\/wp\/v2\/pages\/2002","targetHints":{"allow":["GET"]}}],"collection":[{"href":"https:\/\/r-filter.ro\/hu\/wp-json\/wp\/v2\/pages"}],"about":[{"href":"https:\/\/r-filter.ro\/hu\/wp-json\/wp\/v2\/types\/page"}],"author":[{"embeddable":true,"href":"https:\/\/r-filter.ro\/hu\/wp-json\/wp\/v2\/users\/2"}],"replies":[{"embeddable":true,"href":"https:\/\/r-filter.ro\/hu\/wp-json\/wp\/v2\/comments?post=2002"}],"version-history":[{"count":79,"href":"https:\/\/r-filter.ro\/hu\/wp-json\/wp\/v2\/pages\/2002\/revisions"}],"predecessor-version":[{"id":8738,"href":"https:\/\/r-filter.ro\/hu\/wp-json\/wp\/v2\/pages\/2002\/revisions\/8738"}],"wp:attachment":[{"href":"https:\/\/r-filter.ro\/hu\/wp-json\/wp\/v2\/media?parent=2002"}],"curies":[{"name":"wp","href":"https:\/\/api.w.org\/{rel}","templated":true}]}}