{"id":1610,"date":"2021-04-28T10:49:03","date_gmt":"2021-04-28T10:49:03","guid":{"rendered":"https:\/\/r-filter.hu\/?page_id=1610"},"modified":"2026-02-25T13:34:45","modified_gmt":"2026-02-25T11:34:45","slug":"uvt800","status":"publish","type":"page","link":"https:\/\/r-filter.ro\/hu\/uvt800\/","title":{"rendered":"UVT"},"content":{"rendered":"<div data-elementor-type=\"wp-page\" data-elementor-id=\"1610\" class=\"elementor elementor-1610\" data-elementor-post-type=\"page\">\n\t\t\t\t\t\t<section class=\"elementor-section elementor-top-section elementor-element elementor-element-616e3ea elementor-section-boxed elementor-section-height-default elementor-section-height-default\" data-id=\"616e3ea\" data-element_type=\"section\" data-e-type=\"section\">\n\t\t\t\t\t\t<div class=\"elementor-container elementor-column-gap-default\">\n\t\t\t\t\t<div class=\"elementor-column elementor-col-100 elementor-top-column elementor-element elementor-element-965c506\" data-id=\"965c506\" data-element_type=\"column\" data-e-type=\"column\" data-settings=\"{&quot;background_background&quot;:&quot;classic&quot;}\">\n\t\t\t<div class=\"elementor-widget-wrap elementor-element-populated\">\n\t\t\t\t\t\t<div class=\"elementor-element elementor-element-2a7c07b elementor-widget elementor-widget-heading\" data-id=\"2a7c07b\" data-element_type=\"widget\" data-e-type=\"widget\" data-widget_type=\"heading.default\">\n\t\t\t\t<div class=\"elementor-widget-container\">\n\t\t\t\t\t<h1 class=\"elementor-heading-title elementor-size-default\">UVT<\/h1>\t\t\t\t<\/div>\n\t\t\t\t<\/div>\n\t\t\t\t<div class=\"elementor-element elementor-element-a0c4e83 elementor-widget-divider--view-line elementor-widget elementor-widget-divider\" data-id=\"a0c4e83\" data-element_type=\"widget\" data-e-type=\"widget\" data-widget_type=\"divider.default\">\n\t\t\t\t<div class=\"elementor-widget-container\">\n\t\t\t\t\t\t\t<div class=\"elementor-divider\">\n\t\t\t<span class=\"elementor-divider-separator\">\n\t\t\t\t\t\t<\/span>\n\t\t<\/div>\n\t\t\t\t\t\t<\/div>\n\t\t\t\t<\/div>\n\t\t\t\t\t<\/div>\n\t\t<\/div>\n\t\t\t\t\t<\/div>\n\t\t<\/section>\n\t\t\t\t<section class=\"elementor-section elementor-top-section elementor-element elementor-element-3f6f6979 elementor-section-boxed elementor-section-height-default elementor-section-height-default\" data-id=\"3f6f6979\" data-element_type=\"section\" data-e-type=\"section\">\n\t\t\t\t\t\t<div class=\"elementor-container elementor-column-gap-default\">\n\t\t\t\t\t<div class=\"elementor-column elementor-col-100 elementor-top-column elementor-element elementor-element-1a1a20b8\" data-id=\"1a1a20b8\" data-element_type=\"column\" data-e-type=\"column\">\n\t\t\t<div class=\"elementor-widget-wrap elementor-element-populated\">\n\t\t\t\t\t\t<section class=\"elementor-section elementor-inner-section elementor-element elementor-element-9d5341d elementor-section-boxed elementor-section-height-default elementor-section-height-default\" data-id=\"9d5341d\" data-element_type=\"section\" data-e-type=\"section\">\n\t\t\t\t\t\t<div class=\"elementor-container elementor-column-gap-default\">\n\t\t\t\t\t<div class=\"elementor-column elementor-col-50 elementor-inner-column elementor-element elementor-element-08c504a\" data-id=\"08c504a\" data-element_type=\"column\" data-e-type=\"column\">\n\t\t\t<div class=\"elementor-widget-wrap elementor-element-populated\">\n\t\t\t\t\t\t<div class=\"elementor-element elementor-element-1023c3b elementor-widget elementor-widget-text-editor\" data-id=\"1023c3b\" data-element_type=\"widget\" data-e-type=\"widget\" data-widget_type=\"text-editor.default\">\n\t\t\t\t<div class=\"elementor-widget-container\">\n\t\t\t\t\t\t\t\t\t<p><strong>Z\u00e1rt terekben (k\u00f3rh\u00e1zakban, ipari \u00fczemekben stb.) kezeli \u00e9s steriliz\u00e1lja a leveg\u0151t.<\/strong><\/p>\t\t\t\t\t\t\t\t<\/div>\n\t\t\t\t<\/div>\n\t\t\t\t<div class=\"elementor-element elementor-element-6aede47 elementor-widget-divider--view-line elementor-widget elementor-widget-divider\" data-id=\"6aede47\" data-element_type=\"widget\" data-e-type=\"widget\" data-widget_type=\"divider.default\">\n\t\t\t\t<div class=\"elementor-widget-container\">\n\t\t\t\t\t\t\t<div class=\"elementor-divider\">\n\t\t\t<span class=\"elementor-divider-separator\">\n\t\t\t\t\t\t<\/span>\n\t\t<\/div>\n\t\t\t\t\t\t<\/div>\n\t\t\t\t<\/div>\n\t\t\t\t<div class=\"elementor-element elementor-element-e23b00b elementor-widget elementor-widget-text-editor\" data-id=\"e23b00b\" data-element_type=\"widget\" data-e-type=\"widget\" data-widget_type=\"text-editor.default\">\n\t\t\t\t<div class=\"elementor-widget-container\">\n\t\t\t\t\t\t\t\t\t<p>A k\u00e9sz\u00fcl\u00e9k saj\u00e1t ventil\u00e1tora keringeti a steriliz\u00e1land\u00f3 leveg\u0151t a helyis\u00e9gben a k\u00e9sz\u00fcl\u00e9k belsej\u00e9ben, mik\u00f6zben a cs\u00edra\u00f6l\u0151 l\u00e1mp\u00e1k \u00e9s egy fotokataliz\u00e1tor elpuszt\u00edtja a leveg\u0151ben l\u00e9v\u0151 k\u00f3rokoz\u00f3kat (v\u00edrusok, bakt\u00e9riumok, gombasp\u00f3r\u00e1k). A k\u00e9sz\u00fcl\u00e9ket felf\u00fcggesztett kivitelben szerelik fel a steriliz\u00e1land\u00f3 helyis\u00e9gben.\t\t\t\t\t\t\t\t<\/div>\n\t\t\t\t<\/div>\n\t\t\t\t<div class=\"elementor-element elementor-element-efd0dc9 elementor-widget elementor-widget-text-editor\" data-id=\"efd0dc9\" data-element_type=\"widget\" data-e-type=\"widget\" data-widget_type=\"text-editor.default\">\n\t\t\t\t<div class=\"elementor-widget-container\">\n\t\t\t\t\t\t\t\t\t<strong>Hogyan m\u0171k\u00f6dik<\/strong>\t\t\t\t\t\t\t\t<\/div>\n\t\t\t\t<\/div>\n\t\t\t\t<div class=\"elementor-element elementor-element-5896186 elementor-widget-divider--view-line elementor-widget elementor-widget-divider\" data-id=\"5896186\" data-element_type=\"widget\" data-e-type=\"widget\" data-widget_type=\"divider.default\">\n\t\t\t\t<div class=\"elementor-widget-container\">\n\t\t\t\t\t\t\t<div class=\"elementor-divider\">\n\t\t\t<span class=\"elementor-divider-separator\">\n\t\t\t\t\t\t<\/span>\n\t\t<\/div>\n\t\t\t\t\t\t<\/div>\n\t\t\t\t<\/div>\n\t\t\t\t<div class=\"elementor-element elementor-element-46c273d elementor-widget elementor-widget-text-editor\" data-id=\"46c273d\" data-element_type=\"widget\" data-e-type=\"widget\" data-widget_type=\"text-editor.default\">\n\t\t\t\t<div class=\"elementor-widget-container\">\n\t\t\t\t\t\t\t\t\t<p>Tit\u00e1ndioxiddal bevont fel\u00fcleteket \u00e9s fotokataliz\u00e1torokat haszn\u00e1lunk ipari mennyezetre szerelt cs\u00edra\u00f6l\u0151 k\u00e9sz\u00fcl\u00e9keinkben is. Az UV-C f\u00e9ny \u00e9s a TiO<sub>2<\/sub>. A ventil\u00e1torok keringetik a leveg\u0151t a k\u00e9sz\u00fcl\u00e9k \u00e1ltal steriliz\u00e1land\u00f3 helyis\u00e9gben. A leveg\u0151 el\u0151sz\u00f6r UV-C f\u00e9nynek van kit\u00e9ve, amely fert\u0151tlen\u00edt\u0151 hat\u00e1s\u00fa, majd egy ultraibolya f\u00e9ny \u00e1ltal aktiv\u00e1lt kataliz\u00e1torlemezen halad \u00e1t.\n<p><em>A k\u00f6vetkez\u0151 l\u00e9gtiszt\u00edt\u00e1si folyamat a TiO<sub>2<\/sub>:<\/em><\/p>\t\t\t\t\t\t\t\t<\/div>\n\t\t\t\t<\/div>\n\t\t\t\t<div class=\"elementor-element elementor-element-a600c9e elementor-widget elementor-widget-image\" data-id=\"a600c9e\" data-element_type=\"widget\" data-e-type=\"widget\" data-widget_type=\"image.default\">\n\t\t\t\t<div class=\"elementor-widget-container\">\n\t\t\t\t\t\t\t\t\t\t\t\t\t\t\t<img fetchpriority=\"high\" decoding=\"async\" width=\"1024\" height=\"670\" src=\"https:\/\/r-filter.ro\/wp-content\/uploads\/2021\/03\/to_rajz-1024x670.jpg\" class=\"attachment-large size-large wp-image-8709\" alt=\"\" srcset=\"\" sizes=\"(max-width: 1024px) 100vw, 1024px\" data-srcset=\"\" \/>\t\t\t\t\t\t\t\t\t\t\t\t\t\t\t<\/div>\n\t\t\t\t<\/div>\n\t\t\t\t<div class=\"elementor-element elementor-element-39dba26 elementor-widget elementor-widget-text-editor\" data-id=\"39dba26\" data-element_type=\"widget\" data-e-type=\"widget\" data-widget_type=\"text-editor.default\">\n\t\t\t\t<div class=\"elementor-widget-container\">\n\t\t\t\t\t\t\t\t\t<p>A fenti bevonat olyan f\u00e9lvezet\u0151, amelyben az elektronok (e-) egy bizonyos hull\u00e1mhossz\u00fas\u00e1g\u00fa f\u00e9nnyel megvil\u00e1g\u00edtva a vezet\u00e9si s\u00e1vban gerjeszt\u0151dnek, \u00e9s hely\u00fck\u00f6n \u00fcres terek (h+) maradnak. Az \u00fcres terek er\u0151s oxid\u00e1l\u00f3, m\u00edg az elektronok er\u0151s reduk\u00e1l\u00f3 hat\u00e1ssal b\u00edrnak. A fel\u00fclettel \u00e9rintkez\u0151 v\u00edzb\u0151l nagy reakci\u00f3k\u00e9pess\u00e9g\u0171 hidroxilgy\u00f6k\u00f6k (-OH) keletkeznek, m\u00edg a szuperoxidgy\u00f6k\u00f6k (-O<sub>2<\/sub>-)-) reagensek a leveg\u0151 oxig\u00e9nj\u00e9b\u0151l k\u00e9pz\u0151dnek. Ennek eredm\u00e9nyek\u00e9ppen a szennyez\u0151 anyagok lebomlanak, \u00e9s a mikroorganizmusok DNS-szerkezet\u00fck k\u00e1ros\u00edt\u00e1s\u00e1val elpusztulnak. A mikrob\u00e1k \u00e9s a szerves anyagok mineraliz\u00e1l\u00f3dnak, sz\u00e9n-dioxid \u00e9s v\u00edz keletkezik.\nAz ill\u00e9kony szerves vegy\u00fcletek (VOC) boml\u00e1si folyamat\u00e1t bemutat\u00f3 keresztmetszet:\t\t\t\t\t\t\t\t<\/div>\n\t\t\t\t<\/div>\n\t\t\t\t<div class=\"elementor-element elementor-element-9cdd475 elementor-widget elementor-widget-image\" data-id=\"9cdd475\" data-element_type=\"widget\" data-e-type=\"widget\" data-widget_type=\"image.default\">\n\t\t\t\t<div class=\"elementor-widget-container\">\n\t\t\t\t\t\t\t\t\t\t\t\t\t\t\t<img decoding=\"async\" width=\"1024\" height=\"589\" src=\"https:\/\/r-filter.ro\/wp-content\/uploads\/2021\/03\/fot.e.2.m-1024x589.jpg\" class=\"attachment-large size-large wp-image-8711\" alt=\"\" srcset=\"\" sizes=\"(max-width: 1024px) 100vw, 1024px\" data-srcset=\"\" \/>\t\t\t\t\t\t\t\t\t\t\t\t\t\t\t<\/div>\n\t\t\t\t<\/div>\n\t\t\t\t\t<\/div>\n\t\t<\/div>\n\t\t\t\t<div class=\"elementor-column elementor-col-50 elementor-inner-column elementor-element elementor-element-6481d9e\" data-id=\"6481d9e\" data-element_type=\"column\" data-e-type=\"column\">\n\t\t\t<div class=\"elementor-widget-wrap elementor-element-populated\">\n\t\t\t\t\t\t<div class=\"elementor-element elementor-element-489e0ae elementor-widget elementor-widget-image\" data-id=\"489e0ae\" data-element_type=\"widget\" data-e-type=\"widget\" data-widget_type=\"image.default\">\n\t\t\t\t<div class=\"elementor-widget-container\">\n\t\t\t\t\t\t\t\t\t\t\t\t\t\t\t<img decoding=\"async\" width=\"1200\" height=\"600\" src=\"https:\/\/r-filter.ro\/wp-content\/uploads\/2022\/10\/UVT2.jpg\" class=\"attachment-full size-full wp-image-5303\" alt=\"R-Filter innovat\u00edv konyhai l\u00e9gkezel\u00e9s, zs\u00edrbont\u00e1s \u00e9s szagtalan\u00edt\u00e1s\" srcset=\"https:\/\/r-filter.ro\/wp-content\/uploads\/2022\/10\/UVT2.jpg 1200w, https:\/\/r-filter.ro\/wp-content\/uploads\/2022\/10\/UVT2-300x150.jpg 300w, https:\/\/r-filter.ro\/wp-content\/uploads\/2022\/10\/UVT2-1024x512.jpg 1024w, https:\/\/r-filter.ro\/wp-content\/uploads\/2022\/10\/UVT2-768x384.jpg 768w, https:\/\/r-filter.ro\/wp-content\/uploads\/2022\/10\/UVT2-18x9.jpg 18w\" sizes=\"(max-width: 1200px) 100vw, 1200px\" \/>\t\t\t\t\t\t\t\t\t\t\t\t\t\t\t<\/div>\n\t\t\t\t<\/div>\n\t\t\t\t<div class=\"elementor-element elementor-element-b57fc83 elementor-widget elementor-widget-text-editor\" data-id=\"b57fc83\" data-element_type=\"widget\" data-e-type=\"widget\" data-widget_type=\"text-editor.default\">\n\t\t\t\t<div class=\"elementor-widget-container\">\n\t\t\t\t\t\t\t\t\t<p style=\"color: #0000f3;\">A berendez\u00e9s haszn\u00e1lat\u00e1nak el\u0151nyei:<\/p>\n<ul>\n<li>az UV-f\u00e9ny \u00e9s a fotokataliz\u00e1tor egy\u00fcttes szinergikus hat\u00e1sa m\u0171k\u00f6dik<\/li>\n<li>magas szint\u0171 steriliz\u00e1l\u00e1s<\/li>\n<li>Az ill\u00e9kony szerves \u00e9s szervetlen vegy\u00fcletek, szagok, v\u00edz \u00e9s sz\u00e9n-dioxid a folyamat sor\u00e1n mineraliz\u00e1l\u00f3dnak.<\/li>\n<li>A l\u00e9gz\u0151szervi megbeteged\u00e9sek cs\u00f6kkent\u00e9se.<\/li>\n<li>\u00d3zon- \u00e9s vegyszermentes m\u0171k\u00f6d\u00e9s.<\/li>\n<li>Nincs sz\u00fcks\u00e9g sz\u0171r\u0151re<\/li>\n<li>Minim\u00e1lis karbantart\u00e1st ig\u00e9nyel<\/li>\n<li>A h\u00e1z rozsdamentes ac\u00e9lb\u00f3l k\u00e9sz\u00fclt, \u00edgy nem \u00e1ll fenn a korr\u00f3zi\u00f3 vesz\u00e9lye.<\/li>\n<li>K\u00f6nnyen telep\u00edthet\u0151<\/li>\n<\/ul>\t\t\t\t\t\t\t\t<\/div>\n\t\t\t\t<\/div>\n\t\t\t\t<div class=\"elementor-element elementor-element-0b21cfe elementor-widget elementor-widget-image\" data-id=\"0b21cfe\" data-element_type=\"widget\" data-e-type=\"widget\" data-widget_type=\"image.default\">\n\t\t\t\t<div class=\"elementor-widget-container\">\n\t\t\t\t\t\t\t\t\t\t\t\t\t\t\t<img loading=\"lazy\" decoding=\"async\" width=\"1024\" height=\"756\" src=\"https:\/\/r-filter.ro\/wp-content\/uploads\/2021\/04\/UVT-800M3-1024x756.jpg\" class=\"attachment-large size-large wp-image-1612\" alt=\"\" srcset=\"https:\/\/r-filter.ro\/wp-content\/uploads\/2021\/04\/UVT-800M3-1024x756.jpg 1024w, https:\/\/r-filter.ro\/wp-content\/uploads\/2021\/04\/UVT-800M3-300x221.jpg 300w, https:\/\/r-filter.ro\/wp-content\/uploads\/2021\/04\/UVT-800M3-768x567.jpg 768w, https:\/\/r-filter.ro\/wp-content\/uploads\/2021\/04\/UVT-800M3-1536x1134.jpg 1536w, https:\/\/r-filter.ro\/wp-content\/uploads\/2021\/04\/UVT-800M3-2048x1511.jpg 2048w, https:\/\/r-filter.ro\/wp-content\/uploads\/2021\/04\/UVT-800M3-16x12.jpg 16w\" sizes=\"(max-width: 1024px) 100vw, 1024px\" \/>\t\t\t\t\t\t\t\t\t\t\t\t\t\t\t<\/div>\n\t\t\t\t<\/div>\n\t\t\t\t\t<\/div>\n\t\t<\/div>\n\t\t\t\t\t<\/div>\n\t\t<\/section>\n\t\t\t\t<div class=\"elementor-element elementor-element-44d38d5 elementor-widget elementor-widget-text-editor\" data-id=\"44d38d5\" data-element_type=\"widget\" data-e-type=\"widget\" data-widget_type=\"text-editor.default\">\n\t\t\t\t<div class=\"elementor-widget-container\">\n\t\t\t\t\t\t\t\t\t\n<div class=\"wp-block-themeisle-blocks-advanced-columns has-undefined-columns has-desktop-undefined-layout has-tablet-equal-layout has-mobile-equal-layout has-default-gap has-vertical-unset\" id=\"wp-block-themeisle-blocks-advanced-columns-dc940797\"><div class=\"wp-block-themeisle-blocks-advanced-columns-overlay\"><\/div><div class=\"innerblocks-wrap\"><\/div><\/div>\n\t\t\t\t\t\t\t\t<\/div>\n\t\t\t\t<\/div>\n\t\t\t\t\t<\/div>\n\t\t<\/div>\n\t\t\t\t\t<\/div>\n\t\t<\/section>\n\t\t\t\t<\/div>","protected":false},"excerpt":{"rendered":"<p>UVT Kezeli \u00e9s steriliz\u00e1lja a leveg\u0151t z\u00e1rt terekben (k\u00f3rh\u00e1zakban, ipari \u00fczemekben stb.) A k\u00e9sz\u00fcl\u00e9k saj\u00e1t ventil\u00e1tora a steriliz\u00e1land\u00f3 leveg\u0151t a k\u00e9sz\u00fcl\u00e9k belsej\u00e9ben keringeti a helyis\u00e9gben, mik\u00f6zben a cs\u00edra\u00f6l\u0151 l\u00e1mp\u00e1k \u00e9s egy fotokataliz\u00e1tor elpuszt\u00edtja a leveg\u0151ben l\u00e9v\u0151 k\u00f3rokoz\u00f3kat (v\u00edrusok, bakt\u00e9riumok, gombasp\u00f3r\u00e1k). A k\u00e9sz\u00fcl\u00e9ket f\u00fcggesztett kivitelben a szomsz\u00e9dos helyis\u00e9gbe szerelik&hellip;&nbsp;<a href=\"https:\/\/r-filter.ro\/hu\/uvt800\/\" rel=\"bookmark\">Olvass tov\u00e1bb &raquo;<span class=\"screen-reader-text\">UVT<\/span><\/a><\/p>","protected":false},"author":2,"featured_media":0,"parent":0,"menu_order":0,"comment_status":"closed","ping_status":"closed","template":"","meta":{"neve_meta_sidebar":"full-width","neve_meta_container":"","neve_meta_enable_content_width":"on","neve_meta_content_width":100,"neve_meta_title_alignment":"","neve_meta_author_avatar":"","neve_post_elements_order":"","neve_meta_disable_header":"","neve_meta_disable_footer":"","neve_meta_disable_title":"","neve_meta_reading_time":"","_themeisle_gutenberg_block_has_review":false,"_ti_tpc_template_sync":false,"_ti_tpc_template_id":"","footnotes":""},"class_list":["post-1610","page","type-page","status-publish","hentry"],"_links":{"self":[{"href":"https:\/\/r-filter.ro\/hu\/wp-json\/wp\/v2\/pages\/1610","targetHints":{"allow":["GET"]}}],"collection":[{"href":"https:\/\/r-filter.ro\/hu\/wp-json\/wp\/v2\/pages"}],"about":[{"href":"https:\/\/r-filter.ro\/hu\/wp-json\/wp\/v2\/types\/page"}],"author":[{"embeddable":true,"href":"https:\/\/r-filter.ro\/hu\/wp-json\/wp\/v2\/users\/2"}],"replies":[{"embeddable":true,"href":"https:\/\/r-filter.ro\/hu\/wp-json\/wp\/v2\/comments?post=1610"}],"version-history":[{"count":37,"href":"https:\/\/r-filter.ro\/hu\/wp-json\/wp\/v2\/pages\/1610\/revisions"}],"predecessor-version":[{"id":8723,"href":"https:\/\/r-filter.ro\/hu\/wp-json\/wp\/v2\/pages\/1610\/revisions\/8723"}],"wp:attachment":[{"href":"https:\/\/r-filter.ro\/hu\/wp-json\/wp\/v2\/media?parent=1610"}],"curies":[{"name":"wp","href":"https:\/\/api.w.org\/{rel}","templated":true}]}}