{"id":1559,"date":"2021-04-14T11:27:26","date_gmt":"2021-04-14T11:27:26","guid":{"rendered":"https:\/\/r-filter.hu\/?page_id=1559"},"modified":"2026-02-25T13:46:59","modified_gmt":"2026-02-25T11:46:59","slug":"uvo","status":"publish","type":"page","link":"https:\/\/r-filter.ro\/hu\/uvo\/","title":{"rendered":"UVO"},"content":{"rendered":"<div data-elementor-type=\"wp-page\" data-elementor-id=\"1559\" class=\"elementor elementor-1559\" data-elementor-post-type=\"page\">\n\t\t\t\t\t\t<section class=\"elementor-section elementor-top-section elementor-element elementor-element-d0f84e1 elementor-section-boxed elementor-section-height-default elementor-section-height-default\" data-id=\"d0f84e1\" data-element_type=\"section\" data-e-type=\"section\">\n\t\t\t\t\t\t<div class=\"elementor-container elementor-column-gap-default\">\n\t\t\t\t\t<div class=\"elementor-column elementor-col-100 elementor-top-column elementor-element elementor-element-466f87e\" data-id=\"466f87e\" data-element_type=\"column\" data-e-type=\"column\" data-settings=\"{&quot;background_background&quot;:&quot;classic&quot;}\">\n\t\t\t<div class=\"elementor-widget-wrap elementor-element-populated\">\n\t\t\t\t\t\t<div class=\"elementor-element elementor-element-bc911e5 elementor-widget elementor-widget-heading\" data-id=\"bc911e5\" data-element_type=\"widget\" data-e-type=\"widget\" data-widget_type=\"heading.default\">\n\t\t\t\t<div class=\"elementor-widget-container\">\n\t\t\t\t\t<h1 class=\"elementor-heading-title elementor-size-default\">UVO OZONIZER<\/h1>\t\t\t\t<\/div>\n\t\t\t\t<\/div>\n\t\t\t\t<div class=\"elementor-element elementor-element-31b89f9 elementor-widget-divider--view-line elementor-widget elementor-widget-divider\" data-id=\"31b89f9\" data-element_type=\"widget\" data-e-type=\"widget\" data-widget_type=\"divider.default\">\n\t\t\t\t<div class=\"elementor-widget-container\">\n\t\t\t\t\t\t\t<div class=\"elementor-divider\">\n\t\t\t<span class=\"elementor-divider-separator\">\n\t\t\t\t\t\t<\/span>\n\t\t<\/div>\n\t\t\t\t\t\t<\/div>\n\t\t\t\t<\/div>\n\t\t\t\t\t<\/div>\n\t\t<\/div>\n\t\t\t\t\t<\/div>\n\t\t<\/section>\n\t\t\t\t<section class=\"elementor-section elementor-top-section elementor-element elementor-element-a694091 elementor-section-boxed elementor-section-height-default elementor-section-height-default\" data-id=\"a694091\" data-element_type=\"section\" data-e-type=\"section\">\n\t\t\t\t\t\t<div class=\"elementor-container elementor-column-gap-default\">\n\t\t\t\t\t<div class=\"elementor-column elementor-col-50 elementor-top-column elementor-element elementor-element-b29f387\" data-id=\"b29f387\" data-element_type=\"column\" data-e-type=\"column\">\n\t\t\t<div class=\"elementor-widget-wrap elementor-element-populated\">\n\t\t\t\t\t\t<div class=\"elementor-element elementor-element-a2fc30d elementor-widget elementor-widget-image\" data-id=\"a2fc30d\" data-element_type=\"widget\" data-e-type=\"widget\" data-widget_type=\"image.default\">\n\t\t\t\t<div class=\"elementor-widget-container\">\n\t\t\t\t\t\t\t\t\t\t\t\t<figure class=\"wp-caption\">\n\t\t\t\t\t\t\t\t\t\t<img decoding=\"async\" width=\"150\" height=\"150\" src=\"https:\/\/r-filter.ro\/wp-content\/uploads\/2021\/05\/UVO.185-150x150.jpg\" class=\"attachment-thumbnail size-thumbnail wp-image-1776\" alt=\"\" \/>\t\t\t\t\t\t\t\t\t\t\t<figcaption class=\"widget-image-caption wp-caption-text\">UVO 140<\/figcaption>\n\t\t\t\t\t\t\t\t\t\t<\/figure>\n\t\t\t\t\t\t\t\t\t<\/div>\n\t\t\t\t<\/div>\n\t\t\t\t<div class=\"elementor-element elementor-element-f7977cd elementor-align-center elementor-widget elementor-widget-button\" data-id=\"f7977cd\" data-element_type=\"widget\" data-e-type=\"widget\" data-widget_type=\"button.default\">\n\t\t\t\t<div class=\"elementor-widget-container\">\n\t\t\t\t\t\t\t\t\t<div class=\"elementor-button-wrapper\">\n\t\t\t\t\t<a class=\"elementor-button elementor-button-link elementor-size-sm elementor-animation-shrink\" href=\"https:\/\/r-filter.ro\/hu\/uvo140\/\" target=\"_blank\">\n\t\t\t\t\t\t<span class=\"elementor-button-content-wrapper\">\n\t\t\t\t\t\t\t\t\t<span class=\"elementor-button-text\">R\u00e9szletek<\/span>\n\t\t\t\t\t<\/span>\n\t\t\t\t\t<\/a>\n\t\t\t\t<\/div>\n\t\t\t\t\t\t\t\t<\/div>\n\t\t\t\t<\/div>\n\t\t\t\t\t<\/div>\n\t\t<\/div>\n\t\t\t\t<div class=\"elementor-column elementor-col-50 elementor-top-column elementor-element elementor-element-78ed62d\" data-id=\"78ed62d\" data-element_type=\"column\" data-e-type=\"column\">\n\t\t\t<div class=\"elementor-widget-wrap elementor-element-populated\">\n\t\t\t\t\t\t<div class=\"elementor-element elementor-element-f6e2175 elementor-widget elementor-widget-image\" data-id=\"f6e2175\" data-element_type=\"widget\" data-e-type=\"widget\" data-widget_type=\"image.default\">\n\t\t\t\t<div class=\"elementor-widget-container\">\n\t\t\t\t\t\t\t\t\t\t\t\t<figure class=\"wp-caption\">\n\t\t\t\t\t\t\t\t\t\t<img decoding=\"async\" width=\"150\" height=\"150\" src=\"https:\/\/r-filter.ro\/wp-content\/uploads\/2022\/01\/UVO210.52-150x150.jpg\" class=\"attachment-thumbnail size-thumbnail wp-image-3743\" alt=\"\" \/>\t\t\t\t\t\t\t\t\t\t\t<figcaption class=\"widget-image-caption wp-caption-text\">UVO 210<\/figcaption>\n\t\t\t\t\t\t\t\t\t\t<\/figure>\n\t\t\t\t\t\t\t\t\t<\/div>\n\t\t\t\t<\/div>\n\t\t\t\t<div class=\"elementor-element elementor-element-c896cf0 elementor-align-center elementor-widget elementor-widget-button\" data-id=\"c896cf0\" data-element_type=\"widget\" data-e-type=\"widget\" data-widget_type=\"button.default\">\n\t\t\t\t<div class=\"elementor-widget-container\">\n\t\t\t\t\t\t\t\t\t<div class=\"elementor-button-wrapper\">\n\t\t\t\t\t<a class=\"elementor-button elementor-button-link elementor-size-sm elementor-animation-shrink\" href=\"https:\/\/r-filter.ro\/hu\/uvo210\/\" target=\"_blank\">\n\t\t\t\t\t\t<span class=\"elementor-button-content-wrapper\">\n\t\t\t\t\t\t\t\t\t<span class=\"elementor-button-text\">R\u00e9szletek<\/span>\n\t\t\t\t\t<\/span>\n\t\t\t\t\t<\/a>\n\t\t\t\t<\/div>\n\t\t\t\t\t\t\t\t<\/div>\n\t\t\t\t<\/div>\n\t\t\t\t\t<\/div>\n\t\t<\/div>\n\t\t\t\t\t<\/div>\n\t\t<\/section>\n\t\t\t\t<section class=\"elementor-section elementor-top-section elementor-element elementor-element-e11548e elementor-section-boxed elementor-section-height-default elementor-section-height-default\" data-id=\"e11548e\" data-element_type=\"section\" data-e-type=\"section\">\n\t\t\t\t\t\t<div class=\"elementor-container elementor-column-gap-default\">\n\t\t\t\t\t<div class=\"elementor-column elementor-col-100 elementor-top-column elementor-element elementor-element-710cbfa\" data-id=\"710cbfa\" data-element_type=\"column\" data-e-type=\"column\">\n\t\t\t<div class=\"elementor-widget-wrap elementor-element-populated\">\n\t\t\t\t\t\t<section class=\"elementor-section elementor-inner-section elementor-element elementor-element-cdff24b elementor-section-boxed elementor-section-height-default elementor-section-height-default\" data-id=\"cdff24b\" data-element_type=\"section\" data-e-type=\"section\">\n\t\t\t\t\t\t<div class=\"elementor-container elementor-column-gap-default\">\n\t\t\t\t\t<div class=\"elementor-column elementor-col-50 elementor-inner-column elementor-element elementor-element-98182e4\" data-id=\"98182e4\" data-element_type=\"column\" data-e-type=\"column\">\n\t\t\t<div class=\"elementor-widget-wrap elementor-element-populated\">\n\t\t\t\t\t\t<div class=\"elementor-element elementor-element-1053a35 elementor-widget elementor-widget-text-editor\" data-id=\"1053a35\" data-element_type=\"widget\" data-e-type=\"widget\" data-widget_type=\"text-editor.default\">\n\t\t\t\t<div class=\"elementor-widget-container\">\n\t\t\t\t\t\t\t\t\t<p>A belt\u00e9ri leveg\u0151 \u00f3zonkezel\u00e9se ma m\u00e1r sz\u00e9les k\u00f6rben alkalmazott l\u00e9gtiszt\u00edt\u00e1si \u00e9s fert\u0151tlen\u00edt\u00e9si m\u00f3dszer. K\u00e9sz\u00fcl\u00e9keink koronakis\u00fcl\u00e9s helyett VUV-f\u00e9nyt haszn\u00e1lnak az \u00f3zon el\u0151\u00e1ll\u00edt\u00e1s\u00e1hoz. Nincs sz\u00fcks\u00e9g leveg\u0151el\u0151k\u00e9sz\u00edt\u0151 rendszerek (l\u00e9gsz\u00e1r\u00edt\u00f3k vagy oxig\u00e9nkoncentr\u00e1torok) haszn\u00e1lat\u00e1ra, amelyek tov\u00e1bbi k\u00f6lts\u00e9geket \u00e9s karbantart\u00e1st ig\u00e9nyelnek. A koronakis\u00fcl\u00e9ses gener\u00e1torokkal ellent\u00e9tben az UV-ozoniz\u00e1torok nem termelnek k\u00e1ros nitrog\u00e9n mell\u00e9kterm\u00e9keket, \u00e9s rendk\u00edv\u00fcl j\u00f3l m\u0171k\u00f6dnek m\u00e9g p\u00e1r\u00e1s leveg\u0151ben is. A mi eset\u00fcnkben az \u00f3zonmolekul\u00e1kat megk\u00f6t\u0151 elektronok k\u00f6t\u00e9si p\u00e1ly\u00e1n keringenek, m\u00edg a koronakis\u00fcl\u00e9sn\u00e9l f\u0151k\u00e9nt antik\u00f6t\u00e9si p\u00e1ly\u00e1n keringenek. Ez ut\u00f3bbi esetben az \u00f3zonmolekul\u00e1knak t\u00f6bb energi\u00e1juk van, de vesz\u00e9lyesek lehetnek, mert v\u00e1ratlanul \u00e9s nagy er\u0151vel k\u00e9pesek boml\u00e1si tulajdons\u00e1gaikat ott is kifejteni, ahol nem sz\u00e1m\u00edtunk r\u00e1.<br \/>A belt\u00e9ri leveg\u0151 \u00f3zonkezel\u00e9se ma m\u00e1r sz\u00e9les k\u00f6rben alkalmazott l\u00e9gtiszt\u00edt\u00e1si \u00e9s fert\u0151tlen\u00edt\u00e9si m\u00f3dszer. K\u00e9sz\u00fcl\u00e9keink koronakis\u00fcl\u00e9s helyett VUV-f\u00e9nyt haszn\u00e1lnak az \u00f3zon el\u0151\u00e1ll\u00edt\u00e1s\u00e1hoz. Nincs sz\u00fcks\u00e9g leveg\u0151el\u0151k\u00e9sz\u00edt\u0151 rendszerek (l\u00e9gsz\u00e1r\u00edt\u00f3k vagy oxig\u00e9nkoncentr\u00e1torok) haszn\u00e1lat\u00e1ra, amelyek tov\u00e1bbi k\u00f6lts\u00e9geket \u00e9s karbantart\u00e1st ig\u00e9nyelnek. A koronakis\u00fcl\u00e9ses gener\u00e1torokkal ellent\u00e9tben az UV-ozoniz\u00e1torok nem termelnek k\u00e1ros nitrog\u00e9n mell\u00e9kterm\u00e9keket, \u00e9s rendk\u00edv\u00fcl j\u00f3l m\u0171k\u00f6dnek m\u00e9g p\u00e1r\u00e1s leveg\u0151ben is. A mi eset\u00fcnkben az \u00f3zonmolekul\u00e1kat megk\u00f6t\u0151 elektronok k\u00f6t\u00e9si p\u00e1ly\u00e1n keringenek, m\u00edg a koronakis\u00fcl\u00e9sn\u00e9l f\u0151k\u00e9nt antik\u00f6t\u00e9si p\u00e1ly\u00e1n keringenek. Ez ut\u00f3bbi esetben az \u00f3zonmolekul\u00e1knak t\u00f6bb energi\u00e1juk van, de vesz\u00e9lyesek lehetnek, mert v\u00e1ratlanul \u00e9s nagy er\u0151vel k\u00e9pesek boml\u00e1si tulajdons\u00e1gaikat ott is kifejteni, ahol nem sz\u00e1m\u00edtunk r\u00e1.<br \/>Az \u00f3zon f\u0151 el\u0151nye m\u00e1s l\u00e9gfert\u0151tlen\u00edt\u00e9si m\u00f3dszerekkel szemben az, hogy nagy mennyis\u00e9g\u0171 leveg\u0151 hat\u00e9kony kezel\u00e9s\u00e9re k\u00e9pes. Ez egy olyan g\u00e1z, amely a helyis\u00e9g minden sark\u00e1ba eljut, hat\u00e9konyan fert\u0151tlen\u00edtve az eg\u00e9sz teret. Er\u0151s oxid\u00e1l\u00f3 ereje \u00e9s j\u00f3 \u00e1that\u00f3 k\u00e9pess\u00e9ge jellemzi. Mivel az \u00f3zon nagyon instabil, a nem reag\u00e1l\u00f3 \u00f3zon gyorsan visszaalakul eredeti form\u00e1j\u00e1ba, az oxig\u00e9nbe (O2), an\u00e9lk\u00fcl, hogy a fert\u0151tlen\u00edt\u00e9si folyamat befejezt\u00e9vel k\u00e1ros mell\u00e9kterm\u00e9keket hagyna maga ut\u00e1n. <strong>Otthonokban, ipari \u00e9p\u00fcletekben, \u00e9ttermi konyh\u00e1kban, orvosi rendel\u0151kben, ruhat\u00e1rakban \u00e9s tornatermekben, \u00e9lelmiszerrakt\u00e1rakban \u00e9s minden olyan helyis\u00e9gben aj\u00e1nlott, ahol tiszta, k\u00f3rokoz\u00f3kt\u00f3l \u00e9s kellemetlen szagokt\u00f3l mentes leveg\u0151re van sz\u00fcks\u00e9g.<\/strong><\/p>\t\t\t\t\t\t\t\t<\/div>\n\t\t\t\t<\/div>\n\t\t\t\t<div class=\"elementor-element elementor-element-61dbcc6 elementor-widget elementor-widget-text-editor\" data-id=\"61dbcc6\" data-element_type=\"widget\" data-e-type=\"widget\" data-widget_type=\"text-editor.default\">\n\t\t\t\t<div class=\"elementor-widget-container\">\n\t\t\t\t\t\t\t\t\t<strong>Hogyan m\u0171k\u00f6dik<\/strong>\t\t\t\t\t\t\t\t<\/div>\n\t\t\t\t<\/div>\n\t\t\t\t<div class=\"elementor-element elementor-element-8f6c6d8 elementor-widget-divider--view-line elementor-widget elementor-widget-divider\" data-id=\"8f6c6d8\" data-element_type=\"widget\" data-e-type=\"widget\" data-widget_type=\"divider.default\">\n\t\t\t\t<div class=\"elementor-widget-container\">\n\t\t\t\t\t\t\t<div class=\"elementor-divider\">\n\t\t\t<span class=\"elementor-divider-separator\">\n\t\t\t\t\t\t<\/span>\n\t\t<\/div>\n\t\t\t\t\t\t<\/div>\n\t\t\t\t<\/div>\n\t\t\t\t<div class=\"elementor-element elementor-element-4fd7ae5 elementor-widget elementor-widget-text-editor\" data-id=\"4fd7ae5\" data-element_type=\"widget\" data-e-type=\"widget\" data-widget_type=\"text-editor.default\">\n\t\t\t\t<div class=\"elementor-widget-container\">\n\t\t\t\t\t\t\t\t\tA reaktorkamr\u00e1ban 185 nm hull\u00e1mhosszra hangolt VUV-l\u00e1mp\u00e1k a k\u00f6rnyezeti leveg\u0151 oxig\u00e9ntartalm\u00e1b\u00f3l nagy mennyis\u00e9g\u0171 \u00f3zont termelnek:\t\t\t\t\t\t\t\t<\/div>\n\t\t\t\t<\/div>\n\t\t\t\t<div class=\"elementor-element elementor-element-02b3e2c elementor-widget elementor-widget-image\" data-id=\"02b3e2c\" data-element_type=\"widget\" data-e-type=\"widget\" data-widget_type=\"image.default\">\n\t\t\t\t<div class=\"elementor-widget-container\">\n\t\t\t\t\t\t\t\t\t\t\t\t\t\t\t<img fetchpriority=\"high\" decoding=\"async\" width=\"1415\" height=\"822\" src=\"https:\/\/r-filter.ro\/wp-content\/uploads\/2021\/11\/O3hu.jpg\" class=\"attachment-2048x2048 size-2048x2048 wp-image-8726\" alt=\"\" srcset=\"https:\/\/r-filter.ro\/wp-content\/uploads\/2021\/11\/O3hu.jpg 1415w, https:\/\/r-filter.ro\/wp-content\/uploads\/2021\/11\/O3hu-300x174.jpg 300w, https:\/\/r-filter.ro\/wp-content\/uploads\/2021\/11\/O3hu-1024x595.jpg 1024w, https:\/\/r-filter.ro\/wp-content\/uploads\/2021\/11\/O3hu-768x446.jpg 768w, https:\/\/r-filter.ro\/wp-content\/uploads\/2021\/11\/O3hu-18x10.jpg 18w\" sizes=\"(max-width: 1415px) 100vw, 1415px\" \/>\t\t\t\t\t\t\t\t\t\t\t\t\t\t\t<\/div>\n\t\t\t\t<\/div>\n\t\t\t\t<div class=\"elementor-element elementor-element-bb9e9b9 elementor-widget elementor-widget-text-editor\" data-id=\"bb9e9b9\" data-element_type=\"widget\" data-e-type=\"widget\" data-widget_type=\"text-editor.default\">\n\t\t\t\t<div class=\"elementor-widget-container\">\n\t\t\t\t\t\t\t\t\t<p>Az oxig\u00e9natomok (O) fotol\u00edzis sor\u00e1n keletkeznek, amikor a 185 nm-es v\u00e1kuumban l\u00e9v\u0151 UV-sug\u00e1rz\u00e1s az oxig\u00e9n (O\u2082) molekul\u00e1kat k\u00e9t oxig\u00e9natomra bontja. Ezek azt\u00e1n k\u00f6nnyen egyes\u00fclnek egy oxig\u00e9nmolekul\u00e1val (O\u2082), \u00e9s h\u00e1romatomos oxig\u00e9nmolekul\u00e1t (O\u2083), azaz \u00f3zont alkotnak. Az \u00f3zon instabil molekula a harmadik oxig\u00e9natomot tart\u00f3 gyenge k\u00f6t\u00e9s miatt. Ez az instabilit\u00e1s teszi az \u00f3zont er\u0151s oxid\u00e1l\u00f3, fert\u0151tlen\u00edt\u0151 \u00e9s szagtalan\u00edt\u00f3 szerr\u00e9. A hat\u00e1s akkor l\u00e9p fel, amikor az \u00f3zonmolekul\u00e1k oxid\u00e1lhat\u00f3 anyagokkal, k\u00f6zt\u00fck mikroorganizmusokkal, v\u00edrusokkal, bakt\u00e9riumokkal, pen\u00e9szsp\u00f3r\u00e1kkal, szerves \u00e9s szervetlen vegy\u00fcletekkel \u00e9rintkeznek. N\u00e9h\u00e1ny p\u00e9lda az \u00f3zon szagtalan\u00edt\u00f3 hat\u00e1s\u00e1ra:<\/p>\t\t\t\t\t\t\t\t<\/div>\n\t\t\t\t<\/div>\n\t\t\t\t<div class=\"elementor-element elementor-element-cb6b1ab elementor-widget elementor-widget-text-editor\" data-id=\"cb6b1ab\" data-element_type=\"widget\" data-e-type=\"widget\" data-widget_type=\"text-editor.default\">\n\t\t\t\t<div class=\"elementor-widget-container\">\n\t\t\t\t\t\t\t\t\t<p>Formaldehid (CH<sub>2<\/sub>O), mint a \"beteg \u00e9p\u00fclet szindr\u00f3ma\" egyik t\u00e9nyez\u0151je: <strong>CH<sub>2<\/sub>O + 2O<sub>3<\/sub> = CO<sub>2<\/sub> + H<sub>2<\/sub>O + 2O<sub>2<\/sub><\/strong><\/p><p>Z\u00e1ptoj\u00e1sszag (hidrog\u00e9n-szulfid H<sub>2<\/sub>S): <strong>H<sub>2<\/sub>S + O<sub>3<\/sub> = SO<sub>2<\/sub> + H<sub>2<\/sub>O<\/strong><\/p><p>WC-szag (amm\u00f3nia NH<sub>3<\/sub>): <strong>2NH<sub>3<\/sub> + O<sub>3<\/sub> = 3H<sub>2<\/sub>O + N<sub>2<\/sub><\/strong><\/p>\t\t\t\t\t\t\t\t<\/div>\n\t\t\t\t<\/div>\n\t\t\t\t<div class=\"elementor-element elementor-element-cc17524 elementor-widget elementor-widget-text-editor\" data-id=\"cc17524\" data-element_type=\"widget\" data-e-type=\"widget\" data-widget_type=\"text-editor.default\">\n\t\t\t\t<div class=\"elementor-widget-container\">\n\t\t\t\t\t\t\t\t\t<p>A VUV-l\u00e1mp\u00e1k sug\u00e1rz\u00e1si tartom\u00e1nya (185 nm + 254 nm) nemcsak \u00f3zon el\u0151\u00e1ll\u00edt\u00e1s\u00e1t teszi lehet\u0151v\u00e9, hanem 254 nm-es sug\u00e1rz\u00e1s eset\u00e9n er\u0151s cs\u00edra\u00f6l\u0151, azaz fert\u0151tlen\u00edt\u0151 \u00e9s bakt\u00e9rium\u00f6l\u0151 hat\u00e1ssal is rendelkezik. A 185 nm-es \u00e9s a 254 nm-es sug\u00e1rz\u00e1s egy\u00fcttes szinergikus hat\u00e1sa igen jelent\u0151s a bakt\u00e9riumok \u00e9s v\u00edrusok elpuszt\u00edt\u00e1s\u00e1ban.<\/p><p>Miut\u00e1n az \u00f3zon bejutott a kezelend\u0151 helyis\u00e9gbe, \u00e9s a tervezett kezel\u00e9si folyamat befejez\u0151d\u00f6tt, az \u00f3zonfejleszt\u0151 l\u00e1mp\u00e1k automatikusan kikapcsolnak, \u00e9s csak a ventil\u00e1torok m\u0171k\u00f6dnek, hogy seg\u00edtsenek lebontani a kezel\u00e9s sor\u00e1n fel nem haszn\u00e1lt marad\u00e9k \u00f3zont. Az R-FILTER \u00e1ltal termelt \u00f3zon, ha a kezel\u00e9si m\u0171veletek sor\u00e1n nem fogy el, gyorsan visszaalakul term\u00e9szetes oxig\u00e9nform\u00e1j\u00e1ba (O<sub>2<\/sub>), amelynek felez\u00e9si ideje 30-50 perc, \u00e9s nem hagy k\u00e1ros maradv\u00e1nyokat. Min\u00e9l magasabb a kezelend\u0151 helyis\u00e9g h\u0151m\u00e9rs\u00e9klete \u00e9s p\u00e1ratartalma, valamint min\u00e9l dinamikusabb a l\u00e9g\u00e1raml\u00e1s, ann\u00e1l r\u00f6videbb a felez\u00e9si ideje \u00e9s ann\u00e1l gyorsabban juthatunk be a kezelt helyis\u00e9gbe.<br \/>A kezel\u00e9s befejez\u00e9se ut\u00e1n a k\u00e9sz\u00fcl\u00e9k m\u00e9g 4 \u00f3r\u00e1n kereszt\u00fcl m\u0171k\u00f6dteti a ventil\u00e1torokat, \u00edgy fokozva a kezel\u00e9si folyamatban r\u00e9szt nem vett \u00f3zonmaradv\u00e1nyok lebont\u00e1s\u00e1t. Ha ezut\u00e1n l\u00e9p be a kezelt helyis\u00e9gbe, azonnal szell\u0151ztetnie kell azt.<\/p>\t\t\t\t\t\t\t\t<\/div>\n\t\t\t\t<\/div>\n\t\t\t\t\t<\/div>\n\t\t<\/div>\n\t\t\t\t<div class=\"elementor-column elementor-col-50 elementor-inner-column elementor-element elementor-element-28411cf\" data-id=\"28411cf\" data-element_type=\"column\" data-e-type=\"column\">\n\t\t\t<div class=\"elementor-widget-wrap elementor-element-populated\">\n\t\t\t\t\t\t<div class=\"elementor-element elementor-element-0901bf2 elementor-widget elementor-widget-image\" data-id=\"0901bf2\" data-element_type=\"widget\" data-e-type=\"widget\" data-widget_type=\"image.default\">\n\t\t\t\t<div class=\"elementor-widget-container\">\n\t\t\t\t\t\t\t\t\t\t\t\t\t\t\t<img loading=\"lazy\" decoding=\"async\" width=\"1024\" height=\"512\" src=\"https:\/\/r-filter.ro\/wp-content\/uploads\/2022\/10\/UVO2-1024x512.jpg\" class=\"attachment-large size-large wp-image-5304\" alt=\"R-Filter innovat\u00edv konyhai l\u00e9gkezel\u00e9s, zs\u00edrbont\u00e1s \u00e9s szagtalan\u00edt\u00e1s\" srcset=\"https:\/\/r-filter.ro\/wp-content\/uploads\/2022\/10\/UVO2-1024x512.jpg 1024w, https:\/\/r-filter.ro\/wp-content\/uploads\/2022\/10\/UVO2-300x150.jpg 300w, https:\/\/r-filter.ro\/wp-content\/uploads\/2022\/10\/UVO2-768x384.jpg 768w, https:\/\/r-filter.ro\/wp-content\/uploads\/2022\/10\/UVO2-18x9.jpg 18w, https:\/\/r-filter.ro\/wp-content\/uploads\/2022\/10\/UVO2.jpg 1200w\" sizes=\"(max-width: 1024px) 100vw, 1024px\" \/>\t\t\t\t\t\t\t\t\t\t\t\t\t\t\t<\/div>\n\t\t\t\t<\/div>\n\t\t\t\t<div class=\"elementor-element elementor-element-2360aa6 elementor-widget elementor-widget-text-editor\" data-id=\"2360aa6\" data-element_type=\"widget\" data-e-type=\"widget\" data-widget_type=\"text-editor.default\">\n\t\t\t\t<div class=\"elementor-widget-container\">\n\t\t\t\t\t\t\t\t\t<p style=\"color: #0000f3;\">A k\u00e9sz\u00fcl\u00e9k haszn\u00e1lat\u00e1nak el\u0151nyei:<\/p><ul><li>hat\u00e9konyan fert\u0151tlen\u00edt \u00e9s steriliz\u00e1l minden fel\u00fcletet \u00e9s leveg\u0151t<\/li><li>automatikus \u00f3zonbont\u00e1si ciklus<\/li><li>\u00e1ll\u00edthat\u00f3 program a helyis\u00e9g m\u00e9ret\u00e9nek megfelel\u0151en (1000 m3-ig)<\/li><li>az \u00f3zon \u00e9s a fotol\u00edzis egy\u00fcttes hat\u00e1sa<\/li><li>a hasonl\u00f3 k\u00e9sz\u00fcl\u00e9kekkel ellent\u00e9tben nem termel nitrog\u00e9n-dioxidot<\/li><li>magas p\u00e1ratartalomban is m\u0171k\u00f6dik<\/li><li>hordozhat\u00f3 eszk\u00f6z<\/li><li>rentabil<\/li><li>minim\u00e1lis karbantart\u00e1si k\u00f6vetelm\u00e9nyek, fert\u0151tlen\u00edt\u00e9s vegyszerek n\u00e9lk\u00fcl<\/li><\/ul>\t\t\t\t\t\t\t\t<\/div>\n\t\t\t\t<\/div>\n\t\t\t\t<div class=\"elementor-element elementor-element-c465946 elementor-widget elementor-widget-text-editor\" data-id=\"c465946\" data-element_type=\"widget\" data-e-type=\"widget\" data-widget_type=\"text-editor.default\">\n\t\t\t\t<div class=\"elementor-widget-container\">\n\t\t\t\t\t\t\t\t\t<strong>K\u00e9r\u00e9sre a &#8222;Kapcsolat&#8221; men\u00fcben t\u00f6rt\u00e9n\u0151 regisztr\u00e1ci\u00f3 ut\u00e1n elk\u00fcldj\u00fck \u00d6nnek az eszk\u00f6z\u00f6k adatlapjait.<\/strong>\t\t\t\t\t\t\t\t<\/div>\n\t\t\t\t<\/div>\n\t\t\t\t\t<\/div>\n\t\t<\/div>\n\t\t\t\t\t<\/div>\n\t\t<\/section>\n\t\t\t\t\t<\/div>\n\t\t<\/div>\n\t\t\t\t\t<\/div>\n\t\t<\/section>\n\t\t\t\t<\/div>","protected":false},"excerpt":{"rendered":"<p>UVO OZONISER UVO 140 Inform\u00e1ci\u00f3k UVO 140 Inform\u00e1ci\u00f3k UVO 210 Inform\u00e1ci\u00f3k UVO 210 Inform\u00e1ci\u00f3k A belt\u00e9ri leveg\u0151 \u00f3zonkezel\u00e9se ma m\u00e1r sz\u00e9les k\u00f6rben alkalmazott l\u00e9gtiszt\u00edt\u00e1si \u00e9s fert\u0151tlen\u00edt\u00e9si m\u00f3dszer. K\u00e9sz\u00fcl\u00e9keink koronakis\u00fcl\u00e9s helyett VUV-f\u00e9nyt haszn\u00e1lnak az \u00f3zon el\u0151\u00e1ll\u00edt\u00e1s\u00e1hoz. Nincs sz\u00fcks\u00e9g leveg\u0151el\u0151k\u00e9sz\u00edt\u0151 rendszerek (l\u00e9gsz\u00e1r\u00edt\u00f3k vagy l\u00e9gkoncentr\u00e1torok&hellip;&nbsp;<a href=\"https:\/\/r-filter.ro\/hu\/uvo\/\" rel=\"bookmark\">Olvass tov\u00e1bb &raquo;<span class=\"screen-reader-text\">UVO<\/span><\/a><\/p>","protected":false},"author":2,"featured_media":0,"parent":0,"menu_order":0,"comment_status":"closed","ping_status":"closed","template":"","meta":{"neve_meta_sidebar":"full-width","neve_meta_container":"","neve_meta_enable_content_width":"on","neve_meta_content_width":100,"neve_meta_title_alignment":"","neve_meta_author_avatar":"","neve_post_elements_order":"","neve_meta_disable_header":"","neve_meta_disable_footer":"","neve_meta_disable_title":"","neve_meta_reading_time":"","_themeisle_gutenberg_block_has_review":false,"_ti_tpc_template_sync":false,"_ti_tpc_template_id":"","footnotes":""},"class_list":["post-1559","page","type-page","status-publish","hentry"],"_links":{"self":[{"href":"https:\/\/r-filter.ro\/hu\/wp-json\/wp\/v2\/pages\/1559","targetHints":{"allow":["GET"]}}],"collection":[{"href":"https:\/\/r-filter.ro\/hu\/wp-json\/wp\/v2\/pages"}],"about":[{"href":"https:\/\/r-filter.ro\/hu\/wp-json\/wp\/v2\/types\/page"}],"author":[{"embeddable":true,"href":"https:\/\/r-filter.ro\/hu\/wp-json\/wp\/v2\/users\/2"}],"replies":[{"embeddable":true,"href":"https:\/\/r-filter.ro\/hu\/wp-json\/wp\/v2\/comments?post=1559"}],"version-history":[{"count":125,"href":"https:\/\/r-filter.ro\/hu\/wp-json\/wp\/v2\/pages\/1559\/revisions"}],"predecessor-version":[{"id":8729,"href":"https:\/\/r-filter.ro\/hu\/wp-json\/wp\/v2\/pages\/1559\/revisions\/8729"}],"wp:attachment":[{"href":"https:\/\/r-filter.ro\/hu\/wp-json\/wp\/v2\/media?parent=1559"}],"curies":[{"name":"wp","href":"https:\/\/api.w.org\/{rel}","templated":true}]}}