{"id":1405,"date":"2021-04-08T13:18:28","date_gmt":"2021-04-08T13:18:28","guid":{"rendered":"https:\/\/r-filter.hu\/?page_id=1405"},"modified":"2026-02-25T13:31:05","modified_gmt":"2026-02-25T11:31:05","slug":"uve","status":"publish","type":"page","link":"https:\/\/r-filter.ro\/hu\/uve\/","title":{"rendered":"UVE"},"content":{"rendered":"<div data-elementor-type=\"wp-page\" data-elementor-id=\"1405\" class=\"elementor elementor-1405\" data-elementor-post-type=\"page\">\n\t\t\t\t\t\t<section class=\"elementor-section elementor-top-section elementor-element elementor-element-dc8ed9e elementor-section-boxed elementor-section-height-default elementor-section-height-default\" data-id=\"dc8ed9e\" data-element_type=\"section\" data-e-type=\"section\">\n\t\t\t\t\t\t<div class=\"elementor-container elementor-column-gap-default\">\n\t\t\t\t\t<div class=\"elementor-column elementor-col-100 elementor-top-column elementor-element elementor-element-9ccf932\" data-id=\"9ccf932\" data-element_type=\"column\" data-e-type=\"column\" data-settings=\"{&quot;background_background&quot;:&quot;classic&quot;}\">\n\t\t\t<div class=\"elementor-widget-wrap elementor-element-populated\">\n\t\t\t\t\t\t<div class=\"elementor-element elementor-element-9101e9a elementor-widget elementor-widget-heading\" data-id=\"9101e9a\" data-element_type=\"widget\" data-e-type=\"widget\" data-widget_type=\"heading.default\">\n\t\t\t\t<div class=\"elementor-widget-container\">\n\t\t\t\t\t<h1 class=\"elementor-heading-title elementor-size-default\">UVE FOTOKATALITIKUS FERT\u0150TLEN\u00cdT\u0150- \u00c9S SZAGTALAN\u00cdT\u00d3SZER<\/h1>\t\t\t\t<\/div>\n\t\t\t\t<\/div>\n\t\t\t\t<div class=\"elementor-element elementor-element-76db28f elementor-widget-divider--view-line elementor-widget elementor-widget-divider\" data-id=\"76db28f\" data-element_type=\"widget\" data-e-type=\"widget\" data-widget_type=\"divider.default\">\n\t\t\t\t<div class=\"elementor-widget-container\">\n\t\t\t\t\t\t\t<div class=\"elementor-divider\">\n\t\t\t<span class=\"elementor-divider-separator\">\n\t\t\t\t\t\t<\/span>\n\t\t<\/div>\n\t\t\t\t\t\t<\/div>\n\t\t\t\t<\/div>\n\t\t\t\t\t<\/div>\n\t\t<\/div>\n\t\t\t\t\t<\/div>\n\t\t<\/section>\n\t\t\t\t<section class=\"elementor-section elementor-top-section elementor-element elementor-element-69f2713 elementor-section-boxed elementor-section-height-default elementor-section-height-default\" data-id=\"69f2713\" data-element_type=\"section\" data-e-type=\"section\">\n\t\t\t\t\t\t<div class=\"elementor-container elementor-column-gap-default\">\n\t\t\t\t\t<div class=\"elementor-column elementor-col-50 elementor-top-column elementor-element elementor-element-314a98c\" data-id=\"314a98c\" data-element_type=\"column\" data-e-type=\"column\">\n\t\t\t<div class=\"elementor-widget-wrap elementor-element-populated\">\n\t\t\t\t\t\t<div class=\"elementor-element elementor-element-c2f4e37 elementor-widget elementor-widget-image\" data-id=\"c2f4e37\" data-element_type=\"widget\" data-e-type=\"widget\" data-widget_type=\"image.default\">\n\t\t\t\t<div class=\"elementor-widget-container\">\n\t\t\t\t\t\t\t\t\t\t\t\t<figure class=\"wp-caption\">\n\t\t\t\t\t\t\t\t\t\t<img fetchpriority=\"high\" decoding=\"async\" width=\"300\" height=\"168\" src=\"https:\/\/r-filter.ro\/wp-content\/uploads\/2021\/04\/UVE-110K-300x168.jpg\" class=\"attachment-medium size-medium wp-image-1406\" alt=\"\" srcset=\"https:\/\/r-filter.ro\/wp-content\/uploads\/2021\/04\/UVE-110K-300x168.jpg 300w, https:\/\/r-filter.ro\/wp-content\/uploads\/2021\/04\/UVE-110K-16x9.jpg 16w, https:\/\/r-filter.ro\/wp-content\/uploads\/2021\/04\/UVE-110K.jpg 400w\" sizes=\"(max-width: 300px) 100vw, 300px\" \/>\t\t\t\t\t\t\t\t\t\t\t<figcaption class=\"widget-image-caption wp-caption-text\">UVE 110KUC<\/figcaption>\n\t\t\t\t\t\t\t\t\t\t<\/figure>\n\t\t\t\t\t\t\t\t\t<\/div>\n\t\t\t\t<\/div>\n\t\t\t\t<div class=\"elementor-element elementor-element-28e573b elementor-align-center elementor-widget elementor-widget-button\" data-id=\"28e573b\" data-element_type=\"widget\" data-e-type=\"widget\" data-widget_type=\"button.default\">\n\t\t\t\t<div class=\"elementor-widget-container\">\n\t\t\t\t\t\t\t\t\t<div class=\"elementor-button-wrapper\">\n\t\t\t\t\t<a class=\"elementor-button elementor-button-link elementor-size-sm elementor-animation-shrink\" href=\"https:\/\/r-filter.ro\/hu\/uve110\/\" target=\"_blank\">\n\t\t\t\t\t\t<span class=\"elementor-button-content-wrapper\">\n\t\t\t\t\t\t\t\t\t<span class=\"elementor-button-text\">R\u00e9szletek<\/span>\n\t\t\t\t\t<\/span>\n\t\t\t\t\t<\/a>\n\t\t\t\t<\/div>\n\t\t\t\t\t\t\t\t<\/div>\n\t\t\t\t<\/div>\n\t\t\t\t<div class=\"elementor-element elementor-element-c63a145 elementor-widget elementor-widget-image\" data-id=\"c63a145\" data-element_type=\"widget\" data-e-type=\"widget\" data-widget_type=\"image.default\">\n\t\t\t\t<div class=\"elementor-widget-container\">\n\t\t\t\t\t\t\t\t\t\t\t\t<figure class=\"wp-caption\">\n\t\t\t\t\t\t\t\t\t\t<img decoding=\"async\" width=\"300\" height=\"169\" src=\"https:\/\/r-filter.ro\/wp-content\/uploads\/2021\/10\/UVS-220-Black.49-300x169.jpg\" class=\"attachment-medium size-medium wp-image-3139\" alt=\"\" srcset=\"https:\/\/r-filter.ro\/wp-content\/uploads\/2021\/10\/UVS-220-Black.49-300x169.jpg 300w, https:\/\/r-filter.ro\/wp-content\/uploads\/2021\/10\/UVS-220-Black.49-1024x576.jpg 1024w, https:\/\/r-filter.ro\/wp-content\/uploads\/2021\/10\/UVS-220-Black.49-768x432.jpg 768w, https:\/\/r-filter.ro\/wp-content\/uploads\/2021\/10\/UVS-220-Black.49-1536x864.jpg 1536w, https:\/\/r-filter.ro\/wp-content\/uploads\/2021\/10\/UVS-220-Black.49-18x10.jpg 18w, https:\/\/r-filter.ro\/wp-content\/uploads\/2021\/10\/UVS-220-Black.49.jpg 1920w\" sizes=\"(max-width: 300px) 100vw, 300px\" \/>\t\t\t\t\t\t\t\t\t\t\t<figcaption class=\"widget-image-caption wp-caption-text\">EVU 110KUB<\/figcaption>\n\t\t\t\t\t\t\t\t\t\t<\/figure>\n\t\t\t\t\t\t\t\t\t<\/div>\n\t\t\t\t<\/div>\n\t\t\t\t<div class=\"elementor-element elementor-element-a92b74f elementor-align-center elementor-widget elementor-widget-button\" data-id=\"a92b74f\" data-element_type=\"widget\" data-e-type=\"widget\" data-widget_type=\"button.default\">\n\t\t\t\t<div class=\"elementor-widget-container\">\n\t\t\t\t\t\t\t\t\t<div class=\"elementor-button-wrapper\">\n\t\t\t\t\t<a class=\"elementor-button elementor-button-link elementor-size-sm elementor-animation-shrink\" href=\"https:\/\/r-filter.ro\/hu\/uve110\/\" target=\"_blank\">\n\t\t\t\t\t\t<span class=\"elementor-button-content-wrapper\">\n\t\t\t\t\t\t\t\t\t<span class=\"elementor-button-text\">R\u00e9szletek<\/span>\n\t\t\t\t\t<\/span>\n\t\t\t\t\t<\/a>\n\t\t\t\t<\/div>\n\t\t\t\t\t\t\t\t<\/div>\n\t\t\t\t<\/div>\n\t\t\t\t\t<\/div>\n\t\t<\/div>\n\t\t\t\t<div class=\"elementor-column elementor-col-50 elementor-top-column elementor-element elementor-element-bd6977c\" data-id=\"bd6977c\" data-element_type=\"column\" data-e-type=\"column\">\n\t\t\t<div class=\"elementor-widget-wrap elementor-element-populated\">\n\t\t\t\t\t\t<div class=\"elementor-element elementor-element-30c8d40 elementor-widget elementor-widget-image\" data-id=\"30c8d40\" data-element_type=\"widget\" data-e-type=\"widget\" data-widget_type=\"image.default\">\n\t\t\t\t<div class=\"elementor-widget-container\">\n\t\t\t\t\t\t\t\t\t\t\t\t<figure class=\"wp-caption\">\n\t\t\t\t\t\t\t\t\t\t<img decoding=\"async\" width=\"300\" height=\"169\" src=\"https:\/\/r-filter.ro\/wp-content\/uploads\/2021\/10\/UVS220.53-300x169.jpg\" class=\"attachment-medium size-medium wp-image-3153\" alt=\"\" srcset=\"https:\/\/r-filter.ro\/wp-content\/uploads\/2021\/10\/UVS220.53-300x169.jpg 300w, https:\/\/r-filter.ro\/wp-content\/uploads\/2021\/10\/UVS220.53-1024x576.jpg 1024w, https:\/\/r-filter.ro\/wp-content\/uploads\/2021\/10\/UVS220.53-768x432.jpg 768w, https:\/\/r-filter.ro\/wp-content\/uploads\/2021\/10\/UVS220.53-1536x864.jpg 1536w, https:\/\/r-filter.ro\/wp-content\/uploads\/2021\/10\/UVS220.53-18x10.jpg 18w, https:\/\/r-filter.ro\/wp-content\/uploads\/2021\/10\/UVS220.53.jpg 1920w\" sizes=\"(max-width: 300px) 100vw, 300px\" \/>\t\t\t\t\t\t\t\t\t\t\t<figcaption class=\"widget-image-caption wp-caption-text\">UVE 220KUC<\/figcaption>\n\t\t\t\t\t\t\t\t\t\t<\/figure>\n\t\t\t\t\t\t\t\t\t<\/div>\n\t\t\t\t<\/div>\n\t\t\t\t<div class=\"elementor-element elementor-element-b375b1d elementor-align-center elementor-widget elementor-widget-button\" data-id=\"b375b1d\" data-element_type=\"widget\" data-e-type=\"widget\" data-widget_type=\"button.default\">\n\t\t\t\t<div class=\"elementor-widget-container\">\n\t\t\t\t\t\t\t\t\t<div class=\"elementor-button-wrapper\">\n\t\t\t\t\t<a class=\"elementor-button elementor-button-link elementor-size-sm elementor-animation-shrink\" href=\"https:\/\/r-filter.ro\/hu\/uve220\/\" target=\"_blank\">\n\t\t\t\t\t\t<span class=\"elementor-button-content-wrapper\">\n\t\t\t\t\t\t\t\t\t<span class=\"elementor-button-text\">R\u00e9szletek<\/span>\n\t\t\t\t\t<\/span>\n\t\t\t\t\t<\/a>\n\t\t\t\t<\/div>\n\t\t\t\t\t\t\t\t<\/div>\n\t\t\t\t<\/div>\n\t\t\t\t<div class=\"elementor-element elementor-element-44c3e8d elementor-widget elementor-widget-image\" data-id=\"44c3e8d\" data-element_type=\"widget\" data-e-type=\"widget\" data-widget_type=\"image.default\">\n\t\t\t\t<div class=\"elementor-widget-container\">\n\t\t\t\t\t\t\t\t\t\t\t\t<figure class=\"wp-caption\">\n\t\t\t\t\t\t\t\t\t\t<img loading=\"lazy\" decoding=\"async\" width=\"300\" height=\"169\" src=\"https:\/\/r-filter.ro\/wp-content\/uploads\/2021\/10\/UVS-220-Black.56-300x169.jpg\" class=\"attachment-medium size-medium wp-image-3140\" alt=\"\" srcset=\"https:\/\/r-filter.ro\/wp-content\/uploads\/2021\/10\/UVS-220-Black.56-300x169.jpg 300w, https:\/\/r-filter.ro\/wp-content\/uploads\/2021\/10\/UVS-220-Black.56-1024x576.jpg 1024w, https:\/\/r-filter.ro\/wp-content\/uploads\/2021\/10\/UVS-220-Black.56-768x432.jpg 768w, https:\/\/r-filter.ro\/wp-content\/uploads\/2021\/10\/UVS-220-Black.56-1536x864.jpg 1536w, https:\/\/r-filter.ro\/wp-content\/uploads\/2021\/10\/UVS-220-Black.56-18x10.jpg 18w, https:\/\/r-filter.ro\/wp-content\/uploads\/2021\/10\/UVS-220-Black.56.jpg 1920w\" sizes=\"(max-width: 300px) 100vw, 300px\" \/>\t\t\t\t\t\t\t\t\t\t\t<figcaption class=\"widget-image-caption wp-caption-text\">EVU 220KUB<\/figcaption>\n\t\t\t\t\t\t\t\t\t\t<\/figure>\n\t\t\t\t\t\t\t\t\t<\/div>\n\t\t\t\t<\/div>\n\t\t\t\t<div class=\"elementor-element elementor-element-954b6f6 elementor-align-center elementor-widget elementor-widget-button\" data-id=\"954b6f6\" data-element_type=\"widget\" data-e-type=\"widget\" data-widget_type=\"button.default\">\n\t\t\t\t<div class=\"elementor-widget-container\">\n\t\t\t\t\t\t\t\t\t<div class=\"elementor-button-wrapper\">\n\t\t\t\t\t<a class=\"elementor-button elementor-button-link elementor-size-sm elementor-animation-shrink\" href=\"https:\/\/r-filter.ro\/hu\/uve220\/\" target=\"_blank\">\n\t\t\t\t\t\t<span class=\"elementor-button-content-wrapper\">\n\t\t\t\t\t\t\t\t\t<span class=\"elementor-button-text\">R\u00e9szletek<\/span>\n\t\t\t\t\t<\/span>\n\t\t\t\t\t<\/a>\n\t\t\t\t<\/div>\n\t\t\t\t\t\t\t\t<\/div>\n\t\t\t\t<\/div>\n\t\t\t\t\t<\/div>\n\t\t<\/div>\n\t\t\t\t\t<\/div>\n\t\t<\/section>\n\t\t\t\t<section class=\"elementor-section elementor-top-section elementor-element elementor-element-54119671 elementor-section-boxed elementor-section-height-default elementor-section-height-default\" data-id=\"54119671\" data-element_type=\"section\" data-e-type=\"section\">\n\t\t\t\t\t\t<div class=\"elementor-container elementor-column-gap-default\">\n\t\t\t\t\t<div class=\"elementor-column elementor-col-100 elementor-top-column elementor-element elementor-element-46a8093c\" data-id=\"46a8093c\" data-element_type=\"column\" data-e-type=\"column\">\n\t\t\t<div class=\"elementor-widget-wrap elementor-element-populated\">\n\t\t\t\t\t\t<section class=\"elementor-section elementor-inner-section elementor-element elementor-element-b181a6d elementor-section-boxed elementor-section-height-default elementor-section-height-default\" data-id=\"b181a6d\" data-element_type=\"section\" data-e-type=\"section\">\n\t\t\t\t\t\t<div class=\"elementor-container elementor-column-gap-default\">\n\t\t\t\t\t<div class=\"elementor-column elementor-col-50 elementor-inner-column elementor-element elementor-element-e8b56af\" data-id=\"e8b56af\" data-element_type=\"column\" data-e-type=\"column\">\n\t\t\t<div class=\"elementor-widget-wrap elementor-element-populated\">\n\t\t\t\t\t\t<div class=\"elementor-element elementor-element-d64b143 elementor-widget elementor-widget-text-editor\" data-id=\"d64b143\" data-element_type=\"widget\" data-e-type=\"widget\" data-widget_type=\"text-editor.default\">\n\t\t\t\t<div class=\"elementor-widget-container\">\n\t\t\t\t\t\t\t\t\t<p>Az UVE fotokatalitikus fert\u0151tlen\u00edt\u0151szert \u00e9s fotokatalitikus szagtalan\u00edt\u00f3t az er\u0151sen ig\u00e9nybe vett \u00e9s ig\u00e9nyelt k\u00f6z\u00f6s helyis\u00e9gek fert\u0151tlen\u00edt\u00e9s\u00e9re \u00e9s szagtalan\u00edt\u00e1s\u00e1ra fejlesztett\u00e9k ki.<br \/><strong>K\u00f6zterek, irod\u00e1k, orvosi v\u00e1r\u00f3termek, \u00e9lelmiszeripari \u00e9s egy\u00e9b kereskedelmi l\u00e9tes\u00edtm\u00e9nyek, \u00e9ttermek, sz\u00e1llod\u00e1k, laborat\u00f3riumok, doh\u00e1nyz\u00f3helyis\u00e9gek, WC-k.<\/strong><br \/>A k\u00e9sz\u00fcl\u00e9k b\u00e1rhol haszn\u00e1lhat\u00f3, ahol az eg\u00e9szs\u00e9gre k\u00e1ros v\u00edrusok, bakt\u00e9riumok \u00e9s kellemetlen szagok elt\u00e1vol\u00edt\u00e1s\u00e1ra alkalmas. A k\u00e9sz\u00fcl\u00e9k az UV-f\u00e9ny \u00e9s a fotokatal\u00edzis kombin\u00e1lt szinergikus hat\u00e1s\u00e1t haszn\u00e1lja. Kiv\u00e1laszthatja, hogy fert\u0151tlen\u00edt\u00e9st, szagtalan\u00edt\u00e1st vagy ak\u00e1r mindk\u00e9t funkci\u00f3t egyszerre k\u00edv\u00e1nja haszn\u00e1lni a leveg\u0151tiszt\u00edt\u00e1si c\u00e9lok el\u00e9r\u00e9se \u00e9rdek\u00e9ben.<br \/>A fotokatal\u00edzis norm\u00e1l h\u0151m\u00e9rs\u00e9kleten \u00e9s p\u00e1ratartalom mellett zajlik, nincs sz\u00fcks\u00e9g k\u00fcl\u00f6nleges m\u0171k\u00f6d\u00e9si felt\u00e9telekre.<br \/>A k\u00e9sz\u00fcl\u00e9k falra szerelhet\u0151 vagy \u00e1llv\u00e1nyra helyezhet\u0151.<\/p>\t\t\t\t\t\t\t\t<\/div>\n\t\t\t\t<\/div>\n\t\t\t\t<div class=\"elementor-element elementor-element-07f5664 elementor-widget elementor-widget-text-editor\" data-id=\"07f5664\" data-element_type=\"widget\" data-e-type=\"widget\" data-widget_type=\"text-editor.default\">\n\t\t\t\t<div class=\"elementor-widget-container\">\n\t\t\t\t\t\t\t\t\t<strong>Hogyan m\u0171k\u00f6dik<\/strong>\t\t\t\t\t\t\t\t<\/div>\n\t\t\t\t<\/div>\n\t\t\t\t<div class=\"elementor-element elementor-element-9774e92 elementor-widget-divider--view-line elementor-widget elementor-widget-divider\" data-id=\"9774e92\" data-element_type=\"widget\" data-e-type=\"widget\" data-widget_type=\"divider.default\">\n\t\t\t\t<div class=\"elementor-widget-container\">\n\t\t\t\t\t\t\t<div class=\"elementor-divider\">\n\t\t\t<span class=\"elementor-divider-separator\">\n\t\t\t\t\t\t<\/span>\n\t\t<\/div>\n\t\t\t\t\t\t<\/div>\n\t\t\t\t<\/div>\n\t\t\t\t<div class=\"elementor-element elementor-element-285d8a7 elementor-widget elementor-widget-text-editor\" data-id=\"285d8a7\" data-element_type=\"widget\" data-e-type=\"widget\" data-widget_type=\"text-editor.default\">\n\t\t\t\t<div class=\"elementor-widget-container\">\n\t\t\t\t\t\t\t\t\t<p>J\u00f3l ismert, hogy a nano-TiO<sub>2<\/sub> napf\u00e9nynek kit\u00e9ve \u00f6ntisztul\u00f3 aktivit\u00e1st mutatnak. Mi is haszn\u00e1lunk tit\u00e1n-dioxiddal bevont fel\u00fcleteket, fotokataliz\u00e1torokat a falra szerelhet\u0151 l\u00e9gtiszt\u00edt\u00f3inkban, de ebben az esetben ultraibolya f\u00e9nnyel vil\u00e1g\u00edtjuk meg a fel\u00fcletet.<br \/>A l\u00e9gtiszt\u00edt\u00f3ban k\u00e9t technol\u00f3gia szinergikusan m\u0171k\u00f6dik.<\/p><p><b style=\"font-size: var(--bodyfontsize); letter-spacing: var(--bodyletterspacing); text-transform: var(--bodytexttransform);\">PCO (fotokatalitikus oxid\u00e1ci\u00f3):<br \/><\/b><span style=\"background-colour: var(--nv-site-bg); font-size: var(--bodyfontsize); letter-spacing: var(--bodyletterspacing); text-transform: var(--bodytexttransform);\">A be\u00e9p\u00edtett ventil\u00e1torok \u00e1ltal keringetett belt\u00e9ri leveg\u0151 \u00e1thalad a k\u00e9sz\u00fcl\u00e9ken, \u00e9s \u00e9rintkezik a fotokatalitikus lemezekkel. A lemezeket UV-f\u00e9ny vil\u00e1g\u00edtja meg, amely aktiv\u00e1lja a kataliz\u00e1torlemezeket, \u00e9s nagy reakci\u00f3k\u00e9pess\u00e9g\u0171 hidroxil- \u00e9s szuperoxid-ionokat hoz l\u00e9tre. Ezek megt\u00e1madj\u00e1k a leveg\u0151ben l\u00e9v\u0151 szennyez\u0151 anyagokat, p\u00e9ld\u00e1ul a legt\u00f6bb szerves szennyez\u0151 anyagot (bakt\u00e9riumok, v\u00edrusok, pen\u00e9szgomb\u00e1k \u00e9s szagok), \u00e9s oxid\u00e1ci\u00f3val megsemmis\u00edtik azokat.<br \/><strong>UVGI (ultraibolya cs\u00edra\u00f6l\u0151 cs\u00edra\u00f6l\u0151 besug\u00e1rz\u00e1s):<br \/><\/strong>A haszn\u00e1lt cs\u00edra- vagy bakt\u00e9rium\u00f6l\u0151 l\u00e1mpa egy speci\u00e1lis UV-C f\u00e9nyforr\u00e1s. A k\u00e9sz\u00fcl\u00e9k UV-reaktor kamr\u00e1j\u00e1ban a r\u00f6vidhull\u00e1m\u00fa ultraibolya sug\u00e1rz\u00e1s elpuszt\u00edtja a mikroorganizmusok DNS-\u00e9t \u00e9s RNS-\u00e9t, elpuszt\u00edtva azokat. Az UV-f\u00e9ny a fotokataliz\u00e1tor lemezek aktiv\u00e1l\u00e1s\u00e1ra is szolg\u00e1l.<\/span><\/p><p><em>A k\u00f6vetkez\u0151 l\u00e9gtiszt\u00edt\u00e1si folyamat a TiO<sub>2<\/sub>:<\/em><\/p>\t\t\t\t\t\t\t\t<\/div>\n\t\t\t\t<\/div>\n\t\t\t\t<div class=\"elementor-element elementor-element-ada335a elementor-widget elementor-widget-image\" data-id=\"ada335a\" data-element_type=\"widget\" data-e-type=\"widget\" data-widget_type=\"image.default\">\n\t\t\t\t<div class=\"elementor-widget-container\">\n\t\t\t\t\t\t\t\t\t\t\t\t\t\t\t<img loading=\"lazy\" decoding=\"async\" width=\"2048\" height=\"1339\" src=\"https:\/\/r-filter.ro\/wp-content\/uploads\/2021\/03\/to_rajz-2048x1340.jpg\" class=\"attachment-2048x2048 size-2048x2048 wp-image-8704\" alt=\"\" srcset=\"\" sizes=\"(max-width: 2048px) 100vw, 2048px\" data-srcset=\"\" \/>\t\t\t\t\t\t\t\t\t\t\t\t\t\t\t<\/div>\n\t\t\t\t<\/div>\n\t\t\t\t<div class=\"elementor-element elementor-element-e11169e elementor-widget elementor-widget-text-editor\" data-id=\"e11169e\" data-element_type=\"widget\" data-e-type=\"widget\" data-widget_type=\"text-editor.default\">\n\t\t\t\t<div class=\"elementor-widget-container\">\n\t\t\t\t\t\t\t\t\tA fent eml\u00edtett TiO\u2082 bevonat olyan f\u00e9lvezet\u0151, amely egy bizonyos hull\u00e1mhossz\u00fas\u00e1g\u00fa f\u00e9nnyel megvil\u00e1g\u00edtva elektronokat (e-) bocs\u00e1t ki a vezet\u00e9si s\u00e1vba, \u00e9s hely\u00fck\u00f6n lyukakat (h+) hagy. A lyukaknak er\u0151s oxid\u00e1l\u00f3, m\u00edg az elektronoknak er\u0151s reduk\u00e1l\u00f3 hat\u00e1suk van. A leveg\u0151ben l\u00e9v\u0151 nedvess\u00e9gben l\u00e9v\u0151 v\u00edzb\u0151l nagy reakci\u00f3k\u00e9pess\u00e9g\u0171 hidroxilgy\u00f6k\u00f6k (-OH), m\u00edg a leveg\u0151 oxig\u00e9nj\u00e9b\u0151l reakt\u00edv szuperoxidgy\u00f6k\u00f6k (-O\u2082-) keletkeznek. A leveg\u0151ben l\u00e9v\u0151 szaganyagok lebomlanak, a mikroorganizmusok pedig DNS-\u00fck szerkezet\u00e9nek k\u00e1ros\u00edt\u00e1s\u00e1val elpusztulnak, \u00e9s csak sz\u00e9n-dioxid \u00e9s v\u00edz marad ut\u00e1nuk, amelyek a megtiszt\u00edtott leveg\u0151vel egy\u00fctt t\u00e1voznak. A tit\u00e1n-dioxid bevonat nem kopik le, \u00e9s tart\u00f3san m\u0171k\u00f6d\u0151k\u00e9pes marad.\n\n<em>Az ill\u00e9kony szerves vegy\u00fcletek (VOC) boml\u00e1si folyamat\u00e1t bemutat\u00f3 keresztmetszeti k\u00e9p:<\/em>\t\t\t\t\t\t\t\t<\/div>\n\t\t\t\t<\/div>\n\t\t\t\t<div class=\"elementor-element elementor-element-bcd7f4a elementor-widget elementor-widget-image\" data-id=\"bcd7f4a\" data-element_type=\"widget\" data-e-type=\"widget\" data-widget_type=\"image.default\">\n\t\t\t\t<div class=\"elementor-widget-container\">\n\t\t\t\t\t\t\t\t\t\t\t\t\t\t\t<img loading=\"lazy\" decoding=\"async\" width=\"2048\" height=\"1177\" src=\"https:\/\/r-filter.ro\/wp-content\/uploads\/2021\/03\/fot.e.2.m-2048x1177.jpg\" class=\"attachment-2048x2048 size-2048x2048 wp-image-8705\" alt=\"\" srcset=\"\" sizes=\"(max-width: 2048px) 100vw, 2048px\" data-srcset=\"\" \/>\t\t\t\t\t\t\t\t\t\t\t\t\t\t\t<\/div>\n\t\t\t\t<\/div>\n\t\t\t\t\t<\/div>\n\t\t<\/div>\n\t\t\t\t<div class=\"elementor-column elementor-col-50 elementor-inner-column elementor-element elementor-element-32c5a0d\" data-id=\"32c5a0d\" data-element_type=\"column\" data-e-type=\"column\">\n\t\t\t<div class=\"elementor-widget-wrap elementor-element-populated\">\n\t\t\t\t\t\t<div class=\"elementor-element elementor-element-dd36dc0 elementor-widget elementor-widget-image\" data-id=\"dd36dc0\" data-element_type=\"widget\" data-e-type=\"widget\" data-widget_type=\"image.default\">\n\t\t\t\t<div class=\"elementor-widget-container\">\n\t\t\t\t\t\t\t\t\t\t\t\t\t\t\t<img loading=\"lazy\" decoding=\"async\" width=\"1024\" height=\"512\" src=\"https:\/\/r-filter.ro\/wp-content\/uploads\/2022\/10\/UVE4-1024x512.jpg\" class=\"attachment-large size-large wp-image-5299\" alt=\"R-Filter innovat\u00edv konyhai l\u00e9gkezel\u00e9s, zs\u00edrbont\u00e1s \u00e9s szagtalan\u00edt\u00e1s\" srcset=\"https:\/\/r-filter.ro\/wp-content\/uploads\/2022\/10\/UVE4-1024x512.jpg 1024w, https:\/\/r-filter.ro\/wp-content\/uploads\/2022\/10\/UVE4-300x150.jpg 300w, https:\/\/r-filter.ro\/wp-content\/uploads\/2022\/10\/UVE4-768x384.jpg 768w, https:\/\/r-filter.ro\/wp-content\/uploads\/2022\/10\/UVE4-18x9.jpg 18w, https:\/\/r-filter.ro\/wp-content\/uploads\/2022\/10\/UVE4.jpg 1200w\" sizes=\"(max-width: 1024px) 100vw, 1024px\" \/>\t\t\t\t\t\t\t\t\t\t\t\t\t\t\t<\/div>\n\t\t\t\t<\/div>\n\t\t\t\t<div class=\"elementor-element elementor-element-2ee9c69 elementor-widget elementor-widget-text-editor\" data-id=\"2ee9c69\" data-element_type=\"widget\" data-e-type=\"widget\" data-widget_type=\"text-editor.default\">\n\t\t\t\t<div class=\"elementor-widget-container\">\n\t\t\t\t\t\t\t\t\t<p style=\"color: #0000f3;\">A k\u00e9sz\u00fcl\u00e9k haszn\u00e1lat\u00e1nak el\u0151nyei:<\/p><ul><li>az ultraibolya cs\u00edra\u00f6l\u0151 besug\u00e1rz\u00e1s (UVGI) \u00e9s a fotokatalitikus oxid\u00e1ci\u00f3 (PCO) szinergikus hat\u00e1sa<\/li><li>elpuszt\u00edtja a bakt\u00e9riumokat \u00e9s v\u00edrusokat<\/li><li>semleges\u00edti a szagokat<\/li><li>nincs sz\u0171r\u0151<\/li><li>vegyi anyagok n\u00e9lk\u00fcl m\u0171k\u00f6dik<\/li><li>ecologic<\/li><li>Alacsony energiak\u00f6lts\u00e9gek, programozhat\u00f3 ciklusok<\/li><li>Korr\u00f3zi\u00f3mentes rozsdamentes ac\u00e9l h\u00e1z<\/li><li>Minim\u00e1lis karbantart\u00e1st ig\u00e9nyel<\/li><li>K\u00f6nnyen telep\u00edthet\u0151<\/li><\/ul>\t\t\t\t\t\t\t\t<\/div>\n\t\t\t\t<\/div>\n\t\t\t\t<div class=\"elementor-element elementor-element-9862255 elementor-widget elementor-widget-text-editor\" data-id=\"9862255\" data-element_type=\"widget\" data-e-type=\"widget\" data-widget_type=\"text-editor.default\">\n\t\t\t\t<div class=\"elementor-widget-container\">\n\t\t\t\t\t\t\t\t\t<strong>K\u00e9r\u00e9sre a &#8222;Kapcsolat&#8221; men\u00fcben t\u00f6rt\u00e9n\u0151 regisztr\u00e1ci\u00f3 ut\u00e1n elk\u00fcldj\u00fck \u00d6nnek az eszk\u00f6z\u00f6k adatlapjait.<\/strong>\t\t\t\t\t\t\t\t<\/div>\n\t\t\t\t<\/div>\n\t\t\t\t\t<\/div>\n\t\t<\/div>\n\t\t\t\t\t<\/div>\n\t\t<\/section>\n\t\t\t\t<div class=\"elementor-element elementor-element-c7614fb elementor-widget elementor-widget-spacer\" data-id=\"c7614fb\" data-element_type=\"widget\" data-e-type=\"widget\" data-widget_type=\"spacer.default\">\n\t\t\t\t<div class=\"elementor-widget-container\">\n\t\t\t\t\t\t\t<div class=\"elementor-spacer\">\n\t\t\t<div class=\"elementor-spacer-inner\"><\/div>\n\t\t<\/div>\n\t\t\t\t\t\t<\/div>\n\t\t\t\t<\/div>\n\t\t\t\t\t<\/div>\n\t\t<\/div>\n\t\t\t\t\t<\/div>\n\t\t<\/section>\n\t\t\t\t<\/div>","protected":false},"excerpt":{"rendered":"<p>UVE FOTOKATALITIKUS FERT\u0150Z\u00cdT\u0150 \u00c9S SZAGMENTES\u00cdT\u0150 UVE UVE UVE 110KUC Info UVE 110KUB Info UVE 220KUB Info UVE 220KUB Info UVE 220KUB Info Az UVE fotokatalitikus fert\u0151tlen\u00edt\u0151- \u00e9s szagtalan\u00edt\u00f3szert intenz\u00edven haszn\u00e1lt \u00e9s ig\u00e9nybevett k\u00f6z\u00f6s helyis\u00e9gek fert\u0151tlen\u00edt\u00e9s\u00e9re \u00e9s szagtalan\u00edt\u00e1s\u00e1ra fejlesztett\u00e9k ki.K\u00f6zter\u00fcletek, irod\u00e1k, orvosi v\u00e1r\u00f3k, \u00e9lelmiszeripari \u00e9s egy\u00e9b kereskedelmi l\u00e9tes\u00edtm\u00e9nyek, \u00e9ttermek, sz\u00e1llod\u00e1k, laborat\u00f3riumok, doh\u00e1nyz\u00f3helyis\u00e9gek, WC-k;&nbsp;<a href=\"https:\/\/r-filter.ro\/hu\/uve\/\" rel=\"bookmark\">Olvass tov\u00e1bb &raquo;<span class=\"screen-reader-text\">UVE<\/span><\/a><\/p>","protected":false},"author":2,"featured_media":0,"parent":0,"menu_order":0,"comment_status":"closed","ping_status":"closed","template":"","meta":{"neve_meta_sidebar":"full-width","neve_meta_container":"","neve_meta_enable_content_width":"on","neve_meta_content_width":100,"neve_meta_title_alignment":"","neve_meta_author_avatar":"","neve_post_elements_order":"","neve_meta_disable_header":"","neve_meta_disable_footer":"","neve_meta_disable_title":"","neve_meta_reading_time":"","_themeisle_gutenberg_block_has_review":false,"_ti_tpc_template_sync":false,"_ti_tpc_template_id":"","footnotes":""},"class_list":["post-1405","page","type-page","status-publish","hentry"],"_links":{"self":[{"href":"https:\/\/r-filter.ro\/hu\/wp-json\/wp\/v2\/pages\/1405","targetHints":{"allow":["GET"]}}],"collection":[{"href":"https:\/\/r-filter.ro\/hu\/wp-json\/wp\/v2\/pages"}],"about":[{"href":"https:\/\/r-filter.ro\/hu\/wp-json\/wp\/v2\/types\/page"}],"author":[{"embeddable":true,"href":"https:\/\/r-filter.ro\/hu\/wp-json\/wp\/v2\/users\/2"}],"replies":[{"embeddable":true,"href":"https:\/\/r-filter.ro\/hu\/wp-json\/wp\/v2\/comments?post=1405"}],"version-history":[{"count":187,"href":"https:\/\/r-filter.ro\/hu\/wp-json\/wp\/v2\/pages\/1405\/revisions"}],"predecessor-version":[{"id":8708,"href":"https:\/\/r-filter.ro\/hu\/wp-json\/wp\/v2\/pages\/1405\/revisions\/8708"}],"wp:attachment":[{"href":"https:\/\/r-filter.ro\/hu\/wp-json\/wp\/v2\/media?parent=1405"}],"curies":[{"name":"wp","href":"https:\/\/api.w.org\/{rel}","templated":true}]}}