{"id":925,"date":"2021-03-18T08:12:20","date_gmt":"2021-03-18T08:12:20","guid":{"rendered":"https:\/\/r-filter.hu\/?page_id=925"},"modified":"2026-02-25T13:33:08","modified_gmt":"2026-02-25T11:33:08","slug":"uvh50","status":"publish","type":"page","link":"https:\/\/r-filter.ro\/en\/uvh50\/","title":{"rendered":"UVH"},"content":{"rendered":"<div data-elementor-type=\"wp-page\" data-elementor-id=\"925\" class=\"elementor elementor-925\" data-elementor-post-type=\"page\">\n\t\t\t\t\t\t<section class=\"elementor-section elementor-top-section elementor-element elementor-element-be11c91 elementor-section-boxed elementor-section-height-default elementor-section-height-default\" data-id=\"be11c91\" data-element_type=\"section\" data-e-type=\"section\">\n\t\t\t\t\t\t<div class=\"elementor-container elementor-column-gap-default\">\n\t\t\t\t\t<div class=\"elementor-column elementor-col-100 elementor-top-column elementor-element elementor-element-009a53b\" data-id=\"009a53b\" data-element_type=\"column\" data-e-type=\"column\" data-settings=\"{&quot;background_background&quot;:&quot;classic&quot;}\">\n\t\t\t<div class=\"elementor-widget-wrap elementor-element-populated\">\n\t\t\t\t\t\t<div class=\"elementor-element elementor-element-fd28468 elementor-widget elementor-widget-heading\" data-id=\"fd28468\" data-element_type=\"widget\" data-e-type=\"widget\" data-widget_type=\"heading.default\">\n\t\t\t\t<div class=\"elementor-widget-container\">\n\t\t\t\t\t<h1 class=\"elementor-heading-title elementor-size-default\">UVH 50<\/h1>\t\t\t\t<\/div>\n\t\t\t\t<\/div>\n\t\t\t\t<div class=\"elementor-element elementor-element-c47d127 elementor-widget-divider--view-line elementor-widget elementor-widget-divider\" data-id=\"c47d127\" data-element_type=\"widget\" data-e-type=\"widget\" data-widget_type=\"divider.default\">\n\t\t\t\t<div class=\"elementor-widget-container\">\n\t\t\t\t\t\t\t<div class=\"elementor-divider\">\n\t\t\t<span class=\"elementor-divider-separator\">\n\t\t\t\t\t\t<\/span>\n\t\t<\/div>\n\t\t\t\t\t\t<\/div>\n\t\t\t\t<\/div>\n\t\t\t\t\t<\/div>\n\t\t<\/div>\n\t\t\t\t\t<\/div>\n\t\t<\/section>\n\t\t\t\t<section class=\"elementor-section elementor-top-section elementor-element elementor-element-2183a3f elementor-section-boxed elementor-section-height-default elementor-section-height-default\" data-id=\"2183a3f\" data-element_type=\"section\" data-e-type=\"section\">\n\t\t\t\t\t\t<div class=\"elementor-container elementor-column-gap-default\">\n\t\t\t\t\t<div class=\"elementor-column elementor-col-100 elementor-top-column elementor-element elementor-element-e0019e5\" data-id=\"e0019e5\" data-element_type=\"column\" data-e-type=\"column\">\n\t\t\t<div class=\"elementor-widget-wrap elementor-element-populated\">\n\t\t\t\t\t\t<section class=\"elementor-section elementor-inner-section elementor-element elementor-element-c775e80 elementor-section-boxed elementor-section-height-default elementor-section-height-default\" data-id=\"c775e80\" data-element_type=\"section\" data-e-type=\"section\">\n\t\t\t\t\t\t<div class=\"elementor-container elementor-column-gap-default\">\n\t\t\t\t\t<div class=\"elementor-column elementor-col-50 elementor-inner-column elementor-element elementor-element-3ceb423\" data-id=\"3ceb423\" data-element_type=\"column\" data-e-type=\"column\">\n\t\t\t<div class=\"elementor-widget-wrap elementor-element-populated\">\n\t\t\t\t\t\t<div class=\"elementor-element elementor-element-47aa036 elementor-widget elementor-widget-text-editor\" data-id=\"47aa036\" data-element_type=\"widget\" data-e-type=\"widget\" data-widget_type=\"text-editor.default\">\n\t\t\t\t<div class=\"elementor-widget-container\">\n\t\t\t\t\t\t\t\t\t<p>The UVH photocatalytic disinfectant and odorless air purifier with motion sensor have been specially designed to disinfect and deodorize the air in crowded and heavily used public spaces.<br \/><strong>This innovative device can be used in any room (restrooms, bathrooms, saunas, locker rooms, workshops, high-traffic service areas, gyms, and lodging facilities) where we want to filter out and neutralize microorganisms, unpleasant odors, and odors that are harmful to human health. <\/strong> By removing bacteria and viruses from the air, we also prevent them from settling on surfaces and spreading through contact.<\/p>\t\t\t\t\t\t\t\t<\/div>\n\t\t\t\t<\/div>\n\t\t\t\t<div class=\"elementor-element elementor-element-6dfe22a elementor-widget-divider--view-line elementor-widget elementor-widget-divider\" data-id=\"6dfe22a\" data-element_type=\"widget\" data-e-type=\"widget\" data-widget_type=\"divider.default\">\n\t\t\t\t<div class=\"elementor-widget-container\">\n\t\t\t\t\t\t\t<div class=\"elementor-divider\">\n\t\t\t<span class=\"elementor-divider-separator\">\n\t\t\t\t\t\t<\/span>\n\t\t<\/div>\n\t\t\t\t\t\t<\/div>\n\t\t\t\t<\/div>\n\t\t\t\t<div class=\"elementor-element elementor-element-279481f elementor-widget elementor-widget-text-editor\" data-id=\"279481f\" data-element_type=\"widget\" data-e-type=\"widget\" data-widget_type=\"text-editor.default\">\n\t\t\t\t<div class=\"elementor-widget-container\">\n\t\t\t\t\t\t\t\t\t<strong>Principle of operation<\/strong>\t\t\t\t\t\t\t\t<\/div>\n\t\t\t\t<\/div>\n\t\t\t\t<div class=\"elementor-element elementor-element-73b3115 elementor-widget elementor-widget-text-editor\" data-id=\"73b3115\" data-element_type=\"widget\" data-e-type=\"widget\" data-widget_type=\"text-editor.default\">\n\t\t\t\t<div class=\"elementor-widget-container\">\n\t\t\t\t\t\t\t\t\t<p>The R-FILTER UVH-50 fan-type air purifier effectively neutralizes bacteria and viruses in indoor air and eliminates odors. The air purifier combines the synergistic effects of two technologies.<\/p><p><b>PCO (Photocatalytic Oxidation):<br \/><\/b><span style=\"colour: var( --e-global-colour-text ); font-family: var( --e-global-typography-text-font-family ), Sans-serif; font-weight: var( --e-global-typography-text-font-weight ); background-colour: var(--nv-site-bg); font-size: var(--bodyfontsize); letter-spacing: var(--bodyletterspacing); text-transform: var(--bodytexttransform);\">The indoor air circulated by the built-in fans passes through the device, coming into contact with the photocatalytic plates. The plates are illuminated by UV light, which activates the catalytic plates and creates highly reactive hydroxyl and superoxide ions. These attack airborne pollutants, such as most organic contaminants (bacteria, viruses, mold, and odors), and destroy them through oxidation. <\/span><\/p><p><b>UVGI (Ultraviolet Germicidal Irradiation):<br \/><\/b><span style=\"colour: var( --e-global-colour-text ); font-family: var( --e-global-typography-text-font-family ), Sans-serif; font-weight: var( --e-global-typography-text-font-weight ); background-colour: var(--nv-site-bg); font-size: var(--bodyfontsize); letter-spacing: var(--bodyletterspacing); text-transform: var(--bodytexttransform);\">The germicidal or bactericidal lamp used is a special UV-C range light source. Short-wave ultraviolet radiation in the UV reactor chamber of the device destroys the DNA and RNA of microorganisms, killing them.<\/span><\/p><p><em>The following air purification process takes place on the TiO-coated surface<sub>2<\/sub>:<\/em><\/p>\t\t\t\t\t\t\t\t<\/div>\n\t\t\t\t<\/div>\n\t\t\t\t<div class=\"elementor-element elementor-element-a83a2b9 elementor-widget elementor-widget-image\" data-id=\"a83a2b9\" data-element_type=\"widget\" data-e-type=\"widget\" data-widget_type=\"image.default\">\n\t\t\t\t<div class=\"elementor-widget-container\">\n\t\t\t\t\t\t\t\t\t\t\t\t\t\t\t<img fetchpriority=\"high\" decoding=\"async\" width=\"1024\" height=\"670\" src=\"https:\/\/r-filter.ro\/wp-content\/uploads\/2021\/10\/fot.e.1.a-1024x667.jpg\" class=\"attachment-large size-large wp-image-8709\" alt=\"\" srcset=\"\" sizes=\"(max-width: 1024px) 100vw, 1024px\" data-srcset=\"\" \/>\t\t\t\t\t\t\t\t\t\t\t\t\t\t\t<\/div>\n\t\t\t\t<\/div>\n\t\t\t\t<div class=\"elementor-element elementor-element-b831c42 elementor-widget elementor-widget-text-editor\" data-id=\"b831c42\" data-element_type=\"widget\" data-e-type=\"widget\" data-widget_type=\"text-editor.default\">\n\t\t\t\t<div class=\"elementor-widget-container\">\n\t\t\t\t\t\t\t\t\t<p>The TiO coating<sub>2<\/sub> The material described above is a semiconductor in which electrons (e-) are excited into the conduction band when illuminated by light of a certain wavelength, leaving holes (h+) in their place. Holes have a strong oxidizing effect, while electrons have a strong reducing effect. Highly reactive hydroxyl radicals (\u00b7OH) are formed from water in the air\u2019s humidity, while superoxide radicals (\u00b7O<sub>2<\/sub>-) Reagents are formed from oxygen in the air. Odorous substances in the air are broken down, and microorganisms are destroyed by damaging their DNA structure, leaving behind only carbon dioxide and water, which are expelled along with the purified air. The titanium dioxide coating does not wear out and remains functional indefinitely.<\/p><p><em>A cross-sectional image showing the volatile organic compound (VOC) decomposition process:<\/em><\/p>\t\t\t\t\t\t\t\t<\/div>\n\t\t\t\t<\/div>\n\t\t\t\t<div class=\"elementor-element elementor-element-846bfd6 elementor-widget elementor-widget-image\" data-id=\"846bfd6\" data-element_type=\"widget\" data-e-type=\"widget\" data-widget_type=\"image.default\">\n\t\t\t\t<div class=\"elementor-widget-container\">\n\t\t\t\t\t\t\t\t\t\t\t\t\t\t\t<img decoding=\"async\" width=\"1024\" height=\"589\" src=\"https:\/\/r-filter.ro\/wp-content\/uploads\/2021\/10\/fot.e.2.a-1024x578.jpg\" class=\"attachment-large size-large wp-image-8711\" alt=\"\" srcset=\"\" sizes=\"(max-width: 1024px) 100vw, 1024px\" data-srcset=\"\" \/>\t\t\t\t\t\t\t\t\t\t\t\t\t\t\t<\/div>\n\t\t\t\t<\/div>\n\t\t\t\t\t<\/div>\n\t\t<\/div>\n\t\t\t\t<div class=\"elementor-column elementor-col-50 elementor-inner-column elementor-element elementor-element-2fff13a\" data-id=\"2fff13a\" data-element_type=\"column\" data-e-type=\"column\">\n\t\t\t<div class=\"elementor-widget-wrap elementor-element-populated\">\n\t\t\t\t\t\t<div class=\"elementor-element elementor-element-b74dc22 elementor-widget elementor-widget-image\" data-id=\"b74dc22\" data-element_type=\"widget\" data-e-type=\"widget\" data-widget_type=\"image.default\">\n\t\t\t\t<div class=\"elementor-widget-container\">\n\t\t\t\t\t\t\t\t\t\t\t\t\t\t\t<img decoding=\"async\" width=\"1024\" height=\"512\" src=\"https:\/\/r-filter.ro\/wp-content\/uploads\/2022\/10\/UVH2-1024x512.jpg\" class=\"attachment-large size-large wp-image-5297\" alt=\"R-Filter innovat\u00edv konyhai l\u00e9gkezel\u00e9s, zs\u00edrbont\u00e1s \u00e9s szagtalan\u00edt\u00e1s\" srcset=\"https:\/\/r-filter.ro\/wp-content\/uploads\/2022\/10\/UVH2-1024x512.jpg 1024w, https:\/\/r-filter.ro\/wp-content\/uploads\/2022\/10\/UVH2-300x150.jpg 300w, https:\/\/r-filter.ro\/wp-content\/uploads\/2022\/10\/UVH2-768x384.jpg 768w, https:\/\/r-filter.ro\/wp-content\/uploads\/2022\/10\/UVH2-18x9.jpg 18w, https:\/\/r-filter.ro\/wp-content\/uploads\/2022\/10\/UVH2.jpg 1200w\" sizes=\"(max-width: 1024px) 100vw, 1024px\" \/>\t\t\t\t\t\t\t\t\t\t\t\t\t\t\t<\/div>\n\t\t\t\t<\/div>\n\t\t\t\t<div class=\"elementor-element elementor-element-28494af elementor-widget elementor-widget-text-editor\" data-id=\"28494af\" data-element_type=\"widget\" data-e-type=\"widget\" data-widget_type=\"text-editor.default\">\n\t\t\t\t<div class=\"elementor-widget-container\">\n\t\t\t\t\t\t\t\t\t<p style=\"color: #0000f3;\">Advantages of using the device:<\/p>\n\n<ul>\n \t<li>synergistic effect of ultraviolet germicidal irradiation (UVGI) and photocatalytic oxidation (PCO)<\/li>\n \t<li>remarkable disinfecting and deodorizing effect<\/li>\n \t<li>chemical-free and ozone-free operation<\/li>\n \t<li>Automatic motion sensor activation<\/li>\n \t<li>Stainless steel housing<\/li>\n \t<li>Minimum maintenance requirements<\/li>\n \t<li>18-month warranty<\/li>\n<\/ul>\t\t\t\t\t\t\t\t<\/div>\n\t\t\t\t<\/div>\n\t\t\t\t<div class=\"elementor-element elementor-element-c783028 elementor-widget elementor-widget-image\" data-id=\"c783028\" data-element_type=\"widget\" data-e-type=\"widget\" data-widget_type=\"image.default\">\n\t\t\t\t<div class=\"elementor-widget-container\">\n\t\t\t\t\t\t\t\t\t\t\t\t\t\t\t<img loading=\"lazy\" decoding=\"async\" width=\"541\" height=\"460\" src=\"https:\/\/r-filter.ro\/wp-content\/uploads\/2021\/03\/UVH_rajz.jpg\" class=\"attachment-large size-large wp-image-936\" alt=\"\" srcset=\"https:\/\/r-filter.ro\/wp-content\/uploads\/2021\/03\/UVH_rajz.jpg 541w, https:\/\/r-filter.ro\/wp-content\/uploads\/2021\/03\/UVH_rajz-300x255.jpg 300w, https:\/\/r-filter.ro\/wp-content\/uploads\/2021\/03\/UVH_rajz-14x12.jpg 14w\" sizes=\"(max-width: 541px) 100vw, 541px\" \/>\t\t\t\t\t\t\t\t\t\t\t\t\t\t\t<\/div>\n\t\t\t\t<\/div>\n\t\t\t\t<div class=\"elementor-element elementor-element-300e6fa elementor-widget elementor-widget-text-editor\" data-id=\"300e6fa\" data-element_type=\"widget\" data-e-type=\"widget\" data-widget_type=\"text-editor.default\">\n\t\t\t\t<div class=\"elementor-widget-container\">\n\t\t\t\t\t\t\t\t\t<strong>Upon request, we will send you the technical data sheets of the devices after you register in the Contact menu.<\/strong>\t\t\t\t\t\t\t\t<\/div>\n\t\t\t\t<\/div>\n\t\t\t\t\t<\/div>\n\t\t<\/div>\n\t\t\t\t\t<\/div>\n\t\t<\/section>\n\t\t\t\t\t<\/div>\n\t\t<\/div>\n\t\t\t\t\t<\/div>\n\t\t<\/section>\n\t\t\t\t<\/div>","protected":false},"excerpt":{"rendered":"<p>UVH 50 Dezinfectantul fotocatalitic UVH \u0219i purificatorul de aer inodor cu senzor de mi\u0219care au fost special concepute pentru dezinfectarea \u0219i dezodorizarea aerului din spa\u021biile publice aglomerate \u0219i intens utilizate.Acest dispozitiv inovator poate fi utilizat \u00een orice \u00eenc\u0103pere (toalete, b\u0103i, saune, vestiare, ateliere, zone de servicii cu trafic intens, s\u0103li de sport \u0219i facilit\u0103\u021bi de&hellip;&nbsp;<a href=\"https:\/\/r-filter.ro\/en\/uvh50\/\" rel=\"bookmark\">Read More &raquo;<span class=\"screen-reader-text\">UVH<\/span><\/a><\/p>","protected":false},"author":1,"featured_media":0,"parent":0,"menu_order":0,"comment_status":"closed","ping_status":"closed","template":"","meta":{"neve_meta_sidebar":"full-width","neve_meta_container":"","neve_meta_enable_content_width":"on","neve_meta_content_width":100,"neve_meta_title_alignment":"","neve_meta_author_avatar":"","neve_post_elements_order":"","neve_meta_disable_header":"","neve_meta_disable_footer":"","neve_meta_disable_title":"","neve_meta_reading_time":"","_themeisle_gutenberg_block_has_review":false,"_ti_tpc_template_sync":false,"_ti_tpc_template_id":"","footnotes":""},"class_list":["post-925","page","type-page","status-publish","hentry"],"_links":{"self":[{"href":"https:\/\/r-filter.ro\/en\/wp-json\/wp\/v2\/pages\/925","targetHints":{"allow":["GET"]}}],"collection":[{"href":"https:\/\/r-filter.ro\/en\/wp-json\/wp\/v2\/pages"}],"about":[{"href":"https:\/\/r-filter.ro\/en\/wp-json\/wp\/v2\/types\/page"}],"author":[{"embeddable":true,"href":"https:\/\/r-filter.ro\/en\/wp-json\/wp\/v2\/users\/1"}],"replies":[{"embeddable":true,"href":"https:\/\/r-filter.ro\/en\/wp-json\/wp\/v2\/comments?post=925"}],"version-history":[{"count":93,"href":"https:\/\/r-filter.ro\/en\/wp-json\/wp\/v2\/pages\/925\/revisions"}],"predecessor-version":[{"id":8714,"href":"https:\/\/r-filter.ro\/en\/wp-json\/wp\/v2\/pages\/925\/revisions\/8714"}],"wp:attachment":[{"href":"https:\/\/r-filter.ro\/en\/wp-json\/wp\/v2\/media?parent=925"}],"curies":[{"name":"wp","href":"https:\/\/api.w.org\/{rel}","templated":true}]}}