{"id":2089,"date":"2021-06-29T08:50:30","date_gmt":"2021-06-29T08:50:30","guid":{"rendered":"https:\/\/r-filter.hu\/?page_id=2089"},"modified":"2026-02-18T12:26:20","modified_gmt":"2026-02-18T10:26:20","slug":"nanoactive","status":"publish","type":"page","link":"https:\/\/r-filter.ro\/en\/nanoactive\/","title":{"rendered":"NANOACTIVE"},"content":{"rendered":"<div data-elementor-type=\"wp-page\" data-elementor-id=\"2089\" class=\"elementor elementor-2089\" data-elementor-post-type=\"page\">\n\t\t\t\t\t\t<section class=\"elementor-section elementor-top-section elementor-element elementor-element-0946be5 elementor-section-boxed elementor-section-height-default elementor-section-height-default\" data-id=\"0946be5\" data-element_type=\"section\" data-e-type=\"section\">\n\t\t\t\t\t\t<div class=\"elementor-container elementor-column-gap-default\">\n\t\t\t\t\t<div class=\"elementor-column elementor-col-100 elementor-top-column elementor-element elementor-element-85a34aa\" data-id=\"85a34aa\" data-element_type=\"column\" data-e-type=\"column\" data-settings=\"{&quot;background_background&quot;:&quot;classic&quot;}\">\n\t\t\t<div class=\"elementor-widget-wrap elementor-element-populated\">\n\t\t\t\t\t\t<div class=\"elementor-element elementor-element-17d1233 elementor-widget elementor-widget-heading\" data-id=\"17d1233\" data-element_type=\"widget\" data-e-type=\"widget\" data-widget_type=\"heading.default\">\n\t\t\t\t<div class=\"elementor-widget-container\">\n\t\t\t\t\t<h1 class=\"elementor-heading-title elementor-size-default\">NANOACTIVE<\/h1>\t\t\t\t<\/div>\n\t\t\t\t<\/div>\n\t\t\t\t<div class=\"elementor-element elementor-element-4e764bb elementor-widget-divider--view-line elementor-widget elementor-widget-divider\" data-id=\"4e764bb\" data-element_type=\"widget\" data-e-type=\"widget\" data-widget_type=\"divider.default\">\n\t\t\t\t<div class=\"elementor-widget-container\">\n\t\t\t\t\t\t\t<div class=\"elementor-divider\">\n\t\t\t<span class=\"elementor-divider-separator\">\n\t\t\t\t\t\t<\/span>\n\t\t<\/div>\n\t\t\t\t\t\t<\/div>\n\t\t\t\t<\/div>\n\t\t\t\t\t<\/div>\n\t\t<\/div>\n\t\t\t\t\t<\/div>\n\t\t<\/section>\n\t\t\t\t<section class=\"elementor-section elementor-top-section elementor-element elementor-element-92dde3d elementor-section-boxed elementor-section-height-default elementor-section-height-default\" data-id=\"92dde3d\" data-element_type=\"section\" data-e-type=\"section\">\n\t\t\t\t\t\t<div class=\"elementor-container elementor-column-gap-default\">\n\t\t\t\t\t<div class=\"elementor-column elementor-col-50 elementor-top-column elementor-element elementor-element-ee6bcad\" data-id=\"ee6bcad\" data-element_type=\"column\" data-e-type=\"column\">\n\t\t\t<div class=\"elementor-widget-wrap elementor-element-populated\">\n\t\t\t\t\t\t<div class=\"elementor-element elementor-element-849c88d elementor-widget elementor-widget-text-editor\" data-id=\"849c88d\" data-element_type=\"widget\" data-e-type=\"widget\" data-widget_type=\"text-editor.default\">\n\t\t\t\t<div class=\"elementor-widget-container\">\n\t\t\t\t\t\t\t\t\tWhen stimulated by natural or artificial light, the photocatalytic particles produce reactive free radicals that oxidize viruses, bacteria, fungi, organic substances, and unpleasant or harmful odors on surfaces. It can be used on any surface in high-traffic areas. <strong>Reception areas, customer service areas, waiting rooms, offices\u2026<\/strong>\t\t\t\t\t\t\t\t<\/div>\n\t\t\t\t<\/div>\n\t\t\t\t<div class=\"elementor-element elementor-element-474312a elementor-widget elementor-widget-text-editor\" data-id=\"474312a\" data-element_type=\"widget\" data-e-type=\"widget\" data-widget_type=\"text-editor.default\">\n\t\t\t\t<div class=\"elementor-widget-container\">\n\t\t\t\t\t\t\t\t\t<strong>Principle of operation<\/strong>\t\t\t\t\t\t\t\t<\/div>\n\t\t\t\t<\/div>\n\t\t\t\t<div class=\"elementor-element elementor-element-beba2f1 elementor-widget-divider--view-line elementor-widget elementor-widget-divider\" data-id=\"beba2f1\" data-element_type=\"widget\" data-e-type=\"widget\" data-widget_type=\"divider.default\">\n\t\t\t\t<div class=\"elementor-widget-container\">\n\t\t\t\t\t\t\t<div class=\"elementor-divider\">\n\t\t\t<span class=\"elementor-divider-separator\">\n\t\t\t\t\t\t<\/span>\n\t\t<\/div>\n\t\t\t\t\t\t<\/div>\n\t\t\t\t<\/div>\n\t\t\t\t<div class=\"elementor-element elementor-element-ff377c2 elementor-widget elementor-widget-text-editor\" data-id=\"ff377c2\" data-element_type=\"widget\" data-e-type=\"widget\" data-widget_type=\"text-editor.default\">\n\t\t\t\t<div class=\"elementor-widget-container\">\n\t\t\t\t\t\t\t\t\tThe major advantage of the durable hygienic protective coating with photoreactive properties is that the tiny photocatalyst particles responsible for the photocatalytic effect are permanently bonded to the surface using a special polymer, allowing them to exert their antimicrobial effect over a long period of time in a way that is harmless to human health and the environment.\nThis is based on the fact that, when excited by natural or artificial light, the photocatalyst particles on the surface produce so-called so-called reactive free radicals, which have a sufficiently high oxidation potential to oxidize organic substances on the surface, whether they are surface contaminants, unpleasant or harmful odors, or various microorganisms (viruses, bacteria, fungi).\t\t\t\t\t\t\t\t<\/div>\n\t\t\t\t<\/div>\n\t\t\t\t\t<\/div>\n\t\t<\/div>\n\t\t\t\t<div class=\"elementor-column elementor-col-50 elementor-top-column elementor-element elementor-element-842a61f\" data-id=\"842a61f\" data-element_type=\"column\" data-e-type=\"column\">\n\t\t\t<div class=\"elementor-widget-wrap elementor-element-populated\">\n\t\t\t\t\t\t<div class=\"elementor-element elementor-element-fd6d452 elementor-widget elementor-widget-image\" data-id=\"fd6d452\" data-element_type=\"widget\" data-e-type=\"widget\" data-widget_type=\"image.default\">\n\t\t\t\t<div class=\"elementor-widget-container\">\n\t\t\t\t\t\t\t\t\t\t\t\t\t\t\t<img fetchpriority=\"high\" decoding=\"async\" width=\"1024\" height=\"512\" src=\"https:\/\/r-filter.ro\/wp-content\/uploads\/2022\/10\/NANO2-1024x512.jpg\" class=\"attachment-large size-large wp-image-5307\" alt=\"R-Filter innovat\u00edv konyhai l\u00e9gkezel\u00e9s, zs\u00edrbont\u00e1s \u00e9s szagtalan\u00edt\u00e1s\" srcset=\"https:\/\/r-filter.ro\/wp-content\/uploads\/2022\/10\/NANO2-1024x512.jpg 1024w, https:\/\/r-filter.ro\/wp-content\/uploads\/2022\/10\/NANO2-300x150.jpg 300w, https:\/\/r-filter.ro\/wp-content\/uploads\/2022\/10\/NANO2-768x384.jpg 768w, https:\/\/r-filter.ro\/wp-content\/uploads\/2022\/10\/NANO2-18x9.jpg 18w, https:\/\/r-filter.ro\/wp-content\/uploads\/2022\/10\/NANO2.jpg 1200w\" sizes=\"(max-width: 1024px) 100vw, 1024px\" \/>\t\t\t\t\t\t\t\t\t\t\t\t\t\t\t<\/div>\n\t\t\t\t<\/div>\n\t\t\t\t<div class=\"elementor-element elementor-element-abe600b elementor-widget elementor-widget-text-editor\" data-id=\"abe600b\" data-element_type=\"widget\" data-e-type=\"widget\" data-widget_type=\"text-editor.default\">\n\t\t\t\t<div class=\"elementor-widget-container\">\n\t\t\t\t\t\t\t\t\t<p style=\"color: #0000f3;\">The benefits of using the liquid:<\/p>\n\n<ul>\n     <li>provides protection against viruses, bacteria and fungi<\/li>\n     <li>surface odors and contaminants are decomposed<\/li>\n     <li>photocatalyst particles are activated by light<\/li>\n \t<li>the process takes place only on the surface, so no dangerous substances are released<\/li>\n     <li>has no harmful effects on the human body<\/li>\n     <li>the coating remains active for up to 14 days<\/li>\n<\/ul>\t\t\t\t\t\t\t\t<\/div>\n\t\t\t\t<\/div>\n\t\t\t\t\t<\/div>\n\t\t<\/div>\n\t\t\t\t\t<\/div>\n\t\t<\/section>\n\t\t\t\t<\/div>","protected":false},"excerpt":{"rendered":"<p>NANOACTIVE C\u00e2nd sunt stimulate de lumina natural\u0103 sau artificial\u0103, particulele fotocatalizatoare produc radicali liberi reactivi care oxideaz\u0103 viru\u0219ii, bacteriile, ciupercile, substan\u021bele organice \u0219i mirosurile nepl\u0103cute sau nocive de pe suprafe\u021be. Poate fi utilizat pe orice suprafa\u021b\u0103 din zonele intens utilizate. Recep\u021bii, zone de servicii pentru clien\u021bi, s\u0103li de a\u0219teptare, birouri&#8230;Principiul de func\u021bionare Avantajul major al&hellip;&nbsp;<a href=\"https:\/\/r-filter.ro\/en\/nanoactive\/\" rel=\"bookmark\">Read More &raquo;<span class=\"screen-reader-text\">NANOACTIVE<\/span><\/a><\/p>","protected":false},"author":2,"featured_media":0,"parent":0,"menu_order":0,"comment_status":"closed","ping_status":"closed","template":"","meta":{"neve_meta_sidebar":"full-width","neve_meta_container":"","neve_meta_enable_content_width":"on","neve_meta_content_width":100,"neve_meta_title_alignment":"","neve_meta_author_avatar":"","neve_post_elements_order":"","neve_meta_disable_header":"","neve_meta_disable_footer":"","neve_meta_disable_title":"","neve_meta_reading_time":"","_themeisle_gutenberg_block_has_review":false,"_ti_tpc_template_sync":false,"_ti_tpc_template_id":"","footnotes":""},"class_list":["post-2089","page","type-page","status-publish","hentry"],"_links":{"self":[{"href":"https:\/\/r-filter.ro\/en\/wp-json\/wp\/v2\/pages\/2089","targetHints":{"allow":["GET"]}}],"collection":[{"href":"https:\/\/r-filter.ro\/en\/wp-json\/wp\/v2\/pages"}],"about":[{"href":"https:\/\/r-filter.ro\/en\/wp-json\/wp\/v2\/types\/page"}],"author":[{"embeddable":true,"href":"https:\/\/r-filter.ro\/en\/wp-json\/wp\/v2\/users\/2"}],"replies":[{"embeddable":true,"href":"https:\/\/r-filter.ro\/en\/wp-json\/wp\/v2\/comments?post=2089"}],"version-history":[{"count":46,"href":"https:\/\/r-filter.ro\/en\/wp-json\/wp\/v2\/pages\/2089\/revisions"}],"predecessor-version":[{"id":8610,"href":"https:\/\/r-filter.ro\/en\/wp-json\/wp\/v2\/pages\/2089\/revisions\/8610"}],"wp:attachment":[{"href":"https:\/\/r-filter.ro\/en\/wp-json\/wp\/v2\/media?parent=2089"}],"curies":[{"name":"wp","href":"https:\/\/api.w.org\/{rel}","templated":true}]}}