{"id":2068,"date":"2021-06-29T06:10:26","date_gmt":"2021-06-29T06:10:26","guid":{"rendered":"https:\/\/r-filter.hu\/?page_id=2068"},"modified":"2026-02-25T14:06:16","modified_gmt":"2026-02-25T12:06:16","slug":"uvk","status":"publish","type":"page","link":"https:\/\/r-filter.ro\/en\/uvk\/","title":{"rendered":"UVK"},"content":{"rendered":"<div data-elementor-type=\"wp-page\" data-elementor-id=\"2068\" class=\"elementor elementor-2068\" data-elementor-post-type=\"page\">\n\t\t\t\t\t\t<section class=\"elementor-section elementor-top-section elementor-element elementor-element-bfbd4c0 elementor-section-boxed elementor-section-height-default elementor-section-height-default\" data-id=\"bfbd4c0\" data-element_type=\"section\" data-e-type=\"section\">\n\t\t\t\t\t\t<div class=\"elementor-container elementor-column-gap-default\">\n\t\t\t\t\t<div class=\"elementor-column elementor-col-100 elementor-top-column elementor-element elementor-element-c13b5e6\" data-id=\"c13b5e6\" data-element_type=\"column\" data-e-type=\"column\" data-settings=\"{&quot;background_background&quot;:&quot;classic&quot;}\">\n\t\t\t<div class=\"elementor-widget-wrap elementor-element-populated\">\n\t\t\t\t\t\t<div class=\"elementor-element elementor-element-c87e7d6 elementor-widget elementor-widget-heading\" data-id=\"c87e7d6\" data-element_type=\"widget\" data-e-type=\"widget\" data-widget_type=\"heading.default\">\n\t\t\t\t<div class=\"elementor-widget-container\">\n\t\t\t\t\t<h1 class=\"elementor-heading-title elementor-size-default\">UVK<\/h1>\t\t\t\t<\/div>\n\t\t\t\t<\/div>\n\t\t\t\t<div class=\"elementor-element elementor-element-48dc0a8 elementor-widget-divider--view-line elementor-widget elementor-widget-divider\" data-id=\"48dc0a8\" data-element_type=\"widget\" data-e-type=\"widget\" data-widget_type=\"divider.default\">\n\t\t\t\t<div class=\"elementor-widget-container\">\n\t\t\t\t\t\t\t<div class=\"elementor-divider\">\n\t\t\t<span class=\"elementor-divider-separator\">\n\t\t\t\t\t\t<\/span>\n\t\t<\/div>\n\t\t\t\t\t\t<\/div>\n\t\t\t\t<\/div>\n\t\t\t\t\t<\/div>\n\t\t<\/div>\n\t\t\t\t\t<\/div>\n\t\t<\/section>\n\t\t\t\t<section class=\"elementor-section elementor-top-section elementor-element elementor-element-df948cf elementor-section-boxed elementor-section-height-default elementor-section-height-default\" data-id=\"df948cf\" data-element_type=\"section\" data-e-type=\"section\">\n\t\t\t\t\t\t<div class=\"elementor-container elementor-column-gap-default\">\n\t\t\t\t\t<div class=\"elementor-column elementor-col-50 elementor-top-column elementor-element elementor-element-89b4c80\" data-id=\"89b4c80\" data-element_type=\"column\" data-e-type=\"column\">\n\t\t\t<div class=\"elementor-widget-wrap elementor-element-populated\">\n\t\t\t\t\t\t<div class=\"elementor-element elementor-element-d60c7de elementor-widget elementor-widget-text-editor\" data-id=\"d60c7de\" data-element_type=\"widget\" data-e-type=\"widget\" data-widget_type=\"text-editor.default\">\n\t\t\t\t<div class=\"elementor-widget-container\">\n\t\t\t\t\t\t\t\t\t<p>Viruses, bacteria, mold, spores, fungi, etc., can rapidly multiply in damp, dark HVAC systems and spread throughout the building via air conditioning systems, making the indoor environment infectious. Our UV germicidal devices installed in air ducts inactivate pathogenic microorganisms \u201con the spot.\u201d Building managers should consider installing this technology in their buildings.<\/p>\t\t\t\t\t\t\t\t<\/div>\n\t\t\t\t<\/div>\n\t\t\t\t<div class=\"elementor-element elementor-element-8e3cfe6 elementor-widget elementor-widget-text-editor\" data-id=\"8e3cfe6\" data-element_type=\"widget\" data-e-type=\"widget\" data-widget_type=\"text-editor.default\">\n\t\t\t\t<div class=\"elementor-widget-container\">\n\t\t\t\t\t\t\t\t\t<strong>Principle of operation<\/strong>\t\t\t\t\t\t\t\t<\/div>\n\t\t\t\t<\/div>\n\t\t\t\t<div class=\"elementor-element elementor-element-818e71b elementor-widget-divider--view-line elementor-widget elementor-widget-divider\" data-id=\"818e71b\" data-element_type=\"widget\" data-e-type=\"widget\" data-widget_type=\"divider.default\">\n\t\t\t\t<div class=\"elementor-widget-container\">\n\t\t\t\t\t\t\t<div class=\"elementor-divider\">\n\t\t\t<span class=\"elementor-divider-separator\">\n\t\t\t\t\t\t<\/span>\n\t\t<\/div>\n\t\t\t\t\t\t<\/div>\n\t\t\t\t<\/div>\n\t\t\t\t<div class=\"elementor-element elementor-element-5a79d6c elementor-widget elementor-widget-text-editor\" data-id=\"5a79d6c\" data-element_type=\"widget\" data-e-type=\"widget\" data-widget_type=\"text-editor.default\">\n\t\t\t\t<div class=\"elementor-widget-container\">\n\t\t\t\t\t\t\t\t\tBy installing the lamps parallel to the airflow, we can ensure a longer contact time (residence time) between microorganisms and the UV-C light:\t\t\t\t\t\t\t\t<\/div>\n\t\t\t\t<\/div>\n\t\t\t\t<div class=\"elementor-element elementor-element-867af91 elementor-widget elementor-widget-image\" data-id=\"867af91\" data-element_type=\"widget\" data-e-type=\"widget\" data-widget_type=\"image.default\">\n\t\t\t\t<div class=\"elementor-widget-container\">\n\t\t\t\t\t\t\t\t\t\t\t\t\t\t\t\t<a href=\"https:\/\/r-filter.ro\/wp-content\/uploads\/2021\/10\/VS.-ANGOL-1024x424.jpg\" data-elementor-open-lightbox=\"yes\" data-elementor-lightbox-title=\"VS.-MAGYAR_RO\" data-e-action-hash=\"#elementor-action%3Aaction%3Dlightbox%26settings%3DeyJpZCI6ODc0NSwidXJsIjoiaHR0cHM6XC9cL3ItZmlsdGVyLnJvXC93cC1jb250ZW50XC91cGxvYWRzXC8yMDI2XC8wMlwvVlMuLU1BR1lBUl9STy0xLmpwZyJ9\">\n\t\t\t\t\t\t\t<img fetchpriority=\"high\" decoding=\"async\" width=\"924\" height=\"388\" src=\"https:\/\/r-filter.ro\/wp-content\/uploads\/2021\/10\/VS.-ANGOL-1024x424.jpg\" class=\"attachment-large size-large wp-image-8745\" alt=\"\" srcset=\"\" sizes=\"(max-width: 924px) 100vw, 924px\" data-srcset=\"\" \/>\t\t\t\t\t\t\t\t<\/a>\n\t\t\t\t\t\t\t\t\t\t\t\t\t\t\t<\/div>\n\t\t\t\t<\/div>\n\t\t\t\t<div class=\"elementor-element elementor-element-9e0ada4 elementor-widget elementor-widget-text-editor\" data-id=\"9e0ada4\" data-element_type=\"widget\" data-e-type=\"widget\" data-widget_type=\"text-editor.default\">\n\t\t\t\t<div class=\"elementor-widget-container\">\n\t\t\t\t\t\t\t\t\tTo destroy microorganisms, a radiation dose of 10\u2013100 Ws\/m\u00b2 is generally required, although the radiation sensitivity of individual organisms varies greatly. The D10 dose value can range from 7 Ws\/m\u00b2 (Escherichia coli) to 1000 Ws\/m\u00b2 (fungi). The D10 value is the UV radiation dose that reduces an initial number of germs by 90%. The effect of UVC radiation on coronaviruses is well known. The D10 dose for these viruses is approximately 40 Ws\/m<sup>2<\/sup>.\t\t\t\t\t\t\t\t<\/div>\n\t\t\t\t<\/div>\n\t\t\t\t\t<\/div>\n\t\t<\/div>\n\t\t\t\t<div class=\"elementor-column elementor-col-50 elementor-top-column elementor-element elementor-element-dc5a491\" data-id=\"dc5a491\" data-element_type=\"column\" data-e-type=\"column\">\n\t\t\t<div class=\"elementor-widget-wrap elementor-element-populated\">\n\t\t\t\t\t\t<div class=\"elementor-element elementor-element-4a46543 elementor-widget elementor-widget-image\" data-id=\"4a46543\" data-element_type=\"widget\" data-e-type=\"widget\" data-widget_type=\"image.default\">\n\t\t\t\t<div class=\"elementor-widget-container\">\n\t\t\t\t\t\t\t\t\t\t\t\t\t\t\t<img decoding=\"async\" width=\"1200\" height=\"600\" src=\"https:\/\/r-filter.ro\/wp-content\/uploads\/2022\/10\/UVK3.jpg\" class=\"attachment-full size-full wp-image-5301\" alt=\"R-Filter innovat\u00edv konyhai l\u00e9gkezel\u00e9s, zs\u00edrbont\u00e1s \u00e9s szagtalan\u00edt\u00e1s\" srcset=\"https:\/\/r-filter.ro\/wp-content\/uploads\/2022\/10\/UVK3.jpg 1200w, https:\/\/r-filter.ro\/wp-content\/uploads\/2022\/10\/UVK3-300x150.jpg 300w, https:\/\/r-filter.ro\/wp-content\/uploads\/2022\/10\/UVK3-1024x512.jpg 1024w, https:\/\/r-filter.ro\/wp-content\/uploads\/2022\/10\/UVK3-768x384.jpg 768w, https:\/\/r-filter.ro\/wp-content\/uploads\/2022\/10\/UVK3-18x9.jpg 18w\" sizes=\"(max-width: 1200px) 100vw, 1200px\" \/>\t\t\t\t\t\t\t\t\t\t\t\t\t\t\t<\/div>\n\t\t\t\t<\/div>\n\t\t\t\t<div class=\"elementor-element elementor-element-2fe8c99 elementor-widget elementor-widget-text-editor\" data-id=\"2fe8c99\" data-element_type=\"widget\" data-e-type=\"widget\" data-widget_type=\"text-editor.default\">\n\t\t\t\t<div class=\"elementor-widget-container\">\n\t\t\t\t\t\t\t\t\t<p style=\"color: #0000f3;\">Advantages of using the equipment:<\/p>\n\n<ul>\n     <li>Easy to integrate into existing air duct systems<\/li>\n     <li>Configurations can be designed to achieve the desired dose<\/li>\n \t<li>Disinfection without chemicals and ozone<\/li>\n     <li>Innovative control ensures safe operation<\/li>\n     <li>Creates healthier indoor air quality<\/li>\n \t<li>Destroys health-damaging pathogens.\n     <li>Prevents the development of sick building syndrome.\n     <li>Improves well-being.\n     <li>Reduces HVAC system maintenance costs.\n<\/ul>\t\t\t\t\t\t\t\t<\/div>\n\t\t\t\t<\/div>\n\t\t\t\t\t<\/div>\n\t\t<\/div>\n\t\t\t\t\t<\/div>\n\t\t<\/section>\n\t\t\t\t<\/div>","protected":false},"excerpt":{"rendered":"<p>UVK Viru\u0219ii, bacteriile, mucegaiul, sporii, ciupercile etc. se pot dezvolta rapid \u00een sistemele HVAC umede \u0219i \u00eentunecate \u0219i se pot r\u0103sp\u00e2ndi \u00een \u00eentreaga cl\u0103dire prin intermediul sistemelor de aer condi\u021bionat, f\u0103c\u00e2nd mediul interior infec\u021bios. Dispozitivele noastre germicide UV instalate \u00een conductele de aer inactiveaz\u0103 microorganismele patogene \u201epe loc\u201d. Administratorii cl\u0103dirilor ar trebui s\u0103 ia \u00een&hellip;&nbsp;<a href=\"https:\/\/r-filter.ro\/en\/uvk\/\" rel=\"bookmark\">Read More &raquo;<span class=\"screen-reader-text\">UVK<\/span><\/a><\/p>","protected":false},"author":2,"featured_media":0,"parent":0,"menu_order":0,"comment_status":"closed","ping_status":"closed","template":"","meta":{"neve_meta_sidebar":"full-width","neve_meta_container":"","neve_meta_enable_content_width":"on","neve_meta_content_width":100,"neve_meta_title_alignment":"","neve_meta_author_avatar":"","neve_post_elements_order":"","neve_meta_disable_header":"","neve_meta_disable_footer":"","neve_meta_disable_title":"","neve_meta_reading_time":"","_themeisle_gutenberg_block_has_review":false,"_ti_tpc_template_sync":false,"_ti_tpc_template_id":"","footnotes":""},"class_list":["post-2068","page","type-page","status-publish","hentry"],"_links":{"self":[{"href":"https:\/\/r-filter.ro\/en\/wp-json\/wp\/v2\/pages\/2068","targetHints":{"allow":["GET"]}}],"collection":[{"href":"https:\/\/r-filter.ro\/en\/wp-json\/wp\/v2\/pages"}],"about":[{"href":"https:\/\/r-filter.ro\/en\/wp-json\/wp\/v2\/types\/page"}],"author":[{"embeddable":true,"href":"https:\/\/r-filter.ro\/en\/wp-json\/wp\/v2\/users\/2"}],"replies":[{"embeddable":true,"href":"https:\/\/r-filter.ro\/en\/wp-json\/wp\/v2\/comments?post=2068"}],"version-history":[{"count":42,"href":"https:\/\/r-filter.ro\/en\/wp-json\/wp\/v2\/pages\/2068\/revisions"}],"predecessor-version":[{"id":8748,"href":"https:\/\/r-filter.ro\/en\/wp-json\/wp\/v2\/pages\/2068\/revisions\/8748"}],"wp:attachment":[{"href":"https:\/\/r-filter.ro\/en\/wp-json\/wp\/v2\/media?parent=2068"}],"curies":[{"name":"wp","href":"https:\/\/api.w.org\/{rel}","templated":true}]}}