{"id":2028,"date":"2021-06-29T05:08:57","date_gmt":"2021-06-29T05:08:57","guid":{"rendered":"https:\/\/r-filter.hu\/?page_id=2028"},"modified":"2026-02-18T12:21:19","modified_gmt":"2026-02-18T10:21:19","slug":"uvr-kl","status":"publish","type":"page","link":"https:\/\/r-filter.ro\/en\/uvr-kl\/","title":{"rendered":"UVR-KL"},"content":{"rendered":"<div data-elementor-type=\"wp-page\" data-elementor-id=\"2028\" class=\"elementor elementor-2028\" data-elementor-post-type=\"page\">\n\t\t\t\t\t\t<section class=\"elementor-section elementor-top-section elementor-element elementor-element-0686e50 elementor-section-boxed elementor-section-height-default elementor-section-height-default\" data-id=\"0686e50\" data-element_type=\"section\" data-e-type=\"section\">\n\t\t\t\t\t\t<div class=\"elementor-container elementor-column-gap-default\">\n\t\t\t\t\t<div class=\"elementor-column elementor-col-100 elementor-top-column elementor-element elementor-element-73021be\" data-id=\"73021be\" data-element_type=\"column\" data-e-type=\"column\" data-settings=\"{&quot;background_background&quot;:&quot;classic&quot;}\">\n\t\t\t<div class=\"elementor-widget-wrap elementor-element-populated\">\n\t\t\t\t\t\t<div class=\"elementor-element elementor-element-3a950a9 elementor-widget elementor-widget-heading\" data-id=\"3a950a9\" data-element_type=\"widget\" data-e-type=\"widget\" data-widget_type=\"heading.default\">\n\t\t\t\t<div class=\"elementor-widget-container\">\n\t\t\t\t\t<h1 class=\"elementor-heading-title elementor-size-default\">UVR-KL<\/h1>\t\t\t\t<\/div>\n\t\t\t\t<\/div>\n\t\t\t\t<div class=\"elementor-element elementor-element-6e670c4 elementor-widget-divider--view-line elementor-widget elementor-widget-divider\" data-id=\"6e670c4\" data-element_type=\"widget\" data-e-type=\"widget\" data-widget_type=\"divider.default\">\n\t\t\t\t<div class=\"elementor-widget-container\">\n\t\t\t\t\t\t\t<div class=\"elementor-divider\">\n\t\t\t<span class=\"elementor-divider-separator\">\n\t\t\t\t\t\t<\/span>\n\t\t<\/div>\n\t\t\t\t\t\t<\/div>\n\t\t\t\t<\/div>\n\t\t\t\t\t<\/div>\n\t\t<\/div>\n\t\t\t\t\t<\/div>\n\t\t<\/section>\n\t\t\t\t<section class=\"elementor-section elementor-top-section elementor-element elementor-element-df948cf elementor-section-boxed elementor-section-height-default elementor-section-height-default\" data-id=\"df948cf\" data-element_type=\"section\" data-e-type=\"section\">\n\t\t\t\t\t\t<div class=\"elementor-container elementor-column-gap-default\">\n\t\t\t\t\t<div class=\"elementor-column elementor-col-50 elementor-top-column elementor-element elementor-element-89b4c80\" data-id=\"89b4c80\" data-element_type=\"column\" data-e-type=\"column\">\n\t\t\t<div class=\"elementor-widget-wrap elementor-element-populated\">\n\t\t\t\t\t\t<div class=\"elementor-element elementor-element-d60c7de elementor-widget elementor-widget-text-editor\" data-id=\"d60c7de\" data-element_type=\"widget\" data-e-type=\"widget\" data-widget_type=\"text-editor.default\">\n\t\t\t\t<div class=\"elementor-widget-container\">\n\t\t\t\t\t\t\t\t\t<p>Viruses, bacteria, mold, spores, fungi, etc., can rapidly multiply in damp, dark HVAC systems and spread throughout the building via air conditioning systems, making the indoor environment infectious. Our UV germicidal devices installed in air ducts inactivate pathogenic microorganisms \u201con the fly.\u201d Building managers should consider installing this technology in their buildings.<\/p>\t\t\t\t\t\t\t\t<\/div>\n\t\t\t\t<\/div>\n\t\t\t\t<div class=\"elementor-element elementor-element-727530a elementor-widget elementor-widget-text-editor\" data-id=\"727530a\" data-element_type=\"widget\" data-e-type=\"widget\" data-widget_type=\"text-editor.default\">\n\t\t\t\t<div class=\"elementor-widget-container\">\n\t\t\t\t\t\t\t\t\t<strong>Principle of operation<\/strong>\t\t\t\t\t\t\t\t<\/div>\n\t\t\t\t<\/div>\n\t\t\t\t<div class=\"elementor-element elementor-element-4e79d5c elementor-widget-divider--view-line elementor-widget elementor-widget-divider\" data-id=\"4e79d5c\" data-element_type=\"widget\" data-e-type=\"widget\" data-widget_type=\"divider.default\">\n\t\t\t\t<div class=\"elementor-widget-container\">\n\t\t\t\t\t\t\t<div class=\"elementor-divider\">\n\t\t\t<span class=\"elementor-divider-separator\">\n\t\t\t\t\t\t<\/span>\n\t\t<\/div>\n\t\t\t\t\t\t<\/div>\n\t\t\t\t<\/div>\n\t\t\t\t<div class=\"elementor-element elementor-element-e069360 elementor-widget elementor-widget-text-editor\" data-id=\"e069360\" data-element_type=\"widget\" data-e-type=\"widget\" data-widget_type=\"text-editor.default\">\n\t\t\t\t<div class=\"elementor-widget-container\">\n\t\t\t\t\t\t\t\t\t<p>Our family of UV air disinfection racks, or our UV frame series, has been designed with UV tubes of various power ratings (48, 72, 95, and 155 W) and frame lengths (400, 650, 880, 1200, and 1550 mm). We use three types of technical designs for flexible adaptation to HVAC duct systems:<br \/><strong>\u2013 UV rack mounted outside the air duct \u2013 integrated, meaning with controls built into the junction box (cut to fit the duct wall). See the image!<br \/>\u2013 UV rack mounted outside the air duct \u2013 not integrated into the junction box, i.e., with external controls (duct wall cut to size).<br \/>\u2013 Indoor UV rack \u2013 not integrated into the junction box, i.e., with external control.<br \/>For the most effective germicidal and bactericidal effect, an air velocity of 2\u20132.5 m\/s in the air duct is recommended.<\/strong><\/p><p><em> An image of a multi-frame installation in an air duct:<\/em><\/p>\t\t\t\t\t\t\t\t<\/div>\n\t\t\t\t<\/div>\n\t\t\t\t<div class=\"elementor-element elementor-element-f817e93 elementor-widget elementor-widget-image\" data-id=\"f817e93\" data-element_type=\"widget\" data-e-type=\"widget\" data-widget_type=\"image.default\">\n\t\t\t\t<div class=\"elementor-widget-container\">\n\t\t\t\t\t\t\t\t\t\t\t\t\t\t\t<img fetchpriority=\"high\" decoding=\"async\" width=\"300\" height=\"204\" src=\"https:\/\/r-filter.ro\/wp-content\/uploads\/2021\/09\/UVR-300x204.jpg\" class=\"attachment-medium size-medium wp-image-2991\" alt=\"\" srcset=\"https:\/\/r-filter.ro\/wp-content\/uploads\/2021\/09\/UVR-300x204.jpg 300w, https:\/\/r-filter.ro\/wp-content\/uploads\/2021\/09\/UVR-1024x697.jpg 1024w, https:\/\/r-filter.ro\/wp-content\/uploads\/2021\/09\/UVR-768x523.jpg 768w, https:\/\/r-filter.ro\/wp-content\/uploads\/2021\/09\/UVR-18x12.jpg 18w, https:\/\/r-filter.ro\/wp-content\/uploads\/2021\/09\/UVR.jpg 1131w\" sizes=\"(max-width: 300px) 100vw, 300px\" \/>\t\t\t\t\t\t\t\t\t\t\t\t\t\t\t<\/div>\n\t\t\t\t<\/div>\n\t\t\t\t<div class=\"elementor-element elementor-element-5a79d6c elementor-widget elementor-widget-text-editor\" data-id=\"5a79d6c\" data-element_type=\"widget\" data-e-type=\"widget\" data-widget_type=\"text-editor.default\">\n\t\t\t\t<div class=\"elementor-widget-container\">\n\t\t\t\t\t\t\t\t\tTo destroy microorganisms, a radiation dose of 10\u2013100 Ws\/m\u00b2 is generally required, although the radiation sensitivity of individual organisms varies greatly. The D10 dose value can range from 7 Ws\/m\u00b2 (Escherichia coli) to 1000 Ws\/m\u00b2 (fungi). The D10 value is the UV radiation dose that reduces an initial number of germs by 90%. The effect of UVC radiation on coronaviruses is well known. The D10 dose for these viruses is approximately 40 Ws\/m<sup>2<\/sup>.\t\t\t\t\t\t\t\t<\/div>\n\t\t\t\t<\/div>\n\t\t\t\t\t<\/div>\n\t\t<\/div>\n\t\t\t\t<div class=\"elementor-column elementor-col-50 elementor-top-column elementor-element elementor-element-dc5a491\" data-id=\"dc5a491\" data-element_type=\"column\" data-e-type=\"column\">\n\t\t\t<div class=\"elementor-widget-wrap elementor-element-populated\">\n\t\t\t\t\t\t<div class=\"elementor-element elementor-element-4a46543 elementor-widget elementor-widget-image\" data-id=\"4a46543\" data-element_type=\"widget\" data-e-type=\"widget\" data-widget_type=\"image.default\">\n\t\t\t\t<div class=\"elementor-widget-container\">\n\t\t\t\t\t\t\t\t\t\t\t\t\t\t\t<img decoding=\"async\" width=\"1024\" height=\"512\" src=\"https:\/\/r-filter.ro\/wp-content\/uploads\/2022\/10\/UVR-XL2-1024x512.jpg\" class=\"attachment-large size-large wp-image-5289\" alt=\"R-Filter innovat\u00edv konyhai l\u00e9gkezel\u00e9s, zs\u00edrbont\u00e1s \u00e9s szagtalan\u00edt\u00e1s\" srcset=\"https:\/\/r-filter.ro\/wp-content\/uploads\/2022\/10\/UVR-XL2-1024x512.jpg 1024w, https:\/\/r-filter.ro\/wp-content\/uploads\/2022\/10\/UVR-XL2-300x150.jpg 300w, https:\/\/r-filter.ro\/wp-content\/uploads\/2022\/10\/UVR-XL2-768x384.jpg 768w, https:\/\/r-filter.ro\/wp-content\/uploads\/2022\/10\/UVR-XL2-18x9.jpg 18w, https:\/\/r-filter.ro\/wp-content\/uploads\/2022\/10\/UVR-XL2.jpg 1200w\" sizes=\"(max-width: 1024px) 100vw, 1024px\" \/>\t\t\t\t\t\t\t\t\t\t\t\t\t\t\t<\/div>\n\t\t\t\t<\/div>\n\t\t\t\t<div class=\"elementor-element elementor-element-2fe8c99 elementor-widget elementor-widget-text-editor\" data-id=\"2fe8c99\" data-element_type=\"widget\" data-e-type=\"widget\" data-widget_type=\"text-editor.default\">\n\t\t\t\t<div class=\"elementor-widget-container\">\n\t\t\t\t\t\t\t\t\t<p style=\"color: #0000f3;\">Advantages of using the equipment:<\/p><ul><li>Easy to integrate into existing air duct systems<\/li><li>Configurations can be designed to achieve the desired dose<\/li><li>Disinfection without chemicals and ozone<\/li><li>Innovative control ensures safe operation<\/li><li>Creates healthier indoor air quality<\/li><li>Destroys health-damaging pathogens.<\/li><li>Prevents the development of sick building syndrome.<\/li><li>Improves well-being.<\/li><li>Reduces HVAC system maintenance costs.<\/li><\/ul>\t\t\t\t\t\t\t\t<\/div>\n\t\t\t\t<\/div>\n\t\t\t\t\t<\/div>\n\t\t<\/div>\n\t\t\t\t\t<\/div>\n\t\t<\/section>\n\t\t\t\t<\/div>","protected":false},"excerpt":{"rendered":"<p>UVR-KL Viru\u0219ii, bacteriile, mucegaiul, sporii, ciupercile etc. se pot dezvolta rapid \u00een sistemele HVAC umede \u0219i \u00eentunecate \u0219i se pot r\u0103sp\u00e2ndi \u00een \u00eentreaga cl\u0103dire prin intermediul sistemelor de aer condi\u021bionat, f\u0103c\u00e2nd mediul interior infec\u021bios. Dispozitivele noastre germicide UV instalate \u00een conductele de aer inactiveaz\u0103 microorganismele patogene \u201edin mers\u201d. Administratorii cl\u0103dirilor ar trebui s\u0103 ia \u00een&hellip;&nbsp;<a href=\"https:\/\/r-filter.ro\/en\/uvr-kl\/\" rel=\"bookmark\">Read More &raquo;<span class=\"screen-reader-text\">UVR-KL<\/span><\/a><\/p>","protected":false},"author":2,"featured_media":0,"parent":0,"menu_order":0,"comment_status":"closed","ping_status":"closed","template":"","meta":{"neve_meta_sidebar":"full-width","neve_meta_container":"","neve_meta_enable_content_width":"on","neve_meta_content_width":100,"neve_meta_title_alignment":"","neve_meta_author_avatar":"","neve_post_elements_order":"","neve_meta_disable_header":"","neve_meta_disable_footer":"","neve_meta_disable_title":"","neve_meta_reading_time":"","_themeisle_gutenberg_block_has_review":false,"_ti_tpc_template_sync":false,"_ti_tpc_template_id":"","footnotes":""},"class_list":["post-2028","page","type-page","status-publish","hentry"],"_links":{"self":[{"href":"https:\/\/r-filter.ro\/en\/wp-json\/wp\/v2\/pages\/2028","targetHints":{"allow":["GET"]}}],"collection":[{"href":"https:\/\/r-filter.ro\/en\/wp-json\/wp\/v2\/pages"}],"about":[{"href":"https:\/\/r-filter.ro\/en\/wp-json\/wp\/v2\/types\/page"}],"author":[{"embeddable":true,"href":"https:\/\/r-filter.ro\/en\/wp-json\/wp\/v2\/users\/2"}],"replies":[{"embeddable":true,"href":"https:\/\/r-filter.ro\/en\/wp-json\/wp\/v2\/comments?post=2028"}],"version-history":[{"count":74,"href":"https:\/\/r-filter.ro\/en\/wp-json\/wp\/v2\/pages\/2028\/revisions"}],"predecessor-version":[{"id":8596,"href":"https:\/\/r-filter.ro\/en\/wp-json\/wp\/v2\/pages\/2028\/revisions\/8596"}],"wp:attachment":[{"href":"https:\/\/r-filter.ro\/en\/wp-json\/wp\/v2\/media?parent=2028"}],"curies":[{"name":"wp","href":"https:\/\/api.w.org\/{rel}","templated":true}]}}