{"id":1610,"date":"2021-04-28T10:49:03","date_gmt":"2021-04-28T10:49:03","guid":{"rendered":"https:\/\/r-filter.hu\/?page_id=1610"},"modified":"2026-02-25T13:34:45","modified_gmt":"2026-02-25T11:34:45","slug":"uvt800","status":"publish","type":"page","link":"https:\/\/r-filter.ro\/en\/uvt800\/","title":{"rendered":"UVT"},"content":{"rendered":"<div data-elementor-type=\"wp-page\" data-elementor-id=\"1610\" class=\"elementor elementor-1610\" data-elementor-post-type=\"page\">\n\t\t\t\t\t\t<section class=\"elementor-section elementor-top-section elementor-element elementor-element-616e3ea elementor-section-boxed elementor-section-height-default elementor-section-height-default\" data-id=\"616e3ea\" data-element_type=\"section\" data-e-type=\"section\">\n\t\t\t\t\t\t<div class=\"elementor-container elementor-column-gap-default\">\n\t\t\t\t\t<div class=\"elementor-column elementor-col-100 elementor-top-column elementor-element elementor-element-965c506\" data-id=\"965c506\" data-element_type=\"column\" data-e-type=\"column\" data-settings=\"{&quot;background_background&quot;:&quot;classic&quot;}\">\n\t\t\t<div class=\"elementor-widget-wrap elementor-element-populated\">\n\t\t\t\t\t\t<div class=\"elementor-element elementor-element-2a7c07b elementor-widget elementor-widget-heading\" data-id=\"2a7c07b\" data-element_type=\"widget\" data-e-type=\"widget\" data-widget_type=\"heading.default\">\n\t\t\t\t<div class=\"elementor-widget-container\">\n\t\t\t\t\t<h1 class=\"elementor-heading-title elementor-size-default\">UVT<\/h1>\t\t\t\t<\/div>\n\t\t\t\t<\/div>\n\t\t\t\t<div class=\"elementor-element elementor-element-a0c4e83 elementor-widget-divider--view-line elementor-widget elementor-widget-divider\" data-id=\"a0c4e83\" data-element_type=\"widget\" data-e-type=\"widget\" data-widget_type=\"divider.default\">\n\t\t\t\t<div class=\"elementor-widget-container\">\n\t\t\t\t\t\t\t<div class=\"elementor-divider\">\n\t\t\t<span class=\"elementor-divider-separator\">\n\t\t\t\t\t\t<\/span>\n\t\t<\/div>\n\t\t\t\t\t\t<\/div>\n\t\t\t\t<\/div>\n\t\t\t\t\t<\/div>\n\t\t<\/div>\n\t\t\t\t\t<\/div>\n\t\t<\/section>\n\t\t\t\t<section class=\"elementor-section elementor-top-section elementor-element elementor-element-3f6f6979 elementor-section-boxed elementor-section-height-default elementor-section-height-default\" data-id=\"3f6f6979\" data-element_type=\"section\" data-e-type=\"section\">\n\t\t\t\t\t\t<div class=\"elementor-container elementor-column-gap-default\">\n\t\t\t\t\t<div class=\"elementor-column elementor-col-100 elementor-top-column elementor-element elementor-element-1a1a20b8\" data-id=\"1a1a20b8\" data-element_type=\"column\" data-e-type=\"column\">\n\t\t\t<div class=\"elementor-widget-wrap elementor-element-populated\">\n\t\t\t\t\t\t<section class=\"elementor-section elementor-inner-section elementor-element elementor-element-9d5341d elementor-section-boxed elementor-section-height-default elementor-section-height-default\" data-id=\"9d5341d\" data-element_type=\"section\" data-e-type=\"section\">\n\t\t\t\t\t\t<div class=\"elementor-container elementor-column-gap-default\">\n\t\t\t\t\t<div class=\"elementor-column elementor-col-50 elementor-inner-column elementor-element elementor-element-08c504a\" data-id=\"08c504a\" data-element_type=\"column\" data-e-type=\"column\">\n\t\t\t<div class=\"elementor-widget-wrap elementor-element-populated\">\n\t\t\t\t\t\t<div class=\"elementor-element elementor-element-1023c3b elementor-widget elementor-widget-text-editor\" data-id=\"1023c3b\" data-element_type=\"widget\" data-e-type=\"widget\" data-widget_type=\"text-editor.default\">\n\t\t\t\t<div class=\"elementor-widget-container\">\n\t\t\t\t\t\t\t\t\t<p><strong>Treats and sterilizes the air inside enclosed spaces (hospitals, industrial facilities, etc.)<\/strong><\/p>\t\t\t\t\t\t\t\t<\/div>\n\t\t\t\t<\/div>\n\t\t\t\t<div class=\"elementor-element elementor-element-6aede47 elementor-widget-divider--view-line elementor-widget elementor-widget-divider\" data-id=\"6aede47\" data-element_type=\"widget\" data-e-type=\"widget\" data-widget_type=\"divider.default\">\n\t\t\t\t<div class=\"elementor-widget-container\">\n\t\t\t\t\t\t\t<div class=\"elementor-divider\">\n\t\t\t<span class=\"elementor-divider-separator\">\n\t\t\t\t\t\t<\/span>\n\t\t<\/div>\n\t\t\t\t\t\t<\/div>\n\t\t\t\t<\/div>\n\t\t\t\t<div class=\"elementor-element elementor-element-e23b00b elementor-widget elementor-widget-text-editor\" data-id=\"e23b00b\" data-element_type=\"widget\" data-e-type=\"widget\" data-widget_type=\"text-editor.default\">\n\t\t\t\t<div class=\"elementor-widget-container\">\n\t\t\t\t\t\t\t\t\t<p>The device's own fan circulates the air to be sterilized in the room through the interior of the device, while germicidal lamps and a photocatalyst destroy airborne pathogens (viruses, bacteria, fungal spores).\t\t\t\t\t\t\t\t<\/div>\n\t\t\t\t<\/div>\n\t\t\t\t<div class=\"elementor-element elementor-element-efd0dc9 elementor-widget elementor-widget-text-editor\" data-id=\"efd0dc9\" data-element_type=\"widget\" data-e-type=\"widget\" data-widget_type=\"text-editor.default\">\n\t\t\t\t<div class=\"elementor-widget-container\">\n\t\t\t\t\t\t\t\t\t<strong>Principle of operation<\/strong>\t\t\t\t\t\t\t\t<\/div>\n\t\t\t\t<\/div>\n\t\t\t\t<div class=\"elementor-element elementor-element-5896186 elementor-widget-divider--view-line elementor-widget elementor-widget-divider\" data-id=\"5896186\" data-element_type=\"widget\" data-e-type=\"widget\" data-widget_type=\"divider.default\">\n\t\t\t\t<div class=\"elementor-widget-container\">\n\t\t\t\t\t\t\t<div class=\"elementor-divider\">\n\t\t\t<span class=\"elementor-divider-separator\">\n\t\t\t\t\t\t<\/span>\n\t\t<\/div>\n\t\t\t\t\t\t<\/div>\n\t\t\t\t<\/div>\n\t\t\t\t<div class=\"elementor-element elementor-element-46c273d elementor-widget elementor-widget-text-editor\" data-id=\"46c273d\" data-element_type=\"widget\" data-e-type=\"widget\" data-widget_type=\"text-editor.default\">\n\t\t\t\t<div class=\"elementor-widget-container\">\n\t\t\t\t\t\t\t\t\t<p>We also use titanium dioxide-coated surfaces and photocatalysts in our ceiling-mounted industrial germicidal devices. We use the synergistic effect of UV-C light and the germicidal action of the TiO<sub>2<\/sub>. Fans are installed to circulate the air from the room to be sterilized through the device. The air is first exposed to UV-C light, which has a disinfecting effect, then passes over a catalyst plate activated by the ultraviolet light.\n<p><em>The following air purification process takes place on the TiO-coated surface<sub>2<\/sub>:<\/em><\/p>\t\t\t\t\t\t\t\t<\/div>\n\t\t\t\t<\/div>\n\t\t\t\t<div class=\"elementor-element elementor-element-a600c9e elementor-widget elementor-widget-image\" data-id=\"a600c9e\" data-element_type=\"widget\" data-e-type=\"widget\" data-widget_type=\"image.default\">\n\t\t\t\t<div class=\"elementor-widget-container\">\n\t\t\t\t\t\t\t\t\t\t\t\t\t\t\t<img fetchpriority=\"high\" decoding=\"async\" width=\"1024\" height=\"670\" src=\"https:\/\/r-filter.ro\/wp-content\/uploads\/2021\/10\/fot.e.1.a-1024x667.jpg\" class=\"attachment-large size-large wp-image-8709\" alt=\"\" srcset=\"\" sizes=\"(max-width: 1024px) 100vw, 1024px\" data-srcset=\"\" \/>\t\t\t\t\t\t\t\t\t\t\t\t\t\t\t<\/div>\n\t\t\t\t<\/div>\n\t\t\t\t<div class=\"elementor-element elementor-element-39dba26 elementor-widget elementor-widget-text-editor\" data-id=\"39dba26\" data-element_type=\"widget\" data-e-type=\"widget\" data-widget_type=\"text-editor.default\">\n\t\t\t\t<div class=\"elementor-widget-container\">\n\t\t\t\t\t\t\t\t\t<p>The coating above is a semiconductor in which electrons (e-) are excited into the conduction band when illuminated with light of a certain wavelength, leaving holes (h+) in their place.<sub>2<\/sub>-) radicals are formed from the oxygen in the air. As a result, pollutants are decomposed, and microorganisms are destroyed by deterioration of their DNA structure. Microbes and organic matter are mineralized, producing carbon dioxide and water.\t\t\t\t\t\t\t\t<\/div>\n\t\t\t\t<\/div>\n\t\t\t\t<div class=\"elementor-element elementor-element-9cdd475 elementor-widget elementor-widget-image\" data-id=\"9cdd475\" data-element_type=\"widget\" data-e-type=\"widget\" data-widget_type=\"image.default\">\n\t\t\t\t<div class=\"elementor-widget-container\">\n\t\t\t\t\t\t\t\t\t\t\t\t\t\t\t<img decoding=\"async\" width=\"1024\" height=\"589\" src=\"https:\/\/r-filter.ro\/wp-content\/uploads\/2021\/10\/fot.e.2.a-1024x578.jpg\" class=\"attachment-large size-large wp-image-8711\" alt=\"\" srcset=\"\" sizes=\"(max-width: 1024px) 100vw, 1024px\" data-srcset=\"\" \/>\t\t\t\t\t\t\t\t\t\t\t\t\t\t\t<\/div>\n\t\t\t\t<\/div>\n\t\t\t\t\t<\/div>\n\t\t<\/div>\n\t\t\t\t<div class=\"elementor-column elementor-col-50 elementor-inner-column elementor-element elementor-element-6481d9e\" data-id=\"6481d9e\" data-element_type=\"column\" data-e-type=\"column\">\n\t\t\t<div class=\"elementor-widget-wrap elementor-element-populated\">\n\t\t\t\t\t\t<div class=\"elementor-element elementor-element-489e0ae elementor-widget elementor-widget-image\" data-id=\"489e0ae\" data-element_type=\"widget\" data-e-type=\"widget\" data-widget_type=\"image.default\">\n\t\t\t\t<div class=\"elementor-widget-container\">\n\t\t\t\t\t\t\t\t\t\t\t\t\t\t\t<img decoding=\"async\" width=\"1200\" height=\"600\" src=\"https:\/\/r-filter.ro\/wp-content\/uploads\/2022\/10\/UVT2.jpg\" class=\"attachment-full size-full wp-image-5303\" alt=\"R-Filter innovat\u00edv konyhai l\u00e9gkezel\u00e9s, zs\u00edrbont\u00e1s \u00e9s szagtalan\u00edt\u00e1s\" srcset=\"https:\/\/r-filter.ro\/wp-content\/uploads\/2022\/10\/UVT2.jpg 1200w, https:\/\/r-filter.ro\/wp-content\/uploads\/2022\/10\/UVT2-300x150.jpg 300w, https:\/\/r-filter.ro\/wp-content\/uploads\/2022\/10\/UVT2-1024x512.jpg 1024w, https:\/\/r-filter.ro\/wp-content\/uploads\/2022\/10\/UVT2-768x384.jpg 768w, https:\/\/r-filter.ro\/wp-content\/uploads\/2022\/10\/UVT2-18x9.jpg 18w\" sizes=\"(max-width: 1200px) 100vw, 1200px\" \/>\t\t\t\t\t\t\t\t\t\t\t\t\t\t\t<\/div>\n\t\t\t\t<\/div>\n\t\t\t\t<div class=\"elementor-element elementor-element-b57fc83 elementor-widget elementor-widget-text-editor\" data-id=\"b57fc83\" data-element_type=\"widget\" data-e-type=\"widget\" data-widget_type=\"text-editor.default\">\n\t\t\t\t<div class=\"elementor-widget-container\">\n\t\t\t\t\t\t\t\t\t<p style=\"color: #0000f3;\">Advantages of using the equipment:<\/p>\n<ul>\n<li>the combined synergistic effect of UV light and the photocatalyst takes effect<\/li>\n<li>high level of sterilization<\/li>\n<li>Volatile organic and inorganic compounds, odors, water and carbon dioxide are mineralized during the process.<\/li>\n<li>Reduction of respiratory diseases.<\/li>\n<li>Ozone-free and chemical-free operation.<\/li>\n<li>No filter required<\/li>\n<li>Requires minimal maintenance<\/li>\n<li>The housing is made of stainless steel, so there is no risk of corrosion<\/li>\n<li>Easy to install<\/li>\n<\/ul>\t\t\t\t\t\t\t\t<\/div>\n\t\t\t\t<\/div>\n\t\t\t\t<div class=\"elementor-element elementor-element-0b21cfe elementor-widget elementor-widget-image\" data-id=\"0b21cfe\" data-element_type=\"widget\" data-e-type=\"widget\" data-widget_type=\"image.default\">\n\t\t\t\t<div class=\"elementor-widget-container\">\n\t\t\t\t\t\t\t\t\t\t\t\t\t\t\t<img loading=\"lazy\" decoding=\"async\" width=\"1024\" height=\"756\" src=\"https:\/\/r-filter.ro\/wp-content\/uploads\/2021\/04\/UVT-800M3-1024x756.jpg\" class=\"attachment-large size-large wp-image-1612\" alt=\"\" srcset=\"https:\/\/r-filter.ro\/wp-content\/uploads\/2021\/04\/UVT-800M3-1024x756.jpg 1024w, https:\/\/r-filter.ro\/wp-content\/uploads\/2021\/04\/UVT-800M3-300x221.jpg 300w, https:\/\/r-filter.ro\/wp-content\/uploads\/2021\/04\/UVT-800M3-768x567.jpg 768w, https:\/\/r-filter.ro\/wp-content\/uploads\/2021\/04\/UVT-800M3-1536x1134.jpg 1536w, https:\/\/r-filter.ro\/wp-content\/uploads\/2021\/04\/UVT-800M3-2048x1511.jpg 2048w, https:\/\/r-filter.ro\/wp-content\/uploads\/2021\/04\/UVT-800M3-16x12.jpg 16w\" sizes=\"(max-width: 1024px) 100vw, 1024px\" \/>\t\t\t\t\t\t\t\t\t\t\t\t\t\t\t<\/div>\n\t\t\t\t<\/div>\n\t\t\t\t\t<\/div>\n\t\t<\/div>\n\t\t\t\t\t<\/div>\n\t\t<\/section>\n\t\t\t\t<div class=\"elementor-element elementor-element-44d38d5 elementor-widget elementor-widget-text-editor\" data-id=\"44d38d5\" data-element_type=\"widget\" data-e-type=\"widget\" data-widget_type=\"text-editor.default\">\n\t\t\t\t<div class=\"elementor-widget-container\">\n\t\t\t\t\t\t\t\t\t\n<div class=\"wp-block-themeisle-blocks-advanced-columns has-undefined-columns has-desktop-undefined-layout has-tablet-equal-layout has-mobile-equal-layout has-default-gap has-vertical-unset\" id=\"wp-block-themeisle-blocks-advanced-columns-dc940797\"><div class=\"wp-block-themeisle-blocks-advanced-columns-overlay\"><\/div><div class=\"innerblocks-wrap\"><\/div><\/div>\n\t\t\t\t\t\t\t\t<\/div>\n\t\t\t\t<\/div>\n\t\t\t\t\t<\/div>\n\t\t<\/div>\n\t\t\t\t\t<\/div>\n\t\t<\/section>\n\t\t\t\t<\/div>","protected":false},"excerpt":{"rendered":"<p>UVT Trateaz\u0103 \u0219i sterilizeaz\u0103 aerul din interiorul spa\u021biilor \u00eenchise (spitale, instala\u021bii industriale etc.) Ventilatorul propriu al dispozitivului circul\u0103 aerul care trebuie sterilizat \u00een \u00eenc\u0103pere prin interiorul dispozitivului, \u00een timp ce l\u0103mpile germicide \u0219i un fotocatalizator distrug agen\u021bii patogeni (viru\u0219i, bacterii, spori fungici) transporta\u021bi \u00een aer. Dispozitivul este instalat \u00eentr-o versiune suspendat\u0103 \u00een camera care urmeaz\u0103&hellip;&nbsp;<a href=\"https:\/\/r-filter.ro\/en\/uvt800\/\" rel=\"bookmark\">Read More &raquo;<span class=\"screen-reader-text\">UVT<\/span><\/a><\/p>","protected":false},"author":2,"featured_media":0,"parent":0,"menu_order":0,"comment_status":"closed","ping_status":"closed","template":"","meta":{"neve_meta_sidebar":"full-width","neve_meta_container":"","neve_meta_enable_content_width":"on","neve_meta_content_width":100,"neve_meta_title_alignment":"","neve_meta_author_avatar":"","neve_post_elements_order":"","neve_meta_disable_header":"","neve_meta_disable_footer":"","neve_meta_disable_title":"","neve_meta_reading_time":"","_themeisle_gutenberg_block_has_review":false,"_ti_tpc_template_sync":false,"_ti_tpc_template_id":"","footnotes":""},"class_list":["post-1610","page","type-page","status-publish","hentry"],"_links":{"self":[{"href":"https:\/\/r-filter.ro\/en\/wp-json\/wp\/v2\/pages\/1610","targetHints":{"allow":["GET"]}}],"collection":[{"href":"https:\/\/r-filter.ro\/en\/wp-json\/wp\/v2\/pages"}],"about":[{"href":"https:\/\/r-filter.ro\/en\/wp-json\/wp\/v2\/types\/page"}],"author":[{"embeddable":true,"href":"https:\/\/r-filter.ro\/en\/wp-json\/wp\/v2\/users\/2"}],"replies":[{"embeddable":true,"href":"https:\/\/r-filter.ro\/en\/wp-json\/wp\/v2\/comments?post=1610"}],"version-history":[{"count":37,"href":"https:\/\/r-filter.ro\/en\/wp-json\/wp\/v2\/pages\/1610\/revisions"}],"predecessor-version":[{"id":8723,"href":"https:\/\/r-filter.ro\/en\/wp-json\/wp\/v2\/pages\/1610\/revisions\/8723"}],"wp:attachment":[{"href":"https:\/\/r-filter.ro\/en\/wp-json\/wp\/v2\/media?parent=1610"}],"curies":[{"name":"wp","href":"https:\/\/api.w.org\/{rel}","templated":true}]}}