{"id":925,"date":"2021-03-18T08:12:20","date_gmt":"2021-03-18T08:12:20","guid":{"rendered":"https:\/\/r-filter.hu\/?page_id=925"},"modified":"2026-02-25T13:33:08","modified_gmt":"2026-02-25T11:33:08","slug":"uvh50","status":"publish","type":"page","link":"https:\/\/r-filter.ro\/de\/uvh50\/","title":{"rendered":"UVH"},"content":{"rendered":"<div data-elementor-type=\"wp-page\" data-elementor-id=\"925\" class=\"elementor elementor-925\" data-elementor-post-type=\"page\">\n\t\t\t\t\t\t<section class=\"elementor-section elementor-top-section elementor-element elementor-element-be11c91 elementor-section-boxed elementor-section-height-default elementor-section-height-default\" data-id=\"be11c91\" data-element_type=\"section\" data-e-type=\"section\">\n\t\t\t\t\t\t<div class=\"elementor-container elementor-column-gap-default\">\n\t\t\t\t\t<div class=\"elementor-column elementor-col-100 elementor-top-column elementor-element elementor-element-009a53b\" data-id=\"009a53b\" data-element_type=\"column\" data-e-type=\"column\" data-settings=\"{&quot;background_background&quot;:&quot;classic&quot;}\">\n\t\t\t<div class=\"elementor-widget-wrap elementor-element-populated\">\n\t\t\t\t\t\t<div class=\"elementor-element elementor-element-fd28468 elementor-widget elementor-widget-heading\" data-id=\"fd28468\" data-element_type=\"widget\" data-e-type=\"widget\" data-widget_type=\"heading.default\">\n\t\t\t\t<div class=\"elementor-widget-container\">\n\t\t\t\t\t<h1 class=\"elementor-heading-title elementor-size-default\">UVH 50<\/h1>\t\t\t\t<\/div>\n\t\t\t\t<\/div>\n\t\t\t\t<div class=\"elementor-element elementor-element-c47d127 elementor-widget-divider--view-line elementor-widget elementor-widget-divider\" data-id=\"c47d127\" data-element_type=\"widget\" data-e-type=\"widget\" data-widget_type=\"divider.default\">\n\t\t\t\t<div class=\"elementor-widget-container\">\n\t\t\t\t\t\t\t<div class=\"elementor-divider\">\n\t\t\t<span class=\"elementor-divider-separator\">\n\t\t\t\t\t\t<\/span>\n\t\t<\/div>\n\t\t\t\t\t\t<\/div>\n\t\t\t\t<\/div>\n\t\t\t\t\t<\/div>\n\t\t<\/div>\n\t\t\t\t\t<\/div>\n\t\t<\/section>\n\t\t\t\t<section class=\"elementor-section elementor-top-section elementor-element elementor-element-2183a3f elementor-section-boxed elementor-section-height-default elementor-section-height-default\" data-id=\"2183a3f\" data-element_type=\"section\" data-e-type=\"section\">\n\t\t\t\t\t\t<div class=\"elementor-container elementor-column-gap-default\">\n\t\t\t\t\t<div class=\"elementor-column elementor-col-100 elementor-top-column elementor-element elementor-element-e0019e5\" data-id=\"e0019e5\" data-element_type=\"column\" data-e-type=\"column\">\n\t\t\t<div class=\"elementor-widget-wrap elementor-element-populated\">\n\t\t\t\t\t\t<section class=\"elementor-section elementor-inner-section elementor-element elementor-element-c775e80 elementor-section-boxed elementor-section-height-default elementor-section-height-default\" data-id=\"c775e80\" data-element_type=\"section\" data-e-type=\"section\">\n\t\t\t\t\t\t<div class=\"elementor-container elementor-column-gap-default\">\n\t\t\t\t\t<div class=\"elementor-column elementor-col-50 elementor-inner-column elementor-element elementor-element-3ceb423\" data-id=\"3ceb423\" data-element_type=\"column\" data-e-type=\"column\">\n\t\t\t<div class=\"elementor-widget-wrap elementor-element-populated\">\n\t\t\t\t\t\t<div class=\"elementor-element elementor-element-47aa036 elementor-widget elementor-widget-text-editor\" data-id=\"47aa036\" data-element_type=\"widget\" data-e-type=\"widget\" data-widget_type=\"text-editor.default\">\n\t\t\t\t<div class=\"elementor-widget-container\">\n\t\t\t\t\t\t\t\t\t<p>Das photokatalytische UVH-Desinfektionsmittel und der geruchlose Luftreiniger mit Bewegungssensor wurden speziell f\u00fcr die Desinfektion und Desodorierung der Luft in belebten und stark frequentierten \u00f6ffentlichen R\u00e4umen entwickelt.<br \/><strong>Dieses innovative Ger\u00e4t kann in allen R\u00e4umen eingesetzt werden (Toiletten, B\u00e4der, Saunen, Umkleider\u00e4ume, Werkst\u00e4tten, stark frequentierte Servicebereiche, Fitnessstudios und Unterk\u00fcnfte), in denen Mikroorganismen, unangenehme und gesundheitssch\u00e4dliche Ger\u00fcche gefiltert und neutralisiert werden sollen. <\/strong> Indem wir Bakterien und Viren aus der Luft entfernen, verhindern wir auch, dass sie sich auf Oberfl\u00e4chen festsetzen und sich durch Kontakt verbreiten.<\/p>\t\t\t\t\t\t\t\t<\/div>\n\t\t\t\t<\/div>\n\t\t\t\t<div class=\"elementor-element elementor-element-6dfe22a elementor-widget-divider--view-line elementor-widget elementor-widget-divider\" data-id=\"6dfe22a\" data-element_type=\"widget\" data-e-type=\"widget\" data-widget_type=\"divider.default\">\n\t\t\t\t<div class=\"elementor-widget-container\">\n\t\t\t\t\t\t\t<div class=\"elementor-divider\">\n\t\t\t<span class=\"elementor-divider-separator\">\n\t\t\t\t\t\t<\/span>\n\t\t<\/div>\n\t\t\t\t\t\t<\/div>\n\t\t\t\t<\/div>\n\t\t\t\t<div class=\"elementor-element elementor-element-279481f elementor-widget elementor-widget-text-editor\" data-id=\"279481f\" data-element_type=\"widget\" data-e-type=\"widget\" data-widget_type=\"text-editor.default\">\n\t\t\t\t<div class=\"elementor-widget-container\">\n\t\t\t\t\t\t\t\t\t<strong>Wie es funktioniert<\/strong>\t\t\t\t\t\t\t\t<\/div>\n\t\t\t\t<\/div>\n\t\t\t\t<div class=\"elementor-element elementor-element-73b3115 elementor-widget elementor-widget-text-editor\" data-id=\"73b3115\" data-element_type=\"widget\" data-e-type=\"widget\" data-widget_type=\"text-editor.default\">\n\t\t\t\t<div class=\"elementor-widget-container\">\n\t\t\t\t\t\t\t\t\t<p>Der hygienische Luftreiniger R-FILTER UVH-50 mit Gebl\u00e4se neutralisiert wirksam Bakterien und Viren in der Raumluft und beseitigt Ger\u00fcche. Der Luftreiniger kombiniert die Synergieeffekte von zwei Technologien.<\/p><p><b>PCO (photokatalytische Oxidation):<br \/><\/b><span style=\"colour: var( --e-global-colour-text ); font-family: var( --e-global-typography-text-font-family ), Sans-serif; font-weight: var( --e-global-typography-text-font-weight ); background-colour: var(--nv-site-bg); font-size: var(--bodyfontsize); letter-spacing: var(--bodyletterspacing); text-transform: var(--bodytexttransform);\">Die von den eingebauten Ventilatoren umgew\u00e4lzte Raumluft str\u00f6mt durch das Ger\u00e4t und kommt mit den photokatalytischen Platten in Kontakt. Die Platten werden mit UV-Licht beleuchtet, das die Katalysatorplatten aktiviert und hochreaktive Hydroxyl- und Superoxid-Ionen erzeugt. Diese greifen die Schadstoffe in der Luft, wie die meisten organischen Verunreinigungen (Bakterien, Viren, Schimmelpilze und Ger\u00fcche) an und zerst\u00f6ren sie durch Oxidation. <\/span><\/p><p><b>UVGI (Ultraviolette keimt\u00f6tende Bestrahlung mit ultravioletter keimt\u00f6tender Bestrahlung):<br \/><\/b><span style=\"colour: var( --e-global-colour-text ); font-family: var( --e-global-typography-text-font-family ), Sans-serif; font-weight: var( --e-global-typography-text-font-weight ); background-colour: var(--nv-site-bg); font-size: var(--bodyfontsize); letter-spacing: var(--bodyletterspacing); text-transform: var(--bodytexttransform);\">Die verwendete keimt\u00f6tende oder bakterient\u00f6tende Lampe ist eine spezielle UV-C-Lichtquelle. Die kurzwellige ultraviolette Strahlung in der UV-Reaktorkammer des Ger\u00e4ts zerst\u00f6rt die DNA und RNA der Mikroorganismen und t\u00f6tet sie ab. Das UV-Licht dient auch zur Aktivierung der Photokatalysatorplatten.<\/span><\/p><p><em>Der folgende Luftreinigungsprozess findet auf dem TiO<sub>2<\/sub>:<\/em><\/p>\t\t\t\t\t\t\t\t<\/div>\n\t\t\t\t<\/div>\n\t\t\t\t<div class=\"elementor-element elementor-element-a83a2b9 elementor-widget elementor-widget-image\" data-id=\"a83a2b9\" data-element_type=\"widget\" data-e-type=\"widget\" data-widget_type=\"image.default\">\n\t\t\t\t<div class=\"elementor-widget-container\">\n\t\t\t\t\t\t\t\t\t\t\t\t\t\t\t<img fetchpriority=\"high\" decoding=\"async\" width=\"1024\" height=\"670\" src=\"https:\/\/r-filter.ro\/wp-content\/uploads\/2021\/11\/fot.e.1.n-1024x687.jpg\" class=\"attachment-large size-large wp-image-8709\" alt=\"\" srcset=\"\" sizes=\"(max-width: 1024px) 100vw, 1024px\" data-srcset=\"\" \/>\t\t\t\t\t\t\t\t\t\t\t\t\t\t\t<\/div>\n\t\t\t\t<\/div>\n\t\t\t\t<div class=\"elementor-element elementor-element-b831c42 elementor-widget elementor-widget-text-editor\" data-id=\"b831c42\" data-element_type=\"widget\" data-e-type=\"widget\" data-widget_type=\"text-editor.default\">\n\t\t\t\t<div class=\"elementor-widget-container\">\n\t\t\t\t\t\t\t\t\t<p>TiO<sub>2<\/sub> ist ein Halbleiter, in dem bei Beleuchtung mit Licht einer bestimmten Wellenl\u00e4nge Elektronen (e-) im Leitungsband angeregt werden und an ihrer Stelle L\u00f6cher (h+) entstehen. Die L\u00f6cher haben eine stark oxidierende Wirkung, w\u00e4hrend die Elektronen eine stark reduzierende Wirkung haben. Die hochreaktiven Hydroxylradikale (-OH) werden aus dem Wasser der Luftfeuchtigkeit gebildet, w\u00e4hrend die Superoxidradikale (-O<sub>2<\/sub>-) werden aus dem Sauerstoff der Luft reaktive Stoffe gebildet. Geruchsstoffe in der Luft werden abgebaut und Mikroorganismen werden durch Sch\u00e4digung der Struktur ihrer DNA zerst\u00f6rt, so dass nur Kohlendioxid und Wasser zur\u00fcckbleiben, die mit der gereinigten Luft abgef\u00fchrt werden. Die Titandioxid-Beschichtung nutzt sich nicht ab und bleibt dauerhaft funktionsf\u00e4hig.<\/p><p><em>Ein Querschnittsbild, das den Zersetzungsprozess von fl\u00fcchtigen organischen Verbindungen (VOC) zeigt:<\/em><\/p>\t\t\t\t\t\t\t\t<\/div>\n\t\t\t\t<\/div>\n\t\t\t\t<div class=\"elementor-element elementor-element-846bfd6 elementor-widget elementor-widget-image\" data-id=\"846bfd6\" data-element_type=\"widget\" data-e-type=\"widget\" data-widget_type=\"image.default\">\n\t\t\t\t<div class=\"elementor-widget-container\">\n\t\t\t\t\t\t\t\t\t\t\t\t\t\t\t<img decoding=\"async\" width=\"1024\" height=\"589\" src=\"https:\/\/r-filter.ro\/wp-content\/uploads\/2021\/11\/fot.e.2.n-1024x588.jpg\" class=\"attachment-large size-large wp-image-8711\" alt=\"\" srcset=\"\" sizes=\"(max-width: 1024px) 100vw, 1024px\" data-srcset=\"\" \/>\t\t\t\t\t\t\t\t\t\t\t\t\t\t\t<\/div>\n\t\t\t\t<\/div>\n\t\t\t\t\t<\/div>\n\t\t<\/div>\n\t\t\t\t<div class=\"elementor-column elementor-col-50 elementor-inner-column elementor-element elementor-element-2fff13a\" data-id=\"2fff13a\" data-element_type=\"column\" data-e-type=\"column\">\n\t\t\t<div class=\"elementor-widget-wrap elementor-element-populated\">\n\t\t\t\t\t\t<div class=\"elementor-element elementor-element-b74dc22 elementor-widget elementor-widget-image\" data-id=\"b74dc22\" data-element_type=\"widget\" data-e-type=\"widget\" data-widget_type=\"image.default\">\n\t\t\t\t<div class=\"elementor-widget-container\">\n\t\t\t\t\t\t\t\t\t\t\t\t\t\t\t<img decoding=\"async\" width=\"1024\" height=\"512\" src=\"https:\/\/r-filter.ro\/wp-content\/uploads\/2022\/10\/UVH2-1024x512.jpg\" class=\"attachment-large size-large wp-image-5297\" alt=\"R-Filter innovat\u00edv konyhai l\u00e9gkezel\u00e9s, zs\u00edrbont\u00e1s \u00e9s szagtalan\u00edt\u00e1s\" srcset=\"https:\/\/r-filter.ro\/wp-content\/uploads\/2022\/10\/UVH2-1024x512.jpg 1024w, https:\/\/r-filter.ro\/wp-content\/uploads\/2022\/10\/UVH2-300x150.jpg 300w, https:\/\/r-filter.ro\/wp-content\/uploads\/2022\/10\/UVH2-768x384.jpg 768w, https:\/\/r-filter.ro\/wp-content\/uploads\/2022\/10\/UVH2-18x9.jpg 18w, https:\/\/r-filter.ro\/wp-content\/uploads\/2022\/10\/UVH2.jpg 1200w\" sizes=\"(max-width: 1024px) 100vw, 1024px\" \/>\t\t\t\t\t\t\t\t\t\t\t\t\t\t\t<\/div>\n\t\t\t\t<\/div>\n\t\t\t\t<div class=\"elementor-element elementor-element-28494af elementor-widget elementor-widget-text-editor\" data-id=\"28494af\" data-element_type=\"widget\" data-e-type=\"widget\" data-widget_type=\"text-editor.default\">\n\t\t\t\t<div class=\"elementor-widget-container\">\n\t\t\t\t\t\t\t\t\t<p style=\"color: #0000f3;\">Vorteile der Verwendung des Ger\u00e4ts:<\/p>\n\n<ul>\n \t<li>die synergistische Wirkung von ultravioletter keimt\u00f6tender Bestrahlung (UVGI) und photokatalytischer Oxidation (PCO)<\/li>\n \t<li>hervorragende desinfizierende und desodorierende Wirkung<\/li>\n \t<li>chemie- und ozonfreier Betrieb<\/li>\n \t<li>Automatische Aktivierung des Bewegungssensors<\/li>\n \t<li>Geh\u00e4use aus rostfreiem Stahl<\/li>\n \t<li>Mindestanforderungen an die Instandhaltung<\/li>\n \t<li>18-monatige Garantie<\/li>\n<\/ul>\t\t\t\t\t\t\t\t<\/div>\n\t\t\t\t<\/div>\n\t\t\t\t<div class=\"elementor-element elementor-element-c783028 elementor-widget elementor-widget-image\" data-id=\"c783028\" data-element_type=\"widget\" data-e-type=\"widget\" data-widget_type=\"image.default\">\n\t\t\t\t<div class=\"elementor-widget-container\">\n\t\t\t\t\t\t\t\t\t\t\t\t\t\t\t<img loading=\"lazy\" decoding=\"async\" width=\"541\" height=\"460\" src=\"https:\/\/r-filter.ro\/wp-content\/uploads\/2021\/03\/UVH_rajz.jpg\" class=\"attachment-large size-large wp-image-936\" alt=\"\" srcset=\"https:\/\/r-filter.ro\/wp-content\/uploads\/2021\/03\/UVH_rajz.jpg 541w, https:\/\/r-filter.ro\/wp-content\/uploads\/2021\/03\/UVH_rajz-300x255.jpg 300w, https:\/\/r-filter.ro\/wp-content\/uploads\/2021\/03\/UVH_rajz-14x12.jpg 14w\" sizes=\"(max-width: 541px) 100vw, 541px\" \/>\t\t\t\t\t\t\t\t\t\t\t\t\t\t\t<\/div>\n\t\t\t\t<\/div>\n\t\t\t\t<div class=\"elementor-element elementor-element-300e6fa elementor-widget elementor-widget-text-editor\" data-id=\"300e6fa\" data-element_type=\"widget\" data-e-type=\"widget\" data-widget_type=\"text-editor.default\">\n\t\t\t\t<div class=\"elementor-widget-container\">\n\t\t\t\t\t\t\t\t\t<strong>Auf Anfrage senden wir Ihnen die Datenbl\u00e4tter der Ger\u00e4te zu, nachdem Sie sich im Men\u00fc &#8222;Kontakt&#8221; registriert haben.<\/strong>\t\t\t\t\t\t\t\t<\/div>\n\t\t\t\t<\/div>\n\t\t\t\t\t<\/div>\n\t\t<\/div>\n\t\t\t\t\t<\/div>\n\t\t<\/section>\n\t\t\t\t\t<\/div>\n\t\t<\/div>\n\t\t\t\t\t<\/div>\n\t\t<\/section>\n\t\t\t\t<\/div>","protected":false},"excerpt":{"rendered":"<p>Der photokatalytische Luftreiniger UVH 50 UVH mit Bewegungssensor wurde speziell f\u00fcr die Desinfektion und Desodorierung der Luft in stark frequentierten, \u00f6ffentlichen Bereichen entwickelt und kann in allen R\u00e4umen (Toiletten, B\u00e4der, Saunen, Umkleider\u00e4ume, Werkst\u00e4tten, stark frequentierte Servicebereiche, Fitnessstudios und Gesundheitseinrichtungen) eingesetzt werden;&nbsp;<a href=\"https:\/\/r-filter.ro\/de\/uvh50\/\" rel=\"bookmark\">Mehr lesen &raquo;<span class=\"screen-reader-text\">UVH<\/span><\/a><\/p>","protected":false},"author":1,"featured_media":0,"parent":0,"menu_order":0,"comment_status":"closed","ping_status":"closed","template":"","meta":{"neve_meta_sidebar":"full-width","neve_meta_container":"","neve_meta_enable_content_width":"on","neve_meta_content_width":100,"neve_meta_title_alignment":"","neve_meta_author_avatar":"","neve_post_elements_order":"","neve_meta_disable_header":"","neve_meta_disable_footer":"","neve_meta_disable_title":"","neve_meta_reading_time":"","_themeisle_gutenberg_block_has_review":false,"_ti_tpc_template_sync":false,"_ti_tpc_template_id":"","footnotes":""},"class_list":["post-925","page","type-page","status-publish","hentry"],"_links":{"self":[{"href":"https:\/\/r-filter.ro\/de\/wp-json\/wp\/v2\/pages\/925","targetHints":{"allow":["GET"]}}],"collection":[{"href":"https:\/\/r-filter.ro\/de\/wp-json\/wp\/v2\/pages"}],"about":[{"href":"https:\/\/r-filter.ro\/de\/wp-json\/wp\/v2\/types\/page"}],"author":[{"embeddable":true,"href":"https:\/\/r-filter.ro\/de\/wp-json\/wp\/v2\/users\/1"}],"replies":[{"embeddable":true,"href":"https:\/\/r-filter.ro\/de\/wp-json\/wp\/v2\/comments?post=925"}],"version-history":[{"count":93,"href":"https:\/\/r-filter.ro\/de\/wp-json\/wp\/v2\/pages\/925\/revisions"}],"predecessor-version":[{"id":8714,"href":"https:\/\/r-filter.ro\/de\/wp-json\/wp\/v2\/pages\/925\/revisions\/8714"}],"wp:attachment":[{"href":"https:\/\/r-filter.ro\/de\/wp-json\/wp\/v2\/media?parent=925"}],"curies":[{"name":"wp","href":"https:\/\/api.w.org\/{rel}","templated":true}]}}