{"id":754,"date":"2021-04-28T10:34:32","date_gmt":"2021-04-28T10:34:32","guid":{"rendered":"https:\/\/r-filter.hu\/?page_id=754"},"modified":"2026-02-18T12:27:54","modified_gmt":"2026-02-18T10:27:54","slug":"uvc100-150","status":"publish","type":"page","link":"https:\/\/r-filter.ro\/de\/uvc100-150\/","title":{"rendered":"UVC"},"content":{"rendered":"<div data-elementor-type=\"wp-page\" data-elementor-id=\"754\" class=\"elementor elementor-754\" data-elementor-post-type=\"page\">\n\t\t\t\t\t\t<section class=\"elementor-section elementor-top-section elementor-element elementor-element-018d5fe elementor-section-boxed elementor-section-height-default elementor-section-height-default\" data-id=\"018d5fe\" data-element_type=\"section\" data-e-type=\"section\">\n\t\t\t\t\t\t<div class=\"elementor-container elementor-column-gap-default\">\n\t\t\t\t\t<div class=\"elementor-column elementor-col-100 elementor-top-column elementor-element elementor-element-6c9b558\" data-id=\"6c9b558\" data-element_type=\"column\" data-e-type=\"column\" data-settings=\"{&quot;background_background&quot;:&quot;classic&quot;}\">\n\t\t\t<div class=\"elementor-widget-wrap elementor-element-populated\">\n\t\t\t\t\t\t<div class=\"elementor-element elementor-element-78af782 elementor-widget elementor-widget-heading\" data-id=\"78af782\" data-element_type=\"widget\" data-e-type=\"widget\" data-widget_type=\"heading.default\">\n\t\t\t\t<div class=\"elementor-widget-container\">\n\t\t\t\t\t<h1 class=\"elementor-heading-title elementor-size-default\">UVC<\/h1>\t\t\t\t<\/div>\n\t\t\t\t<\/div>\n\t\t\t\t<div class=\"elementor-element elementor-element-5faccc9 elementor-widget-divider--view-line elementor-widget elementor-widget-divider\" data-id=\"5faccc9\" data-element_type=\"widget\" data-e-type=\"widget\" data-widget_type=\"divider.default\">\n\t\t\t\t<div class=\"elementor-widget-container\">\n\t\t\t\t\t\t\t<div class=\"elementor-divider\">\n\t\t\t<span class=\"elementor-divider-separator\">\n\t\t\t\t\t\t<\/span>\n\t\t<\/div>\n\t\t\t\t\t\t<\/div>\n\t\t\t\t<\/div>\n\t\t\t\t\t<\/div>\n\t\t<\/div>\n\t\t\t\t\t<\/div>\n\t\t<\/section>\n\t\t\t\t<section class=\"elementor-section elementor-top-section elementor-element elementor-element-81138d2 elementor-section-boxed elementor-section-height-default elementor-section-height-default\" data-id=\"81138d2\" data-element_type=\"section\" data-e-type=\"section\">\n\t\t\t\t\t\t<div class=\"elementor-container elementor-column-gap-default\">\n\t\t\t\t\t<div class=\"elementor-column elementor-col-100 elementor-top-column elementor-element elementor-element-96cb46f\" data-id=\"96cb46f\" data-element_type=\"column\" data-e-type=\"column\">\n\t\t\t<div class=\"elementor-widget-wrap elementor-element-populated\">\n\t\t\t\t\t\t<div class=\"elementor-element elementor-element-703ff25 elementor-widget elementor-widget-image\" data-id=\"703ff25\" data-element_type=\"widget\" data-e-type=\"widget\" data-widget_type=\"image.default\">\n\t\t\t\t<div class=\"elementor-widget-container\">\n\t\t\t\t\t\t\t\t\t\t\t\t<figure class=\"wp-caption\">\n\t\t\t\t\t\t\t\t\t\t<img decoding=\"async\" width=\"150\" height=\"150\" src=\"https:\/\/r-filter.ro\/wp-content\/uploads\/2021\/04\/uvc150-150x150.jpg\" class=\"attachment-thumbnail size-thumbnail wp-image-1602\" alt=\"\" \/>\t\t\t\t\t\t\t\t\t\t\t<figcaption class=\"widget-image-caption wp-caption-text\">UVC 150<\/figcaption>\n\t\t\t\t\t\t\t\t\t\t<\/figure>\n\t\t\t\t\t\t\t\t\t<\/div>\n\t\t\t\t<\/div>\n\t\t\t\t<div class=\"elementor-element elementor-element-7ab15d5 elementor-align-center elementor-widget elementor-widget-button\" data-id=\"7ab15d5\" data-element_type=\"widget\" data-e-type=\"widget\" data-widget_type=\"button.default\">\n\t\t\t\t<div class=\"elementor-widget-container\">\n\t\t\t\t\t\t\t\t\t<div class=\"elementor-button-wrapper\">\n\t\t\t\t\t<a class=\"elementor-button elementor-button-link elementor-size-sm elementor-animation-shrink\" href=\"https:\/\/r-filter.ro\/de\/uvc150\/\" target=\"_blank\">\n\t\t\t\t\t\t<span class=\"elementor-button-content-wrapper\">\n\t\t\t\t\t\t\t\t\t<span class=\"elementor-button-text\">Infos<\/span>\n\t\t\t\t\t<\/span>\n\t\t\t\t\t<\/a>\n\t\t\t\t<\/div>\n\t\t\t\t\t\t\t\t<\/div>\n\t\t\t\t<\/div>\n\t\t\t\t\t<\/div>\n\t\t<\/div>\n\t\t\t\t\t<\/div>\n\t\t<\/section>\n\t\t\t\t<section class=\"elementor-section elementor-top-section elementor-element elementor-element-13924aee elementor-section-boxed elementor-section-height-default elementor-section-height-default\" data-id=\"13924aee\" data-element_type=\"section\" data-e-type=\"section\">\n\t\t\t\t\t\t<div class=\"elementor-container elementor-column-gap-default\">\n\t\t\t\t\t<div class=\"elementor-column elementor-col-100 elementor-top-column elementor-element elementor-element-72bedf06\" data-id=\"72bedf06\" data-element_type=\"column\" data-e-type=\"column\">\n\t\t\t<div class=\"elementor-widget-wrap\">\n\t\t\t\t\t\t\t<\/div>\n\t\t<\/div>\n\t\t\t\t\t<\/div>\n\t\t<\/section>\n\t\t\t\t<section class=\"elementor-section elementor-top-section elementor-element elementor-element-7d8262d elementor-section-boxed elementor-section-height-default elementor-section-height-default\" data-id=\"7d8262d\" data-element_type=\"section\" data-e-type=\"section\">\n\t\t\t\t\t\t<div class=\"elementor-container elementor-column-gap-default\">\n\t\t\t\t\t<div class=\"elementor-column elementor-col-100 elementor-top-column elementor-element elementor-element-92e323b\" data-id=\"92e323b\" data-element_type=\"column\" data-e-type=\"column\">\n\t\t\t<div class=\"elementor-widget-wrap elementor-element-populated\">\n\t\t\t\t\t\t<section class=\"elementor-section elementor-inner-section elementor-element elementor-element-f0ff243 elementor-section-boxed elementor-section-height-default elementor-section-height-default\" data-id=\"f0ff243\" data-element_type=\"section\" data-e-type=\"section\">\n\t\t\t\t\t\t<div class=\"elementor-container elementor-column-gap-default\">\n\t\t\t\t\t<div class=\"elementor-column elementor-col-50 elementor-inner-column elementor-element elementor-element-7cfaec3\" data-id=\"7cfaec3\" data-element_type=\"column\" data-e-type=\"column\">\n\t\t\t<div class=\"elementor-widget-wrap elementor-element-populated\">\n\t\t\t\t\t\t<div class=\"elementor-element elementor-element-ec29053 elementor-widget elementor-widget-text-editor\" data-id=\"ec29053\" data-element_type=\"widget\" data-e-type=\"widget\" data-widget_type=\"text-editor.default\">\n\t\t\t\t<div class=\"elementor-widget-container\">\n\t\t\t\t\t\t\t\t\t<p>H\u00e4ufig ber\u00fchrte Fl\u00e4chen sind Fl\u00e4chen, die im Laufe des Tages mehrmals von verschiedenen Benutzern ber\u00fchrt werden. Die regelm\u00e4\u00dfige Desinfektion dieser Fl\u00e4chen mit UV-C-Licht verhindert die Verbreitung sch\u00e4dlicher Mikroorganismen durch Ber\u00fchrung.<\/p><p style=\"color: #0000f3;\">H\u00e4ufiger Kontakt mit Oberfl\u00e4chen:<\/p><ul><li>Schreibtische, Telefone, Computerbildschirme und -tastaturen, Laptops<\/li><li>T\u00fcrklingeln, T\u00fcrgriffe, Lichtschalter, Bedienfelder und Tasten in Aufz\u00fcgen<\/li><li>Treppengel\u00e4nder, W\u00e4nde, Tische, Betten<\/li><li>Wasserh\u00e4hne, Toiletten und Waschbecken im Badezimmer<\/li><li>Medizinische Ausr\u00fcstung und Ger\u00e4te<\/li><li>Trainingsger\u00e4te, Matten und Ausr\u00fcstung<\/li><li>Geldautomaten, Zahlungsterminals<\/li><li>Sitze in Autos, Bussen, Z\u00fcgen, Passagierflugzeugen<\/li><li>Sitzpl\u00e4tze in Kinos, Theatern<\/li><\/ul>\t\t\t\t\t\t\t\t<\/div>\n\t\t\t\t<\/div>\n\t\t\t\t<div class=\"elementor-element elementor-element-0051d5c elementor-widget elementor-widget-text-editor\" data-id=\"0051d5c\" data-element_type=\"widget\" data-e-type=\"widget\" data-widget_type=\"text-editor.default\">\n\t\t\t\t<div class=\"elementor-widget-container\">\n\t\t\t\t\t\t\t\t\t<strong>Wie es funktioniert<\/strong>\t\t\t\t\t\t\t\t<\/div>\n\t\t\t\t<\/div>\n\t\t\t\t<div class=\"elementor-element elementor-element-962e7cb elementor-widget-divider--view-line elementor-widget elementor-widget-divider\" data-id=\"962e7cb\" data-element_type=\"widget\" data-e-type=\"widget\" data-widget_type=\"divider.default\">\n\t\t\t\t<div class=\"elementor-widget-container\">\n\t\t\t\t\t\t\t<div class=\"elementor-divider\">\n\t\t\t<span class=\"elementor-divider-separator\">\n\t\t\t\t\t\t<\/span>\n\t\t<\/div>\n\t\t\t\t\t\t<\/div>\n\t\t\t\t<\/div>\n\t\t\t\t<div class=\"elementor-element elementor-element-49b9a96 elementor-widget elementor-widget-text-editor\" data-id=\"49b9a96\" data-element_type=\"widget\" data-e-type=\"widget\" data-widget_type=\"text-editor.default\">\n\t\t\t\t<div class=\"elementor-widget-container\">\n\t\t\t\t\t\t\t\t\t<p>Das Ber\u00fchren von Oberfl\u00e4chen, die mit pathogenen Bakterien und Viren kontaminiert sind, ist eine Quelle f\u00fcr viele Infektionskrankheiten. Theoretisch kann jede Oberfl\u00e4che, die eine infizierte Person ber\u00fchrt hat oder auf die sie gehustet hat, Viren \u00fcbertragen.<br \/>Die Minimierung dieses Risikos ist von entscheidender Bedeutung, da Untersuchungen zeigen, dass beispielsweise das COVID-19-Virus je nach Temperatur, Art der Oberfl\u00e4che und Feuchtigkeit der Umgebung mehrere Stunden oder sogar Tage auf Oberfl\u00e4chen \u00fcberleben kann.<br \/>Unser tragbares UVC-Ger\u00e4t ist ein hervorragendes Instrument zur Desinfektion von Oberfl\u00e4chen aller Art. Die UV-Bestrahlung mit einer Wellenl\u00e4nge von 254 nm zerst\u00f6rt oder inaktiviert Mikroorganismen, indem sie deren DNA oder RNA besch\u00e4digt.<br \/>Nach der Empfehlung der IUVA (International Ultraviolet UV Association) m\u00fcssen handgef\u00fchrte UV-Fl\u00e4chendesinfektionsger\u00e4te eine Dosis von mindestens 40 mJ\/cm\u00b2 erreichen, um Viren zu inaktivieren. Wenn also die Bestrahlungsst\u00e4rke der Zielfl\u00e4che 10 mW\/cm\u00b2 betr\u00e4gt, wird diese Dosis bei einer Belichtungszeit von 4 Sekunden erreicht.<br \/><em>UVC-Dosis (mWsec\/cm)<sup>2<\/sup>) = Bestrahlungsst\u00e4rke (mW\/cm<sup>2<\/sup>) x Zeit (sec)<\/em><br \/>Die UVC-Bestrahlungsst\u00e4rke in bestimmten Abst\u00e4nden von der Basis unserer UVC 150 ist unten dargestellt:<\/p>\t\t\t\t\t\t\t\t<\/div>\n\t\t\t\t<\/div>\n\t\t\t\t<div class=\"elementor-element elementor-element-85be15c elementor-widget elementor-widget-image\" data-id=\"85be15c\" data-element_type=\"widget\" data-e-type=\"widget\" data-widget_type=\"image.default\">\n\t\t\t\t<div class=\"elementor-widget-container\">\n\t\t\t\t\t\t\t\t\t\t\t\t\t\t\t<img fetchpriority=\"high\" decoding=\"async\" width=\"686\" height=\"537\" src=\"https:\/\/r-filter.ro\/wp-content\/uploads\/2021\/04\/UVChu.jpg\" class=\"attachment-large size-large wp-image-1603\" alt=\"\" srcset=\"https:\/\/r-filter.ro\/wp-content\/uploads\/2021\/04\/UVChu.jpg 686w, https:\/\/r-filter.ro\/wp-content\/uploads\/2021\/04\/UVChu-300x235.jpg 300w, https:\/\/r-filter.ro\/wp-content\/uploads\/2021\/04\/UVChu-16x12.jpg 16w\" sizes=\"(max-width: 686px) 100vw, 686px\" \/>\t\t\t\t\t\t\t\t\t\t\t\t\t\t\t<\/div>\n\t\t\t\t<\/div>\n\t\t\t\t<div class=\"elementor-element elementor-element-fe77722 elementor-widget elementor-widget-text-editor\" data-id=\"fe77722\" data-element_type=\"widget\" data-e-type=\"widget\" data-widget_type=\"text-editor.default\">\n\t\t\t\t<div class=\"elementor-widget-container\">\n\t\t\t\t\t\t\t\t\t<p>Die beste Inaktivierungseffizienz von Mikroorganismen wird bei einer relativen Luftfeuchtigkeit von 40-60 % und einer Umgebungstemperatur von 21-24 \u00b0C erreicht.<\/p>\t\t\t\t\t\t\t\t<\/div>\n\t\t\t\t<\/div>\n\t\t\t\t\t<\/div>\n\t\t<\/div>\n\t\t\t\t<div class=\"elementor-column elementor-col-50 elementor-inner-column elementor-element elementor-element-84ec9c1\" data-id=\"84ec9c1\" data-element_type=\"column\" data-e-type=\"column\">\n\t\t\t<div class=\"elementor-widget-wrap elementor-element-populated\">\n\t\t\t\t\t\t<div class=\"elementor-element elementor-element-beb6168 elementor-widget elementor-widget-image\" data-id=\"beb6168\" data-element_type=\"widget\" data-e-type=\"widget\" data-widget_type=\"image.default\">\n\t\t\t\t<div class=\"elementor-widget-container\">\n\t\t\t\t\t\t\t\t\t\t\t\t\t\t\t<img decoding=\"async\" width=\"1200\" height=\"600\" src=\"https:\/\/r-filter.ro\/wp-content\/uploads\/2022\/10\/UV-C2.jpg\" class=\"attachment-full size-full wp-image-5306\" alt=\"R-Filter innovat\u00edv konyhai l\u00e9gkezel\u00e9s, zs\u00edrbont\u00e1s \u00e9s szagtalan\u00edt\u00e1s\" srcset=\"https:\/\/r-filter.ro\/wp-content\/uploads\/2022\/10\/UV-C2.jpg 1200w, https:\/\/r-filter.ro\/wp-content\/uploads\/2022\/10\/UV-C2-300x150.jpg 300w, https:\/\/r-filter.ro\/wp-content\/uploads\/2022\/10\/UV-C2-1024x512.jpg 1024w, https:\/\/r-filter.ro\/wp-content\/uploads\/2022\/10\/UV-C2-768x384.jpg 768w, https:\/\/r-filter.ro\/wp-content\/uploads\/2022\/10\/UV-C2-18x9.jpg 18w\" sizes=\"(max-width: 1200px) 100vw, 1200px\" \/>\t\t\t\t\t\t\t\t\t\t\t\t\t\t\t<\/div>\n\t\t\t\t<\/div>\n\t\t\t\t<div class=\"elementor-element elementor-element-11e3ba5 elementor-widget elementor-widget-text-editor\" data-id=\"11e3ba5\" data-element_type=\"widget\" data-e-type=\"widget\" data-widget_type=\"text-editor.default\">\n\t\t\t\t<div class=\"elementor-widget-container\">\n\t\t\t\t\t\t\t\t\t<p style=\"color: #0000f3;\">Vorteile der Verwendung des Ger\u00e4ts:<\/p>\n\n<ul>\n     <li>tragbares UVC-Ger\u00e4t<\/li>\n     <li>vernichtet mikrobielle Verunreinigungen auf Oberfl\u00e4chen &#8211; Viren, Bakterien, Pilze und Sporen<\/li>\n     <li>reduziert die Ausbreitung von Infektionen<\/li>\n     <li>schnell und einfach zu bedienen<\/li>\n \t<li>billig in der Anwendung<\/li>\n     <li>Lebensdauer der UV-C-Lampe von 9.000 Stunden<\/li>\n     <li>erzeugt weder Ozon noch Nebenprodukte<\/li>\n     <li>kann bis zu 99,99 % Sterilit\u00e4t erreichen<\/li>\n<\/ul>\t\t\t\t\t\t\t\t<\/div>\n\t\t\t\t<\/div>\n\t\t\t\t\t<\/div>\n\t\t<\/div>\n\t\t\t\t\t<\/div>\n\t\t<\/section>\n\t\t\t\t\t<\/div>\n\t\t<\/div>\n\t\t\t\t\t<\/div>\n\t\t<\/section>\n\t\t\t\t<\/div>","protected":false},"excerpt":{"rendered":"<p>UVC UVC 150 Information H\u00e4ufig ber\u00fchrte Fl\u00e4chen sind Fl\u00e4chen, die mehrmals am Tag von verschiedenen Benutzern ber\u00fchrt werden. Eine regelm\u00e4\u00dfige Desinfektion dieser Fl\u00e4chen mit UV-C-Licht verhindert die Verbreitung von sch\u00e4dlichen Mikroorganismen durch Ber\u00fchrung. H\u00e4ufig ber\u00fchrte Fl\u00e4chen: Schreibtische, Telefone, Computerbildschirme und Tastaturen, Laptops T\u00fcrklingeln, T\u00fcrgriffe, Lichtschalter, T\u00fcr&hellip;&nbsp;<a href=\"https:\/\/r-filter.ro\/de\/uvc100-150\/\" rel=\"bookmark\">Mehr lesen &raquo;<span class=\"screen-reader-text\">UVC<\/span><\/a><\/p>","protected":false},"author":1,"featured_media":0,"parent":0,"menu_order":0,"comment_status":"closed","ping_status":"closed","template":"","meta":{"neve_meta_sidebar":"full-width","neve_meta_container":"","neve_meta_enable_content_width":"on","neve_meta_content_width":100,"neve_meta_title_alignment":"","neve_meta_author_avatar":"","neve_post_elements_order":"","neve_meta_disable_header":"","neve_meta_disable_footer":"","neve_meta_disable_title":"","neve_meta_reading_time":"","_themeisle_gutenberg_block_has_review":false,"_ti_tpc_template_sync":false,"_ti_tpc_template_id":"","footnotes":""},"class_list":["post-754","page","type-page","status-publish","hentry"],"_links":{"self":[{"href":"https:\/\/r-filter.ro\/de\/wp-json\/wp\/v2\/pages\/754","targetHints":{"allow":["GET"]}}],"collection":[{"href":"https:\/\/r-filter.ro\/de\/wp-json\/wp\/v2\/pages"}],"about":[{"href":"https:\/\/r-filter.ro\/de\/wp-json\/wp\/v2\/types\/page"}],"author":[{"embeddable":true,"href":"https:\/\/r-filter.ro\/de\/wp-json\/wp\/v2\/users\/1"}],"replies":[{"embeddable":true,"href":"https:\/\/r-filter.ro\/de\/wp-json\/wp\/v2\/comments?post=754"}],"version-history":[{"count":50,"href":"https:\/\/r-filter.ro\/de\/wp-json\/wp\/v2\/pages\/754\/revisions"}],"predecessor-version":[{"id":8613,"href":"https:\/\/r-filter.ro\/de\/wp-json\/wp\/v2\/pages\/754\/revisions\/8613"}],"wp:attachment":[{"href":"https:\/\/r-filter.ro\/de\/wp-json\/wp\/v2\/media?parent=754"}],"curies":[{"name":"wp","href":"https:\/\/api.w.org\/{rel}","templated":true}]}}