{"id":6468,"date":"2023-05-12T07:29:14","date_gmt":"2023-05-12T07:29:14","guid":{"rendered":"https:\/\/r-filter.hu\/?page_id=6468"},"modified":"2026-02-13T15:20:39","modified_gmt":"2026-02-13T13:20:39","slug":"uvo-c-570k","status":"publish","type":"page","link":"https:\/\/r-filter.ro\/de\/uvo-c-570k\/","title":{"rendered":"UVO-C 570K"},"content":{"rendered":"<div data-elementor-type=\"wp-page\" data-elementor-id=\"6468\" class=\"elementor elementor-6468\" data-elementor-post-type=\"page\">\n\t\t\t\t<div class=\"elementor-element elementor-element-04581ed e-flex e-con-boxed e-con e-parent\" data-id=\"04581ed\" data-element_type=\"container\" data-e-type=\"container\">\n\t\t\t\t\t<div class=\"e-con-inner\">\n\t\t\t\t<div class=\"elementor-element elementor-element-3690a65 elementor-widget elementor-widget-heading\" data-id=\"3690a65\" data-element_type=\"widget\" data-e-type=\"widget\" data-widget_type=\"heading.default\">\n\t\t\t\t<div class=\"elementor-widget-container\">\n\t\t\t\t\t<h2 class=\"elementor-heading-title elementor-size-default\">UVO-C 570K<\/h2>\t\t\t\t<\/div>\n\t\t\t\t<\/div>\n\t\t\t\t\t<\/div>\n\t\t\t\t<\/div>\n\t\t\t\t<section class=\"elementor-section elementor-top-section elementor-element elementor-element-693dd23 elementor-section-boxed elementor-section-height-default elementor-section-height-default\" data-id=\"693dd23\" data-element_type=\"section\" data-e-type=\"section\">\n\t\t\t\t\t\t<div class=\"elementor-container elementor-column-gap-default\">\n\t\t\t\t\t<div class=\"elementor-column elementor-col-50 elementor-top-column elementor-element elementor-element-8d4d97f\" data-id=\"8d4d97f\" data-element_type=\"column\" data-e-type=\"column\" data-settings=\"{&quot;background_background&quot;:&quot;classic&quot;}\">\n\t\t\t<div class=\"elementor-widget-wrap elementor-element-populated\">\n\t\t\t\t\t\t<div class=\"elementor-element elementor-element-a0824c0 elementor-widget elementor-widget-text-editor\" data-id=\"a0824c0\" data-element_type=\"widget\" data-e-type=\"widget\" data-widget_type=\"text-editor.default\">\n\t\t\t\t<div class=\"elementor-widget-container\">\n\t\t\t\t\t\t\t\t\t<p style=\"text-align: center;\"><strong><br \/>Abmessungen und technische Daten:<\/strong><\/p>\t\t\t\t\t\t\t\t<\/div>\n\t\t\t\t<\/div>\n\t\t\t\t<section class=\"elementor-section elementor-inner-section elementor-element elementor-element-06df05b elementor-section-boxed elementor-section-height-default elementor-section-height-default\" data-id=\"06df05b\" data-element_type=\"section\" data-e-type=\"section\">\n\t\t\t\t\t\t<div class=\"elementor-container elementor-column-gap-default\">\n\t\t\t\t\t<div class=\"elementor-column elementor-col-50 elementor-inner-column elementor-element elementor-element-45691f3\" data-id=\"45691f3\" data-element_type=\"column\" data-e-type=\"column\">\n\t\t\t<div class=\"elementor-widget-wrap elementor-element-populated\">\n\t\t\t\t\t\t<div class=\"elementor-element elementor-element-83e3348 elementor-widget elementor-widget-text-editor\" data-id=\"83e3348\" data-element_type=\"widget\" data-e-type=\"widget\" data-widget_type=\"text-editor.default\">\n\t\t\t\t<div class=\"elementor-widget-container\">\n\t\t\t\t\t\t\t\t\t<p>Abmessungen der Ger\u00e4te (LxBxHxT):<\/p><p>Luftf\u00f6rderleistung (m\u00b3\/h):<\/p><p>Durchmesser des Anschlusses (\u00d8):<\/p><p>Anspannung:<\/p><p>UV-Lampen:<\/p><p>Stromverbrauch:<\/p><p>Schutzgrad:<\/p><p>Material des Geh\u00e4uses:<\/p><p>Farbe:<\/p><p>Gewicht:<\/p><p>Bedienfeld:<\/p>\t\t\t\t\t\t\t\t<\/div>\n\t\t\t\t<\/div>\n\t\t\t\t\t<\/div>\n\t\t<\/div>\n\t\t\t\t<div class=\"elementor-column elementor-col-50 elementor-inner-column elementor-element elementor-element-d2f6a52\" data-id=\"d2f6a52\" data-element_type=\"column\" data-e-type=\"column\">\n\t\t\t<div class=\"elementor-widget-wrap elementor-element-populated\">\n\t\t\t\t\t\t<div class=\"elementor-element elementor-element-a0fe818 elementor-widget elementor-widget-text-editor\" data-id=\"a0fe818\" data-element_type=\"widget\" data-e-type=\"widget\" data-widget_type=\"text-editor.default\">\n\t\t\t\t<div class=\"elementor-widget-container\">\n\t\t\t\t\t\t\t\t\t<p>900x380x272<\/p><p>3500-7500\u00a0<\/p><p>150 mm<\/p><p>230V\/50Hz<\/p><p>6&#215;95 W<\/p><p>2,85 A<\/p><p>IP 54<\/p><div id=\"model-response-message-contentr_0d16d6a63251d96f\" class=\"markdown markdown-main-panel stronger enable-updated-hr-color preserve-whitespaces-in-response\" dir=\"ltr\" aria-live=\"polite\" aria-busy=\"false\"><p data-path-to-node=\"0\">rostfreier Stahl<\/p><p data-path-to-node=\"0\">Naturchrom<\/p><\/div><p>22kg<\/p><p>LCD-Bildschirm<\/p>\t\t\t\t\t\t\t\t<\/div>\n\t\t\t\t<\/div>\n\t\t\t\t\t<\/div>\n\t\t<\/div>\n\t\t\t\t\t<\/div>\n\t\t<\/section>\n\t\t\t\t\t<\/div>\n\t\t<\/div>\n\t\t\t\t<div class=\"elementor-column elementor-col-50 elementor-top-column elementor-element elementor-element-0114b1c\" data-id=\"0114b1c\" data-element_type=\"column\" data-e-type=\"column\">\n\t\t\t<div class=\"elementor-widget-wrap elementor-element-populated\">\n\t\t\t\t\t\t<div class=\"elementor-element elementor-element-b5cfaaf elementor-widget elementor-widget-text-editor\" data-id=\"b5cfaaf\" data-element_type=\"widget\" data-e-type=\"widget\" data-widget_type=\"text-editor.default\">\n\t\t\t\t<div class=\"elementor-widget-container\">\n\t\t\t\t\t\t\t\t\t<strong>Ausr\u00fcstung<\/strong>\t\t\t\t\t\t\t\t<\/div>\n\t\t\t\t<\/div>\n\t\t\t\t<div class=\"elementor-element elementor-element-dce8d4f elementor-widget elementor-widget-image\" data-id=\"dce8d4f\" data-element_type=\"widget\" data-e-type=\"widget\" data-widget_type=\"image.default\">\n\t\t\t\t<div class=\"elementor-widget-container\">\n\t\t\t\t\t\t\t\t\t\t\t\t\t\t\t<img fetchpriority=\"high\" decoding=\"async\" width=\"1024\" height=\"498\" src=\"https:\/\/r-filter.ro\/wp-content\/uploads\/2023\/05\/UVO-C-LCD-2-1024x498.jpg\" class=\"attachment-large size-large wp-image-6417\" alt=\"\" srcset=\"https:\/\/r-filter.ro\/wp-content\/uploads\/2023\/05\/UVO-C-LCD-2-1024x498.jpg 1024w, https:\/\/r-filter.ro\/wp-content\/uploads\/2023\/05\/UVO-C-LCD-2-300x146.jpg 300w, https:\/\/r-filter.ro\/wp-content\/uploads\/2023\/05\/UVO-C-LCD-2-768x373.jpg 768w, https:\/\/r-filter.ro\/wp-content\/uploads\/2023\/05\/UVO-C-LCD-2-1536x747.jpg 1536w, https:\/\/r-filter.ro\/wp-content\/uploads\/2023\/05\/UVO-C-LCD-2-2048x996.jpg 2048w, https:\/\/r-filter.ro\/wp-content\/uploads\/2023\/05\/UVO-C-LCD-2-18x9.jpg 18w\" sizes=\"(max-width: 1024px) 100vw, 1024px\" \/>\t\t\t\t\t\t\t\t\t\t\t\t\t\t\t<\/div>\n\t\t\t\t<\/div>\n\t\t\t\t\t<\/div>\n\t\t<\/div>\n\t\t\t\t\t<\/div>\n\t\t<\/section>\n\t\t\t\t<\/div>","protected":false},"excerpt":{"rendered":"<p>UVO-C 570K Abmessungen und technische Daten: Ger\u00e4tema\u00dfe (LxBxH): Luftf\u00f6rderleistung (m\u00b3\/h): Anschlussdurchmesser (\u00d8): Spannung: UV-Lampen: Leistungsaufnahme: Schutzart: Geh\u00e4usematerial: Farbe: Gewicht: Bedienfeld: 900x380x272 3500-7500 150 mm 230V\/50Hz 6&#215;95 W 2,85 A IP 54 Edelstahl natur chrom 22 kg LCD Display Ausstattung<\/p>","protected":false},"author":2,"featured_media":6421,"parent":0,"menu_order":0,"comment_status":"closed","ping_status":"closed","template":"","meta":{"neve_meta_sidebar":"full-width","neve_meta_container":"","neve_meta_enable_content_width":"on","neve_meta_content_width":100,"neve_meta_title_alignment":"","neve_meta_author_avatar":"","neve_post_elements_order":"","neve_meta_disable_header":"","neve_meta_disable_footer":"","neve_meta_disable_title":"","neve_meta_reading_time":"","_themeisle_gutenberg_block_has_review":false,"_ti_tpc_template_sync":false,"_ti_tpc_template_id":"","footnotes":""},"class_list":["post-6468","page","type-page","status-publish","has-post-thumbnail","hentry"],"_links":{"self":[{"href":"https:\/\/r-filter.ro\/de\/wp-json\/wp\/v2\/pages\/6468","targetHints":{"allow":["GET"]}}],"collection":[{"href":"https:\/\/r-filter.ro\/de\/wp-json\/wp\/v2\/pages"}],"about":[{"href":"https:\/\/r-filter.ro\/de\/wp-json\/wp\/v2\/types\/page"}],"author":[{"embeddable":true,"href":"https:\/\/r-filter.ro\/de\/wp-json\/wp\/v2\/users\/2"}],"replies":[{"embeddable":true,"href":"https:\/\/r-filter.ro\/de\/wp-json\/wp\/v2\/comments?post=6468"}],"version-history":[{"count":43,"href":"https:\/\/r-filter.ro\/de\/wp-json\/wp\/v2\/pages\/6468\/revisions"}],"predecessor-version":[{"id":8483,"href":"https:\/\/r-filter.ro\/de\/wp-json\/wp\/v2\/pages\/6468\/revisions\/8483"}],"wp:featuredmedia":[{"embeddable":true,"href":"https:\/\/r-filter.ro\/de\/wp-json\/wp\/v2\/media\/6421"}],"wp:attachment":[{"href":"https:\/\/r-filter.ro\/de\/wp-json\/wp\/v2\/media?parent=6468"}],"curies":[{"name":"wp","href":"https:\/\/api.w.org\/{rel}","templated":true}]}}