{"id":4299,"date":"2022-07-04T11:15:35","date_gmt":"2022-07-04T11:15:35","guid":{"rendered":"https:\/\/r-filter.hu\/?page_id=4299"},"modified":"2026-02-18T12:15:07","modified_gmt":"2026-02-18T10:15:07","slug":"uvo-s280h","status":"publish","type":"page","link":"https:\/\/r-filter.ro\/de\/uvo-s280h\/","title":{"rendered":"UVO-S 280H"},"content":{"rendered":"<div data-elementor-type=\"wp-page\" data-elementor-id=\"4299\" class=\"elementor elementor-4299\" data-elementor-post-type=\"page\">\n\t\t\t\t\t\t<section class=\"elementor-section elementor-top-section elementor-element elementor-element-403edd42 elementor-section-boxed elementor-section-height-default elementor-section-height-default\" data-id=\"403edd42\" data-element_type=\"section\" data-e-type=\"section\">\n\t\t\t\t\t\t<div class=\"elementor-container elementor-column-gap-default\">\n\t\t\t\t\t<div class=\"elementor-column elementor-col-100 elementor-top-column elementor-element elementor-element-6f22dad1\" data-id=\"6f22dad1\" data-element_type=\"column\" data-e-type=\"column\">\n\t\t\t<div class=\"elementor-widget-wrap elementor-element-populated\">\n\t\t\t\t\t\t<div class=\"elementor-element elementor-element-7931deda elementor-widget elementor-widget-text-editor\" data-id=\"7931deda\" data-element_type=\"widget\" data-e-type=\"widget\" data-widget_type=\"text-editor.default\">\n\t\t\t\t<div class=\"elementor-widget-container\">\n\t\t\t\t\t\t\t\t\t\n<div id=\"wp-block-themeisle-blocks-advanced-columns-0f9cba38\" class=\"wp-block-themeisle-blocks-advanced-columns has-0-columns has-desktop-undefined-layout has-tablet-equal-layout has-mobile-equal-layout has-vertical-unset\"><div class=\"wp-block-themeisle-blocks-advanced-columns-overlay\"><\/div><div class=\"innerblocks-wrap\"><\/div><\/div>\n\t\t\t\t\t\t\t\t<\/div>\n\t\t\t\t<\/div>\n\t\t\t\t\t<\/div>\n\t\t<\/div>\n\t\t\t\t\t<\/div>\n\t\t<\/section>\n\t\t\t\t<section class=\"elementor-section elementor-top-section elementor-element elementor-element-9e0cd00 elementor-section-boxed elementor-section-height-default elementor-section-height-default\" data-id=\"9e0cd00\" data-element_type=\"section\" data-e-type=\"section\">\n\t\t\t\t\t\t<div class=\"elementor-container elementor-column-gap-default\">\n\t\t\t\t\t<div class=\"elementor-column elementor-col-50 elementor-top-column elementor-element elementor-element-e436580\" data-id=\"e436580\" data-element_type=\"column\" data-e-type=\"column\" data-settings=\"{&quot;background_background&quot;:&quot;classic&quot;}\">\n\t\t\t<div class=\"elementor-widget-wrap elementor-element-populated\">\n\t\t\t\t\t\t<div class=\"elementor-element elementor-element-a5dc029 elementor-widget elementor-widget-text-editor\" data-id=\"a5dc029\" data-element_type=\"widget\" data-e-type=\"widget\" data-widget_type=\"text-editor.default\">\n\t\t\t\t<div class=\"elementor-widget-container\">\n\t\t\t\t\t\t\t\t\t<p style=\"text-align: center;\"><strong><br \/>Abmessungen und technische Daten<br \/><\/strong><\/p>\t\t\t\t\t\t\t\t<\/div>\n\t\t\t\t<\/div>\n\t\t\t\t<section class=\"elementor-section elementor-inner-section elementor-element elementor-element-d9eb269 elementor-section-boxed elementor-section-height-default elementor-section-height-default\" data-id=\"d9eb269\" data-element_type=\"section\" data-e-type=\"section\">\n\t\t\t\t\t\t<div class=\"elementor-container elementor-column-gap-default\">\n\t\t\t\t\t<div class=\"elementor-column elementor-col-50 elementor-inner-column elementor-element elementor-element-3dc090c\" data-id=\"3dc090c\" data-element_type=\"column\" data-e-type=\"column\">\n\t\t\t<div class=\"elementor-widget-wrap elementor-element-populated\">\n\t\t\t\t\t\t<div class=\"elementor-element elementor-element-cf74fec elementor-widget elementor-widget-text-editor\" data-id=\"cf74fec\" data-element_type=\"widget\" data-e-type=\"widget\" data-widget_type=\"text-editor.default\">\n\t\t\t\t<div class=\"elementor-widget-container\">\n\t\t\t\t\t\t\t\t\t<p>Abmessungen (BxLxH):<\/p>\n<p>Luftf\u00f6rderleistung:<\/p>\n<p>Anschlussdurchmesser \u00d8:<\/p>\n<p>UV-Lampen:<\/p>\n<p>Energieverbrauch:<\/p>\n<p>Schutz:<\/p>\n<p>Material des Geh\u00e4uses:<\/p>\n<p>Farbe:<\/p>\n<p>Gewicht:<\/p>\n<p>Bedienfeld:<\/p>\t\t\t\t\t\t\t\t<\/div>\n\t\t\t\t<\/div>\n\t\t\t\t\t<\/div>\n\t\t<\/div>\n\t\t\t\t<div class=\"elementor-column elementor-col-50 elementor-inner-column elementor-element elementor-element-5298276\" data-id=\"5298276\" data-element_type=\"column\" data-e-type=\"column\">\n\t\t\t<div class=\"elementor-widget-wrap elementor-element-populated\">\n\t\t\t\t\t\t<div class=\"elementor-element elementor-element-2052b92 elementor-widget elementor-widget-text-editor\" data-id=\"2052b92\" data-element_type=\"widget\" data-e-type=\"widget\" data-widget_type=\"text-editor.default\">\n\t\t\t\t<div class=\"elementor-widget-container\">\n\t\t\t\t\t\t\t\t\t<p>400x320x585 mm<\/p>\n<p>2800-4480 m\u00b3\/h<\/p>\n<p>100 mm<\/p>\n<p>8&#215;35 W<\/p>\n<p>1,7 A<\/p>\n<p>IP 54<\/p>\n<p>Rostfreier Stahl (1.4301)<\/p>\n<p>crom<\/p>\n<p>22kg<\/p>\n<p>digital<\/p>\t\t\t\t\t\t\t\t<\/div>\n\t\t\t\t<\/div>\n\t\t\t\t\t<\/div>\n\t\t<\/div>\n\t\t\t\t\t<\/div>\n\t\t<\/section>\n\t\t\t\t\t<\/div>\n\t\t<\/div>\n\t\t\t\t<div class=\"elementor-column elementor-col-50 elementor-top-column elementor-element elementor-element-4beb7c6\" data-id=\"4beb7c6\" data-element_type=\"column\" data-e-type=\"column\">\n\t\t\t<div class=\"elementor-widget-wrap elementor-element-populated\">\n\t\t\t\t\t\t<div class=\"elementor-element elementor-element-6618f78 elementor-widget elementor-widget-text-editor\" data-id=\"6618f78\" data-element_type=\"widget\" data-e-type=\"widget\" data-widget_type=\"text-editor.default\">\n\t\t\t\t<div class=\"elementor-widget-container\">\n\t\t\t\t\t\t\t\t\t<strong>Ausr\u00fcstung<\/strong>\t\t\t\t\t\t\t\t<\/div>\n\t\t\t\t<\/div>\n\t\t\t\t<div class=\"elementor-element elementor-element-115e555 elementor-widget elementor-widget-image\" data-id=\"115e555\" data-element_type=\"widget\" data-e-type=\"widget\" data-widget_type=\"image.default\">\n\t\t\t\t<div class=\"elementor-widget-container\">\n\t\t\t\t\t\t\t\t\t\t\t\t\t\t\t<img fetchpriority=\"high\" decoding=\"async\" width=\"1024\" height=\"724\" src=\"https:\/\/r-filter.ro\/wp-content\/uploads\/2021\/07\/UVO-S-280H-M_Rajz-1024x724.jpg\" class=\"attachment-large size-large wp-image-2346\" alt=\"\" srcset=\"https:\/\/r-filter.ro\/wp-content\/uploads\/2021\/07\/UVO-S-280H-M_Rajz-1024x724.jpg 1024w, https:\/\/r-filter.ro\/wp-content\/uploads\/2021\/07\/UVO-S-280H-M_Rajz-300x212.jpg 300w, https:\/\/r-filter.ro\/wp-content\/uploads\/2021\/07\/UVO-S-280H-M_Rajz-768x543.jpg 768w, https:\/\/r-filter.ro\/wp-content\/uploads\/2021\/07\/UVO-S-280H-M_Rajz-1536x1086.jpg 1536w, https:\/\/r-filter.ro\/wp-content\/uploads\/2021\/07\/UVO-S-280H-M_Rajz-2048x1448.jpg 2048w, https:\/\/r-filter.ro\/wp-content\/uploads\/2021\/07\/UVO-S-280H-M_Rajz-16x12.jpg 16w\" sizes=\"(max-width: 1024px) 100vw, 1024px\" \/>\t\t\t\t\t\t\t\t\t\t\t\t\t\t\t<\/div>\n\t\t\t\t<\/div>\n\t\t\t\t\t<\/div>\n\t\t<\/div>\n\t\t\t\t\t<\/div>\n\t\t<\/section>\n\t\t\t\t<\/div>","protected":false},"excerpt":{"rendered":"<p>Abmessungen und technische Daten Abmessungen (LxBxH): Luftf\u00f6rderleistung: Durchmesser \u00d8 Anschluss: UV-Lampen: Leistungsaufnahme: Schutzart: Geh\u00e4usematerial: Farbe: Gewicht: Bedienfeld: 400x320x585 mm 2800-4480 m\u00b3\/h 100 mm 8&#215;35 W 1,7 A IP 54 Edelstahl (1.4301) Chrom 22 kg digitale Ausstattung<\/p>","protected":false},"author":2,"featured_media":0,"parent":0,"menu_order":0,"comment_status":"closed","ping_status":"closed","template":"","meta":{"neve_meta_sidebar":"full-width","neve_meta_container":"","neve_meta_enable_content_width":"on","neve_meta_content_width":100,"neve_meta_title_alignment":"","neve_meta_author_avatar":"","neve_post_elements_order":"","neve_meta_disable_header":"","neve_meta_disable_footer":"","neve_meta_disable_title":"","neve_meta_reading_time":"","_themeisle_gutenberg_block_has_review":false,"_ti_tpc_template_sync":false,"_ti_tpc_template_id":"","footnotes":""},"class_list":["post-4299","page","type-page","status-publish","hentry"],"_links":{"self":[{"href":"https:\/\/r-filter.ro\/de\/wp-json\/wp\/v2\/pages\/4299","targetHints":{"allow":["GET"]}}],"collection":[{"href":"https:\/\/r-filter.ro\/de\/wp-json\/wp\/v2\/pages"}],"about":[{"href":"https:\/\/r-filter.ro\/de\/wp-json\/wp\/v2\/types\/page"}],"author":[{"embeddable":true,"href":"https:\/\/r-filter.ro\/de\/wp-json\/wp\/v2\/users\/2"}],"replies":[{"embeddable":true,"href":"https:\/\/r-filter.ro\/de\/wp-json\/wp\/v2\/comments?post=4299"}],"version-history":[{"count":47,"href":"https:\/\/r-filter.ro\/de\/wp-json\/wp\/v2\/pages\/4299\/revisions"}],"predecessor-version":[{"id":8582,"href":"https:\/\/r-filter.ro\/de\/wp-json\/wp\/v2\/pages\/4299\/revisions\/8582"}],"wp:attachment":[{"href":"https:\/\/r-filter.ro\/de\/wp-json\/wp\/v2\/media?parent=4299"}],"curies":[{"name":"wp","href":"https:\/\/api.w.org\/{rel}","templated":true}]}}