{"id":2579,"date":"2021-09-06T11:26:14","date_gmt":"2021-09-06T11:26:14","guid":{"rendered":"https:\/\/r-filter.hu\/?page_id=2579"},"modified":"2023-07-06T08:50:00","modified_gmt":"2023-07-06T08:50:00","slug":"uvs2500m2s","status":"publish","type":"page","link":"https:\/\/r-filter.ro\/de\/uvs2500m2s\/","title":{"rendered":"UVS2500M2S"},"content":{"rendered":"<div data-elementor-type=\"wp-page\" data-elementor-id=\"2579\" class=\"elementor elementor-2579\" data-elementor-post-type=\"page\">\n\t\t\t\t<div class=\"elementor-element elementor-element-edf5a15 e-flex e-con-boxed e-con e-parent\" data-id=\"edf5a15\" data-element_type=\"container\" data-e-type=\"container\">\n\t\t\t\t\t<div class=\"e-con-inner\">\n\t\t\t\t<div class=\"elementor-element elementor-element-ab43cc8 elementor-widget elementor-widget-heading\" data-id=\"ab43cc8\" data-element_type=\"widget\" data-e-type=\"widget\" data-widget_type=\"heading.default\">\n\t\t\t\t<div class=\"elementor-widget-container\">\n\t\t\t\t\t<h2 class=\"elementor-heading-title elementor-size-default\">UVS-2500M2S<\/h2>\t\t\t\t<\/div>\n\t\t\t\t<\/div>\n\t\t\t\t\t<\/div>\n\t\t\t\t<\/div>\n\t\t\t\t<section class=\"elementor-section elementor-top-section elementor-element elementor-element-421b6c1 elementor-section-boxed elementor-section-height-default elementor-section-height-default\" data-id=\"421b6c1\" data-element_type=\"section\" data-e-type=\"section\">\n\t\t\t\t\t\t<div class=\"elementor-container elementor-column-gap-default\">\n\t\t\t\t\t<div class=\"elementor-column elementor-col-50 elementor-top-column elementor-element elementor-element-128cd28\" data-id=\"128cd28\" data-element_type=\"column\" data-e-type=\"column\" data-settings=\"{&quot;background_background&quot;:&quot;classic&quot;}\">\n\t\t\t<div class=\"elementor-widget-wrap elementor-element-populated\">\n\t\t\t\t\t\t<div class=\"elementor-element elementor-element-7c584f1 elementor-widget elementor-widget-text-editor\" data-id=\"7c584f1\" data-element_type=\"widget\" data-e-type=\"widget\" data-widget_type=\"text-editor.default\">\n\t\t\t\t<div class=\"elementor-widget-container\">\n\t\t\t\t\t\t\t\t\t<p style=\"text-align: center;\"><br \/><strong>Abmessungen und technische Daten:<\/strong><\/p>\t\t\t\t\t\t\t\t<\/div>\n\t\t\t\t<\/div>\n\t\t\t\t<section class=\"elementor-section elementor-inner-section elementor-element elementor-element-a2ff725 elementor-section-boxed elementor-section-height-default elementor-section-height-default\" data-id=\"a2ff725\" data-element_type=\"section\" data-e-type=\"section\">\n\t\t\t\t\t\t<div class=\"elementor-container elementor-column-gap-default\">\n\t\t\t\t\t<div class=\"elementor-column elementor-col-50 elementor-inner-column elementor-element elementor-element-edc750a\" data-id=\"edc750a\" data-element_type=\"column\" data-e-type=\"column\">\n\t\t\t<div class=\"elementor-widget-wrap elementor-element-populated\">\n\t\t\t\t\t\t<div class=\"elementor-element elementor-element-60af30b elementor-widget elementor-widget-text-editor\" data-id=\"60af30b\" data-element_type=\"widget\" data-e-type=\"widget\" data-widget_type=\"text-editor.default\">\n\t\t\t\t<div class=\"elementor-widget-container\">\n\t\t\t\t\t\t\t\t\t<p>Abmessungen der Ger\u00e4te (LxBxHxT):<\/p><p>Gr\u00f6\u00dfe der UV-Reaktorkammer:<\/p><p>Maximaler Luftstrom:\u00a0<\/p><p>Anschlussdurchmesser \u00d8:<\/p><p>Spannung (VAC):<\/p><p>UV-Lampen:<\/p><p>Elektrizit\u00e4tsverbrauch:<\/p><p>Energieverbrauch:<\/p><p>Schutzgrad:\u00a0<\/p><p>Material des Geh\u00e4uses:<\/p><p>Farbe:<\/p><p>Gewicht:<\/p>\t\t\t\t\t\t\t\t<\/div>\n\t\t\t\t<\/div>\n\t\t\t\t\t<\/div>\n\t\t<\/div>\n\t\t\t\t<div class=\"elementor-column elementor-col-50 elementor-inner-column elementor-element elementor-element-66e0665\" data-id=\"66e0665\" data-element_type=\"column\" data-e-type=\"column\">\n\t\t\t<div class=\"elementor-widget-wrap elementor-element-populated\">\n\t\t\t\t\t\t<div class=\"elementor-element elementor-element-c0c0ef4 elementor-widget elementor-widget-text-editor\" data-id=\"c0c0ef4\" data-element_type=\"widget\" data-e-type=\"widget\" data-widget_type=\"text-editor.default\">\n\t\t\t\t<div class=\"elementor-widget-container\">\n\t\t\t\t\t\t\t\t\t<p>1080x550x560 mm<\/p><p>895x450x495 mm<\/p><p>4000 m<sup>3<\/sup>\/h<\/p><p>400 mm<\/p><p>230\/50<\/p><p>10&#215;35 W<\/p><p>350 W<\/p><p>1,7 A<\/p><p>IP54<\/p><p>Rostfreier Stahl (1.4301)<\/p><p>Naturchrom<\/p><p>55kg<\/p>\t\t\t\t\t\t\t\t<\/div>\n\t\t\t\t<\/div>\n\t\t\t\t\t<\/div>\n\t\t<\/div>\n\t\t\t\t\t<\/div>\n\t\t<\/section>\n\t\t\t\t\t<\/div>\n\t\t<\/div>\n\t\t\t\t<div class=\"elementor-column elementor-col-50 elementor-top-column elementor-element elementor-element-a1b883e\" data-id=\"a1b883e\" data-element_type=\"column\" data-e-type=\"column\">\n\t\t\t<div class=\"elementor-widget-wrap elementor-element-populated\">\n\t\t\t\t\t\t<div class=\"elementor-element elementor-element-72528e8 elementor-widget elementor-widget-text-editor\" data-id=\"72528e8\" data-element_type=\"widget\" data-e-type=\"widget\" data-widget_type=\"text-editor.default\">\n\t\t\t\t<div class=\"elementor-widget-container\">\n\t\t\t\t\t\t\t\t\t<p><strong>Ausr\u00fcstung<\/strong><\/p>\t\t\t\t\t\t\t\t<\/div>\n\t\t\t\t<\/div>\n\t\t\t\t<div class=\"elementor-element elementor-element-e0ced9d elementor-widget elementor-widget-image\" data-id=\"e0ced9d\" data-element_type=\"widget\" data-e-type=\"widget\" data-widget_type=\"image.default\">\n\t\t\t\t<div class=\"elementor-widget-container\">\n\t\t\t\t\t\t\t\t\t\t\t\t\t\t\t<img fetchpriority=\"high\" decoding=\"async\" width=\"1024\" height=\"929\" src=\"https:\/\/r-filter.ro\/wp-content\/uploads\/2021\/09\/UVS2500M1S-2-1-1024x929.jpg\" class=\"attachment-large size-large wp-image-2687\" alt=\"\" srcset=\"https:\/\/r-filter.ro\/wp-content\/uploads\/2021\/09\/UVS2500M1S-2-1-1024x929.jpg 1024w, https:\/\/r-filter.ro\/wp-content\/uploads\/2021\/09\/UVS2500M1S-2-1-300x272.jpg 300w, https:\/\/r-filter.ro\/wp-content\/uploads\/2021\/09\/UVS2500M1S-2-1-768x697.jpg 768w, https:\/\/r-filter.ro\/wp-content\/uploads\/2021\/09\/UVS2500M1S-2-1-13x12.jpg 13w, https:\/\/r-filter.ro\/wp-content\/uploads\/2021\/09\/UVS2500M1S-2-1.jpg 1180w\" sizes=\"(max-width: 1024px) 100vw, 1024px\" \/>\t\t\t\t\t\t\t\t\t\t\t\t\t\t\t<\/div>\n\t\t\t\t<\/div>\n\t\t\t\t<div class=\"elementor-element elementor-element-aa0a644 elementor-widget elementor-widget-text-editor\" data-id=\"aa0a644\" data-element_type=\"widget\" data-e-type=\"widget\" data-widget_type=\"text-editor.default\">\n\t\t\t\t<div class=\"elementor-widget-container\">\n\t\t\t\t\t\t\t\t\t<p><strong>Wand-Controller<\/strong><\/p>\t\t\t\t\t\t\t\t<\/div>\n\t\t\t\t<\/div>\n\t\t\t\t<div class=\"elementor-element elementor-element-75b558c elementor-widget elementor-widget-image\" data-id=\"75b558c\" data-element_type=\"widget\" data-e-type=\"widget\" data-widget_type=\"image.default\">\n\t\t\t\t<div class=\"elementor-widget-container\">\n\t\t\t\t\t\t\t\t\t\t\t\t\t\t\t<img decoding=\"async\" src=\"https:\/\/r-filter.ro\/wp-content\/uploads\/elementor\/thumbs\/Vez-doboz-3D-pl6xbaexjkziijornyj5rzb5jc6rmhsl9i8ojo5kqs.jpg\" title=\"3D doboz 3D\" alt=\"3D doboz 3D\" loading=\"lazy\" \/>\t\t\t\t\t\t\t\t\t\t\t\t\t\t\t<\/div>\n\t\t\t\t<\/div>\n\t\t\t\t\t<\/div>\n\t\t<\/div>\n\t\t\t\t\t<\/div>\n\t\t<\/section>\n\t\t\t\t<\/div>","protected":false},"excerpt":{"rendered":"<p>UVS-2500M2S Abmessungen und technische Daten: Ger\u00e4tema\u00dfe (BxLxT): UV-Reaktorkammergr\u00f6\u00dfe: Maximaler Luftstrom: Csonk \u00d8: Spannung (VAC): UV-Lampen: Leistungsaufnahme: Leistungsaufnahme: Schutzart: Geh\u00e4usematerial: Farbe: Gewicht: 1080x550x560 mm 895x450x495 mm 4000 m3\/h 400 mm 230\/50 10&#215;35 W 350 W 1,7 A IP54 korr\u00f3zi\u00f3\u00e1ll\u00f3 ac\u00e9l (1.4301)&hellip;&nbsp;<a href=\"https:\/\/r-filter.ro\/de\/uvs2500m2s\/\" rel=\"bookmark\">Mehr lesen &raquo;<span class=\"screen-reader-text\">UVS2500M2S<\/span><\/a><\/p>","protected":false},"author":2,"featured_media":0,"parent":0,"menu_order":0,"comment_status":"closed","ping_status":"closed","template":"","meta":{"neve_meta_sidebar":"full-width","neve_meta_container":"","neve_meta_enable_content_width":"on","neve_meta_content_width":100,"neve_meta_title_alignment":"","neve_meta_author_avatar":"","neve_post_elements_order":"","neve_meta_disable_header":"","neve_meta_disable_footer":"","neve_meta_disable_title":"","neve_meta_reading_time":"","_themeisle_gutenberg_block_has_review":false,"_ti_tpc_template_sync":false,"_ti_tpc_template_id":"","footnotes":""},"class_list":["post-2579","page","type-page","status-publish","hentry"],"_links":{"self":[{"href":"https:\/\/r-filter.ro\/de\/wp-json\/wp\/v2\/pages\/2579","targetHints":{"allow":["GET"]}}],"collection":[{"href":"https:\/\/r-filter.ro\/de\/wp-json\/wp\/v2\/pages"}],"about":[{"href":"https:\/\/r-filter.ro\/de\/wp-json\/wp\/v2\/types\/page"}],"author":[{"embeddable":true,"href":"https:\/\/r-filter.ro\/de\/wp-json\/wp\/v2\/users\/2"}],"replies":[{"embeddable":true,"href":"https:\/\/r-filter.ro\/de\/wp-json\/wp\/v2\/comments?post=2579"}],"version-history":[{"count":63,"href":"https:\/\/r-filter.ro\/de\/wp-json\/wp\/v2\/pages\/2579\/revisions"}],"predecessor-version":[{"id":7258,"href":"https:\/\/r-filter.ro\/de\/wp-json\/wp\/v2\/pages\/2579\/revisions\/7258"}],"wp:attachment":[{"href":"https:\/\/r-filter.ro\/de\/wp-json\/wp\/v2\/media?parent=2579"}],"curies":[{"name":"wp","href":"https:\/\/api.w.org\/{rel}","templated":true}]}}