{"id":2369,"date":"2021-07-29T06:20:15","date_gmt":"2021-07-29T06:20:15","guid":{"rendered":"https:\/\/r-filter.hu\/?page_id=2369"},"modified":"2026-02-25T13:33:56","modified_gmt":"2026-02-25T11:33:56","slug":"uvh-e","status":"publish","type":"page","link":"https:\/\/r-filter.ro\/de\/uvh-e\/","title":{"rendered":"UVH-E"},"content":{"rendered":"<div data-elementor-type=\"wp-page\" data-elementor-id=\"2369\" class=\"elementor elementor-2369\" data-elementor-post-type=\"page\">\n\t\t\t\t\t\t<section class=\"elementor-section elementor-top-section elementor-element elementor-element-5723083 elementor-section-boxed elementor-section-height-default elementor-section-height-default\" data-id=\"5723083\" data-element_type=\"section\" data-e-type=\"section\">\n\t\t\t\t\t\t<div class=\"elementor-container elementor-column-gap-default\">\n\t\t\t\t\t<div class=\"elementor-column elementor-col-100 elementor-top-column elementor-element elementor-element-36d42f8\" data-id=\"36d42f8\" data-element_type=\"column\" data-e-type=\"column\" data-settings=\"{&quot;background_background&quot;:&quot;classic&quot;}\">\n\t\t\t<div class=\"elementor-widget-wrap elementor-element-populated\">\n\t\t\t\t\t\t<div class=\"elementor-element elementor-element-9a9105f elementor-widget elementor-widget-heading\" data-id=\"9a9105f\" data-element_type=\"widget\" data-e-type=\"widget\" data-widget_type=\"heading.default\">\n\t\t\t\t<div class=\"elementor-widget-container\">\n\t\t\t\t\t<h1 class=\"elementor-heading-title elementor-size-default\">UVH 50E<\/h1>\t\t\t\t<\/div>\n\t\t\t\t<\/div>\n\t\t\t\t<div class=\"elementor-element elementor-element-8fae964 elementor-widget-divider--view-line elementor-widget elementor-widget-divider\" data-id=\"8fae964\" data-element_type=\"widget\" data-e-type=\"widget\" data-widget_type=\"divider.default\">\n\t\t\t\t<div class=\"elementor-widget-container\">\n\t\t\t\t\t\t\t<div class=\"elementor-divider\">\n\t\t\t<span class=\"elementor-divider-separator\">\n\t\t\t\t\t\t<\/span>\n\t\t<\/div>\n\t\t\t\t\t\t<\/div>\n\t\t\t\t<\/div>\n\t\t\t\t\t<\/div>\n\t\t<\/div>\n\t\t\t\t\t<\/div>\n\t\t<\/section>\n\t\t\t\t<section class=\"elementor-section elementor-top-section elementor-element elementor-element-2183a3f elementor-section-boxed elementor-section-height-default elementor-section-height-default\" data-id=\"2183a3f\" data-element_type=\"section\" data-e-type=\"section\">\n\t\t\t\t\t\t<div class=\"elementor-container elementor-column-gap-default\">\n\t\t\t\t\t<div class=\"elementor-column elementor-col-100 elementor-top-column elementor-element elementor-element-e0019e5\" data-id=\"e0019e5\" data-element_type=\"column\" data-e-type=\"column\">\n\t\t\t<div class=\"elementor-widget-wrap elementor-element-populated\">\n\t\t\t\t\t\t<section class=\"elementor-section elementor-inner-section elementor-element elementor-element-c775e80 elementor-section-boxed elementor-section-height-default elementor-section-height-default\" data-id=\"c775e80\" data-element_type=\"section\" data-e-type=\"section\">\n\t\t\t\t\t\t<div class=\"elementor-container elementor-column-gap-default\">\n\t\t\t\t\t<div class=\"elementor-column elementor-col-50 elementor-inner-column elementor-element elementor-element-3ceb423\" data-id=\"3ceb423\" data-element_type=\"column\" data-e-type=\"column\">\n\t\t\t<div class=\"elementor-widget-wrap elementor-element-populated\">\n\t\t\t\t\t\t<div class=\"elementor-element elementor-element-47aa036 elementor-widget elementor-widget-text-editor\" data-id=\"47aa036\" data-element_type=\"widget\" data-e-type=\"widget\" data-widget_type=\"text-editor.default\">\n\t\t\t\t<div class=\"elementor-widget-container\">\n\t\t\t\t\t\t\t\t\t<p>Der hygienische photokatalytische photokatalytische Desinfektions- und Luftreiniger UVH 50E wurde speziell f\u00fcr die Desinfektion und Desodorierung der Luft in belebten und stark frequentierten \u00f6ffentlichen R\u00e4umen entwickelt.<br \/><strong>Dieses innovative und kompakte Ger\u00e4t kann in allen R\u00e4umen (Toiletten, B\u00e4der, B\u00fcros, Wohnungen) eingesetzt werden, in denen Mikroorganismen, unangenehme und gesundheitssch\u00e4dliche Ger\u00fcche gefiltert und neutralisiert werden sollen. <\/strong> Indem wir Bakterien und Viren aus der Luft entfernen, verhindern wir auch, dass sie sich durch Kontakt verbreiten, indem sie sich auf Oberfl\u00e4chen festsetzen.<\/p>\t\t\t\t\t\t\t\t<\/div>\n\t\t\t\t<\/div>\n\t\t\t\t<div class=\"elementor-element elementor-element-3e148ce elementor-widget elementor-widget-text-editor\" data-id=\"3e148ce\" data-element_type=\"widget\" data-e-type=\"widget\" data-widget_type=\"text-editor.default\">\n\t\t\t\t<div class=\"elementor-widget-container\">\n\t\t\t\t\t\t\t\t\t<strong>Wie es funktioniert<\/strong>\t\t\t\t\t\t\t\t<\/div>\n\t\t\t\t<\/div>\n\t\t\t\t<div class=\"elementor-element elementor-element-08529ed elementor-widget-divider--view-line elementor-widget elementor-widget-divider\" data-id=\"08529ed\" data-element_type=\"widget\" data-e-type=\"widget\" data-widget_type=\"divider.default\">\n\t\t\t\t<div class=\"elementor-widget-container\">\n\t\t\t\t\t\t\t<div class=\"elementor-divider\">\n\t\t\t<span class=\"elementor-divider-separator\">\n\t\t\t\t\t\t<\/span>\n\t\t<\/div>\n\t\t\t\t\t\t<\/div>\n\t\t\t\t<\/div>\n\t\t\t\t<div class=\"elementor-element elementor-element-73b3115 elementor-widget elementor-widget-text-editor\" data-id=\"73b3115\" data-element_type=\"widget\" data-e-type=\"widget\" data-widget_type=\"text-editor.default\">\n\t\t\t\t<div class=\"elementor-widget-container\">\n\t\t\t\t\t\t\t\t\t<p>Das Luftdesinfektionsger\u00e4t R-FILTER UVH 50E neutralisiert wirksam Bakterien und Viren in der Raumluft und beseitigt Ger\u00fcche. Der Luftreiniger kombiniert die Synergieeffekte von zwei Technologien.<\/p><p><b>PCO (photokatalytische Oxidation):<br \/><\/b><span style=\"colour: var( --e-global-colour-text ); font-family: var( --e-global-typography-text-font-family ), Sans-serif; font-weight: var( --e-global-typography-text-font-weight ); background-colour: var(--nv-site-bg); font-size: var(--bodyfontsize); letter-spacing: var(--bodyletterspacing); text-transform: var(--bodytexttransform);\">Die von den eingebauten Ventilatoren umgew\u00e4lzte Raumluft str\u00f6mt durch das Ger\u00e4t und kommt mit den photokatalytischen Platten in Kontakt. Die Platten werden mit UV-Licht beleuchtet, das die Katalysatorplatten aktiviert und hochreaktive Hydroxyl- und Superoxid-Ionen erzeugt. Diese greifen Schadstoffe in der Luft an, wie die meisten organischen Schadstoffe (Bakterien, Viren, Schimmelpilze und Ger\u00fcche), und zerst\u00f6ren sie durch Oxidation. <\/span><\/p><p><b>UVGI (Ultraviolette keimt\u00f6tende Bestrahlung mit ultravioletter keimt\u00f6tender Bestrahlung):<br \/><\/b><span style=\"colour: var( --e-global-colour-text ); font-family: var( --e-global-typography-text-font-family ), Sans-serif; font-weight: var( --e-global-typography-text-font-weight ); background-colour: var(--nv-site-bg); font-size: var(--bodyfontsize); letter-spacing: var(--bodyletterspacing); text-transform: var(--bodytexttransform);\">Die verwendete keimt\u00f6tende oder bakterient\u00f6tende Lampe ist eine spezielle UV-C-Lichtquelle. Die kurzwellige ultraviolette Strahlung in der UV-Reaktorkammer des Ger\u00e4ts zerst\u00f6rt die DNA und RNA der Mikroorganismen und t\u00f6tet sie ab. Das UV-Licht dient auch zur Aktivierung der Photokatalysatorplatten.<\/span><\/p><p><em>Der folgende Luftreinigungsprozess findet auf dem TiO<sub>2<\/sub>:<\/em><\/p>\t\t\t\t\t\t\t\t<\/div>\n\t\t\t\t<\/div>\n\t\t\t\t<div class=\"elementor-element elementor-element-a83a2b9 elementor-widget elementor-widget-image\" data-id=\"a83a2b9\" data-element_type=\"widget\" data-e-type=\"widget\" data-widget_type=\"image.default\">\n\t\t\t\t<div class=\"elementor-widget-container\">\n\t\t\t\t\t\t\t\t\t\t\t\t\t\t\t<img fetchpriority=\"high\" decoding=\"async\" width=\"1024\" height=\"670\" src=\"https:\/\/r-filter.ro\/wp-content\/uploads\/2021\/11\/fot.e.1.n-1024x687.jpg\" class=\"attachment-large size-large wp-image-8709\" alt=\"\" srcset=\"\" sizes=\"(max-width: 1024px) 100vw, 1024px\" data-srcset=\"\" \/>\t\t\t\t\t\t\t\t\t\t\t\t\t\t\t<\/div>\n\t\t\t\t<\/div>\n\t\t\t\t<div class=\"elementor-element elementor-element-b831c42 elementor-widget elementor-widget-text-editor\" data-id=\"b831c42\" data-element_type=\"widget\" data-e-type=\"widget\" data-widget_type=\"text-editor.default\">\n\t\t\t\t<div class=\"elementor-widget-container\">\n\t\t\t\t\t\t\t\t\t<p>TiO<sub>2<\/sub> ist ein Halbleiter, in dem bei Beleuchtung mit Licht einer bestimmten Wellenl\u00e4nge Elektronen (e-) im Leitungsband angeregt werden und an ihrer Stelle L\u00f6cher (h+) entstehen. Die L\u00f6cher haben eine stark oxidierende Wirkung, w\u00e4hrend die Elektronen eine stark reduzierende Wirkung haben. Die hochreaktiven Hydroxylradikale (-OH) werden aus dem Wasser der Luftfeuchtigkeit gebildet, w\u00e4hrend die Superoxidradikale (-O<sub>2<\/sub>-) werden aus dem Sauerstoff der Luft reaktive Stoffe gebildet. Geruchsstoffe in der Luft werden abgebaut und Mikroorganismen werden durch Sch\u00e4digung der Struktur ihrer DNA zerst\u00f6rt, so dass nur Kohlendioxid und Wasser zur\u00fcckbleiben, die mit der gereinigten Luft abgef\u00fchrt werden. Die Titandioxid-Beschichtung nutzt sich nicht ab und bleibt dauerhaft funktionsf\u00e4hig.<\/p><p><em>Ein Querschnittsbild, das den Zersetzungsprozess von fl\u00fcchtigen organischen Verbindungen (VOC) zeigt:<\/em><\/p>\t\t\t\t\t\t\t\t<\/div>\n\t\t\t\t<\/div>\n\t\t\t\t<div class=\"elementor-element elementor-element-846bfd6 elementor-widget elementor-widget-image\" data-id=\"846bfd6\" data-element_type=\"widget\" data-e-type=\"widget\" data-widget_type=\"image.default\">\n\t\t\t\t<div class=\"elementor-widget-container\">\n\t\t\t\t\t\t\t\t\t\t\t\t\t\t\t<img decoding=\"async\" width=\"1024\" height=\"589\" src=\"https:\/\/r-filter.ro\/wp-content\/uploads\/2021\/11\/fot.e.2.n-1024x588.jpg\" class=\"attachment-large size-large wp-image-8711\" alt=\"\" srcset=\"\" sizes=\"(max-width: 1024px) 100vw, 1024px\" data-srcset=\"\" \/>\t\t\t\t\t\t\t\t\t\t\t\t\t\t\t<\/div>\n\t\t\t\t<\/div>\n\t\t\t\t\t<\/div>\n\t\t<\/div>\n\t\t\t\t<div class=\"elementor-column elementor-col-50 elementor-inner-column elementor-element elementor-element-2fff13a\" data-id=\"2fff13a\" data-element_type=\"column\" data-e-type=\"column\">\n\t\t\t<div class=\"elementor-widget-wrap elementor-element-populated\">\n\t\t\t\t\t\t<div class=\"elementor-element elementor-element-b74dc22 elementor-widget elementor-widget-image\" data-id=\"b74dc22\" data-element_type=\"widget\" data-e-type=\"widget\" data-widget_type=\"image.default\">\n\t\t\t\t<div class=\"elementor-widget-container\">\n\t\t\t\t\t\t\t\t\t\t\t\t\t\t\t<img decoding=\"async\" width=\"1024\" height=\"512\" src=\"https:\/\/r-filter.ro\/wp-content\/uploads\/2022\/10\/UVH-E3-1024x512.jpg\" class=\"attachment-large size-large wp-image-5302\" alt=\"R-Filter innovat\u00edv konyhai l\u00e9gkezel\u00e9s, zs\u00edrbont\u00e1s \u00e9s szagtalan\u00edt\u00e1s\" srcset=\"\" sizes=\"(max-width: 1024px) 100vw, 1024px\" data-srcset=\"\" \/>\t\t\t\t\t\t\t\t\t\t\t\t\t\t\t<\/div>\n\t\t\t\t<\/div>\n\t\t\t\t<div class=\"elementor-element elementor-element-28494af elementor-widget elementor-widget-text-editor\" data-id=\"28494af\" data-element_type=\"widget\" data-e-type=\"widget\" data-widget_type=\"text-editor.default\">\n\t\t\t\t<div class=\"elementor-widget-container\">\n\t\t\t\t\t\t\t\t\t<p style=\"color: #0000f3;\">Vorteile der Verwendung des Ger\u00e4ts:<\/p>\n\n<ul>\n     <li>die synergistische Wirkung von ultravioletter keimt\u00f6tender Bestrahlung (UVGI) und photokatalytischer Oxidation (PCO)<\/li>\n \t<li>Hervorragende desinfizierende und desodorierende Wirkung<\/li>\n     <li>Chemikalienfreier und ozonfreier Betrieb<\/li>\n     <li>Kompakte Abmessungen<\/li>\n     <li>Ausf\u00fchrung f\u00fcr Wand- oder Tischmontage<\/li>\n     <li>Mindestanforderungen an die Instandhaltung<\/li>\n<\/ul>\t\t\t\t\t\t\t\t<\/div>\n\t\t\t\t<\/div>\n\t\t\t\t<div class=\"elementor-element elementor-element-c783028 elementor-widget elementor-widget-image\" data-id=\"c783028\" data-element_type=\"widget\" data-e-type=\"widget\" data-widget_type=\"image.default\">\n\t\t\t\t<div class=\"elementor-widget-container\">\n\t\t\t\t\t\t\t\t\t\t\t\t\t\t\t<img loading=\"lazy\" decoding=\"async\" width=\"2286\" height=\"1071\" src=\"https:\/\/r-filter.ro\/wp-content\/uploads\/2021\/07\/UVH-3D-ABRAK-2.jpg\" class=\"attachment-full size-full wp-image-2371\" alt=\"\" srcset=\"https:\/\/r-filter.ro\/wp-content\/uploads\/2021\/07\/UVH-3D-ABRAK-2.jpg 2286w, https:\/\/r-filter.ro\/wp-content\/uploads\/2021\/07\/UVH-3D-ABRAK-2-300x141.jpg 300w, https:\/\/r-filter.ro\/wp-content\/uploads\/2021\/07\/UVH-3D-ABRAK-2-1024x480.jpg 1024w, https:\/\/r-filter.ro\/wp-content\/uploads\/2021\/07\/UVH-3D-ABRAK-2-768x360.jpg 768w, https:\/\/r-filter.ro\/wp-content\/uploads\/2021\/07\/UVH-3D-ABRAK-2-1536x720.jpg 1536w, https:\/\/r-filter.ro\/wp-content\/uploads\/2021\/07\/UVH-3D-ABRAK-2-2048x959.jpg 2048w, https:\/\/r-filter.ro\/wp-content\/uploads\/2021\/07\/UVH-3D-ABRAK-2-16x7.jpg 16w\" sizes=\"(max-width: 2286px) 100vw, 2286px\" \/>\t\t\t\t\t\t\t\t\t\t\t\t\t\t\t<\/div>\n\t\t\t\t<\/div>\n\t\t\t\t<div class=\"elementor-element elementor-element-4db475c elementor-widget elementor-widget-text-editor\" data-id=\"4db475c\" data-element_type=\"widget\" data-e-type=\"widget\" data-widget_type=\"text-editor.default\">\n\t\t\t\t<div class=\"elementor-widget-container\">\n\t\t\t\t\t\t\t\t\t<p><strong>Auf Anfrage senden wir Ihnen die Datenbl\u00e4tter der Ger\u00e4te zu, nachdem Sie sich im Men\u00fc &#8222;Kontakt&#8221; registriert haben.<\/strong><\/p>\t\t\t\t\t\t\t\t<\/div>\n\t\t\t\t<\/div>\n\t\t\t\t\t<\/div>\n\t\t<\/div>\n\t\t\t\t\t<\/div>\n\t\t<\/section>\n\t\t\t\t\t<\/div>\n\t\t<\/div>\n\t\t\t\t\t<\/div>\n\t\t<\/section>\n\t\t\t\t<\/div>","protected":false},"excerpt":{"rendered":"<p>UVH 50E Der hygienische photokatalytische Desinfektions- und Luftreiniger UVH 50E wurde speziell f\u00fcr die Desinfektion und Desodorierung der Luft in belebten und intensiv genutzten \u00f6ffentlichen R\u00e4umen entwickelt. Dieses innovative und kompakte Ger\u00e4t kann in allen R\u00e4umen (Toiletten, Badezimmer, B\u00fcros, Unterk\u00fcnfte) eingesetzt werden, in denen Mikroorganismen und unangenehme Ger\u00fcche gefiltert und neutralisiert werden sollen&hellip;&nbsp;<a href=\"https:\/\/r-filter.ro\/de\/uvh-e\/\" rel=\"bookmark\">Mehr lesen &raquo;<span class=\"screen-reader-text\">UVH-E<\/span><\/a><\/p>","protected":false},"author":2,"featured_media":0,"parent":0,"menu_order":0,"comment_status":"closed","ping_status":"closed","template":"","meta":{"neve_meta_sidebar":"full-width","neve_meta_container":"","neve_meta_enable_content_width":"on","neve_meta_content_width":100,"neve_meta_title_alignment":"","neve_meta_author_avatar":"","neve_post_elements_order":"","neve_meta_disable_header":"","neve_meta_disable_footer":"","neve_meta_disable_title":"","neve_meta_reading_time":"","_themeisle_gutenberg_block_has_review":false,"_ti_tpc_template_sync":false,"_ti_tpc_template_id":"","footnotes":""},"class_list":["post-2369","page","type-page","status-publish","hentry"],"_links":{"self":[{"href":"https:\/\/r-filter.ro\/de\/wp-json\/wp\/v2\/pages\/2369","targetHints":{"allow":["GET"]}}],"collection":[{"href":"https:\/\/r-filter.ro\/de\/wp-json\/wp\/v2\/pages"}],"about":[{"href":"https:\/\/r-filter.ro\/de\/wp-json\/wp\/v2\/types\/page"}],"author":[{"embeddable":true,"href":"https:\/\/r-filter.ro\/de\/wp-json\/wp\/v2\/users\/2"}],"replies":[{"embeddable":true,"href":"https:\/\/r-filter.ro\/de\/wp-json\/wp\/v2\/comments?post=2369"}],"version-history":[{"count":64,"href":"https:\/\/r-filter.ro\/de\/wp-json\/wp\/v2\/pages\/2369\/revisions"}],"predecessor-version":[{"id":8720,"href":"https:\/\/r-filter.ro\/de\/wp-json\/wp\/v2\/pages\/2369\/revisions\/8720"}],"wp:attachment":[{"href":"https:\/\/r-filter.ro\/de\/wp-json\/wp\/v2\/media?parent=2369"}],"curies":[{"name":"wp","href":"https:\/\/api.w.org\/{rel}","templated":true}]}}