{"id":2313,"date":"2021-07-28T09:17:19","date_gmt":"2021-07-28T09:17:19","guid":{"rendered":"https:\/\/r-filter.hu\/?page_id=2313"},"modified":"2026-02-25T12:31:22","modified_gmt":"2026-02-25T10:31:22","slug":"uvo-c","status":"publish","type":"page","link":"https:\/\/r-filter.ro\/de\/uvo-c\/","title":{"rendered":"UVO-C"},"content":{"rendered":"<div data-elementor-type=\"wp-page\" data-elementor-id=\"2313\" class=\"elementor elementor-2313\" data-elementor-post-type=\"page\">\n\t\t\t\t\t\t<section class=\"elementor-section elementor-top-section elementor-element elementor-element-09a576e elementor-section-boxed elementor-section-height-default elementor-section-height-default\" data-id=\"09a576e\" data-element_type=\"section\" data-e-type=\"section\">\n\t\t\t\t\t\t<div class=\"elementor-container elementor-column-gap-default\">\n\t\t\t\t\t<div class=\"elementor-column elementor-col-100 elementor-top-column elementor-element elementor-element-8b2c28b\" data-id=\"8b2c28b\" data-element_type=\"column\" data-e-type=\"column\" data-settings=\"{&quot;background_background&quot;:&quot;classic&quot;}\">\n\t\t\t<div class=\"elementor-widget-wrap elementor-element-populated\">\n\t\t\t\t\t\t<div class=\"elementor-element elementor-element-6293f1c elementor-widget elementor-widget-heading\" data-id=\"6293f1c\" data-element_type=\"widget\" data-e-type=\"widget\" data-widget_type=\"heading.default\">\n\t\t\t\t<div class=\"elementor-widget-container\">\n\t\t\t\t\t<h1 class=\"elementor-heading-title elementor-size-default\">UVO-C FETTL\u00d6SER UND DESODORIERUNGSMITTEL<\/h1>\t\t\t\t<\/div>\n\t\t\t\t<\/div>\n\t\t\t\t<div class=\"elementor-element elementor-element-5b79eb6 elementor-widget-divider--view-line elementor-widget elementor-widget-divider\" data-id=\"5b79eb6\" data-element_type=\"widget\" data-e-type=\"widget\" data-widget_type=\"divider.default\">\n\t\t\t\t<div class=\"elementor-widget-container\">\n\t\t\t\t\t\t\t<div class=\"elementor-divider\">\n\t\t\t<span class=\"elementor-divider-separator\">\n\t\t\t\t\t\t<\/span>\n\t\t<\/div>\n\t\t\t\t\t\t<\/div>\n\t\t\t\t<\/div>\n\t\t\t\t\t<\/div>\n\t\t<\/div>\n\t\t\t\t\t<\/div>\n\t\t<\/section>\n\t\t\t\t<section class=\"elementor-section elementor-top-section elementor-element elementor-element-bd0507e elementor-section-boxed elementor-section-height-default elementor-section-height-default\" data-id=\"bd0507e\" data-element_type=\"section\" data-e-type=\"section\">\n\t\t\t\t\t\t<div class=\"elementor-container elementor-column-gap-default\">\n\t\t\t\t\t<div class=\"elementor-column elementor-col-25 elementor-top-column elementor-element elementor-element-1b0ce29\" data-id=\"1b0ce29\" data-element_type=\"column\" data-e-type=\"column\">\n\t\t\t<div class=\"elementor-widget-wrap elementor-element-populated\">\n\t\t\t\t\t\t<div class=\"elementor-element elementor-element-577adec elementor-widget elementor-widget-image\" data-id=\"577adec\" data-element_type=\"widget\" data-e-type=\"widget\" data-widget_type=\"image.default\">\n\t\t\t\t<div class=\"elementor-widget-container\">\n\t\t\t\t\t\t\t\t\t\t\t\t<figure class=\"wp-caption\">\n\t\t\t\t\t\t\t\t\t\t<img fetchpriority=\"high\" decoding=\"async\" width=\"1024\" height=\"512\" src=\"https:\/\/r-filter.ro\/wp-content\/uploads\/2023\/05\/UVO-C-4-1024x512.jpg\" class=\"attachment-large size-large wp-image-6421\" alt=\"R-Filter innovat\u00edv konyhai l\u00e9gkezel\u00e9s, zs\u00edrbont\u00e1s \u00e9s szagtalan\u00edt\u00e1s\" srcset=\"https:\/\/r-filter.ro\/wp-content\/uploads\/2023\/05\/UVO-C-4-1024x512.jpg 1024w, https:\/\/r-filter.ro\/wp-content\/uploads\/2023\/05\/UVO-C-4-300x150.jpg 300w, https:\/\/r-filter.ro\/wp-content\/uploads\/2023\/05\/UVO-C-4-768x384.jpg 768w, https:\/\/r-filter.ro\/wp-content\/uploads\/2023\/05\/UVO-C-4-18x9.jpg 18w, https:\/\/r-filter.ro\/wp-content\/uploads\/2023\/05\/UVO-C-4.jpg 1200w\" sizes=\"(max-width: 1024px) 100vw, 1024px\" \/>\t\t\t\t\t\t\t\t\t\t\t<figcaption class=\"widget-image-caption wp-caption-text\">UVO-C 380K<\/figcaption>\n\t\t\t\t\t\t\t\t\t\t<\/figure>\n\t\t\t\t\t\t\t\t\t<\/div>\n\t\t\t\t<\/div>\n\t\t\t\t<div class=\"elementor-element elementor-element-399b267 elementor-align-center elementor-widget elementor-widget-button\" data-id=\"399b267\" data-element_type=\"widget\" data-e-type=\"widget\" data-widget_type=\"button.default\">\n\t\t\t\t<div class=\"elementor-widget-container\">\n\t\t\t\t\t\t\t\t\t<div class=\"elementor-button-wrapper\">\n\t\t\t\t\t<a class=\"elementor-button elementor-button-link elementor-size-sm elementor-animation-shrink\" href=\"https:\/\/r-filter.ro\/de\/uvo-c-380k\/\" target=\"_blank\">\n\t\t\t\t\t\t<span class=\"elementor-button-content-wrapper\">\n\t\t\t\t\t\t\t\t\t<span class=\"elementor-button-text\">Infos<\/span>\n\t\t\t\t\t<\/span>\n\t\t\t\t\t<\/a>\n\t\t\t\t<\/div>\n\t\t\t\t\t\t\t\t<\/div>\n\t\t\t\t<\/div>\n\t\t\t\t\t<\/div>\n\t\t<\/div>\n\t\t\t\t<div class=\"elementor-column elementor-col-25 elementor-top-column elementor-element elementor-element-65f6438\" data-id=\"65f6438\" data-element_type=\"column\" data-e-type=\"column\">\n\t\t\t<div class=\"elementor-widget-wrap elementor-element-populated\">\n\t\t\t\t\t\t<div class=\"elementor-element elementor-element-1c91b1d elementor-widget elementor-widget-image\" data-id=\"1c91b1d\" data-element_type=\"widget\" data-e-type=\"widget\" data-widget_type=\"image.default\">\n\t\t\t\t<div class=\"elementor-widget-container\">\n\t\t\t\t\t\t\t\t\t\t\t\t<figure class=\"wp-caption\">\n\t\t\t\t\t\t\t\t\t\t<img fetchpriority=\"high\" decoding=\"async\" width=\"1024\" height=\"512\" src=\"https:\/\/r-filter.ro\/wp-content\/uploads\/2023\/05\/UVO-C-4-1024x512.jpg\" class=\"attachment-large size-large wp-image-6421\" alt=\"R-Filter innovat\u00edv konyhai l\u00e9gkezel\u00e9s, zs\u00edrbont\u00e1s \u00e9s szagtalan\u00edt\u00e1s\" srcset=\"https:\/\/r-filter.ro\/wp-content\/uploads\/2023\/05\/UVO-C-4-1024x512.jpg 1024w, https:\/\/r-filter.ro\/wp-content\/uploads\/2023\/05\/UVO-C-4-300x150.jpg 300w, https:\/\/r-filter.ro\/wp-content\/uploads\/2023\/05\/UVO-C-4-768x384.jpg 768w, https:\/\/r-filter.ro\/wp-content\/uploads\/2023\/05\/UVO-C-4-18x9.jpg 18w, https:\/\/r-filter.ro\/wp-content\/uploads\/2023\/05\/UVO-C-4.jpg 1200w\" sizes=\"(max-width: 1024px) 100vw, 1024px\" \/>\t\t\t\t\t\t\t\t\t\t\t<figcaption class=\"widget-image-caption wp-caption-text\">UVO-C 570K<\/figcaption>\n\t\t\t\t\t\t\t\t\t\t<\/figure>\n\t\t\t\t\t\t\t\t\t<\/div>\n\t\t\t\t<\/div>\n\t\t\t\t<div class=\"elementor-element elementor-element-22f5cea elementor-align-center elementor-widget elementor-widget-button\" data-id=\"22f5cea\" data-element_type=\"widget\" data-e-type=\"widget\" data-widget_type=\"button.default\">\n\t\t\t\t<div class=\"elementor-widget-container\">\n\t\t\t\t\t\t\t\t\t<div class=\"elementor-button-wrapper\">\n\t\t\t\t\t<a class=\"elementor-button elementor-button-link elementor-size-sm elementor-animation-shrink\" href=\"https:\/\/r-filter.ro\/de\/uvo-c-570k\/\" target=\"_blank\">\n\t\t\t\t\t\t<span class=\"elementor-button-content-wrapper\">\n\t\t\t\t\t\t\t\t\t<span class=\"elementor-button-text\">Infos<\/span>\n\t\t\t\t\t<\/span>\n\t\t\t\t\t<\/a>\n\t\t\t\t<\/div>\n\t\t\t\t\t\t\t\t<\/div>\n\t\t\t\t<\/div>\n\t\t\t\t\t<\/div>\n\t\t<\/div>\n\t\t\t\t<div class=\"elementor-column elementor-col-25 elementor-top-column elementor-element elementor-element-6b07c22\" data-id=\"6b07c22\" data-element_type=\"column\" data-e-type=\"column\">\n\t\t\t<div class=\"elementor-widget-wrap elementor-element-populated\">\n\t\t\t\t\t\t<div class=\"elementor-element elementor-element-4792832 elementor-widget elementor-widget-image\" data-id=\"4792832\" data-element_type=\"widget\" data-e-type=\"widget\" data-widget_type=\"image.default\">\n\t\t\t\t<div class=\"elementor-widget-container\">\n\t\t\t\t\t\t\t\t\t\t\t\t<figure class=\"wp-caption\">\n\t\t\t\t\t\t\t\t\t\t<img fetchpriority=\"high\" decoding=\"async\" width=\"1024\" height=\"512\" src=\"https:\/\/r-filter.ro\/wp-content\/uploads\/2023\/05\/UVO-C-4-1024x512.jpg\" class=\"attachment-large size-large wp-image-6421\" alt=\"R-Filter innovat\u00edv konyhai l\u00e9gkezel\u00e9s, zs\u00edrbont\u00e1s \u00e9s szagtalan\u00edt\u00e1s\" srcset=\"https:\/\/r-filter.ro\/wp-content\/uploads\/2023\/05\/UVO-C-4-1024x512.jpg 1024w, https:\/\/r-filter.ro\/wp-content\/uploads\/2023\/05\/UVO-C-4-300x150.jpg 300w, https:\/\/r-filter.ro\/wp-content\/uploads\/2023\/05\/UVO-C-4-768x384.jpg 768w, https:\/\/r-filter.ro\/wp-content\/uploads\/2023\/05\/UVO-C-4-18x9.jpg 18w, https:\/\/r-filter.ro\/wp-content\/uploads\/2023\/05\/UVO-C-4.jpg 1200w\" sizes=\"(max-width: 1024px) 100vw, 1024px\" \/>\t\t\t\t\t\t\t\t\t\t\t<figcaption class=\"widget-image-caption wp-caption-text\">UVO-C 760K<\/figcaption>\n\t\t\t\t\t\t\t\t\t\t<\/figure>\n\t\t\t\t\t\t\t\t\t<\/div>\n\t\t\t\t<\/div>\n\t\t\t\t<div class=\"elementor-element elementor-element-af421a7 elementor-align-center elementor-widget elementor-widget-button\" data-id=\"af421a7\" data-element_type=\"widget\" data-e-type=\"widget\" data-widget_type=\"button.default\">\n\t\t\t\t<div class=\"elementor-widget-container\">\n\t\t\t\t\t\t\t\t\t<div class=\"elementor-button-wrapper\">\n\t\t\t\t\t<a class=\"elementor-button elementor-button-link elementor-size-sm elementor-animation-shrink\" href=\"https:\/\/r-filter.ro\/de\/uvo-c-760k\/\" target=\"_blank\">\n\t\t\t\t\t\t<span class=\"elementor-button-content-wrapper\">\n\t\t\t\t\t\t\t\t\t<span class=\"elementor-button-text\">Infos<\/span>\n\t\t\t\t\t<\/span>\n\t\t\t\t\t<\/a>\n\t\t\t\t<\/div>\n\t\t\t\t\t\t\t\t<\/div>\n\t\t\t\t<\/div>\n\t\t\t\t\t<\/div>\n\t\t<\/div>\n\t\t\t\t<div class=\"elementor-column elementor-col-25 elementor-top-column elementor-element elementor-element-5f6d64a\" data-id=\"5f6d64a\" data-element_type=\"column\" data-e-type=\"column\">\n\t\t\t<div class=\"elementor-widget-wrap elementor-element-populated\">\n\t\t\t\t\t\t<div class=\"elementor-element elementor-element-ed04b24 elementor-widget elementor-widget-image\" data-id=\"ed04b24\" data-element_type=\"widget\" data-e-type=\"widget\" data-widget_type=\"image.default\">\n\t\t\t\t<div class=\"elementor-widget-container\">\n\t\t\t\t\t\t\t\t\t\t\t\t<figure class=\"wp-caption\">\n\t\t\t\t\t\t\t\t\t\t<img fetchpriority=\"high\" decoding=\"async\" width=\"1024\" height=\"512\" src=\"https:\/\/r-filter.ro\/wp-content\/uploads\/2023\/05\/UVO-C-4-1024x512.jpg\" class=\"attachment-large size-large wp-image-6421\" alt=\"R-Filter innovat\u00edv konyhai l\u00e9gkezel\u00e9s, zs\u00edrbont\u00e1s \u00e9s szagtalan\u00edt\u00e1s\" srcset=\"https:\/\/r-filter.ro\/wp-content\/uploads\/2023\/05\/UVO-C-4-1024x512.jpg 1024w, https:\/\/r-filter.ro\/wp-content\/uploads\/2023\/05\/UVO-C-4-300x150.jpg 300w, https:\/\/r-filter.ro\/wp-content\/uploads\/2023\/05\/UVO-C-4-768x384.jpg 768w, https:\/\/r-filter.ro\/wp-content\/uploads\/2023\/05\/UVO-C-4-18x9.jpg 18w, https:\/\/r-filter.ro\/wp-content\/uploads\/2023\/05\/UVO-C-4.jpg 1200w\" sizes=\"(max-width: 1024px) 100vw, 1024px\" \/>\t\t\t\t\t\t\t\t\t\t\t<figcaption class=\"widget-image-caption wp-caption-text\">UVO-C 950K<\/figcaption>\n\t\t\t\t\t\t\t\t\t\t<\/figure>\n\t\t\t\t\t\t\t\t\t<\/div>\n\t\t\t\t<\/div>\n\t\t\t\t<div class=\"elementor-element elementor-element-1784201 elementor-align-center elementor-widget elementor-widget-button\" data-id=\"1784201\" data-element_type=\"widget\" data-e-type=\"widget\" data-widget_type=\"button.default\">\n\t\t\t\t<div class=\"elementor-widget-container\">\n\t\t\t\t\t\t\t\t\t<div class=\"elementor-button-wrapper\">\n\t\t\t\t\t<a class=\"elementor-button elementor-button-link elementor-size-sm elementor-animation-shrink\" href=\"https:\/\/r-filter.ro\/de\/uvo-c-950k\/\" target=\"_blank\">\n\t\t\t\t\t\t<span class=\"elementor-button-content-wrapper\">\n\t\t\t\t\t\t\t\t\t<span class=\"elementor-button-text\">Infos<\/span>\n\t\t\t\t\t<\/span>\n\t\t\t\t\t<\/a>\n\t\t\t\t<\/div>\n\t\t\t\t\t\t\t\t<\/div>\n\t\t\t\t<\/div>\n\t\t\t\t\t<\/div>\n\t\t<\/div>\n\t\t\t\t\t<\/div>\n\t\t<\/section>\n\t\t\t\t<section class=\"elementor-section elementor-top-section elementor-element elementor-element-3bc05939 elementor-section-boxed elementor-section-height-default elementor-section-height-default\" data-id=\"3bc05939\" data-element_type=\"section\" data-e-type=\"section\">\n\t\t\t\t\t\t<div class=\"elementor-container elementor-column-gap-default\">\n\t\t\t\t\t<div class=\"elementor-column elementor-col-100 elementor-top-column elementor-element elementor-element-167c67f2\" data-id=\"167c67f2\" data-element_type=\"column\" data-e-type=\"column\">\n\t\t\t<div class=\"elementor-widget-wrap elementor-element-populated\">\n\t\t\t\t\t\t<section class=\"elementor-section elementor-inner-section elementor-element elementor-element-6336397 elementor-section-boxed elementor-section-height-default elementor-section-height-default\" data-id=\"6336397\" data-element_type=\"section\" data-e-type=\"section\">\n\t\t\t\t\t\t<div class=\"elementor-container elementor-column-gap-default\">\n\t\t\t\t\t<div class=\"elementor-column elementor-col-50 elementor-inner-column elementor-element elementor-element-b86a1da\" data-id=\"b86a1da\" data-element_type=\"column\" data-e-type=\"column\">\n\t\t\t<div class=\"elementor-widget-wrap elementor-element-populated\">\n\t\t\t\t\t\t<div class=\"elementor-element elementor-element-4e1b0ce elementor-widget elementor-widget-text-editor\" data-id=\"4e1b0ce\" data-element_type=\"widget\" data-e-type=\"widget\" data-widget_type=\"text-editor.default\">\n\t\t\t\t<div class=\"elementor-widget-container\">\n\t\t\t\t\t\t\t\t\t<strong>Horeca, Lebensmittelindustrie<\/strong>\t\t\t\t\t\t\t\t<\/div>\n\t\t\t\t<\/div>\n\t\t\t\t<div class=\"elementor-element elementor-element-9b9511d elementor-widget-divider--view-line elementor-widget elementor-widget-divider\" data-id=\"9b9511d\" data-element_type=\"widget\" data-e-type=\"widget\" data-widget_type=\"divider.default\">\n\t\t\t\t<div class=\"elementor-widget-container\">\n\t\t\t\t\t\t\t<div class=\"elementor-divider\">\n\t\t\t<span class=\"elementor-divider-separator\">\n\t\t\t\t\t\t<\/span>\n\t\t<\/div>\n\t\t\t\t\t\t<\/div>\n\t\t\t\t<\/div>\n\t\t\t\t<div class=\"elementor-element elementor-element-47f366e elementor-widget elementor-widget-text-editor\" data-id=\"47f366e\" data-element_type=\"widget\" data-e-type=\"widget\" data-widget_type=\"text-editor.default\">\n\t\t\t\t<div class=\"elementor-widget-container\">\n\t\t\t\t\t\t\t\t\tTypische Einsatzgebiete der Ger\u00e4te sind das Gastgewerbe (Horeca), Gro\u00dfk\u00fcchen, Fast-Food-Restaurants, offene K\u00fcchen sowie die Lebensmittelindustrie, also dort, wo Fette und \u00d6le erhitzt werden und die fetthaltige Luft Ablagerungen im Abgassystem verursacht bzw. eine Geruchsbelastung f\u00fcr die Umwelt darstellt.\t\t\t\t\t\t\t\t<\/div>\n\t\t\t\t<\/div>\n\t\t\t\t<div class=\"elementor-element elementor-element-5da1861 elementor-widget elementor-widget-text-editor\" data-id=\"5da1861\" data-element_type=\"widget\" data-e-type=\"widget\" data-widget_type=\"text-editor.default\">\n\t\t\t\t<div class=\"elementor-widget-container\">\n\t\t\t\t\t\t\t\t\t<strong>Funktionsprinzip<\/strong>\t\t\t\t\t\t\t\t<\/div>\n\t\t\t\t<\/div>\n\t\t\t\t<div class=\"elementor-element elementor-element-b1e2860 elementor-widget-divider--view-line elementor-widget elementor-widget-divider\" data-id=\"b1e2860\" data-element_type=\"widget\" data-e-type=\"widget\" data-widget_type=\"divider.default\">\n\t\t\t\t<div class=\"elementor-widget-container\">\n\t\t\t\t\t\t\t<div class=\"elementor-divider\">\n\t\t\t<span class=\"elementor-divider-separator\">\n\t\t\t\t\t\t<\/span>\n\t\t<\/div>\n\t\t\t\t\t\t<\/div>\n\t\t\t\t<\/div>\n\t\t\t\t<div class=\"elementor-element elementor-element-46b2c98 elementor-widget elementor-widget-text-editor\" data-id=\"46b2c98\" data-element_type=\"widget\" data-e-type=\"widget\" data-widget_type=\"text-editor.default\">\n\t\t\t\t<div class=\"elementor-widget-container\">\n\t\t\t\t\t\t\t\t\tSelbst hocheffiziente Aerosolabscheider sind nicht in der Lage, alle Aerosole aus der K\u00fcchenabluft herauszufiltern. Dies f\u00fchrt zu Ablagerungen in Abluftkan\u00e4len und auf Ventilatoren. Diese Ablagerungen stellen eine gef\u00e4hrliche thermische Belastung dar (Brandgefahr) und verursachen dar\u00fcber hinaus unangenehme Ger\u00fcche, die immer wieder zu Beschwerden der Mieter f\u00fchren. Um diese Folgen zu vermeiden, empfehlen wir den Einsatz unserer UV-Ger\u00e4te zur Behandlung von Aerosolen in der K\u00fcche.\t\t\t\t\t\t\t\t<\/div>\n\t\t\t\t<\/div>\n\t\t\t\t<div class=\"elementor-element elementor-element-1eec260 elementor-widget elementor-widget-image\" data-id=\"1eec260\" data-element_type=\"widget\" data-e-type=\"widget\" data-widget_type=\"image.default\">\n\t\t\t\t<div class=\"elementor-widget-container\">\n\t\t\t\t\t\t\t\t\t\t\t\t\t\t\t<img decoding=\"async\" width=\"768\" height=\"417\" src=\"https:\/\/r-filter.ro\/wp-content\/uploads\/2021\/09\/UVO-C-sema-en-1-768x421.jpg\" class=\"attachment-medium_large size-medium_large wp-image-8677\" alt=\"\" srcset=\"\" sizes=\"(max-width: 768px) 100vw, 768px\" data-srcset=\"\" \/>\t\t\t\t\t\t\t\t\t\t\t\t\t\t\t<\/div>\n\t\t\t\t<\/div>\n\t\t\t\t<div class=\"elementor-element elementor-element-ca5a1f1 elementor-widget elementor-widget-spacer\" data-id=\"ca5a1f1\" data-element_type=\"widget\" data-e-type=\"widget\" data-widget_type=\"spacer.default\">\n\t\t\t\t<div class=\"elementor-widget-container\">\n\t\t\t\t\t\t\t<div class=\"elementor-spacer\">\n\t\t\t<div class=\"elementor-spacer-inner\"><\/div>\n\t\t<\/div>\n\t\t\t\t\t\t<\/div>\n\t\t\t\t<\/div>\n\t\t\t\t<div class=\"elementor-element elementor-element-9967e3d elementor-widget elementor-widget-text-editor\" data-id=\"9967e3d\" data-element_type=\"widget\" data-e-type=\"widget\" data-widget_type=\"text-editor.default\">\n\t\t\t\t<div class=\"elementor-widget-container\">\n\t\t\t\t\t\t\t\t\tUnsere Ger\u00e4te sind so konzipiert, dass sie au\u00dferhalb des Abluftkanals angebracht werden, damit die UV-Lampen nicht direkt mit fettverschmutzter Luft in Kontakt kommen. Der K\u00fcchenabluftventilator saugt die Luft aus der Umgebung des Ger\u00e4ts durch das Ger\u00e4t in den Luftschacht. Die UV-Lampen mit breitem Spektrum, die sich in der Reaktionskammer befinden, erzeugen aus dem Luftsauerstoff eine gro\u00dfe Menge an Ozon im Bereich von 185 nm. Die aus dem R-FILTER austretenden und in den Luftkanal eintretenden Ozonmolek\u00fcle oxidieren Fette und Geruchsstoffe, zersetzen sie und erzeugen dabei unsch\u00e4dliche Stoffe. Der K\u00fcchenabluftkanal bleibt sauber, fettfrei und geruchsneutral.\t\t\t\t\t\t\t\t<\/div>\n\t\t\t\t<\/div>\n\t\t\t\t<div class=\"elementor-element elementor-element-0fe9657 elementor-widget elementor-widget-image\" data-id=\"0fe9657\" data-element_type=\"widget\" data-e-type=\"widget\" data-widget_type=\"image.default\">\n\t\t\t\t<div class=\"elementor-widget-container\">\n\t\t\t\t\t\t\t\t\t\t\t\t\t\t\t<img decoding=\"async\" width=\"768\" height=\"403\" src=\"https:\/\/r-filter.ro\/wp-content\/uploads\/2021\/09\/UVO-C-sema-kozelebbrol-en-768x404.jpg\" class=\"attachment-medium_large size-medium_large wp-image-8674\" alt=\"\" srcset=\"\" sizes=\"(max-width: 768px) 100vw, 768px\" data-srcset=\"\" \/>\t\t\t\t\t\t\t\t\t\t\t\t\t\t\t<\/div>\n\t\t\t\t<\/div>\n\t\t\t\t\t<\/div>\n\t\t<\/div>\n\t\t\t\t<div class=\"elementor-column elementor-col-50 elementor-inner-column elementor-element elementor-element-f33b785\" data-id=\"f33b785\" data-element_type=\"column\" data-e-type=\"column\">\n\t\t\t<div class=\"elementor-widget-wrap elementor-element-populated\">\n\t\t\t\t\t\t<div class=\"elementor-element elementor-element-b70ce7f elementor-widget elementor-widget-image\" data-id=\"b70ce7f\" data-element_type=\"widget\" data-e-type=\"widget\" data-widget_type=\"image.default\">\n\t\t\t\t<div class=\"elementor-widget-container\">\n\t\t\t\t\t\t\t\t\t\t\t\t\t\t\t<img loading=\"lazy\" decoding=\"async\" width=\"1024\" height=\"512\" src=\"https:\/\/r-filter.ro\/wp-content\/uploads\/2023\/05\/UVO-C-3-1024x512.jpg\" class=\"attachment-large size-large wp-image-6420\" alt=\"R-Filter innovat\u00edv konyhai l\u00e9gkezel\u00e9s, zs\u00edrbont\u00e1s \u00e9s szagtalan\u00edt\u00e1s\" srcset=\"\" sizes=\"(max-width: 1024px) 100vw, 1024px\" data-srcset=\"\" \/>\t\t\t\t\t\t\t\t\t\t\t\t\t\t\t<\/div>\n\t\t\t\t<\/div>\n\t\t\t\t<div class=\"elementor-element elementor-element-e89eac7 elementor-widget elementor-widget-text-editor\" data-id=\"e89eac7\" data-element_type=\"widget\" data-e-type=\"widget\" data-widget_type=\"text-editor.default\">\n\t\t\t\t<div class=\"elementor-widget-container\">\n\t\t\t\t\t\t\t\t\t<p style=\"color: #0000f3;\">Vorteile der Nutzung des Ger\u00e4ts:<\/p>\n\n<ul>\n<li>Geeignet sowohl f\u00fcr neue als auch f\u00fcr die Modernisierung bestehender Anlagen<\/li>\n<li>Schnelle und einfache Installation auf jedem Luftkanal mit einer einzigen Perforation von \u00d8100 mm<\/li>\n<li>Chemikalienfreie Entfettung und Desodorierung<\/li>\n<li>Verringert die Fettablagerungen in K\u00fcchenabfl\u00fcssen betr\u00e4chtlich<\/li>\n<li>Mechanische und Aktivkohlefilter m\u00fcssen nicht so oft gereinigt oder ausgetauscht werden<\/li>\n<li>Erh\u00f6ht die Lebensdauer von Absaugventilatoren<\/li>\n<li>Erh\u00f6hte Brandsicherheit<\/li>\n<li>Minimiert den Geruch der Abluft in der Umgebung<\/li>\n<li>Geringe Umweltbelastung<\/li>\n<li>Ozon zerst\u00f6rt alle Arten von Mikroorganismen im Abluftrohr und verhindert, dass Bakterien wachsen und in die K\u00fcche gelangen.<\/li>\n<li>Leiser und automatischer Betrieb<\/li>\n<li>Niedrige Wartungs- und Betriebskosten<\/li>\n<li>Die R\u00f6hren des Ozongenerators haben eine lange Lebensdauer und behalten ihre Effizienz, da sie au\u00dferhalb des behandelten Luftstroms verbleiben<\/li>\n<li>Korrosionsfreies Edelstahlgeh\u00e4use<\/li>\n<\/ul>\t\t\t\t\t\t\t\t<\/div>\n\t\t\t\t<\/div>\n\t\t\t\t<div class=\"elementor-element elementor-element-a30ec12 elementor-widget elementor-widget-text-editor\" data-id=\"a30ec12\" data-element_type=\"widget\" data-e-type=\"widget\" data-widget_type=\"text-editor.default\">\n\t\t\t\t<div class=\"elementor-widget-container\">\n\t\t\t\t\t\t\t\t\t<em>Bei Fragen zur Installation wenden Sie sich bitte an einen Geb\u00e4udeinstallationsplaner oder an den H\u00e4ndler. Der Rechner auf der Website hilft Ihnen bei der Auswahl des geeigneten Ger\u00e4ts.<\/em>\t\t\t\t\t\t\t\t<\/div>\n\t\t\t\t<\/div>\n\t\t\t\t<div class=\"elementor-element elementor-element-78ffa10 elementor-widget elementor-widget-text-editor\" data-id=\"78ffa10\" data-element_type=\"widget\" data-e-type=\"widget\" data-widget_type=\"text-editor.default\">\n\t\t\t\t<div class=\"elementor-widget-container\">\n\t\t\t\t\t\t\t\t\t<strong>Auf Anfrage senden wir Ihnen nach der Registrierung im Bereich \"Kontakt\" die technischen Datenbl\u00e4tter der Ger\u00e4te zu.<\/strong>\t\t\t\t\t\t\t\t<\/div>\n\t\t\t\t<\/div>\n\t\t\t\t<div class=\"elementor-element elementor-element-4816063 elementor-widget elementor-widget-image\" data-id=\"4816063\" data-element_type=\"widget\" data-e-type=\"widget\" data-widget_type=\"image.default\">\n\t\t\t\t<div class=\"elementor-widget-container\">\n\t\t\t\t\t\t\t\t\t\t\t\t\t\t\t<img loading=\"lazy\" decoding=\"async\" width=\"970\" height=\"271\" src=\"https:\/\/r-filter.ro\/wp-content\/uploads\/2023\/11\/K-en.png\" class=\"attachment-large size-large wp-image-8681\" alt=\"\" srcset=\"https:\/\/r-filter.ro\/wp-content\/uploads\/2023\/11\/K-en.png 940w, https:\/\/r-filter.ro\/wp-content\/uploads\/2023\/11\/K-en-300x93.png 300w, https:\/\/r-filter.ro\/wp-content\/uploads\/2023\/11\/K-en-768x237.png 768w, https:\/\/r-filter.ro\/wp-content\/uploads\/2023\/11\/K-en-18x6.png 18w\" sizes=\"(max-width: 970px) 100vw, 970px\" \/>\t\t\t\t\t\t\t\t\t\t\t\t\t\t\t<\/div>\n\t\t\t\t<\/div>\n\t\t\t\t<div class=\"elementor-element elementor-element-dab2e26 elementor-widget elementor-widget-image\" data-id=\"dab2e26\" data-element_type=\"widget\" data-e-type=\"widget\" data-widget_type=\"image.default\">\n\t\t\t\t<div class=\"elementor-widget-container\">\n\t\t\t\t\t\t\t\t\t\t\t\t\t\t\t<img loading=\"lazy\" decoding=\"async\" width=\"768\" height=\"373\" src=\"https:\/\/r-filter.ro\/wp-content\/uploads\/2023\/05\/UVO-C-LCD-2-768x373.jpg\" class=\"attachment-medium_large size-medium_large wp-image-6417\" alt=\"\" srcset=\"https:\/\/r-filter.ro\/wp-content\/uploads\/2023\/05\/UVO-C-LCD-2-768x373.jpg 768w, https:\/\/r-filter.ro\/wp-content\/uploads\/2023\/05\/UVO-C-LCD-2-300x146.jpg 300w, https:\/\/r-filter.ro\/wp-content\/uploads\/2023\/05\/UVO-C-LCD-2-1024x498.jpg 1024w, https:\/\/r-filter.ro\/wp-content\/uploads\/2023\/05\/UVO-C-LCD-2-1536x747.jpg 1536w, https:\/\/r-filter.ro\/wp-content\/uploads\/2023\/05\/UVO-C-LCD-2-2048x996.jpg 2048w, https:\/\/r-filter.ro\/wp-content\/uploads\/2023\/05\/UVO-C-LCD-2-18x9.jpg 18w\" sizes=\"(max-width: 768px) 100vw, 768px\" \/>\t\t\t\t\t\t\t\t\t\t\t\t\t\t\t<\/div>\n\t\t\t\t<\/div>\n\t\t\t\t\t<\/div>\n\t\t<\/div>\n\t\t\t\t\t<\/div>\n\t\t<\/section>\n\t\t\t\t\t<\/div>\n\t\t<\/div>\n\t\t\t\t\t<\/div>\n\t\t<\/section>\n\t\t\t\t<\/div>","protected":false},"excerpt":{"rendered":"<p>UVO-C ENTFETTUNG UND ENTDORIERUNG UVO-C 380K PRODUKTINFORMATION UVO-C 570K PRODUKTINFORMATION UVO-C 760K PRODUKTINFORMATION UVO-C 950K PRODUKTINFORMATION Horeca, Lebensmittelindustrie Typische Einsatzgebiete der Ger\u00e4te sind das Gastgewerbe (Horeca), Gro\u00dfk\u00fcchen, Fast-Food-Restaurants, offene K\u00fcchen, sowie die Lebensmittelindustrie, also dort, wo Fette und \u00d6le erhitzt werden und die Luft mit Fetten&hellip;&nbsp;<a href=\"https:\/\/r-filter.ro\/de\/uvo-c\/\" rel=\"bookmark\">Mehr lesen &raquo;<span class=\"screen-reader-text\">UVO-C<\/span><\/a><\/p>","protected":false},"author":2,"featured_media":0,"parent":0,"menu_order":0,"comment_status":"closed","ping_status":"closed","template":"","meta":{"neve_meta_sidebar":"full-width","neve_meta_container":"","neve_meta_enable_content_width":"on","neve_meta_content_width":100,"neve_meta_title_alignment":"","neve_meta_author_avatar":"","neve_post_elements_order":"","neve_meta_disable_header":"","neve_meta_disable_footer":"","neve_meta_disable_title":"","neve_meta_reading_time":"","_themeisle_gutenberg_block_has_review":false,"_ti_tpc_template_sync":false,"_ti_tpc_template_id":"","footnotes":""},"class_list":["post-2313","page","type-page","status-publish","hentry"],"_links":{"self":[{"href":"https:\/\/r-filter.ro\/de\/wp-json\/wp\/v2\/pages\/2313","targetHints":{"allow":["GET"]}}],"collection":[{"href":"https:\/\/r-filter.ro\/de\/wp-json\/wp\/v2\/pages"}],"about":[{"href":"https:\/\/r-filter.ro\/de\/wp-json\/wp\/v2\/types\/page"}],"author":[{"embeddable":true,"href":"https:\/\/r-filter.ro\/de\/wp-json\/wp\/v2\/users\/2"}],"replies":[{"embeddable":true,"href":"https:\/\/r-filter.ro\/de\/wp-json\/wp\/v2\/comments?post=2313"}],"version-history":[{"count":280,"href":"https:\/\/r-filter.ro\/de\/wp-json\/wp\/v2\/pages\/2313\/revisions"}],"predecessor-version":[{"id":8684,"href":"https:\/\/r-filter.ro\/de\/wp-json\/wp\/v2\/pages\/2313\/revisions\/8684"}],"wp:attachment":[{"href":"https:\/\/r-filter.ro\/de\/wp-json\/wp\/v2\/media?parent=2313"}],"curies":[{"name":"wp","href":"https:\/\/api.w.org\/{rel}","templated":true}]}}