{"id":2089,"date":"2021-06-29T08:50:30","date_gmt":"2021-06-29T08:50:30","guid":{"rendered":"https:\/\/r-filter.hu\/?page_id=2089"},"modified":"2026-02-18T12:26:20","modified_gmt":"2026-02-18T10:26:20","slug":"nanoactive","status":"publish","type":"page","link":"https:\/\/r-filter.ro\/de\/nanoactive\/","title":{"rendered":"NANOAKTIV"},"content":{"rendered":"<div data-elementor-type=\"wp-page\" data-elementor-id=\"2089\" class=\"elementor elementor-2089\" data-elementor-post-type=\"page\">\n\t\t\t\t\t\t<section class=\"elementor-section elementor-top-section elementor-element elementor-element-0946be5 elementor-section-boxed elementor-section-height-default elementor-section-height-default\" data-id=\"0946be5\" data-element_type=\"section\" data-e-type=\"section\">\n\t\t\t\t\t\t<div class=\"elementor-container elementor-column-gap-default\">\n\t\t\t\t\t<div class=\"elementor-column elementor-col-100 elementor-top-column elementor-element elementor-element-85a34aa\" data-id=\"85a34aa\" data-element_type=\"column\" data-e-type=\"column\" data-settings=\"{&quot;background_background&quot;:&quot;classic&quot;}\">\n\t\t\t<div class=\"elementor-widget-wrap elementor-element-populated\">\n\t\t\t\t\t\t<div class=\"elementor-element elementor-element-17d1233 elementor-widget elementor-widget-heading\" data-id=\"17d1233\" data-element_type=\"widget\" data-e-type=\"widget\" data-widget_type=\"heading.default\">\n\t\t\t\t<div class=\"elementor-widget-container\">\n\t\t\t\t\t<h1 class=\"elementor-heading-title elementor-size-default\">NANOAKTIV<\/h1>\t\t\t\t<\/div>\n\t\t\t\t<\/div>\n\t\t\t\t<div class=\"elementor-element elementor-element-4e764bb elementor-widget-divider--view-line elementor-widget elementor-widget-divider\" data-id=\"4e764bb\" data-element_type=\"widget\" data-e-type=\"widget\" data-widget_type=\"divider.default\">\n\t\t\t\t<div class=\"elementor-widget-container\">\n\t\t\t\t\t\t\t<div class=\"elementor-divider\">\n\t\t\t<span class=\"elementor-divider-separator\">\n\t\t\t\t\t\t<\/span>\n\t\t<\/div>\n\t\t\t\t\t\t<\/div>\n\t\t\t\t<\/div>\n\t\t\t\t\t<\/div>\n\t\t<\/div>\n\t\t\t\t\t<\/div>\n\t\t<\/section>\n\t\t\t\t<section class=\"elementor-section elementor-top-section elementor-element elementor-element-92dde3d elementor-section-boxed elementor-section-height-default elementor-section-height-default\" data-id=\"92dde3d\" data-element_type=\"section\" data-e-type=\"section\">\n\t\t\t\t\t\t<div class=\"elementor-container elementor-column-gap-default\">\n\t\t\t\t\t<div class=\"elementor-column elementor-col-50 elementor-top-column elementor-element elementor-element-ee6bcad\" data-id=\"ee6bcad\" data-element_type=\"column\" data-e-type=\"column\">\n\t\t\t<div class=\"elementor-widget-wrap elementor-element-populated\">\n\t\t\t\t\t\t<div class=\"elementor-element elementor-element-849c88d elementor-widget elementor-widget-text-editor\" data-id=\"849c88d\" data-element_type=\"widget\" data-e-type=\"widget\" data-widget_type=\"text-editor.default\">\n\t\t\t\t<div class=\"elementor-widget-container\">\n\t\t\t\t\t\t\t\t\tBei Anregung durch nat\u00fcrliches oder k\u00fcnstliches Licht erzeugen Photokatalysatorpartikel reaktive freie Radikale, die Viren, Bakterien, Pilze, organische Substanzen und unangenehme oder gesundheitssch\u00e4dliche Ger\u00fcche von Oberfl\u00e4chen oxidieren. Kann auf jeder Oberfl\u00e4che in stark beanspruchten Bereichen verwendet werden. <strong>Empfangsbereiche, Kundendienstbereiche, Warter\u00e4ume, B\u00fcros&#8230;<\/strong>\t\t\t\t\t\t\t\t<\/div>\n\t\t\t\t<\/div>\n\t\t\t\t<div class=\"elementor-element elementor-element-474312a elementor-widget elementor-widget-text-editor\" data-id=\"474312a\" data-element_type=\"widget\" data-e-type=\"widget\" data-widget_type=\"text-editor.default\">\n\t\t\t\t<div class=\"elementor-widget-container\">\n\t\t\t\t\t\t\t\t\t<strong>Wie es funktioniert<\/strong>\t\t\t\t\t\t\t\t<\/div>\n\t\t\t\t<\/div>\n\t\t\t\t<div class=\"elementor-element elementor-element-beba2f1 elementor-widget-divider--view-line elementor-widget elementor-widget-divider\" data-id=\"beba2f1\" data-element_type=\"widget\" data-e-type=\"widget\" data-widget_type=\"divider.default\">\n\t\t\t\t<div class=\"elementor-widget-container\">\n\t\t\t\t\t\t\t<div class=\"elementor-divider\">\n\t\t\t<span class=\"elementor-divider-separator\">\n\t\t\t\t\t\t<\/span>\n\t\t<\/div>\n\t\t\t\t\t\t<\/div>\n\t\t\t\t<\/div>\n\t\t\t\t<div class=\"elementor-element elementor-element-ff377c2 elementor-widget elementor-widget-text-editor\" data-id=\"ff377c2\" data-element_type=\"widget\" data-e-type=\"widget\" data-widget_type=\"text-editor.default\">\n\t\t\t\t<div class=\"elementor-widget-container\">\n\t\t\t\t\t\t\t\t\tDer gro\u00dfe Vorteil der dauerhaften Hygieneschutzbeschichtung mit photoreaktiven Eigenschaften besteht darin, dass die kleinen Photokatalysatorpartikel, die f\u00fcr die photokatalytische Wirkung sorgen, durch ein spezielles Polymer dauerhaft auf der Oberfl\u00e4che fixiert sind, so dass sie ihre antimikrobielle Wirkung \u00fcber einen langen Zeitraum hinweg unbedenklich f\u00fcr die menschliche Gesundheit und die Umwelt entfalten k\u00f6nnen.\nDies beruht darauf, dass die Photokatalysatorteilchen auf der Oberfl\u00e4che bei Anregung durch nat\u00fcrliches oder k\u00fcnstliches Licht so genannte reaktive freie Radikale erzeugen, die ein ausreichend hohes Oxidationspotenzial besitzen, um organische Substanzen auf der Oberfl\u00e4che zu oxidieren, seien es Oberfl\u00e4chenverunreinigungen, unangenehme oder sch\u00e4dliche Ger\u00fcche oder verschiedene Mikroorganismen (Viren, Bakterien, Pilze).\t\t\t\t\t\t\t\t<\/div>\n\t\t\t\t<\/div>\n\t\t\t\t\t<\/div>\n\t\t<\/div>\n\t\t\t\t<div class=\"elementor-column elementor-col-50 elementor-top-column elementor-element elementor-element-842a61f\" data-id=\"842a61f\" data-element_type=\"column\" data-e-type=\"column\">\n\t\t\t<div class=\"elementor-widget-wrap elementor-element-populated\">\n\t\t\t\t\t\t<div class=\"elementor-element elementor-element-fd6d452 elementor-widget elementor-widget-image\" data-id=\"fd6d452\" data-element_type=\"widget\" data-e-type=\"widget\" data-widget_type=\"image.default\">\n\t\t\t\t<div class=\"elementor-widget-container\">\n\t\t\t\t\t\t\t\t\t\t\t\t\t\t\t<img fetchpriority=\"high\" decoding=\"async\" width=\"1024\" height=\"512\" src=\"https:\/\/r-filter.ro\/wp-content\/uploads\/2022\/10\/NANO2-1024x512.jpg\" class=\"attachment-large size-large wp-image-5307\" alt=\"R-Filter innovat\u00edv konyhai l\u00e9gkezel\u00e9s, zs\u00edrbont\u00e1s \u00e9s szagtalan\u00edt\u00e1s\" srcset=\"https:\/\/r-filter.ro\/wp-content\/uploads\/2022\/10\/NANO2-1024x512.jpg 1024w, https:\/\/r-filter.ro\/wp-content\/uploads\/2022\/10\/NANO2-300x150.jpg 300w, https:\/\/r-filter.ro\/wp-content\/uploads\/2022\/10\/NANO2-768x384.jpg 768w, https:\/\/r-filter.ro\/wp-content\/uploads\/2022\/10\/NANO2-18x9.jpg 18w, https:\/\/r-filter.ro\/wp-content\/uploads\/2022\/10\/NANO2.jpg 1200w\" sizes=\"(max-width: 1024px) 100vw, 1024px\" \/>\t\t\t\t\t\t\t\t\t\t\t\t\t\t\t<\/div>\n\t\t\t\t<\/div>\n\t\t\t\t<div class=\"elementor-element elementor-element-abe600b elementor-widget elementor-widget-text-editor\" data-id=\"abe600b\" data-element_type=\"widget\" data-e-type=\"widget\" data-widget_type=\"text-editor.default\">\n\t\t\t\t<div class=\"elementor-widget-container\">\n\t\t\t\t\t\t\t\t\t<p style=\"color: #0000f3;\">Vorteile der Verwendung der Fl\u00fcssigkeit:<\/p>\n\n<ul>\n     <li>bietet Schutz vor Viren, Bakterien und Pilzen<\/li>\n     <li>Ger\u00fcche und Oberfl\u00e4chenverunreinigungen werden abgebaut<\/li>\n     <li>die Photokatalysatorteilchen werden durch Licht (keimt\u00f6tendes UV-Licht, Sonnenlicht, anderes Kunstlicht) aktiviert<\/li>\n \t<li>der Prozess findet nur an der Oberfl\u00e4che statt, so dass keine gef\u00e4hrlichen Stoffe in die Umwelt gelangen<\/li>\n     <li>hat keine sch\u00e4dlichen Auswirkungen auf den menschlichen K\u00f6rper und verursacht keine Hautreizungen<\/li>\n     <li>der Versicherungsschutz bleibt bis zu 14 Tage lang aktiv<\/li>\n<\/ul>\t\t\t\t\t\t\t\t<\/div>\n\t\t\t\t<\/div>\n\t\t\t\t\t<\/div>\n\t\t<\/div>\n\t\t\t\t\t<\/div>\n\t\t<\/section>\n\t\t\t\t<\/div>","protected":false},"excerpt":{"rendered":"<p>NANOAKTIV Bei Anregung durch nat\u00fcrliches oder k\u00fcnstliches Licht erzeugen photokatalytische Partikel reaktive freie Radikale, die Viren, Bakterien, Pilze, organische Substanzen und unangenehme oder gesundheitssch\u00e4dliche Ger\u00fcche von Oberfl\u00e4chen oxidieren. Kann auf jeder Oberfl\u00e4che in stark beanspruchten Bereichen eingesetzt werden. Empfangsbereiche, Kundenservicebereiche, Warter\u00e4ume, B\u00fcros&#8230;Funktionsprinzip Der gr\u00f6\u00dfte Vorteil von &hellip;&nbsp;<a href=\"https:\/\/r-filter.ro\/de\/nanoactive\/\" rel=\"bookmark\">Mehr lesen &raquo;<span class=\"screen-reader-text\">NANOAKTIV<\/span><\/a><\/p>","protected":false},"author":2,"featured_media":0,"parent":0,"menu_order":0,"comment_status":"closed","ping_status":"closed","template":"","meta":{"neve_meta_sidebar":"full-width","neve_meta_container":"","neve_meta_enable_content_width":"on","neve_meta_content_width":100,"neve_meta_title_alignment":"","neve_meta_author_avatar":"","neve_post_elements_order":"","neve_meta_disable_header":"","neve_meta_disable_footer":"","neve_meta_disable_title":"","neve_meta_reading_time":"","_themeisle_gutenberg_block_has_review":false,"_ti_tpc_template_sync":false,"_ti_tpc_template_id":"","footnotes":""},"class_list":["post-2089","page","type-page","status-publish","hentry"],"_links":{"self":[{"href":"https:\/\/r-filter.ro\/de\/wp-json\/wp\/v2\/pages\/2089","targetHints":{"allow":["GET"]}}],"collection":[{"href":"https:\/\/r-filter.ro\/de\/wp-json\/wp\/v2\/pages"}],"about":[{"href":"https:\/\/r-filter.ro\/de\/wp-json\/wp\/v2\/types\/page"}],"author":[{"embeddable":true,"href":"https:\/\/r-filter.ro\/de\/wp-json\/wp\/v2\/users\/2"}],"replies":[{"embeddable":true,"href":"https:\/\/r-filter.ro\/de\/wp-json\/wp\/v2\/comments?post=2089"}],"version-history":[{"count":46,"href":"https:\/\/r-filter.ro\/de\/wp-json\/wp\/v2\/pages\/2089\/revisions"}],"predecessor-version":[{"id":8610,"href":"https:\/\/r-filter.ro\/de\/wp-json\/wp\/v2\/pages\/2089\/revisions\/8610"}],"wp:attachment":[{"href":"https:\/\/r-filter.ro\/de\/wp-json\/wp\/v2\/media?parent=2089"}],"curies":[{"name":"wp","href":"https:\/\/api.w.org\/{rel}","templated":true}]}}