{"id":2060,"date":"2021-06-29T05:57:20","date_gmt":"2021-06-29T05:57:20","guid":{"rendered":"https:\/\/r-filter.hu\/?page_id=2060"},"modified":"2026-02-25T14:05:13","modified_gmt":"2026-02-25T12:05:13","slug":"uvb","status":"publish","type":"page","link":"https:\/\/r-filter.ro\/de\/uvb\/","title":{"rendered":"UVB"},"content":{"rendered":"<div data-elementor-type=\"wp-page\" data-elementor-id=\"2060\" class=\"elementor elementor-2060\" data-elementor-post-type=\"page\">\n\t\t\t\t\t\t<section class=\"elementor-section elementor-top-section elementor-element elementor-element-25ddd3b elementor-section-boxed elementor-section-height-default elementor-section-height-default\" data-id=\"25ddd3b\" data-element_type=\"section\" data-e-type=\"section\">\n\t\t\t\t\t\t<div class=\"elementor-container elementor-column-gap-default\">\n\t\t\t\t\t<div class=\"elementor-column elementor-col-100 elementor-top-column elementor-element elementor-element-3535fe8\" data-id=\"3535fe8\" data-element_type=\"column\" data-e-type=\"column\" data-settings=\"{&quot;background_background&quot;:&quot;classic&quot;}\">\n\t\t\t<div class=\"elementor-widget-wrap elementor-element-populated\">\n\t\t\t\t\t\t<div class=\"elementor-element elementor-element-426860a elementor-widget elementor-widget-heading\" data-id=\"426860a\" data-element_type=\"widget\" data-e-type=\"widget\" data-widget_type=\"heading.default\">\n\t\t\t\t<div class=\"elementor-widget-container\">\n\t\t\t\t\t<h1 class=\"elementor-heading-title elementor-size-default\">UVB<\/h1>\t\t\t\t<\/div>\n\t\t\t\t<\/div>\n\t\t\t\t<div class=\"elementor-element elementor-element-6d3e663 elementor-widget-divider--view-line elementor-widget elementor-widget-divider\" data-id=\"6d3e663\" data-element_type=\"widget\" data-e-type=\"widget\" data-widget_type=\"divider.default\">\n\t\t\t\t<div class=\"elementor-widget-container\">\n\t\t\t\t\t\t\t<div class=\"elementor-divider\">\n\t\t\t<span class=\"elementor-divider-separator\">\n\t\t\t\t\t\t<\/span>\n\t\t<\/div>\n\t\t\t\t\t\t<\/div>\n\t\t\t\t<\/div>\n\t\t\t\t\t<\/div>\n\t\t<\/div>\n\t\t\t\t\t<\/div>\n\t\t<\/section>\n\t\t\t\t<section class=\"elementor-section elementor-top-section elementor-element elementor-element-df948cf elementor-section-boxed elementor-section-height-default elementor-section-height-default\" data-id=\"df948cf\" data-element_type=\"section\" data-e-type=\"section\">\n\t\t\t\t\t\t<div class=\"elementor-container elementor-column-gap-default\">\n\t\t\t\t\t<div class=\"elementor-column elementor-col-50 elementor-top-column elementor-element elementor-element-89b4c80\" data-id=\"89b4c80\" data-element_type=\"column\" data-e-type=\"column\">\n\t\t\t<div class=\"elementor-widget-wrap elementor-element-populated\">\n\t\t\t\t\t\t<div class=\"elementor-element elementor-element-d60c7de elementor-widget elementor-widget-text-editor\" data-id=\"d60c7de\" data-element_type=\"widget\" data-e-type=\"widget\" data-widget_type=\"text-editor.default\">\n\t\t\t\t<div class=\"elementor-widget-container\">\n\t\t\t\t\t\t\t\t\t<p>Viren, Bakterien, Schimmel, Mehltau, Sporen, Pilze usw. k\u00f6nnen in feuchten und dunklen HVAC-Systemen schnell wachsen und sich \u00fcber die Klimaanlagen im ganzen Geb\u00e4ude ausbreiten, wodurch das Raumklima infekti\u00f6s wird. Unsere in den Luftkan\u00e4len installierten UV-Keimt\u00f6tungsger\u00e4te inaktivieren pathogene Mikroorganismen \"an Ort und Stelle\". Geb\u00e4udeverwalter sollten die Installation dieser Technologie in ihren Geb\u00e4uden in Betracht ziehen.<\/p>\t\t\t\t\t\t\t\t<\/div>\n\t\t\t\t<\/div>\n\t\t\t\t<div class=\"elementor-element elementor-element-2d37071 elementor-widget elementor-widget-text-editor\" data-id=\"2d37071\" data-element_type=\"widget\" data-e-type=\"widget\" data-widget_type=\"text-editor.default\">\n\t\t\t\t<div class=\"elementor-widget-container\">\n\t\t\t\t\t\t\t\t\t<strong>Wie es funktioniert<\/strong>\t\t\t\t\t\t\t\t<\/div>\n\t\t\t\t<\/div>\n\t\t\t\t<div class=\"elementor-element elementor-element-0153b0c elementor-widget-divider--view-line elementor-widget elementor-widget-divider\" data-id=\"0153b0c\" data-element_type=\"widget\" data-e-type=\"widget\" data-widget_type=\"divider.default\">\n\t\t\t\t<div class=\"elementor-widget-container\">\n\t\t\t\t\t\t\t<div class=\"elementor-divider\">\n\t\t\t<span class=\"elementor-divider-separator\">\n\t\t\t\t\t\t<\/span>\n\t\t<\/div>\n\t\t\t\t\t\t<\/div>\n\t\t\t\t<\/div>\n\t\t\t\t<div class=\"elementor-element elementor-element-e069360 elementor-widget elementor-widget-text-editor\" data-id=\"e069360\" data-element_type=\"widget\" data-e-type=\"widget\" data-widget_type=\"text-editor.default\">\n\t\t\t\t<div class=\"elementor-widget-container\">\n\t\t\t\t\t\t\t\t\t<p>Der UVB-Luftentkeimungsstab wurde als Familie von Einzel- und Doppelr\u00f6hren mit UV-R\u00f6hren unterschiedlicher elektrischer Leistung (36, 60 und 95 W) und unterschiedlicher L\u00e4nge (195, 395 und 500 mm) konzipiert. Dieses System erm\u00f6glicht eine flexible Anpassung an die \u00f6rtlichen Gegebenheiten. Um eine m\u00f6glichst effektive keim- und bakterient\u00f6tende Wirkung zu erzielen, ist eine Luftgeschwindigkeit von 2-2,5 m\/s im Bereich der UV-Lampe erforderlich.<\/p><p><em>Bild eines in einem Luftkanal installierten Zwei-Rohr-Sticks:<\/em><\/p>\t\t\t\t\t\t\t\t<\/div>\n\t\t\t\t<\/div>\n\t\t\t\t<div class=\"elementor-element elementor-element-f817e93 elementor-widget elementor-widget-image\" data-id=\"f817e93\" data-element_type=\"widget\" data-e-type=\"widget\" data-widget_type=\"image.default\">\n\t\t\t\t<div class=\"elementor-widget-container\">\n\t\t\t\t\t\t\t\t\t\t\t\t\t\t\t<img fetchpriority=\"high\" decoding=\"async\" width=\"300\" height=\"179\" src=\"https:\/\/r-filter.ro\/wp-content\/uploads\/2021\/09\/UVB-300x179.jpg\" class=\"attachment-medium size-medium wp-image-3000\" alt=\"\" srcset=\"https:\/\/r-filter.ro\/wp-content\/uploads\/2021\/09\/UVB-300x179.jpg 300w, https:\/\/r-filter.ro\/wp-content\/uploads\/2021\/09\/UVB-1024x613.jpg 1024w, https:\/\/r-filter.ro\/wp-content\/uploads\/2021\/09\/UVB-768x459.jpg 768w, https:\/\/r-filter.ro\/wp-content\/uploads\/2021\/09\/UVB-18x12.jpg 18w, https:\/\/r-filter.ro\/wp-content\/uploads\/2021\/09\/UVB.jpg 1257w\" sizes=\"(max-width: 300px) 100vw, 300px\" \/>\t\t\t\t\t\t\t\t\t\t\t\t\t\t\t<\/div>\n\t\t\t\t<\/div>\n\t\t\t\t<div class=\"elementor-element elementor-element-c25d260 elementor-widget elementor-widget-image\" data-id=\"c25d260\" data-element_type=\"widget\" data-e-type=\"widget\" data-widget_type=\"image.default\">\n\t\t\t\t<div class=\"elementor-widget-container\">\n\t\t\t\t\t\t\t\t\t\t\t\t\t\t\t\t<a href=\"https:\/\/r-filter.ro\/wp-content\/uploads\/2021\/11\/sp.g.n-1024x331.jpg\" data-elementor-open-lightbox=\"yes\" data-elementor-lightbox-title=\"Feny-spektruma-2537nm-1_RO\" data-e-action-hash=\"#elementor-action%3Aaction%3Dlightbox%26settings%3DeyJpZCI6ODcyNCwidXJsIjoiaHR0cHM6XC9cL3ItZmlsdGVyLnJvXC93cC1jb250ZW50XC91cGxvYWRzXC8yMDI2XC8wMlwvRmVueS1zcGVrdHJ1bWEtMjUzN25tLTFfUk8ucG5nIn0%3D\">\n\t\t\t\t\t\t\t<img decoding=\"async\" width=\"862\" height=\"360\" src=\"https:\/\/r-filter.ro\/wp-content\/uploads\/2021\/11\/sp.g.n-1024x331.jpg\" class=\"attachment-2048x2048 size-2048x2048 wp-image-8724\" alt=\"\" srcset=\"\" sizes=\"(max-width: 862px) 100vw, 862px\" data-srcset=\"\" \/>\t\t\t\t\t\t\t\t<\/a>\n\t\t\t\t\t\t\t\t\t\t\t\t\t\t\t<\/div>\n\t\t\t\t<\/div>\n\t\t\t\t<div class=\"elementor-element elementor-element-3109f83 elementor-widget elementor-widget-image\" data-id=\"3109f83\" data-element_type=\"widget\" data-e-type=\"widget\" data-widget_type=\"image.default\">\n\t\t\t\t<div class=\"elementor-widget-container\">\n\t\t\t\t\t\t\t\t\t\t\t\t\t\t\t\t<a href=\"https:\/\/r-filter.ro\/wp-content\/uploads\/2021\/11\/germ.n.jpg\" data-elementor-open-lightbox=\"yes\" data-elementor-lightbox-title=\"relativ-hatekonysagi-gorbe-szoveggel_RO\" data-e-action-hash=\"#elementor-action%3Aaction%3Dlightbox%26settings%3DeyJpZCI6ODczNCwidXJsIjoiaHR0cHM6XC9cL3ItZmlsdGVyLnJvXC93cC1jb250ZW50XC91cGxvYWRzXC8yMDI2XC8wMlwvcmVsYXRpdi1oYXRla29ueXNhZ2ktZ29yYmUtc3pvdmVnZ2VsX1JPLmpwZyJ9\">\n\t\t\t\t\t\t\t<img decoding=\"async\" width=\"1621\" height=\"1020\" src=\"https:\/\/r-filter.ro\/wp-content\/uploads\/2021\/11\/germ.n.jpg\" class=\"attachment-2048x2048 size-2048x2048 wp-image-8734\" alt=\"\" srcset=\"https:\/\/r-filter.ro\/wp-content\/uploads\/2021\/11\/germ.n.jpg 1382w, https:\/\/r-filter.ro\/wp-content\/uploads\/2021\/11\/germ.n-300x127.jpg 300w, https:\/\/r-filter.ro\/wp-content\/uploads\/2021\/11\/germ.n-1024x433.jpg 1024w, https:\/\/r-filter.ro\/wp-content\/uploads\/2021\/11\/germ.n-768x325.jpg 768w, https:\/\/r-filter.ro\/wp-content\/uploads\/2021\/11\/germ.n-18x8.jpg 18w\" sizes=\"(max-width: 1621px) 100vw, 1621px\" \/>\t\t\t\t\t\t\t\t<\/a>\n\t\t\t\t\t\t\t\t\t\t\t\t\t\t\t<\/div>\n\t\t\t\t<\/div>\n\t\t\t\t<div class=\"elementor-element elementor-element-5a79d6c elementor-widget elementor-widget-text-editor\" data-id=\"5a79d6c\" data-element_type=\"widget\" data-e-type=\"widget\" data-widget_type=\"text-editor.default\">\n\t\t\t\t<div class=\"elementor-widget-container\">\n\t\t\t\t\t\t\t\t\t<p>Zur Zerst\u00f6rung von Mikroorganismen ist in der Regel eine Strahlendosis von 10-100 Ws\/m\u00b2 erforderlich, wobei die Strahlungsempfindlichkeit der einzelnen Organismen sehr unterschiedlich ist. Die D10-Dosis kann von 7 Ws\/m\u00b2 (Escherichia coli) bis 1000 Ws\/m\u00b2 (Pilze) reichen. Der D10-Wert ist die Dosis der UV-Strahlung, die eine bestimmte Ausgangskeimzahl um 90 % reduziert. Die Wirkung von UVC-Strahlung auf Coronaviren ist gut bekannt. Der D10-Dosiswert f\u00fcr diese Viren liegt bei etwa 40 Ws\/m<sup>2<\/sup>.<\/p>\t\t\t\t\t\t\t\t<\/div>\n\t\t\t\t<\/div>\n\t\t\t\t\t<\/div>\n\t\t<\/div>\n\t\t\t\t<div class=\"elementor-column elementor-col-50 elementor-top-column elementor-element elementor-element-dc5a491\" data-id=\"dc5a491\" data-element_type=\"column\" data-e-type=\"column\">\n\t\t\t<div class=\"elementor-widget-wrap elementor-element-populated\">\n\t\t\t\t\t\t<div class=\"elementor-element elementor-element-4a46543 elementor-widget elementor-widget-image\" data-id=\"4a46543\" data-element_type=\"widget\" data-e-type=\"widget\" data-widget_type=\"image.default\">\n\t\t\t\t<div class=\"elementor-widget-container\">\n\t\t\t\t\t\t\t\t\t\t\t\t\t\t\t<img loading=\"lazy\" decoding=\"async\" width=\"1024\" height=\"512\" src=\"https:\/\/r-filter.ro\/wp-content\/uploads\/2022\/10\/UVB2-1024x512.jpg\" class=\"attachment-large size-large wp-image-5290\" alt=\"R-Filter innovat\u00edv konyhai l\u00e9gkezel\u00e9s, zs\u00edrbont\u00e1s \u00e9s szagtalan\u00edt\u00e1s\" srcset=\"https:\/\/r-filter.ro\/wp-content\/uploads\/2022\/10\/UVB2-1024x512.jpg 1024w, https:\/\/r-filter.ro\/wp-content\/uploads\/2022\/10\/UVB2-300x150.jpg 300w, https:\/\/r-filter.ro\/wp-content\/uploads\/2022\/10\/UVB2-768x384.jpg 768w, https:\/\/r-filter.ro\/wp-content\/uploads\/2022\/10\/UVB2-18x9.jpg 18w, https:\/\/r-filter.ro\/wp-content\/uploads\/2022\/10\/UVB2.jpg 1200w\" sizes=\"(max-width: 1024px) 100vw, 1024px\" \/>\t\t\t\t\t\t\t\t\t\t\t\t\t\t\t<\/div>\n\t\t\t\t<\/div>\n\t\t\t\t<div class=\"elementor-element elementor-element-2fe8c99 elementor-widget elementor-widget-text-editor\" data-id=\"2fe8c99\" data-element_type=\"widget\" data-e-type=\"widget\" data-widget_type=\"text-editor.default\">\n\t\t\t\t<div class=\"elementor-widget-container\">\n\t\t\t\t\t\t\t\t\t<p style=\"color: #0000f3;\">Vorteile der Nutzung des Ger\u00e4ts:<\/p>\n\n<ul>\n     <li>Einfach in bestehende Luftkanalsysteme zu integrieren<\/li>\n     <li>Die Konfigurationen k\u00f6nnen so gestaltet werden, dass die gew\u00fcnschte Dosis erreicht wird<\/li>\n \t<li>Desinfektion ohne Chemikalien und Ozon<\/li>\n     <li>Innovative Steuerung gew\u00e4hrleistet sicheren Betrieb<\/li>\n     <li>Schaffung einer ges\u00fcnderen Luftqualit\u00e4t in Innenr\u00e4umen<\/li>\n \t<li>Vernichtet gesundheitssch\u00e4dliche Krankheitserreger.\n     <li>Verhindert die Entwicklung des Sick-Building-Syndroms.\n     <li>Verbessert das Wohlbefinden.\n     <li>Senkung der Wartungskosten f\u00fcr HLK-Systeme.\n<\/ul>\t\t\t\t\t\t\t\t<\/div>\n\t\t\t\t<\/div>\n\t\t\t\t\t<\/div>\n\t\t<\/div>\n\t\t\t\t\t<\/div>\n\t\t<\/section>\n\t\t\t\t<\/div>","protected":false},"excerpt":{"rendered":"<p>UVB Viren, Bakterien, Schimmel, Sporen, Pilze usw. k\u00f6nnen in feuchten und dunklen HVAC-Systemen schnell wachsen und sich \u00fcber die Klimaanlagen im ganzen Geb\u00e4ude ausbreiten, wodurch das Raumklima infekti\u00f6s wird. Unsere in den Luftkan\u00e4len installierten UV-Keimt\u00f6tungsger\u00e4te inaktivieren pathogene Mikroorganismen \"an Ort und Stelle\". Geb\u00e4udemanager sollten die&hellip;&nbsp;<a href=\"https:\/\/r-filter.ro\/de\/uvb\/\" rel=\"bookmark\">Mehr lesen &raquo;<span class=\"screen-reader-text\">UVB<\/span><\/a><\/p>","protected":false},"author":2,"featured_media":0,"parent":0,"menu_order":0,"comment_status":"closed","ping_status":"closed","template":"","meta":{"neve_meta_sidebar":"full-width","neve_meta_container":"","neve_meta_enable_content_width":"on","neve_meta_content_width":100,"neve_meta_title_alignment":"","neve_meta_author_avatar":"","neve_post_elements_order":"","neve_meta_disable_header":"","neve_meta_disable_footer":"","neve_meta_disable_title":"","neve_meta_reading_time":"","_themeisle_gutenberg_block_has_review":false,"_ti_tpc_template_sync":false,"_ti_tpc_template_id":"","footnotes":""},"class_list":["post-2060","page","type-page","status-publish","hentry"],"_links":{"self":[{"href":"https:\/\/r-filter.ro\/de\/wp-json\/wp\/v2\/pages\/2060","targetHints":{"allow":["GET"]}}],"collection":[{"href":"https:\/\/r-filter.ro\/de\/wp-json\/wp\/v2\/pages"}],"about":[{"href":"https:\/\/r-filter.ro\/de\/wp-json\/wp\/v2\/types\/page"}],"author":[{"embeddable":true,"href":"https:\/\/r-filter.ro\/de\/wp-json\/wp\/v2\/users\/2"}],"replies":[{"embeddable":true,"href":"https:\/\/r-filter.ro\/de\/wp-json\/wp\/v2\/comments?post=2060"}],"version-history":[{"count":48,"href":"https:\/\/r-filter.ro\/de\/wp-json\/wp\/v2\/pages\/2060\/revisions"}],"predecessor-version":[{"id":8741,"href":"https:\/\/r-filter.ro\/de\/wp-json\/wp\/v2\/pages\/2060\/revisions\/8741"}],"wp:attachment":[{"href":"https:\/\/r-filter.ro\/de\/wp-json\/wp\/v2\/media?parent=2060"}],"curies":[{"name":"wp","href":"https:\/\/api.w.org\/{rel}","templated":true}]}}