{"id":2049,"date":"2021-06-29T05:36:44","date_gmt":"2021-06-29T05:36:44","guid":{"rendered":"https:\/\/r-filter.hu\/?page_id=2049"},"modified":"2026-02-25T14:05:46","modified_gmt":"2026-02-25T12:05:46","slug":"uvr-bl","status":"publish","type":"page","link":"https:\/\/r-filter.ro\/de\/uvr-bl\/","title":{"rendered":"UVR-BL"},"content":{"rendered":"<div data-elementor-type=\"wp-page\" data-elementor-id=\"2049\" class=\"elementor elementor-2049\" data-elementor-post-type=\"page\">\n\t\t\t\t\t\t<section class=\"elementor-section elementor-top-section elementor-element elementor-element-696483c elementor-section-boxed elementor-section-height-default elementor-section-height-default\" data-id=\"696483c\" data-element_type=\"section\" data-e-type=\"section\">\n\t\t\t\t\t\t<div class=\"elementor-container elementor-column-gap-default\">\n\t\t\t\t\t<div class=\"elementor-column elementor-col-100 elementor-top-column elementor-element elementor-element-232e1cb\" data-id=\"232e1cb\" data-element_type=\"column\" data-e-type=\"column\" data-settings=\"{&quot;background_background&quot;:&quot;classic&quot;}\">\n\t\t\t<div class=\"elementor-widget-wrap elementor-element-populated\">\n\t\t\t\t\t\t<div class=\"elementor-element elementor-element-2c0caec elementor-widget elementor-widget-heading\" data-id=\"2c0caec\" data-element_type=\"widget\" data-e-type=\"widget\" data-widget_type=\"heading.default\">\n\t\t\t\t<div class=\"elementor-widget-container\">\n\t\t\t\t\t<h1 class=\"elementor-heading-title elementor-size-default\">UVR-BL<\/h1>\t\t\t\t<\/div>\n\t\t\t\t<\/div>\n\t\t\t\t<div class=\"elementor-element elementor-element-71d28af elementor-widget-divider--view-line elementor-widget elementor-widget-divider\" data-id=\"71d28af\" data-element_type=\"widget\" data-e-type=\"widget\" data-widget_type=\"divider.default\">\n\t\t\t\t<div class=\"elementor-widget-container\">\n\t\t\t\t\t\t\t<div class=\"elementor-divider\">\n\t\t\t<span class=\"elementor-divider-separator\">\n\t\t\t\t\t\t<\/span>\n\t\t<\/div>\n\t\t\t\t\t\t<\/div>\n\t\t\t\t<\/div>\n\t\t\t\t\t<\/div>\n\t\t<\/div>\n\t\t\t\t\t<\/div>\n\t\t<\/section>\n\t\t\t\t<section class=\"elementor-section elementor-top-section elementor-element elementor-element-df948cf elementor-section-boxed elementor-section-height-default elementor-section-height-default\" data-id=\"df948cf\" data-element_type=\"section\" data-e-type=\"section\">\n\t\t\t\t\t\t<div class=\"elementor-container elementor-column-gap-default\">\n\t\t\t\t\t<div class=\"elementor-column elementor-col-50 elementor-top-column elementor-element elementor-element-89b4c80\" data-id=\"89b4c80\" data-element_type=\"column\" data-e-type=\"column\">\n\t\t\t<div class=\"elementor-widget-wrap elementor-element-populated\">\n\t\t\t\t\t\t<div class=\"elementor-element elementor-element-d60c7de elementor-widget elementor-widget-text-editor\" data-id=\"d60c7de\" data-element_type=\"widget\" data-e-type=\"widget\" data-widget_type=\"text-editor.default\">\n\t\t\t\t<div class=\"elementor-widget-container\">\n\t\t\t\t\t\t\t\t\t<p>Viren, Bakterien, Schimmel, Mehltau, Sporen, Pilze usw. k\u00f6nnen in feuchten und dunklen HVAC-Systemen schnell wachsen und sich \u00fcber die Klimaanlagen im ganzen Geb\u00e4ude ausbreiten, wodurch das Raumklima infekti\u00f6s wird. Unsere in den Luftkan\u00e4len installierten UV-Keimt\u00f6tungsger\u00e4te inaktivieren pathogene Mikroorganismen \"an Ort und Stelle\". Geb\u00e4udeverwalter sollten die Installation dieser Technologie in ihren Geb\u00e4uden in Betracht ziehen.<\/p>\t\t\t\t\t\t\t\t<\/div>\n\t\t\t\t<\/div>\n\t\t\t\t<div class=\"elementor-element elementor-element-6fb3bc1 elementor-widget elementor-widget-text-editor\" data-id=\"6fb3bc1\" data-element_type=\"widget\" data-e-type=\"widget\" data-widget_type=\"text-editor.default\">\n\t\t\t\t<div class=\"elementor-widget-container\">\n\t\t\t\t\t\t\t\t\t<strong>Wie es funktioniert<\/strong>\t\t\t\t\t\t\t\t<\/div>\n\t\t\t\t<\/div>\n\t\t\t\t<div class=\"elementor-element elementor-element-b44f89b elementor-widget-divider--view-line elementor-widget elementor-widget-divider\" data-id=\"b44f89b\" data-element_type=\"widget\" data-e-type=\"widget\" data-widget_type=\"divider.default\">\n\t\t\t\t<div class=\"elementor-widget-container\">\n\t\t\t\t\t\t\t<div class=\"elementor-divider\">\n\t\t\t<span class=\"elementor-divider-separator\">\n\t\t\t\t\t\t<\/span>\n\t\t<\/div>\n\t\t\t\t\t\t<\/div>\n\t\t\t\t<\/div>\n\t\t\t\t<div class=\"elementor-element elementor-element-e069360 elementor-widget elementor-widget-text-editor\" data-id=\"e069360\" data-element_type=\"widget\" data-e-type=\"widget\" data-widget_type=\"text-editor.default\">\n\t\t\t\t<div class=\"elementor-widget-container\">\n\t\t\t\t\t\t\t\t\tZur Zerst\u00f6rung von Mikroorganismen ist in der Regel eine Strahlendosis von 10-100 Ws\/m\u00b2 erforderlich, wobei die Strahlungsempfindlichkeit der einzelnen Organismen sehr unterschiedlich ist. Die D10-Dosis kann von 7 Ws\/m\u00b2 (Escherichia coli) bis 1000 Ws\/m\u00b2 (Pilze) reichen. Der D10-Wert ist die Dosis der UV-Strahlung, die eine bestimmte Ausgangskeimzahl um 90 % reduziert. Die Wirkung von UVC-Strahlung auf Coronaviren ist gut bekannt. Der D10-Dosiswert f\u00fcr diese Viren liegt bei etwa 40 Ws\/m<sup>2<\/sup>.\t\t\t\t\t\t\t\t<\/div>\n\t\t\t\t<\/div>\n\t\t\t\t<div class=\"elementor-element elementor-element-abae1ed elementor-widget elementor-widget-image\" data-id=\"abae1ed\" data-element_type=\"widget\" data-e-type=\"widget\" data-widget_type=\"image.default\">\n\t\t\t\t<div class=\"elementor-widget-container\">\n\t\t\t\t\t\t\t\t\t\t\t\t\t\t\t\t<a href=\"https:\/\/r-filter.ro\/wp-content\/uploads\/2021\/11\/sp.g.n-1024x331.jpg\" data-elementor-open-lightbox=\"yes\" data-elementor-lightbox-title=\"Feny-spektruma-2537nm-1_RO\" data-e-action-hash=\"#elementor-action%3Aaction%3Dlightbox%26settings%3DeyJpZCI6ODcyNCwidXJsIjoiaHR0cHM6XC9cL3ItZmlsdGVyLnJvXC93cC1jb250ZW50XC91cGxvYWRzXC8yMDI2XC8wMlwvRmVueS1zcGVrdHJ1bWEtMjUzN25tLTFfUk8ucG5nIn0%3D\">\n\t\t\t\t\t\t\t<img fetchpriority=\"high\" decoding=\"async\" width=\"862\" height=\"360\" src=\"https:\/\/r-filter.ro\/wp-content\/uploads\/2021\/11\/sp.g.n-1024x331.jpg\" class=\"attachment-2048x2048 size-2048x2048 wp-image-8724\" alt=\"\" srcset=\"\" sizes=\"(max-width: 862px) 100vw, 862px\" data-srcset=\"\" \/>\t\t\t\t\t\t\t\t<\/a>\n\t\t\t\t\t\t\t\t\t\t\t\t\t\t\t<\/div>\n\t\t\t\t<\/div>\n\t\t\t\t<div class=\"elementor-element elementor-element-daeb91f elementor-widget elementor-widget-image\" data-id=\"daeb91f\" data-element_type=\"widget\" data-e-type=\"widget\" data-widget_type=\"image.default\">\n\t\t\t\t<div class=\"elementor-widget-container\">\n\t\t\t\t\t\t\t\t\t\t\t\t\t\t\t\t<a href=\"https:\/\/r-filter.ro\/wp-content\/uploads\/2021\/11\/germ.n.jpg\" data-elementor-open-lightbox=\"yes\" data-elementor-lightbox-title=\"relativ-hatekonysagi-gorbe-szoveggel_RO\" data-e-action-hash=\"#elementor-action%3Aaction%3Dlightbox%26settings%3DeyJpZCI6ODczNSwidXJsIjoiaHR0cHM6XC9cL3ItZmlsdGVyLnJvXC93cC1jb250ZW50XC91cGxvYWRzXC8yMDI2XC8wMlwvcmVsYXRpdi1oYXRla29ueXNhZ2ktZ29yYmUtc3pvdmVnZ2VsX1JPLTEuanBnIn0%3D\">\n\t\t\t\t\t\t\t<img decoding=\"async\" width=\"1621\" height=\"1020\" src=\"https:\/\/r-filter.ro\/wp-content\/uploads\/2021\/11\/germ.n.jpg\" class=\"attachment-2048x2048 size-2048x2048 wp-image-8735\" alt=\"\" srcset=\"https:\/\/r-filter.ro\/wp-content\/uploads\/2021\/11\/germ.n.jpg 1382w, https:\/\/r-filter.ro\/wp-content\/uploads\/2021\/11\/germ.n-300x127.jpg 300w, https:\/\/r-filter.ro\/wp-content\/uploads\/2021\/11\/germ.n-1024x433.jpg 1024w, https:\/\/r-filter.ro\/wp-content\/uploads\/2021\/11\/germ.n-768x325.jpg 768w, https:\/\/r-filter.ro\/wp-content\/uploads\/2021\/11\/germ.n-18x8.jpg 18w\" sizes=\"(max-width: 1621px) 100vw, 1621px\" \/>\t\t\t\t\t\t\t\t<\/a>\n\t\t\t\t\t\t\t\t\t\t\t\t\t\t\t<\/div>\n\t\t\t\t<\/div>\n\t\t\t\t<div class=\"elementor-element elementor-element-5a79d6c elementor-widget elementor-widget-text-editor\" data-id=\"5a79d6c\" data-element_type=\"widget\" data-e-type=\"widget\" data-widget_type=\"text-editor.default\">\n\t\t\t\t<div class=\"elementor-widget-container\">\n\t\t\t\t\t\t\t\t\tZur Zerst\u00f6rung von Mikroorganismen ist in der Regel eine Strahlendosis von 10-100 Ws\/m\u00b2 erforderlich, wobei die Strahlungsempfindlichkeit der einzelnen Organismen sehr unterschiedlich ist. Die D10-Dosis kann von 7 Ws\/m\u00b2\n(Escherichia coli) bis 1000 Ws\/m\u00b2 (Pilze). Der D10-Wert ist die Dosis der UV-Strahlung, die eine bestimmte Ausgangskeimzahl um 90 % reduziert. Die Wirkung von UVC-Strahlung auf Coronaviren ist gut bekannt. Der D10-Dosiswert f\u00fcr diese Viren liegt bei etwa 40 Ws\/m<sup>2<\/sup>.\t\t\t\t\t\t\t\t<\/div>\n\t\t\t\t<\/div>\n\t\t\t\t\t<\/div>\n\t\t<\/div>\n\t\t\t\t<div class=\"elementor-column elementor-col-50 elementor-top-column elementor-element elementor-element-dc5a491\" data-id=\"dc5a491\" data-element_type=\"column\" data-e-type=\"column\">\n\t\t\t<div class=\"elementor-widget-wrap elementor-element-populated\">\n\t\t\t\t\t\t<div class=\"elementor-element elementor-element-4a46543 elementor-widget elementor-widget-image\" data-id=\"4a46543\" data-element_type=\"widget\" data-e-type=\"widget\" data-widget_type=\"image.default\">\n\t\t\t\t<div class=\"elementor-widget-container\">\n\t\t\t\t\t\t\t\t\t\t\t\t\t\t\t<img decoding=\"async\" width=\"1024\" height=\"512\" src=\"https:\/\/r-filter.ro\/wp-content\/uploads\/2022\/10\/UVR-BL2-1024x512.jpg\" class=\"attachment-large size-large wp-image-5291\" alt=\"R-Filter innovat\u00edv konyhai l\u00e9gkezel\u00e9s, zs\u00edrbont\u00e1s \u00e9s szagtalan\u00edt\u00e1s\" srcset=\"https:\/\/r-filter.ro\/wp-content\/uploads\/2022\/10\/UVR-BL2-1024x512.jpg 1024w, https:\/\/r-filter.ro\/wp-content\/uploads\/2022\/10\/UVR-BL2-300x150.jpg 300w, https:\/\/r-filter.ro\/wp-content\/uploads\/2022\/10\/UVR-BL2-768x384.jpg 768w, https:\/\/r-filter.ro\/wp-content\/uploads\/2022\/10\/UVR-BL2-18x9.jpg 18w, https:\/\/r-filter.ro\/wp-content\/uploads\/2022\/10\/UVR-BL2.jpg 1200w\" sizes=\"(max-width: 1024px) 100vw, 1024px\" \/>\t\t\t\t\t\t\t\t\t\t\t\t\t\t\t<\/div>\n\t\t\t\t<\/div>\n\t\t\t\t<div class=\"elementor-element elementor-element-2fe8c99 elementor-widget elementor-widget-text-editor\" data-id=\"2fe8c99\" data-element_type=\"widget\" data-e-type=\"widget\" data-widget_type=\"text-editor.default\">\n\t\t\t\t<div class=\"elementor-widget-container\">\n\t\t\t\t\t\t\t\t\t<p style=\"color: #0000f3;\">Vorteile der Nutzung des Ger\u00e4ts:<\/p>\n\n<ul>\n     <li>Einfach in bestehende Luftkanalsysteme zu integrieren<\/li>\n     <li>Die Konfigurationen k\u00f6nnen so gestaltet werden, dass die gew\u00fcnschte Dosis erreicht wird<\/li>\n \t<li>Desinfektion ohne Chemikalien und Ozon<\/li>\n     <li>Innovative Steuerung gew\u00e4hrleistet sicheren Betrieb<\/li>\n     <li>Schaffung einer ges\u00fcnderen Luftqualit\u00e4t in Innenr\u00e4umen<\/li>\n \t<li>Vernichtet gesundheitssch\u00e4dliche Krankheitserreger.\n     <li>Verhindert die Entwicklung des Sick-Building-Syndroms.\n     <li>Verbessert das Wohlbefinden.\n     <li>Senkung der Wartungskosten f\u00fcr HLK-Systeme.\n<\/ul>\t\t\t\t\t\t\t\t<\/div>\n\t\t\t\t<\/div>\n\t\t\t\t\t<\/div>\n\t\t<\/div>\n\t\t\t\t\t<\/div>\n\t\t<\/section>\n\t\t\t\t<\/div>","protected":false},"excerpt":{"rendered":"<p>UVR-BL Viren, Bakterien, Schimmel, Sporen, Pilze usw. k\u00f6nnen in feuchten und dunklen HVAC-Systemen schnell wachsen und sich \u00fcber die Klimaanlagen im ganzen Geb\u00e4ude ausbreiten, wodurch das Raumklima infekti\u00f6s wird. Unsere UV-Keimt\u00f6tungsger\u00e4te, die in Luftkan\u00e4len installiert werden, inaktivieren pathogene Mikroorganismen \"an Ort und Stelle\". Geb\u00e4udemanager sollten die&hellip;&nbsp;<a href=\"https:\/\/r-filter.ro\/de\/uvr-bl\/\" rel=\"bookmark\">Mehr lesen &raquo;<span class=\"screen-reader-text\">UVR-BL<\/span><\/a><\/p>","protected":false},"author":2,"featured_media":0,"parent":0,"menu_order":0,"comment_status":"closed","ping_status":"closed","template":"","meta":{"neve_meta_sidebar":"full-width","neve_meta_container":"","neve_meta_enable_content_width":"on","neve_meta_content_width":100,"neve_meta_title_alignment":"","neve_meta_author_avatar":"","neve_post_elements_order":"","neve_meta_disable_header":"","neve_meta_disable_footer":"","neve_meta_disable_title":"","neve_meta_reading_time":"","_themeisle_gutenberg_block_has_review":false,"_ti_tpc_template_sync":false,"_ti_tpc_template_id":"","footnotes":""},"class_list":["post-2049","page","type-page","status-publish","hentry"],"_links":{"self":[{"href":"https:\/\/r-filter.ro\/de\/wp-json\/wp\/v2\/pages\/2049","targetHints":{"allow":["GET"]}}],"collection":[{"href":"https:\/\/r-filter.ro\/de\/wp-json\/wp\/v2\/pages"}],"about":[{"href":"https:\/\/r-filter.ro\/de\/wp-json\/wp\/v2\/types\/page"}],"author":[{"embeddable":true,"href":"https:\/\/r-filter.ro\/de\/wp-json\/wp\/v2\/users\/2"}],"replies":[{"embeddable":true,"href":"https:\/\/r-filter.ro\/de\/wp-json\/wp\/v2\/comments?post=2049"}],"version-history":[{"count":45,"href":"https:\/\/r-filter.ro\/de\/wp-json\/wp\/v2\/pages\/2049\/revisions"}],"predecessor-version":[{"id":8744,"href":"https:\/\/r-filter.ro\/de\/wp-json\/wp\/v2\/pages\/2049\/revisions\/8744"}],"wp:attachment":[{"href":"https:\/\/r-filter.ro\/de\/wp-json\/wp\/v2\/media?parent=2049"}],"curies":[{"name":"wp","href":"https:\/\/api.w.org\/{rel}","templated":true}]}}