{"id":2028,"date":"2021-06-29T05:08:57","date_gmt":"2021-06-29T05:08:57","guid":{"rendered":"https:\/\/r-filter.hu\/?page_id=2028"},"modified":"2026-02-18T12:21:19","modified_gmt":"2026-02-18T10:21:19","slug":"uvr-kl","status":"publish","type":"page","link":"https:\/\/r-filter.ro\/de\/uvr-kl\/","title":{"rendered":"UVR-KL"},"content":{"rendered":"<div data-elementor-type=\"wp-page\" data-elementor-id=\"2028\" class=\"elementor elementor-2028\" data-elementor-post-type=\"page\">\n\t\t\t\t\t\t<section class=\"elementor-section elementor-top-section elementor-element elementor-element-0686e50 elementor-section-boxed elementor-section-height-default elementor-section-height-default\" data-id=\"0686e50\" data-element_type=\"section\" data-e-type=\"section\">\n\t\t\t\t\t\t<div class=\"elementor-container elementor-column-gap-default\">\n\t\t\t\t\t<div class=\"elementor-column elementor-col-100 elementor-top-column elementor-element elementor-element-73021be\" data-id=\"73021be\" data-element_type=\"column\" data-e-type=\"column\" data-settings=\"{&quot;background_background&quot;:&quot;classic&quot;}\">\n\t\t\t<div class=\"elementor-widget-wrap elementor-element-populated\">\n\t\t\t\t\t\t<div class=\"elementor-element elementor-element-3a950a9 elementor-widget elementor-widget-heading\" data-id=\"3a950a9\" data-element_type=\"widget\" data-e-type=\"widget\" data-widget_type=\"heading.default\">\n\t\t\t\t<div class=\"elementor-widget-container\">\n\t\t\t\t\t<h1 class=\"elementor-heading-title elementor-size-default\">UVR-KL<\/h1>\t\t\t\t<\/div>\n\t\t\t\t<\/div>\n\t\t\t\t<div class=\"elementor-element elementor-element-6e670c4 elementor-widget-divider--view-line elementor-widget elementor-widget-divider\" data-id=\"6e670c4\" data-element_type=\"widget\" data-e-type=\"widget\" data-widget_type=\"divider.default\">\n\t\t\t\t<div class=\"elementor-widget-container\">\n\t\t\t\t\t\t\t<div class=\"elementor-divider\">\n\t\t\t<span class=\"elementor-divider-separator\">\n\t\t\t\t\t\t<\/span>\n\t\t<\/div>\n\t\t\t\t\t\t<\/div>\n\t\t\t\t<\/div>\n\t\t\t\t\t<\/div>\n\t\t<\/div>\n\t\t\t\t\t<\/div>\n\t\t<\/section>\n\t\t\t\t<section class=\"elementor-section elementor-top-section elementor-element elementor-element-df948cf elementor-section-boxed elementor-section-height-default elementor-section-height-default\" data-id=\"df948cf\" data-element_type=\"section\" data-e-type=\"section\">\n\t\t\t\t\t\t<div class=\"elementor-container elementor-column-gap-default\">\n\t\t\t\t\t<div class=\"elementor-column elementor-col-50 elementor-top-column elementor-element elementor-element-89b4c80\" data-id=\"89b4c80\" data-element_type=\"column\" data-e-type=\"column\">\n\t\t\t<div class=\"elementor-widget-wrap elementor-element-populated\">\n\t\t\t\t\t\t<div class=\"elementor-element elementor-element-d60c7de elementor-widget elementor-widget-text-editor\" data-id=\"d60c7de\" data-element_type=\"widget\" data-e-type=\"widget\" data-widget_type=\"text-editor.default\">\n\t\t\t\t<div class=\"elementor-widget-container\">\n\t\t\t\t\t\t\t\t\t<p>Viren, Bakterien, Schimmel, Mehltau, Sporen, Pilze usw. k\u00f6nnen in feuchten und dunklen HVAC-Systemen schnell wachsen und sich \u00fcber die Klimaanlagen im ganzen Geb\u00e4ude ausbreiten, wodurch das Raumklima infekti\u00f6s wird. Unsere in Luftkan\u00e4len installierten UV-Keimt\u00f6tungsger\u00e4te inaktivieren pathogene Mikroorganismen \"on the fly\". Geb\u00e4udeverwalter sollten die Installation dieser Technologie in ihren Geb\u00e4uden in Betracht ziehen.<\/p>\t\t\t\t\t\t\t\t<\/div>\n\t\t\t\t<\/div>\n\t\t\t\t<div class=\"elementor-element elementor-element-727530a elementor-widget elementor-widget-text-editor\" data-id=\"727530a\" data-element_type=\"widget\" data-e-type=\"widget\" data-widget_type=\"text-editor.default\">\n\t\t\t\t<div class=\"elementor-widget-container\">\n\t\t\t\t\t\t\t\t\t<strong>Wie es funktioniert<\/strong>\t\t\t\t\t\t\t\t<\/div>\n\t\t\t\t<\/div>\n\t\t\t\t<div class=\"elementor-element elementor-element-4e79d5c elementor-widget-divider--view-line elementor-widget elementor-widget-divider\" data-id=\"4e79d5c\" data-element_type=\"widget\" data-e-type=\"widget\" data-widget_type=\"divider.default\">\n\t\t\t\t<div class=\"elementor-widget-container\">\n\t\t\t\t\t\t\t<div class=\"elementor-divider\">\n\t\t\t<span class=\"elementor-divider-separator\">\n\t\t\t\t\t\t<\/span>\n\t\t<\/div>\n\t\t\t\t\t\t<\/div>\n\t\t\t\t<\/div>\n\t\t\t\t<div class=\"elementor-element elementor-element-e069360 elementor-widget elementor-widget-text-editor\" data-id=\"e069360\" data-element_type=\"widget\" data-e-type=\"widget\" data-widget_type=\"text-editor.default\">\n\t\t\t\t<div class=\"elementor-widget-container\">\n\t\t\t\t\t\t\t\t\t<p>Unsere UV-Luftentkeimungsgestell-Familie, d.h. unsere UV-Rahmenfamilie, wurde mit UV-R\u00f6hren unterschiedlicher elektrischer Leistung (48, 72, 95 und 155 W) und Rahmenl\u00e4ngen (400, 650, 880, 1200 und 1550 mm) konzipiert. F\u00fcr die flexible Anpassung an HVAC-Luftkanalsysteme verwenden wir drei Arten von technischen Ausf\u00fchrungen:<br \/><strong>&#8211; UV-Rack au\u00dferhalb des Luftkanals montiert &#8211; integriert, d.h. mit integrierter Steuerung in der Anschlussdose (zugeschnitten auf die Kanalwandgr\u00f6\u00dfe). Siehe Bild!<br \/>&#8211; UV-Rack au\u00dferhalb des Luftkanals montiert &#8211; nicht in der Anschlussdose integriert, d.h. extern gesteuert (Kanalwand auf Ma\u00df geschnitten).<br \/>&#8211; Intern montiertes UV-Rack &#8211; nicht in die Anschlussdose integriert, d.h. extern gesteuert.<br \/>F\u00fcr die effektivste keimt\u00f6tende und bakterient\u00f6tende Wirkung wird eine Luftgeschwindigkeit von 2-2,5 m\/s im Luftkanal empfohlen.<\/strong><\/p><p><em> Bild einer Multi-Frame-Installation in einem Luftschacht:<\/em><\/p>\t\t\t\t\t\t\t\t<\/div>\n\t\t\t\t<\/div>\n\t\t\t\t<div class=\"elementor-element elementor-element-f817e93 elementor-widget elementor-widget-image\" data-id=\"f817e93\" data-element_type=\"widget\" data-e-type=\"widget\" data-widget_type=\"image.default\">\n\t\t\t\t<div class=\"elementor-widget-container\">\n\t\t\t\t\t\t\t\t\t\t\t\t\t\t\t<img fetchpriority=\"high\" decoding=\"async\" width=\"300\" height=\"204\" src=\"https:\/\/r-filter.ro\/wp-content\/uploads\/2021\/09\/UVR-300x204.jpg\" class=\"attachment-medium size-medium wp-image-2991\" alt=\"\" srcset=\"https:\/\/r-filter.ro\/wp-content\/uploads\/2021\/09\/UVR-300x204.jpg 300w, https:\/\/r-filter.ro\/wp-content\/uploads\/2021\/09\/UVR-1024x697.jpg 1024w, https:\/\/r-filter.ro\/wp-content\/uploads\/2021\/09\/UVR-768x523.jpg 768w, https:\/\/r-filter.ro\/wp-content\/uploads\/2021\/09\/UVR-18x12.jpg 18w, https:\/\/r-filter.ro\/wp-content\/uploads\/2021\/09\/UVR.jpg 1131w\" sizes=\"(max-width: 300px) 100vw, 300px\" \/>\t\t\t\t\t\t\t\t\t\t\t\t\t\t\t<\/div>\n\t\t\t\t<\/div>\n\t\t\t\t<div class=\"elementor-element elementor-element-5a79d6c elementor-widget elementor-widget-text-editor\" data-id=\"5a79d6c\" data-element_type=\"widget\" data-e-type=\"widget\" data-widget_type=\"text-editor.default\">\n\t\t\t\t<div class=\"elementor-widget-container\">\n\t\t\t\t\t\t\t\t\tZur Zerst\u00f6rung von Mikroorganismen ist in der Regel eine Strahlendosis von 10-100 Ws\/m\u00b2 erforderlich, wobei die Strahlungsempfindlichkeit der einzelnen Organismen sehr unterschiedlich ist. Die D10-Dosis kann von 7 Ws\/m\u00b2 (Escherichia coli) bis 1000 Ws\/m\u00b2 (Pilze) reichen. Der D10-Wert ist die Dosis der UV-Strahlung, die eine bestimmte Ausgangskeimzahl um 90 % reduziert. Die Wirkung von UVC-Strahlung auf Coronaviren ist gut bekannt. Der D10-Dosiswert f\u00fcr diese Viren liegt bei etwa 40 Ws\/m<sup>2<\/sup>.\t\t\t\t\t\t\t\t<\/div>\n\t\t\t\t<\/div>\n\t\t\t\t\t<\/div>\n\t\t<\/div>\n\t\t\t\t<div class=\"elementor-column elementor-col-50 elementor-top-column elementor-element elementor-element-dc5a491\" data-id=\"dc5a491\" data-element_type=\"column\" data-e-type=\"column\">\n\t\t\t<div class=\"elementor-widget-wrap elementor-element-populated\">\n\t\t\t\t\t\t<div class=\"elementor-element elementor-element-4a46543 elementor-widget elementor-widget-image\" data-id=\"4a46543\" data-element_type=\"widget\" data-e-type=\"widget\" data-widget_type=\"image.default\">\n\t\t\t\t<div class=\"elementor-widget-container\">\n\t\t\t\t\t\t\t\t\t\t\t\t\t\t\t<img decoding=\"async\" width=\"1024\" height=\"512\" src=\"https:\/\/r-filter.ro\/wp-content\/uploads\/2022\/10\/UVR-XL2-1024x512.jpg\" class=\"attachment-large size-large wp-image-5289\" alt=\"R-Filter innovat\u00edv konyhai l\u00e9gkezel\u00e9s, zs\u00edrbont\u00e1s \u00e9s szagtalan\u00edt\u00e1s\" srcset=\"https:\/\/r-filter.ro\/wp-content\/uploads\/2022\/10\/UVR-XL2-1024x512.jpg 1024w, https:\/\/r-filter.ro\/wp-content\/uploads\/2022\/10\/UVR-XL2-300x150.jpg 300w, https:\/\/r-filter.ro\/wp-content\/uploads\/2022\/10\/UVR-XL2-768x384.jpg 768w, https:\/\/r-filter.ro\/wp-content\/uploads\/2022\/10\/UVR-XL2-18x9.jpg 18w, https:\/\/r-filter.ro\/wp-content\/uploads\/2022\/10\/UVR-XL2.jpg 1200w\" sizes=\"(max-width: 1024px) 100vw, 1024px\" \/>\t\t\t\t\t\t\t\t\t\t\t\t\t\t\t<\/div>\n\t\t\t\t<\/div>\n\t\t\t\t<div class=\"elementor-element elementor-element-2fe8c99 elementor-widget elementor-widget-text-editor\" data-id=\"2fe8c99\" data-element_type=\"widget\" data-e-type=\"widget\" data-widget_type=\"text-editor.default\">\n\t\t\t\t<div class=\"elementor-widget-container\">\n\t\t\t\t\t\t\t\t\t<p style=\"color: #0000f3;\">Vorteile der Nutzung des Ger\u00e4ts:<\/p><ul><li>Einfach in bestehende Luftkanalsysteme zu integrieren<\/li><li>Die Konfigurationen k\u00f6nnen so gestaltet werden, dass die gew\u00fcnschte Dosis erreicht wird<\/li><li>Desinfektion ohne Chemikalien und Ozon<\/li><li>Innovative Steuerung gew\u00e4hrleistet sicheren Betrieb<\/li><li>Schaffung einer ges\u00fcnderen Luftqualit\u00e4t in Innenr\u00e4umen<\/li><li>Vernichtet gesundheitssch\u00e4dliche Krankheitserreger.<\/li><li>Verhindert die Entwicklung des Sick-Building-Syndroms.<\/li><li>Verbessert das Wohlbefinden.<\/li><li>Senkung der Wartungskosten f\u00fcr HLK-Systeme.<\/li><\/ul>\t\t\t\t\t\t\t\t<\/div>\n\t\t\t\t<\/div>\n\t\t\t\t\t<\/div>\n\t\t<\/div>\n\t\t\t\t\t<\/div>\n\t\t<\/section>\n\t\t\t\t<\/div>","protected":false},"excerpt":{"rendered":"<p>UVR-KL Viren, Bakterien, Schimmel, Sporen, Pilze usw. k\u00f6nnen in feuchten und dunklen RLT-Anlagen schnell wachsen und sich \u00fcber die Klimaanlagen im ganzen Geb\u00e4ude ausbreiten und das Raumklima infekti\u00f6s machen. Unsere in Luftkan\u00e4len installierten UV-Keimt\u00f6tungsger\u00e4te inaktivieren pathogene Mikroorganismen \"on the fly\". Geb\u00e4udemanager sollten die&hellip;&nbsp;<a href=\"https:\/\/r-filter.ro\/de\/uvr-kl\/\" rel=\"bookmark\">Mehr lesen &raquo;<span class=\"screen-reader-text\">UVR-KL<\/span><\/a><\/p>","protected":false},"author":2,"featured_media":0,"parent":0,"menu_order":0,"comment_status":"closed","ping_status":"closed","template":"","meta":{"neve_meta_sidebar":"full-width","neve_meta_container":"","neve_meta_enable_content_width":"on","neve_meta_content_width":100,"neve_meta_title_alignment":"","neve_meta_author_avatar":"","neve_post_elements_order":"","neve_meta_disable_header":"","neve_meta_disable_footer":"","neve_meta_disable_title":"","neve_meta_reading_time":"","_themeisle_gutenberg_block_has_review":false,"_ti_tpc_template_sync":false,"_ti_tpc_template_id":"","footnotes":""},"class_list":["post-2028","page","type-page","status-publish","hentry"],"_links":{"self":[{"href":"https:\/\/r-filter.ro\/de\/wp-json\/wp\/v2\/pages\/2028","targetHints":{"allow":["GET"]}}],"collection":[{"href":"https:\/\/r-filter.ro\/de\/wp-json\/wp\/v2\/pages"}],"about":[{"href":"https:\/\/r-filter.ro\/de\/wp-json\/wp\/v2\/types\/page"}],"author":[{"embeddable":true,"href":"https:\/\/r-filter.ro\/de\/wp-json\/wp\/v2\/users\/2"}],"replies":[{"embeddable":true,"href":"https:\/\/r-filter.ro\/de\/wp-json\/wp\/v2\/comments?post=2028"}],"version-history":[{"count":74,"href":"https:\/\/r-filter.ro\/de\/wp-json\/wp\/v2\/pages\/2028\/revisions"}],"predecessor-version":[{"id":8596,"href":"https:\/\/r-filter.ro\/de\/wp-json\/wp\/v2\/pages\/2028\/revisions\/8596"}],"wp:attachment":[{"href":"https:\/\/r-filter.ro\/de\/wp-json\/wp\/v2\/media?parent=2028"}],"curies":[{"name":"wp","href":"https:\/\/api.w.org\/{rel}","templated":true}]}}