{"id":2002,"date":"2021-06-28T15:08:57","date_gmt":"2021-06-28T15:08:57","guid":{"rendered":"https:\/\/r-filter.hu\/?page_id=2002"},"modified":"2026-02-25T14:04:04","modified_gmt":"2026-02-25T12:04:04","slug":"uvf","status":"publish","type":"page","link":"https:\/\/r-filter.ro\/de\/uvf\/","title":{"rendered":"UVF"},"content":{"rendered":"<div data-elementor-type=\"wp-page\" data-elementor-id=\"2002\" class=\"elementor elementor-2002\" data-elementor-post-type=\"page\">\n\t\t\t\t\t\t<section class=\"elementor-section elementor-top-section elementor-element elementor-element-d8b6b01 elementor-section-boxed elementor-section-height-default elementor-section-height-default\" data-id=\"d8b6b01\" data-element_type=\"section\" data-e-type=\"section\">\n\t\t\t\t\t\t<div class=\"elementor-container elementor-column-gap-default\">\n\t\t\t\t\t<div class=\"elementor-column elementor-col-100 elementor-top-column elementor-element elementor-element-805b373\" data-id=\"805b373\" data-element_type=\"column\" data-e-type=\"column\" data-settings=\"{&quot;background_background&quot;:&quot;classic&quot;}\">\n\t\t\t<div class=\"elementor-widget-wrap elementor-element-populated\">\n\t\t\t\t\t\t<div class=\"elementor-element elementor-element-83552bb elementor-widget elementor-widget-heading\" data-id=\"83552bb\" data-element_type=\"widget\" data-e-type=\"widget\" data-widget_type=\"heading.default\">\n\t\t\t\t<div class=\"elementor-widget-container\">\n\t\t\t\t\t<h1 class=\"elementor-heading-title elementor-size-default\">UVF<\/h1>\t\t\t\t<\/div>\n\t\t\t\t<\/div>\n\t\t\t\t<div class=\"elementor-element elementor-element-a5a59b4 elementor-widget-divider--view-line elementor-widget elementor-widget-divider\" data-id=\"a5a59b4\" data-element_type=\"widget\" data-e-type=\"widget\" data-widget_type=\"divider.default\">\n\t\t\t\t<div class=\"elementor-widget-container\">\n\t\t\t\t\t\t\t<div class=\"elementor-divider\">\n\t\t\t<span class=\"elementor-divider-separator\">\n\t\t\t\t\t\t<\/span>\n\t\t<\/div>\n\t\t\t\t\t\t<\/div>\n\t\t\t\t<\/div>\n\t\t\t\t\t<\/div>\n\t\t<\/div>\n\t\t\t\t\t<\/div>\n\t\t<\/section>\n\t\t\t\t<section class=\"elementor-section elementor-top-section elementor-element elementor-element-e6b9faf elementor-section-boxed elementor-section-height-default elementor-section-height-default\" data-id=\"e6b9faf\" data-element_type=\"section\" data-e-type=\"section\">\n\t\t\t\t\t\t<div class=\"elementor-container elementor-column-gap-default\">\n\t\t\t\t\t<div class=\"elementor-column elementor-col-50 elementor-top-column elementor-element elementor-element-0159887\" data-id=\"0159887\" data-element_type=\"column\" data-e-type=\"column\">\n\t\t\t<div class=\"elementor-widget-wrap elementor-element-populated\">\n\t\t\t\t\t\t<div class=\"elementor-element elementor-element-9fbc3a9 elementor-widget elementor-widget-text-editor\" data-id=\"9fbc3a9\" data-element_type=\"widget\" data-e-type=\"widget\" data-widget_type=\"text-editor.default\">\n\t\t\t\t<div class=\"elementor-widget-container\">\n\t\t\t\t\t\t\t\t\t<strong>Wohnungen, B\u00fcros, medizinische Einrichtungen, Klima- und L\u00fcftungstechnik<\/strong>\t\t\t\t\t\t\t\t<\/div>\n\t\t\t\t<\/div>\n\t\t\t\t<div class=\"elementor-element elementor-element-0a2ad1d elementor-widget-divider--view-line elementor-widget elementor-widget-divider\" data-id=\"0a2ad1d\" data-element_type=\"widget\" data-e-type=\"widget\" data-widget_type=\"divider.default\">\n\t\t\t\t<div class=\"elementor-widget-container\">\n\t\t\t\t\t\t\t<div class=\"elementor-divider\">\n\t\t\t<span class=\"elementor-divider-separator\">\n\t\t\t\t\t\t<\/span>\n\t\t<\/div>\n\t\t\t\t\t\t<\/div>\n\t\t\t\t<\/div>\n\t\t\t\t<div class=\"elementor-element elementor-element-c8233d5 elementor-widget elementor-widget-text-editor\" data-id=\"c8233d5\" data-element_type=\"widget\" data-e-type=\"widget\" data-widget_type=\"text-editor.default\">\n\t\t\t\t<div class=\"elementor-widget-container\">\n\t\t\t\t\t\t\t\t\tDas Ger\u00e4t kann zur Desinfektion von Au\u00dfenluft oder von Luft, die von einem zentralen L\u00fcftungsger\u00e4t zugef\u00fchrt wird, verwendet werden. Beim Einbau in ein Luftkanalsystem wirkt es als passives Element und verf\u00fcgt \u00fcber keinen eigenen Ventilator.\t\t\t\t\t\t\t\t<\/div>\n\t\t\t\t<\/div>\n\t\t\t\t<div class=\"elementor-element elementor-element-547ad68 elementor-widget elementor-widget-text-editor\" data-id=\"547ad68\" data-element_type=\"widget\" data-e-type=\"widget\" data-widget_type=\"text-editor.default\">\n\t\t\t\t<div class=\"elementor-widget-container\">\n\t\t\t\t\t\t\t\t\t<strong>Wie es funktioniert<\/strong>\t\t\t\t\t\t\t\t<\/div>\n\t\t\t\t<\/div>\n\t\t\t\t<div class=\"elementor-element elementor-element-c2624cd elementor-widget-divider--view-line elementor-widget elementor-widget-divider\" data-id=\"c2624cd\" data-element_type=\"widget\" data-e-type=\"widget\" data-widget_type=\"divider.default\">\n\t\t\t\t<div class=\"elementor-widget-container\">\n\t\t\t\t\t\t\t<div class=\"elementor-divider\">\n\t\t\t<span class=\"elementor-divider-separator\">\n\t\t\t\t\t\t<\/span>\n\t\t<\/div>\n\t\t\t\t\t\t<\/div>\n\t\t\t\t<\/div>\n\t\t\t\t<div class=\"elementor-element elementor-element-9adeed0 elementor-widget elementor-widget-text-editor\" data-id=\"9adeed0\" data-element_type=\"widget\" data-e-type=\"widget\" data-widget_type=\"text-editor.default\">\n\t\t\t\t<div class=\"elementor-widget-container\">\n\t\t\t\t\t\t\t\t\t<p>Ob von au\u00dfen angesaugt oder durch die zentrale L\u00fcftungsanlage transportiert, die Luft kann zahlreiche Mikroorganismen enthalten, die aus gesundheitlichen Gr\u00fcnden abget\u00f6tet werden m\u00fcssen. Zu diesem Zweck empfehlen wir das R-FILTER Entkeimungsger\u00e4t, da die UV-C-Strahlung im Ger\u00e4t die DNA von Krankheitserregern zerst\u00f6rt und somit die Luft desinfiziert. Das Ger\u00e4t verf\u00fcgt \u00fcber keinen eigenen Ventilator und kann daher sowohl im aktiven als auch im passiven Teil der L\u00fcftungsanlage installiert werden. Es sollte jedoch darauf geachtet werden, dass die Luftgeschwindigkeit im Inneren des Ger\u00e4ts 2-2,5 m\/s betr\u00e4gt, was f\u00fcr die Entkeimung am besten geeignet ist. Bei h\u00f6heren Luftgeschwindigkeiten haben die UV-C R-FILTER-Lampen nicht genug Zeit, um Bakterien zu zerst\u00f6ren und somit die Luft zu desinfizieren.<\/p><p>Lichtspektrum in Nanometern:<\/p>\t\t\t\t\t\t\t\t<\/div>\n\t\t\t\t<\/div>\n\t\t\t\t<div class=\"elementor-element elementor-element-d6ecdb7 elementor-widget elementor-widget-image\" data-id=\"d6ecdb7\" data-element_type=\"widget\" data-e-type=\"widget\" data-widget_type=\"image.default\">\n\t\t\t\t<div class=\"elementor-widget-container\">\n\t\t\t\t\t\t\t\t\t\t\t\t\t\t\t\t<a href=\"https:\/\/r-filter.ro\/wp-content\/uploads\/2021\/11\/sp.g.n-1024x331.jpg\" data-elementor-open-lightbox=\"yes\" data-elementor-lightbox-title=\"Feny-spektruma-2537nm-1_RO\" data-e-action-hash=\"#elementor-action%3Aaction%3Dlightbox%26settings%3DeyJpZCI6ODcyNCwidXJsIjoiaHR0cHM6XC9cL3ItZmlsdGVyLnJvXC93cC1jb250ZW50XC91cGxvYWRzXC8yMDI2XC8wMlwvRmVueS1zcGVrdHJ1bWEtMjUzN25tLTFfUk8ucG5nIn0%3D\">\n\t\t\t\t\t\t\t<img fetchpriority=\"high\" decoding=\"async\" width=\"862\" height=\"360\" src=\"https:\/\/r-filter.ro\/wp-content\/uploads\/2021\/11\/sp.g.n-1024x331.jpg\" class=\"attachment-2048x2048 size-2048x2048 wp-image-8724\" alt=\"\" srcset=\"\" sizes=\"(max-width: 862px) 100vw, 862px\" data-srcset=\"\" \/>\t\t\t\t\t\t\t\t<\/a>\n\t\t\t\t\t\t\t\t\t\t\t\t\t\t\t<\/div>\n\t\t\t\t<\/div>\n\t\t\t\t<div class=\"elementor-element elementor-element-6b09c77 elementor-widget elementor-widget-text-editor\" data-id=\"6b09c77\" data-element_type=\"widget\" data-e-type=\"widget\" data-widget_type=\"text-editor.default\">\n\t\t\t\t<div class=\"elementor-widget-container\">\n\t\t\t\t\t\t\t\t\tDie keimt\u00f6tende bzw. bakterient\u00f6tende Wirkung der UV-C-Strahlung erreicht bei 265 nm ihren H\u00f6hepunkt.\t\t\t\t\t\t\t\t<\/div>\n\t\t\t\t<\/div>\n\t\t\t\t<div class=\"elementor-element elementor-element-5069715 elementor-widget elementor-widget-image\" data-id=\"5069715\" data-element_type=\"widget\" data-e-type=\"widget\" data-widget_type=\"image.default\">\n\t\t\t\t<div class=\"elementor-widget-container\">\n\t\t\t\t\t\t\t\t\t\t\t\t\t\t\t\t<a href=\"https:\/\/r-filter.ro\/wp-content\/uploads\/2021\/11\/germ.n.jpg\" data-elementor-open-lightbox=\"yes\" data-elementor-lightbox-title=\"relativ-hatekonysagi-gorbe-szoveggel_RO\" data-e-action-hash=\"#elementor-action%3Aaction%3Dlightbox%26settings%3DeyJpZCI6ODczNSwidXJsIjoiaHR0cHM6XC9cL3ItZmlsdGVyLnJvXC93cC1jb250ZW50XC91cGxvYWRzXC8yMDI2XC8wMlwvcmVsYXRpdi1oYXRla29ueXNhZ2ktZ29yYmUtc3pvdmVnZ2VsX1JPLTEuanBnIn0%3D\">\n\t\t\t\t\t\t\t<img decoding=\"async\" width=\"1621\" height=\"1020\" src=\"https:\/\/r-filter.ro\/wp-content\/uploads\/2021\/11\/germ.n.jpg\" class=\"attachment-2048x2048 size-2048x2048 wp-image-8735\" alt=\"\" srcset=\"https:\/\/r-filter.ro\/wp-content\/uploads\/2021\/11\/germ.n.jpg 1382w, https:\/\/r-filter.ro\/wp-content\/uploads\/2021\/11\/germ.n-300x127.jpg 300w, https:\/\/r-filter.ro\/wp-content\/uploads\/2021\/11\/germ.n-1024x433.jpg 1024w, https:\/\/r-filter.ro\/wp-content\/uploads\/2021\/11\/germ.n-768x325.jpg 768w, https:\/\/r-filter.ro\/wp-content\/uploads\/2021\/11\/germ.n-18x8.jpg 18w\" sizes=\"(max-width: 1621px) 100vw, 1621px\" \/>\t\t\t\t\t\t\t\t<\/a>\n\t\t\t\t\t\t\t\t\t\t\t\t\t\t\t<\/div>\n\t\t\t\t<\/div>\n\t\t\t\t\t<\/div>\n\t\t<\/div>\n\t\t\t\t<div class=\"elementor-column elementor-col-50 elementor-top-column elementor-element elementor-element-f52a362\" data-id=\"f52a362\" data-element_type=\"column\" data-e-type=\"column\">\n\t\t\t<div class=\"elementor-widget-wrap elementor-element-populated\">\n\t\t\t\t\t\t<div class=\"elementor-element elementor-element-f20409d elementor-widget elementor-widget-image\" data-id=\"f20409d\" data-element_type=\"widget\" data-e-type=\"widget\" data-widget_type=\"image.default\">\n\t\t\t\t<div class=\"elementor-widget-container\">\n\t\t\t\t\t\t\t\t\t\t\t\t\t\t\t<img decoding=\"async\" width=\"1024\" height=\"512\" src=\"https:\/\/r-filter.ro\/wp-content\/uploads\/2022\/10\/UVF3-1024x512.jpg\" class=\"attachment-large size-large wp-image-5292\" alt=\"R-Filter innovat\u00edv konyhai l\u00e9gkezel\u00e9s, zs\u00edrbont\u00e1s \u00e9s szagtalan\u00edt\u00e1s\" srcset=\"https:\/\/r-filter.ro\/wp-content\/uploads\/2022\/10\/UVF3-1024x512.jpg 1024w, https:\/\/r-filter.ro\/wp-content\/uploads\/2022\/10\/UVF3-300x150.jpg 300w, https:\/\/r-filter.ro\/wp-content\/uploads\/2022\/10\/UVF3-768x384.jpg 768w, https:\/\/r-filter.ro\/wp-content\/uploads\/2022\/10\/UVF3-18x9.jpg 18w, https:\/\/r-filter.ro\/wp-content\/uploads\/2022\/10\/UVF3.jpg 1200w\" sizes=\"(max-width: 1024px) 100vw, 1024px\" \/>\t\t\t\t\t\t\t\t\t\t\t\t\t\t\t<\/div>\n\t\t\t\t<\/div>\n\t\t\t\t<div class=\"elementor-element elementor-element-d0deed5 elementor-widget elementor-widget-text-editor\" data-id=\"d0deed5\" data-element_type=\"widget\" data-e-type=\"widget\" data-widget_type=\"text-editor.default\">\n\t\t\t\t<div class=\"elementor-widget-container\">\n\t\t\t\t\t\t\t\t\t<p style=\"color: #0000f3;\">Vorteile der Verwendung dieses Ger\u00e4ts:<\/p><ul><li>Als Luftkanalkomponente kann es problemlos in bestehende Luftkanalsysteme integriert werden.<\/li><li>Hervorragende Lufthygiene, hoher Grad an Keimabt\u00f6tung.<\/li><li>Verringerung von Atemwegserkrankungen.<\/li><li>Ozonfreier Betrieb<\/li><li>Chemikalienfreier Betrieb<\/li><li>Kein Filter erforderlich<\/li><li>Korrosionsfreies Edelstahlgeh\u00e4use<\/li><li>Erfordert minimale Reinigung<\/li><\/ul>\t\t\t\t\t\t\t\t<\/div>\n\t\t\t\t<\/div>\n\t\t\t\t\t<\/div>\n\t\t<\/div>\n\t\t\t\t\t<\/div>\n\t\t<\/section>\n\t\t\t\t<\/div>","protected":false},"excerpt":{"rendered":"<p>UVF Wohnungen, B\u00fcros, medizinische Einrichtungen, Klima- und L\u00fcftungstechnik Das Ger\u00e4t kann zur Entkeimung von angesaugter Au\u00dfenluft oder von Luft, die von einem zentralen L\u00fcftungsger\u00e4t zugef\u00fchrt wird, eingesetzt werden. Beim Einbau in ein Luftkanalsystem wirkt es als passives Element und verf\u00fcgt \u00fcber keinen eigenen Ventilator;&nbsp;<a href=\"https:\/\/r-filter.ro\/de\/uvf\/\" rel=\"bookmark\">Mehr lesen &raquo;<span class=\"screen-reader-text\">UVF<\/span><\/a><\/p>","protected":false},"author":2,"featured_media":0,"parent":0,"menu_order":0,"comment_status":"closed","ping_status":"closed","template":"","meta":{"neve_meta_sidebar":"full-width","neve_meta_container":"","neve_meta_enable_content_width":"on","neve_meta_content_width":100,"neve_meta_title_alignment":"","neve_meta_author_avatar":"","neve_post_elements_order":"","neve_meta_disable_header":"","neve_meta_disable_footer":"","neve_meta_disable_title":"","neve_meta_reading_time":"","_themeisle_gutenberg_block_has_review":false,"_ti_tpc_template_sync":false,"_ti_tpc_template_id":"","footnotes":""},"class_list":["post-2002","page","type-page","status-publish","hentry"],"_links":{"self":[{"href":"https:\/\/r-filter.ro\/de\/wp-json\/wp\/v2\/pages\/2002","targetHints":{"allow":["GET"]}}],"collection":[{"href":"https:\/\/r-filter.ro\/de\/wp-json\/wp\/v2\/pages"}],"about":[{"href":"https:\/\/r-filter.ro\/de\/wp-json\/wp\/v2\/types\/page"}],"author":[{"embeddable":true,"href":"https:\/\/r-filter.ro\/de\/wp-json\/wp\/v2\/users\/2"}],"replies":[{"embeddable":true,"href":"https:\/\/r-filter.ro\/de\/wp-json\/wp\/v2\/comments?post=2002"}],"version-history":[{"count":79,"href":"https:\/\/r-filter.ro\/de\/wp-json\/wp\/v2\/pages\/2002\/revisions"}],"predecessor-version":[{"id":8738,"href":"https:\/\/r-filter.ro\/de\/wp-json\/wp\/v2\/pages\/2002\/revisions\/8738"}],"wp:attachment":[{"href":"https:\/\/r-filter.ro\/de\/wp-json\/wp\/v2\/media?parent=2002"}],"curies":[{"name":"wp","href":"https:\/\/api.w.org\/{rel}","templated":true}]}}