{"id":1610,"date":"2021-04-28T10:49:03","date_gmt":"2021-04-28T10:49:03","guid":{"rendered":"https:\/\/r-filter.hu\/?page_id=1610"},"modified":"2026-02-25T13:34:45","modified_gmt":"2026-02-25T11:34:45","slug":"uvt800","status":"publish","type":"page","link":"https:\/\/r-filter.ro\/de\/uvt800\/","title":{"rendered":"UVT"},"content":{"rendered":"<div data-elementor-type=\"wp-page\" data-elementor-id=\"1610\" class=\"elementor elementor-1610\" data-elementor-post-type=\"page\">\n\t\t\t\t\t\t<section class=\"elementor-section elementor-top-section elementor-element elementor-element-616e3ea elementor-section-boxed elementor-section-height-default elementor-section-height-default\" data-id=\"616e3ea\" data-element_type=\"section\" data-e-type=\"section\">\n\t\t\t\t\t\t<div class=\"elementor-container elementor-column-gap-default\">\n\t\t\t\t\t<div class=\"elementor-column elementor-col-100 elementor-top-column elementor-element elementor-element-965c506\" data-id=\"965c506\" data-element_type=\"column\" data-e-type=\"column\" data-settings=\"{&quot;background_background&quot;:&quot;classic&quot;}\">\n\t\t\t<div class=\"elementor-widget-wrap elementor-element-populated\">\n\t\t\t\t\t\t<div class=\"elementor-element elementor-element-2a7c07b elementor-widget elementor-widget-heading\" data-id=\"2a7c07b\" data-element_type=\"widget\" data-e-type=\"widget\" data-widget_type=\"heading.default\">\n\t\t\t\t<div class=\"elementor-widget-container\">\n\t\t\t\t\t<h1 class=\"elementor-heading-title elementor-size-default\">UVT<\/h1>\t\t\t\t<\/div>\n\t\t\t\t<\/div>\n\t\t\t\t<div class=\"elementor-element elementor-element-a0c4e83 elementor-widget-divider--view-line elementor-widget elementor-widget-divider\" data-id=\"a0c4e83\" data-element_type=\"widget\" data-e-type=\"widget\" data-widget_type=\"divider.default\">\n\t\t\t\t<div class=\"elementor-widget-container\">\n\t\t\t\t\t\t\t<div class=\"elementor-divider\">\n\t\t\t<span class=\"elementor-divider-separator\">\n\t\t\t\t\t\t<\/span>\n\t\t<\/div>\n\t\t\t\t\t\t<\/div>\n\t\t\t\t<\/div>\n\t\t\t\t\t<\/div>\n\t\t<\/div>\n\t\t\t\t\t<\/div>\n\t\t<\/section>\n\t\t\t\t<section class=\"elementor-section elementor-top-section elementor-element elementor-element-3f6f6979 elementor-section-boxed elementor-section-height-default elementor-section-height-default\" data-id=\"3f6f6979\" data-element_type=\"section\" data-e-type=\"section\">\n\t\t\t\t\t\t<div class=\"elementor-container elementor-column-gap-default\">\n\t\t\t\t\t<div class=\"elementor-column elementor-col-100 elementor-top-column elementor-element elementor-element-1a1a20b8\" data-id=\"1a1a20b8\" data-element_type=\"column\" data-e-type=\"column\">\n\t\t\t<div class=\"elementor-widget-wrap elementor-element-populated\">\n\t\t\t\t\t\t<section class=\"elementor-section elementor-inner-section elementor-element elementor-element-9d5341d elementor-section-boxed elementor-section-height-default elementor-section-height-default\" data-id=\"9d5341d\" data-element_type=\"section\" data-e-type=\"section\">\n\t\t\t\t\t\t<div class=\"elementor-container elementor-column-gap-default\">\n\t\t\t\t\t<div class=\"elementor-column elementor-col-50 elementor-inner-column elementor-element elementor-element-08c504a\" data-id=\"08c504a\" data-element_type=\"column\" data-e-type=\"column\">\n\t\t\t<div class=\"elementor-widget-wrap elementor-element-populated\">\n\t\t\t\t\t\t<div class=\"elementor-element elementor-element-1023c3b elementor-widget elementor-widget-text-editor\" data-id=\"1023c3b\" data-element_type=\"widget\" data-e-type=\"widget\" data-widget_type=\"text-editor.default\">\n\t\t\t\t<div class=\"elementor-widget-container\">\n\t\t\t\t\t\t\t\t\t<p><strong>Behandelt und sterilisiert die Luft in geschlossenen R\u00e4umen (Krankenh\u00e4user, Industrieanlagen usw.)<\/strong><\/p>\t\t\t\t\t\t\t\t<\/div>\n\t\t\t\t<\/div>\n\t\t\t\t<div class=\"elementor-element elementor-element-6aede47 elementor-widget-divider--view-line elementor-widget elementor-widget-divider\" data-id=\"6aede47\" data-element_type=\"widget\" data-e-type=\"widget\" data-widget_type=\"divider.default\">\n\t\t\t\t<div class=\"elementor-widget-container\">\n\t\t\t\t\t\t\t<div class=\"elementor-divider\">\n\t\t\t<span class=\"elementor-divider-separator\">\n\t\t\t\t\t\t<\/span>\n\t\t<\/div>\n\t\t\t\t\t\t<\/div>\n\t\t\t\t<\/div>\n\t\t\t\t<div class=\"elementor-element elementor-element-e23b00b elementor-widget elementor-widget-text-editor\" data-id=\"e23b00b\" data-element_type=\"widget\" data-e-type=\"widget\" data-widget_type=\"text-editor.default\">\n\t\t\t\t<div class=\"elementor-widget-container\">\n\t\t\t\t\t\t\t\t\t<p>Der ger\u00e4teeigene Ventilator zirkuliert die zu sterilisierende Raumluft durch das Ger\u00e4teinnere, w\u00e4hrend keimt\u00f6tende Lampen und ein Photokatalysator luftgetragene Krankheitserreger (Viren, Bakterien, Pilzsporen) zerst\u00f6ren. Das Ger\u00e4t wird h\u00e4ngend in dem zu sterilisierenden Raum installiert.\t\t\t\t\t\t\t\t<\/div>\n\t\t\t\t<\/div>\n\t\t\t\t<div class=\"elementor-element elementor-element-efd0dc9 elementor-widget elementor-widget-text-editor\" data-id=\"efd0dc9\" data-element_type=\"widget\" data-e-type=\"widget\" data-widget_type=\"text-editor.default\">\n\t\t\t\t<div class=\"elementor-widget-container\">\n\t\t\t\t\t\t\t\t\t<strong>Wie es funktioniert<\/strong>\t\t\t\t\t\t\t\t<\/div>\n\t\t\t\t<\/div>\n\t\t\t\t<div class=\"elementor-element elementor-element-5896186 elementor-widget-divider--view-line elementor-widget elementor-widget-divider\" data-id=\"5896186\" data-element_type=\"widget\" data-e-type=\"widget\" data-widget_type=\"divider.default\">\n\t\t\t\t<div class=\"elementor-widget-container\">\n\t\t\t\t\t\t\t<div class=\"elementor-divider\">\n\t\t\t<span class=\"elementor-divider-separator\">\n\t\t\t\t\t\t<\/span>\n\t\t<\/div>\n\t\t\t\t\t\t<\/div>\n\t\t\t\t<\/div>\n\t\t\t\t<div class=\"elementor-element elementor-element-46c273d elementor-widget elementor-widget-text-editor\" data-id=\"46c273d\" data-element_type=\"widget\" data-e-type=\"widget\" data-widget_type=\"text-editor.default\">\n\t\t\t\t<div class=\"elementor-widget-container\">\n\t\t\t\t\t\t\t\t\t<p>Wir verwenden auch mit Titandioxid beschichtete Oberfl\u00e4chen und Photokatalysatoren in unseren industriellen, an der Decke montierten Keimabt\u00f6tungsger\u00e4ten. Wir nutzen die synergetische Wirkung von UV-C-Licht und die keimt\u00f6tende Wirkung von TiO<sub>2<\/sub>. Es werden Ventilatoren installiert, um die Luft in dem zu sterilisierenden Raum umzuw\u00e4lzen. Die Luft wird zun\u00e4chst dem UV-C-Licht ausgesetzt, das eine desinfizierende Wirkung hat, und str\u00f6mt dann \u00fcber eine Katalysatorplatte, die durch das ultraviolette Licht aktiviert wird.\n<p><em>Der folgende Luftreinigungsprozess findet auf dem TiO<sub>2<\/sub>:<\/em><\/p>\t\t\t\t\t\t\t\t<\/div>\n\t\t\t\t<\/div>\n\t\t\t\t<div class=\"elementor-element elementor-element-a600c9e elementor-widget elementor-widget-image\" data-id=\"a600c9e\" data-element_type=\"widget\" data-e-type=\"widget\" data-widget_type=\"image.default\">\n\t\t\t\t<div class=\"elementor-widget-container\">\n\t\t\t\t\t\t\t\t\t\t\t\t\t\t\t<img fetchpriority=\"high\" decoding=\"async\" width=\"1024\" height=\"670\" src=\"https:\/\/r-filter.ro\/wp-content\/uploads\/2021\/11\/fot.e.1.n-1024x687.jpg\" class=\"attachment-large size-large wp-image-8709\" alt=\"\" srcset=\"\" sizes=\"(max-width: 1024px) 100vw, 1024px\" data-srcset=\"\" \/>\t\t\t\t\t\t\t\t\t\t\t\t\t\t\t<\/div>\n\t\t\t\t<\/div>\n\t\t\t\t<div class=\"elementor-element elementor-element-39dba26 elementor-widget elementor-widget-text-editor\" data-id=\"39dba26\" data-element_type=\"widget\" data-e-type=\"widget\" data-widget_type=\"text-editor.default\">\n\t\t\t\t<div class=\"elementor-widget-container\">\n\t\t\t\t\t\t\t\t\t<p>Bei der oben genannten Beschichtung handelt es sich um einen Halbleiter, in dem bei Beleuchtung mit Licht einer bestimmten Wellenl\u00e4nge Elektronen (e-) im Leitungsband angeregt werden und an ihrer Stelle Hohlr\u00e4ume (h+) hinterlassen. Die Hohlr\u00e4ume wirken stark oxidierend, w\u00e4hrend die Elektronen stark reduzierend wirken. Hochreaktive Hydroxylradikale (-OH) werden aus Wasser gebildet, das mit der Oberfl\u00e4che in Ber\u00fchrung kommt, w\u00e4hrend Superoxidradikale (-O<sub>2<\/sub>-)-) werden aus dem Luftsauerstoff Reaktanten gebildet. Dadurch werden Schadstoffe abgebaut und Mikroorganismen durch Sch\u00e4digung ihrer DNA-Struktur zerst\u00f6rt. Mikroben und organische Stoffe werden mineralisiert, wobei Kohlendioxid und Wasser entstehen.\nEin Querschnitt durch den Zersetzungsprozess von fl\u00fcchtigen organischen Verbindungen (VOC):\t\t\t\t\t\t\t\t<\/div>\n\t\t\t\t<\/div>\n\t\t\t\t<div class=\"elementor-element elementor-element-9cdd475 elementor-widget elementor-widget-image\" data-id=\"9cdd475\" data-element_type=\"widget\" data-e-type=\"widget\" data-widget_type=\"image.default\">\n\t\t\t\t<div class=\"elementor-widget-container\">\n\t\t\t\t\t\t\t\t\t\t\t\t\t\t\t<img decoding=\"async\" width=\"1024\" height=\"589\" src=\"https:\/\/r-filter.ro\/wp-content\/uploads\/2021\/11\/fot.e.2.n-1024x588.jpg\" class=\"attachment-large size-large wp-image-8711\" alt=\"\" srcset=\"\" sizes=\"(max-width: 1024px) 100vw, 1024px\" data-srcset=\"\" \/>\t\t\t\t\t\t\t\t\t\t\t\t\t\t\t<\/div>\n\t\t\t\t<\/div>\n\t\t\t\t\t<\/div>\n\t\t<\/div>\n\t\t\t\t<div class=\"elementor-column elementor-col-50 elementor-inner-column elementor-element elementor-element-6481d9e\" data-id=\"6481d9e\" data-element_type=\"column\" data-e-type=\"column\">\n\t\t\t<div class=\"elementor-widget-wrap elementor-element-populated\">\n\t\t\t\t\t\t<div class=\"elementor-element elementor-element-489e0ae elementor-widget elementor-widget-image\" data-id=\"489e0ae\" data-element_type=\"widget\" data-e-type=\"widget\" data-widget_type=\"image.default\">\n\t\t\t\t<div class=\"elementor-widget-container\">\n\t\t\t\t\t\t\t\t\t\t\t\t\t\t\t<img decoding=\"async\" width=\"1200\" height=\"600\" src=\"https:\/\/r-filter.ro\/wp-content\/uploads\/2022\/10\/UVT2.jpg\" class=\"attachment-full size-full wp-image-5303\" alt=\"R-Filter innovat\u00edv konyhai l\u00e9gkezel\u00e9s, zs\u00edrbont\u00e1s \u00e9s szagtalan\u00edt\u00e1s\" srcset=\"https:\/\/r-filter.ro\/wp-content\/uploads\/2022\/10\/UVT2.jpg 1200w, https:\/\/r-filter.ro\/wp-content\/uploads\/2022\/10\/UVT2-300x150.jpg 300w, https:\/\/r-filter.ro\/wp-content\/uploads\/2022\/10\/UVT2-1024x512.jpg 1024w, https:\/\/r-filter.ro\/wp-content\/uploads\/2022\/10\/UVT2-768x384.jpg 768w, https:\/\/r-filter.ro\/wp-content\/uploads\/2022\/10\/UVT2-18x9.jpg 18w\" sizes=\"(max-width: 1200px) 100vw, 1200px\" \/>\t\t\t\t\t\t\t\t\t\t\t\t\t\t\t<\/div>\n\t\t\t\t<\/div>\n\t\t\t\t<div class=\"elementor-element elementor-element-b57fc83 elementor-widget elementor-widget-text-editor\" data-id=\"b57fc83\" data-element_type=\"widget\" data-e-type=\"widget\" data-widget_type=\"text-editor.default\">\n\t\t\t\t<div class=\"elementor-widget-container\">\n\t\t\t\t\t\t\t\t\t<p style=\"color: #0000f3;\">Vorteile der Nutzung des Ger\u00e4ts:<\/p>\n<ul>\n<li>die kombinierte synergetische Wirkung des UV-Lichts und des Photokatalysators wirkt<\/li>\n<li>hohes Ma\u00df an Sterilisation<\/li>\n<li>W\u00e4hrend des Prozesses werden fl\u00fcchtige organische und anorganische Verbindungen, Ger\u00fcche, Wasser und Kohlendioxid mineralisiert.<\/li>\n<li>Verringerung von Atemwegserkrankungen.<\/li>\n<li>Ozon- und chemikalienfreier Betrieb.<\/li>\n<li>Kein Filter erforderlich<\/li>\n<li>Erfordert minimale Wartung<\/li>\n<li>Das Geh\u00e4use ist aus rostfreiem Stahl gefertigt, so dass keine Korrosionsgefahr besteht.<\/li>\n<li>Einfach zu installieren<\/li>\n<\/ul>\t\t\t\t\t\t\t\t<\/div>\n\t\t\t\t<\/div>\n\t\t\t\t<div class=\"elementor-element elementor-element-0b21cfe elementor-widget elementor-widget-image\" data-id=\"0b21cfe\" data-element_type=\"widget\" data-e-type=\"widget\" data-widget_type=\"image.default\">\n\t\t\t\t<div class=\"elementor-widget-container\">\n\t\t\t\t\t\t\t\t\t\t\t\t\t\t\t<img loading=\"lazy\" decoding=\"async\" width=\"1024\" height=\"756\" src=\"https:\/\/r-filter.ro\/wp-content\/uploads\/2021\/04\/UVT-800M3-1024x756.jpg\" class=\"attachment-large size-large wp-image-1612\" alt=\"\" srcset=\"https:\/\/r-filter.ro\/wp-content\/uploads\/2021\/04\/UVT-800M3-1024x756.jpg 1024w, https:\/\/r-filter.ro\/wp-content\/uploads\/2021\/04\/UVT-800M3-300x221.jpg 300w, https:\/\/r-filter.ro\/wp-content\/uploads\/2021\/04\/UVT-800M3-768x567.jpg 768w, https:\/\/r-filter.ro\/wp-content\/uploads\/2021\/04\/UVT-800M3-1536x1134.jpg 1536w, https:\/\/r-filter.ro\/wp-content\/uploads\/2021\/04\/UVT-800M3-2048x1511.jpg 2048w, https:\/\/r-filter.ro\/wp-content\/uploads\/2021\/04\/UVT-800M3-16x12.jpg 16w\" sizes=\"(max-width: 1024px) 100vw, 1024px\" \/>\t\t\t\t\t\t\t\t\t\t\t\t\t\t\t<\/div>\n\t\t\t\t<\/div>\n\t\t\t\t\t<\/div>\n\t\t<\/div>\n\t\t\t\t\t<\/div>\n\t\t<\/section>\n\t\t\t\t<div class=\"elementor-element elementor-element-44d38d5 elementor-widget elementor-widget-text-editor\" data-id=\"44d38d5\" data-element_type=\"widget\" data-e-type=\"widget\" data-widget_type=\"text-editor.default\">\n\t\t\t\t<div class=\"elementor-widget-container\">\n\t\t\t\t\t\t\t\t\t\n<div class=\"wp-block-themeisle-blocks-advanced-columns has-undefined-columns has-desktop-undefined-layout has-tablet-equal-layout has-mobile-equal-layout has-default-gap has-vertical-unset\" id=\"wp-block-themeisle-blocks-advanced-columns-dc940797\"><div class=\"wp-block-themeisle-blocks-advanced-columns-overlay\"><\/div><div class=\"innerblocks-wrap\"><\/div><\/div>\n\t\t\t\t\t\t\t\t<\/div>\n\t\t\t\t<\/div>\n\t\t\t\t\t<\/div>\n\t\t<\/div>\n\t\t\t\t\t<\/div>\n\t\t<\/section>\n\t\t\t\t<\/div>","protected":false},"excerpt":{"rendered":"<p>UVT Behandelt und sterilisiert die Luft in geschlossenen R\u00e4umen (Krankenh\u00e4user, Industrieanlagen usw.). Der ger\u00e4teeigene Ventilator zirkuliert die zu sterilisierende Luft im Raum durch das Innere des Ger\u00e4ts, w\u00e4hrend keimt\u00f6tende Lampen und ein Photokatalysator luftgetragene Krankheitserreger (Viren, Bakterien, Pilzsporen) zerst\u00f6ren. Das Ger\u00e4t wird in einer h\u00e4ngenden Version im Nebenraum installiert&hellip;&nbsp;<a href=\"https:\/\/r-filter.ro\/de\/uvt800\/\" rel=\"bookmark\">Mehr lesen &raquo;<span class=\"screen-reader-text\">UVT<\/span><\/a><\/p>","protected":false},"author":2,"featured_media":0,"parent":0,"menu_order":0,"comment_status":"closed","ping_status":"closed","template":"","meta":{"neve_meta_sidebar":"full-width","neve_meta_container":"","neve_meta_enable_content_width":"on","neve_meta_content_width":100,"neve_meta_title_alignment":"","neve_meta_author_avatar":"","neve_post_elements_order":"","neve_meta_disable_header":"","neve_meta_disable_footer":"","neve_meta_disable_title":"","neve_meta_reading_time":"","_themeisle_gutenberg_block_has_review":false,"_ti_tpc_template_sync":false,"_ti_tpc_template_id":"","footnotes":""},"class_list":["post-1610","page","type-page","status-publish","hentry"],"_links":{"self":[{"href":"https:\/\/r-filter.ro\/de\/wp-json\/wp\/v2\/pages\/1610","targetHints":{"allow":["GET"]}}],"collection":[{"href":"https:\/\/r-filter.ro\/de\/wp-json\/wp\/v2\/pages"}],"about":[{"href":"https:\/\/r-filter.ro\/de\/wp-json\/wp\/v2\/types\/page"}],"author":[{"embeddable":true,"href":"https:\/\/r-filter.ro\/de\/wp-json\/wp\/v2\/users\/2"}],"replies":[{"embeddable":true,"href":"https:\/\/r-filter.ro\/de\/wp-json\/wp\/v2\/comments?post=1610"}],"version-history":[{"count":37,"href":"https:\/\/r-filter.ro\/de\/wp-json\/wp\/v2\/pages\/1610\/revisions"}],"predecessor-version":[{"id":8723,"href":"https:\/\/r-filter.ro\/de\/wp-json\/wp\/v2\/pages\/1610\/revisions\/8723"}],"wp:attachment":[{"href":"https:\/\/r-filter.ro\/de\/wp-json\/wp\/v2\/media?parent=1610"}],"curies":[{"name":"wp","href":"https:\/\/api.w.org\/{rel}","templated":true}]}}