{"id":1559,"date":"2021-04-14T11:27:26","date_gmt":"2021-04-14T11:27:26","guid":{"rendered":"https:\/\/r-filter.hu\/?page_id=1559"},"modified":"2026-02-25T13:46:59","modified_gmt":"2026-02-25T11:46:59","slug":"uvo","status":"publish","type":"page","link":"https:\/\/r-filter.ro\/de\/uvo\/","title":{"rendered":"UVO"},"content":{"rendered":"<div data-elementor-type=\"wp-page\" data-elementor-id=\"1559\" class=\"elementor elementor-1559\" data-elementor-post-type=\"page\">\n\t\t\t\t\t\t<section class=\"elementor-section elementor-top-section elementor-element elementor-element-d0f84e1 elementor-section-boxed elementor-section-height-default elementor-section-height-default\" data-id=\"d0f84e1\" data-element_type=\"section\" data-e-type=\"section\">\n\t\t\t\t\t\t<div class=\"elementor-container elementor-column-gap-default\">\n\t\t\t\t\t<div class=\"elementor-column elementor-col-100 elementor-top-column elementor-element elementor-element-466f87e\" data-id=\"466f87e\" data-element_type=\"column\" data-e-type=\"column\" data-settings=\"{&quot;background_background&quot;:&quot;classic&quot;}\">\n\t\t\t<div class=\"elementor-widget-wrap elementor-element-populated\">\n\t\t\t\t\t\t<div class=\"elementor-element elementor-element-bc911e5 elementor-widget elementor-widget-heading\" data-id=\"bc911e5\" data-element_type=\"widget\" data-e-type=\"widget\" data-widget_type=\"heading.default\">\n\t\t\t\t<div class=\"elementor-widget-container\">\n\t\t\t\t\t<h1 class=\"elementor-heading-title elementor-size-default\">UVO OZONIZER<\/h1>\t\t\t\t<\/div>\n\t\t\t\t<\/div>\n\t\t\t\t<div class=\"elementor-element elementor-element-31b89f9 elementor-widget-divider--view-line elementor-widget elementor-widget-divider\" data-id=\"31b89f9\" data-element_type=\"widget\" data-e-type=\"widget\" data-widget_type=\"divider.default\">\n\t\t\t\t<div class=\"elementor-widget-container\">\n\t\t\t\t\t\t\t<div class=\"elementor-divider\">\n\t\t\t<span class=\"elementor-divider-separator\">\n\t\t\t\t\t\t<\/span>\n\t\t<\/div>\n\t\t\t\t\t\t<\/div>\n\t\t\t\t<\/div>\n\t\t\t\t\t<\/div>\n\t\t<\/div>\n\t\t\t\t\t<\/div>\n\t\t<\/section>\n\t\t\t\t<section class=\"elementor-section elementor-top-section elementor-element elementor-element-a694091 elementor-section-boxed elementor-section-height-default elementor-section-height-default\" data-id=\"a694091\" data-element_type=\"section\" data-e-type=\"section\">\n\t\t\t\t\t\t<div class=\"elementor-container elementor-column-gap-default\">\n\t\t\t\t\t<div class=\"elementor-column elementor-col-50 elementor-top-column elementor-element elementor-element-b29f387\" data-id=\"b29f387\" data-element_type=\"column\" data-e-type=\"column\">\n\t\t\t<div class=\"elementor-widget-wrap elementor-element-populated\">\n\t\t\t\t\t\t<div class=\"elementor-element elementor-element-a2fc30d elementor-widget elementor-widget-image\" data-id=\"a2fc30d\" data-element_type=\"widget\" data-e-type=\"widget\" data-widget_type=\"image.default\">\n\t\t\t\t<div class=\"elementor-widget-container\">\n\t\t\t\t\t\t\t\t\t\t\t\t<figure class=\"wp-caption\">\n\t\t\t\t\t\t\t\t\t\t<img decoding=\"async\" width=\"150\" height=\"150\" src=\"https:\/\/r-filter.ro\/wp-content\/uploads\/2021\/05\/UVO.185-150x150.jpg\" class=\"attachment-thumbnail size-thumbnail wp-image-1776\" alt=\"\" \/>\t\t\t\t\t\t\t\t\t\t\t<figcaption class=\"widget-image-caption wp-caption-text\">UVO 140<\/figcaption>\n\t\t\t\t\t\t\t\t\t\t<\/figure>\n\t\t\t\t\t\t\t\t\t<\/div>\n\t\t\t\t<\/div>\n\t\t\t\t<div class=\"elementor-element elementor-element-f7977cd elementor-align-center elementor-widget elementor-widget-button\" data-id=\"f7977cd\" data-element_type=\"widget\" data-e-type=\"widget\" data-widget_type=\"button.default\">\n\t\t\t\t<div class=\"elementor-widget-container\">\n\t\t\t\t\t\t\t\t\t<div class=\"elementor-button-wrapper\">\n\t\t\t\t\t<a class=\"elementor-button elementor-button-link elementor-size-sm elementor-animation-shrink\" href=\"https:\/\/r-filter.ro\/de\/uvo140\/\" target=\"_blank\">\n\t\t\t\t\t\t<span class=\"elementor-button-content-wrapper\">\n\t\t\t\t\t\t\t\t\t<span class=\"elementor-button-text\">Infos<\/span>\n\t\t\t\t\t<\/span>\n\t\t\t\t\t<\/a>\n\t\t\t\t<\/div>\n\t\t\t\t\t\t\t\t<\/div>\n\t\t\t\t<\/div>\n\t\t\t\t\t<\/div>\n\t\t<\/div>\n\t\t\t\t<div class=\"elementor-column elementor-col-50 elementor-top-column elementor-element elementor-element-78ed62d\" data-id=\"78ed62d\" data-element_type=\"column\" data-e-type=\"column\">\n\t\t\t<div class=\"elementor-widget-wrap elementor-element-populated\">\n\t\t\t\t\t\t<div class=\"elementor-element elementor-element-f6e2175 elementor-widget elementor-widget-image\" data-id=\"f6e2175\" data-element_type=\"widget\" data-e-type=\"widget\" data-widget_type=\"image.default\">\n\t\t\t\t<div class=\"elementor-widget-container\">\n\t\t\t\t\t\t\t\t\t\t\t\t<figure class=\"wp-caption\">\n\t\t\t\t\t\t\t\t\t\t<img decoding=\"async\" width=\"150\" height=\"150\" src=\"https:\/\/r-filter.ro\/wp-content\/uploads\/2022\/01\/UVO210.52-150x150.jpg\" class=\"attachment-thumbnail size-thumbnail wp-image-3743\" alt=\"\" \/>\t\t\t\t\t\t\t\t\t\t\t<figcaption class=\"widget-image-caption wp-caption-text\">UVO 210<\/figcaption>\n\t\t\t\t\t\t\t\t\t\t<\/figure>\n\t\t\t\t\t\t\t\t\t<\/div>\n\t\t\t\t<\/div>\n\t\t\t\t<div class=\"elementor-element elementor-element-c896cf0 elementor-align-center elementor-widget elementor-widget-button\" data-id=\"c896cf0\" data-element_type=\"widget\" data-e-type=\"widget\" data-widget_type=\"button.default\">\n\t\t\t\t<div class=\"elementor-widget-container\">\n\t\t\t\t\t\t\t\t\t<div class=\"elementor-button-wrapper\">\n\t\t\t\t\t<a class=\"elementor-button elementor-button-link elementor-size-sm elementor-animation-shrink\" href=\"https:\/\/r-filter.ro\/de\/uvo210\/\" target=\"_blank\">\n\t\t\t\t\t\t<span class=\"elementor-button-content-wrapper\">\n\t\t\t\t\t\t\t\t\t<span class=\"elementor-button-text\">Infos<\/span>\n\t\t\t\t\t<\/span>\n\t\t\t\t\t<\/a>\n\t\t\t\t<\/div>\n\t\t\t\t\t\t\t\t<\/div>\n\t\t\t\t<\/div>\n\t\t\t\t\t<\/div>\n\t\t<\/div>\n\t\t\t\t\t<\/div>\n\t\t<\/section>\n\t\t\t\t<section class=\"elementor-section elementor-top-section elementor-element elementor-element-e11548e elementor-section-boxed elementor-section-height-default elementor-section-height-default\" data-id=\"e11548e\" data-element_type=\"section\" data-e-type=\"section\">\n\t\t\t\t\t\t<div class=\"elementor-container elementor-column-gap-default\">\n\t\t\t\t\t<div class=\"elementor-column elementor-col-100 elementor-top-column elementor-element elementor-element-710cbfa\" data-id=\"710cbfa\" data-element_type=\"column\" data-e-type=\"column\">\n\t\t\t<div class=\"elementor-widget-wrap elementor-element-populated\">\n\t\t\t\t\t\t<section class=\"elementor-section elementor-inner-section elementor-element elementor-element-cdff24b elementor-section-boxed elementor-section-height-default elementor-section-height-default\" data-id=\"cdff24b\" data-element_type=\"section\" data-e-type=\"section\">\n\t\t\t\t\t\t<div class=\"elementor-container elementor-column-gap-default\">\n\t\t\t\t\t<div class=\"elementor-column elementor-col-50 elementor-inner-column elementor-element elementor-element-98182e4\" data-id=\"98182e4\" data-element_type=\"column\" data-e-type=\"column\">\n\t\t\t<div class=\"elementor-widget-wrap elementor-element-populated\">\n\t\t\t\t\t\t<div class=\"elementor-element elementor-element-1053a35 elementor-widget elementor-widget-text-editor\" data-id=\"1053a35\" data-element_type=\"widget\" data-e-type=\"widget\" data-widget_type=\"text-editor.default\">\n\t\t\t\t<div class=\"elementor-widget-container\">\n\t\t\t\t\t\t\t\t\t<p>Die Ozonbehandlung der Raumluft ist heute eine weit verbreitete Methode der Luftreinigung und -desinfektion. Unsere Ger\u00e4te verwenden VUV-Licht zur Erzeugung von Ozon anstelle einer Koronaentladung. Es ist nicht notwendig, Luftaufbereitungssysteme (Lufttrockner oder Sauerstoffkonzentratoren) zu verwenden, die zus\u00e4tzliche Kosten und Wartung erfordern. Im Gegensatz zu Koronaentladungsgeneratoren erzeugen UV-Ozonisatoren keine sch\u00e4dlichen Stickstoffnebenprodukte und funktionieren auch in feuchter Luft sehr gut. In unserem Fall zirkulieren die Elektronen, die die Ozonmolek\u00fcle binden, in einem bindenden Orbital, w\u00e4hrend sie bei der Koronaentladung haupts\u00e4chlich in einem antibindenden Orbital zirkulieren. Im letzteren Fall haben die Ozonmolek\u00fcle mehr Energie, aber sie k\u00f6nnen gef\u00e4hrlich sein, weil sie ihre Zerfallseigenschaften unerwartet und mit gro\u00dfer Kraft auch dort aus\u00fcben k\u00f6nnen, wo wir sie nicht erwarten.<br \/>Die Ozonbehandlung der Raumluft ist heute eine weit verbreitete Methode der Luftreinigung und -desinfektion. Unsere Ger\u00e4te verwenden VUV-Licht zur Erzeugung von Ozon anstelle einer Koronaentladung. Es ist nicht notwendig, Luftaufbereitungssysteme (Lufttrockner oder Sauerstoffkonzentratoren) zu verwenden, die zus\u00e4tzliche Kosten und Wartung erfordern. Im Gegensatz zu Koronaentladungsgeneratoren erzeugen UV-Ozonisatoren keine sch\u00e4dlichen Stickstoffnebenprodukte und funktionieren auch in feuchter Luft sehr gut. In unserem Fall zirkulieren die Elektronen, die die Ozonmolek\u00fcle binden, in einem bindenden Orbital, w\u00e4hrend sie bei der Koronaentladung haupts\u00e4chlich in einem antibindenden Orbital zirkulieren. Im letzteren Fall haben die Ozonmolek\u00fcle mehr Energie, aber sie k\u00f6nnen gef\u00e4hrlich sein, weil sie ihre Zerfallseigenschaften unerwartet und mit gro\u00dfer Kraft auch dort aus\u00fcben k\u00f6nnen, wo wir sie nicht erwarten.<br \/>Der Hauptvorteil von Ozon gegen\u00fcber anderen Luftdesinfektionsmethoden ist seine F\u00e4higkeit, gro\u00dfe Luftmengen wirksam zu behandeln. Es ist ein Gas, das jeden Winkel eines Raumes erreichen kann und den gesamten Raum wirksam desinfiziert. Es zeichnet sich durch seine starke Oxidationskraft und sein gutes Durchdringungsverm\u00f6gen aus. Da Ozon sehr instabil ist, kehrt das nicht reagierende Ozon schnell in seine urspr\u00fcngliche Form, den Sauerstoff (O2), zur\u00fcck, ohne nach Abschluss des Desinfektionsprozesses sch\u00e4dliche Nebenprodukte zu hinterlassen. <strong>Er wird f\u00fcr den Einsatz in Wohnungen, Industriegeb\u00e4uden, Restaurantk\u00fcchen, Arztpraxen, Garderoben und Turnhallen, Lebensmittellagerr\u00e4umen und allen R\u00e4umen empfohlen, in denen saubere Luft frei von Krankheitserregern und unangenehmen Ger\u00fcchen ben\u00f6tigt wird.<\/strong><\/p>\t\t\t\t\t\t\t\t<\/div>\n\t\t\t\t<\/div>\n\t\t\t\t<div class=\"elementor-element elementor-element-61dbcc6 elementor-widget elementor-widget-text-editor\" data-id=\"61dbcc6\" data-element_type=\"widget\" data-e-type=\"widget\" data-widget_type=\"text-editor.default\">\n\t\t\t\t<div class=\"elementor-widget-container\">\n\t\t\t\t\t\t\t\t\t<strong>Wie es funktioniert<\/strong>\t\t\t\t\t\t\t\t<\/div>\n\t\t\t\t<\/div>\n\t\t\t\t<div class=\"elementor-element elementor-element-8f6c6d8 elementor-widget-divider--view-line elementor-widget elementor-widget-divider\" data-id=\"8f6c6d8\" data-element_type=\"widget\" data-e-type=\"widget\" data-widget_type=\"divider.default\">\n\t\t\t\t<div class=\"elementor-widget-container\">\n\t\t\t\t\t\t\t<div class=\"elementor-divider\">\n\t\t\t<span class=\"elementor-divider-separator\">\n\t\t\t\t\t\t<\/span>\n\t\t<\/div>\n\t\t\t\t\t\t<\/div>\n\t\t\t\t<\/div>\n\t\t\t\t<div class=\"elementor-element elementor-element-4fd7ae5 elementor-widget elementor-widget-text-editor\" data-id=\"4fd7ae5\" data-element_type=\"widget\" data-e-type=\"widget\" data-widget_type=\"text-editor.default\">\n\t\t\t\t<div class=\"elementor-widget-container\">\n\t\t\t\t\t\t\t\t\tIn der Reaktorkammer erzeugen VUV-Lampen, die auf eine Wellenl\u00e4nge von 185 nm abgestimmt sind, gro\u00dfe Mengen Ozon aus dem Sauerstoffgehalt der Umgebungsluft:\t\t\t\t\t\t\t\t<\/div>\n\t\t\t\t<\/div>\n\t\t\t\t<div class=\"elementor-element elementor-element-02b3e2c elementor-widget elementor-widget-image\" data-id=\"02b3e2c\" data-element_type=\"widget\" data-e-type=\"widget\" data-widget_type=\"image.default\">\n\t\t\t\t<div class=\"elementor-widget-container\">\n\t\t\t\t\t\t\t\t\t\t\t\t\t\t\t<img fetchpriority=\"high\" decoding=\"async\" width=\"1415\" height=\"822\" src=\"https:\/\/r-filter.ro\/wp-content\/uploads\/2021\/11\/O3de.jpg\" class=\"attachment-2048x2048 size-2048x2048 wp-image-8726\" alt=\"\" srcset=\"https:\/\/r-filter.ro\/wp-content\/uploads\/2021\/11\/O3de.jpg 1510w, https:\/\/r-filter.ro\/wp-content\/uploads\/2021\/11\/O3de-300x166.jpg 300w, https:\/\/r-filter.ro\/wp-content\/uploads\/2021\/11\/O3de-1024x566.jpg 1024w, https:\/\/r-filter.ro\/wp-content\/uploads\/2021\/11\/O3de-768x425.jpg 768w, https:\/\/r-filter.ro\/wp-content\/uploads\/2021\/11\/O3de-18x10.jpg 18w\" sizes=\"(max-width: 1415px) 100vw, 1415px\" \/>\t\t\t\t\t\t\t\t\t\t\t\t\t\t\t<\/div>\n\t\t\t\t<\/div>\n\t\t\t\t<div class=\"elementor-element elementor-element-bb9e9b9 elementor-widget elementor-widget-text-editor\" data-id=\"bb9e9b9\" data-element_type=\"widget\" data-e-type=\"widget\" data-widget_type=\"text-editor.default\">\n\t\t\t\t<div class=\"elementor-widget-container\">\n\t\t\t\t\t\t\t\t\t<p>Sauerstoff (O)-Atome werden bei der Photolyse gebildet, wenn UV-Strahlung im Vakuum bei 185 nm Sauerstoffmolek\u00fcle (O\u2082) in zwei Sauerstoffatome zerlegt. Diese verbinden sich dann leicht mit einem Sauerstoffmolek\u00fcl (O\u2082) zu einem triatomischen Sauerstoffmolek\u00fcl (O\u2083), dem Ozon. Ozon ist aufgrund der schwachen Bindung, die das dritte Sauerstoffatom h\u00e4lt, ein instabiles Molek\u00fcl. Diese Instabilit\u00e4t macht Ozon zu einem starken Oxidations-, Desinfektions- und Desodorierungsmittel. Die Wirkung tritt ein, wenn Ozonmolek\u00fcle mit oxidierbaren Substanzen wie Mikroorganismen, Viren, Bakterien, Schimmelsporen sowie organischen und anorganischen Verbindungen in Kontakt kommen. Einige Beispiele f\u00fcr die desodorierende Wirkung von Ozon:<\/p>\t\t\t\t\t\t\t\t<\/div>\n\t\t\t\t<\/div>\n\t\t\t\t<div class=\"elementor-element elementor-element-cb6b1ab elementor-widget elementor-widget-text-editor\" data-id=\"cb6b1ab\" data-element_type=\"widget\" data-e-type=\"widget\" data-widget_type=\"text-editor.default\">\n\t\t\t\t<div class=\"elementor-widget-container\">\n\t\t\t\t\t\t\t\t\t<p>Formaldehyd (CH<sub>2<\/sub>O) als Faktor des \"Sick Building Syndroms\": <strong>CH<sub>2<\/sub>O + 2O<sub>3<\/sub> = CO<sub>2<\/sub> + H<sub>2<\/sub>O + 2O<sub>2<\/sub><\/strong><\/p><p>Geruch nach faulen Eiern (Schwefelwasserstoff H<sub>2<\/sub>S): <strong>H<sub>2<\/sub>S + O<sub>3<\/sub> = SO<sub>2<\/sub> + H<sub>2<\/sub>O<\/strong><\/p><p>Toilettengeruch (Ammoniak NH<sub>3<\/sub>): <strong>2NH<sub>3<\/sub> + O<sub>3<\/sub> = 3H<sub>2<\/sub>O + N<sub>2<\/sub><\/strong><\/p>\t\t\t\t\t\t\t\t<\/div>\n\t\t\t\t<\/div>\n\t\t\t\t<div class=\"elementor-element elementor-element-cc17524 elementor-widget elementor-widget-text-editor\" data-id=\"cc17524\" data-element_type=\"widget\" data-e-type=\"widget\" data-widget_type=\"text-editor.default\">\n\t\t\t\t<div class=\"elementor-widget-container\">\n\t\t\t\t\t\t\t\t\t<p>Der Strahlungsbereich der VUV-Lampen (185 nm + 254 nm) erm\u00f6glicht nicht nur die Erzeugung von Ozon, sondern hat auch eine starke keimt\u00f6tende, d. h. desinfizierende und bakterient\u00f6tende Wirkung bei der Bestrahlung mit 254 nm. Der kombinierte Synergieeffekt von 185 nm- und 254 nm-Strahlung ist f\u00fcr die Vernichtung von Bakterien und Viren sehr wichtig.<\/p><p>Sobald das Ozon in den zu behandelnden Raum eingeleitet und der vorgesehene Behandlungsprozess abgeschlossen ist, schalten sich die ozonerzeugenden Lampen automatisch ab, so dass nur noch die Ventilatoren laufen, um den Abbau von Restozon zu unterst\u00fctzen, das bei der Behandlung nicht verbraucht wurde. Das vom R-FILTER erzeugte Ozon kehrt, wenn es w\u00e4hrend der Behandlung nicht verbraucht wird, schnell in seine nat\u00fcrliche Sauerstoffform (O<sub>2<\/sub>) mit einer Halbwertszeit von 30-50 Minuten und hinterl\u00e4sst keine sch\u00e4dlichen R\u00fcckst\u00e4nde. Je h\u00f6her die Temperatur und Luftfeuchtigkeit des zu behandelnden Raums und je dynamischer der Luftstrom, desto k\u00fcrzer die Halbwertszeit und desto schneller k\u00f6nnen wir den behandelten Raum betreten.<br \/>Nach Abschluss der Behandlung l\u00e4sst das Ger\u00e4t die Ventilatoren noch 4 Stunden lang weiterlaufen und f\u00f6rdert so den Abbau von Restozon, das nicht am Behandlungsprozess teilgenommen hat. Wenn Sie den behandelten Raum danach betreten, m\u00fcssen Sie ihn sofort l\u00fcften.<\/p>\t\t\t\t\t\t\t\t<\/div>\n\t\t\t\t<\/div>\n\t\t\t\t\t<\/div>\n\t\t<\/div>\n\t\t\t\t<div class=\"elementor-column elementor-col-50 elementor-inner-column elementor-element elementor-element-28411cf\" data-id=\"28411cf\" data-element_type=\"column\" data-e-type=\"column\">\n\t\t\t<div class=\"elementor-widget-wrap elementor-element-populated\">\n\t\t\t\t\t\t<div class=\"elementor-element elementor-element-0901bf2 elementor-widget elementor-widget-image\" data-id=\"0901bf2\" data-element_type=\"widget\" data-e-type=\"widget\" data-widget_type=\"image.default\">\n\t\t\t\t<div class=\"elementor-widget-container\">\n\t\t\t\t\t\t\t\t\t\t\t\t\t\t\t<img loading=\"lazy\" decoding=\"async\" width=\"1024\" height=\"512\" src=\"https:\/\/r-filter.ro\/wp-content\/uploads\/2022\/10\/UVO2-1024x512.jpg\" class=\"attachment-large size-large wp-image-5304\" alt=\"R-Filter innovat\u00edv konyhai l\u00e9gkezel\u00e9s, zs\u00edrbont\u00e1s \u00e9s szagtalan\u00edt\u00e1s\" srcset=\"\" sizes=\"(max-width: 1024px) 100vw, 1024px\" data-srcset=\"\" \/>\t\t\t\t\t\t\t\t\t\t\t\t\t\t\t<\/div>\n\t\t\t\t<\/div>\n\t\t\t\t<div class=\"elementor-element elementor-element-2360aa6 elementor-widget elementor-widget-text-editor\" data-id=\"2360aa6\" data-element_type=\"widget\" data-e-type=\"widget\" data-widget_type=\"text-editor.default\">\n\t\t\t\t<div class=\"elementor-widget-container\">\n\t\t\t\t\t\t\t\t\t<p style=\"color: #0000f3;\">Vorteile der Verwendung des Ger\u00e4ts:<\/p><ul><li>desinfiziert und sterilisiert wirksam alle Oberfl\u00e4chen und die Luft<\/li><li>automatischer Ozonabbauzyklus<\/li><li>einstellbares Programm je nach Gr\u00f6\u00dfe des Raumes (bis zu 1000 m3)<\/li><li>kombinierte Wirkung von Ozon und Photolyse<\/li><li>im Gegensatz zu \u00e4hnlichen Ger\u00e4ten kein Stickstoffdioxid erzeugt<\/li><li>funktioniert auch bei hoher Luftfeuchtigkeit<\/li><li>tragbares Ger\u00e4t<\/li><li>rentabel<\/li><li>minimale Wartungsanforderungen, Desinfektion ohne Chemikalien<\/li><\/ul>\t\t\t\t\t\t\t\t<\/div>\n\t\t\t\t<\/div>\n\t\t\t\t<div class=\"elementor-element elementor-element-c465946 elementor-widget elementor-widget-text-editor\" data-id=\"c465946\" data-element_type=\"widget\" data-e-type=\"widget\" data-widget_type=\"text-editor.default\">\n\t\t\t\t<div class=\"elementor-widget-container\">\n\t\t\t\t\t\t\t\t\t<strong>Auf Anfrage senden wir Ihnen die Datenbl\u00e4tter der Ger\u00e4te zu, nachdem Sie sich im Men\u00fc &#8222;Kontakt&#8221; registriert haben.<\/strong>\t\t\t\t\t\t\t\t<\/div>\n\t\t\t\t<\/div>\n\t\t\t\t\t<\/div>\n\t\t<\/div>\n\t\t\t\t\t<\/div>\n\t\t<\/section>\n\t\t\t\t\t<\/div>\n\t\t<\/div>\n\t\t\t\t\t<\/div>\n\t\t<\/section>\n\t\t\t\t<\/div>","protected":false},"excerpt":{"rendered":"<p>UVO OZONISER UVO 140 Information UVO 140 Information UVO 210 Information Die Behandlung von Ozon in der Raumluft ist heute eine weit verbreitete Methode der Luftreinigung und Desinfektion. Unsere Ger\u00e4te verwenden VUV-Licht zur Erzeugung von Ozon anstelle einer Koronaentladung. Es ist nicht notwendig, Luftaufbereitungssysteme (Lufttrockner oder Luftkonzentratoren&hellip;&nbsp;<a href=\"https:\/\/r-filter.ro\/de\/uvo\/\" rel=\"bookmark\">Mehr lesen &raquo;<span class=\"screen-reader-text\">UVO<\/span><\/a><\/p>","protected":false},"author":2,"featured_media":0,"parent":0,"menu_order":0,"comment_status":"closed","ping_status":"closed","template":"","meta":{"neve_meta_sidebar":"full-width","neve_meta_container":"","neve_meta_enable_content_width":"on","neve_meta_content_width":100,"neve_meta_title_alignment":"","neve_meta_author_avatar":"","neve_post_elements_order":"","neve_meta_disable_header":"","neve_meta_disable_footer":"","neve_meta_disable_title":"","neve_meta_reading_time":"","_themeisle_gutenberg_block_has_review":false,"_ti_tpc_template_sync":false,"_ti_tpc_template_id":"","footnotes":""},"class_list":["post-1559","page","type-page","status-publish","hentry"],"_links":{"self":[{"href":"https:\/\/r-filter.ro\/de\/wp-json\/wp\/v2\/pages\/1559","targetHints":{"allow":["GET"]}}],"collection":[{"href":"https:\/\/r-filter.ro\/de\/wp-json\/wp\/v2\/pages"}],"about":[{"href":"https:\/\/r-filter.ro\/de\/wp-json\/wp\/v2\/types\/page"}],"author":[{"embeddable":true,"href":"https:\/\/r-filter.ro\/de\/wp-json\/wp\/v2\/users\/2"}],"replies":[{"embeddable":true,"href":"https:\/\/r-filter.ro\/de\/wp-json\/wp\/v2\/comments?post=1559"}],"version-history":[{"count":125,"href":"https:\/\/r-filter.ro\/de\/wp-json\/wp\/v2\/pages\/1559\/revisions"}],"predecessor-version":[{"id":8729,"href":"https:\/\/r-filter.ro\/de\/wp-json\/wp\/v2\/pages\/1559\/revisions\/8729"}],"wp:attachment":[{"href":"https:\/\/r-filter.ro\/de\/wp-json\/wp\/v2\/media?parent=1559"}],"curies":[{"name":"wp","href":"https:\/\/api.w.org\/{rel}","templated":true}]}}