{"id":1405,"date":"2021-04-08T13:18:28","date_gmt":"2021-04-08T13:18:28","guid":{"rendered":"https:\/\/r-filter.hu\/?page_id=1405"},"modified":"2026-02-25T13:31:05","modified_gmt":"2026-02-25T11:31:05","slug":"uve","status":"publish","type":"page","link":"https:\/\/r-filter.ro\/de\/uve\/","title":{"rendered":"UVE"},"content":{"rendered":"<div data-elementor-type=\"wp-page\" data-elementor-id=\"1405\" class=\"elementor elementor-1405\" data-elementor-post-type=\"page\">\n\t\t\t\t\t\t<section class=\"elementor-section elementor-top-section elementor-element elementor-element-dc8ed9e elementor-section-boxed elementor-section-height-default elementor-section-height-default\" data-id=\"dc8ed9e\" data-element_type=\"section\" data-e-type=\"section\">\n\t\t\t\t\t\t<div class=\"elementor-container elementor-column-gap-default\">\n\t\t\t\t\t<div class=\"elementor-column elementor-col-100 elementor-top-column elementor-element elementor-element-9ccf932\" data-id=\"9ccf932\" data-element_type=\"column\" data-e-type=\"column\" data-settings=\"{&quot;background_background&quot;:&quot;classic&quot;}\">\n\t\t\t<div class=\"elementor-widget-wrap elementor-element-populated\">\n\t\t\t\t\t\t<div class=\"elementor-element elementor-element-9101e9a elementor-widget elementor-widget-heading\" data-id=\"9101e9a\" data-element_type=\"widget\" data-e-type=\"widget\" data-widget_type=\"heading.default\">\n\t\t\t\t<div class=\"elementor-widget-container\">\n\t\t\t\t\t<h1 class=\"elementor-heading-title elementor-size-default\">UVE PHOTOKATALYTISCHES DESINFEKTIONSMITTEL UND DESODORIERUNGSMITTEL<\/h1>\t\t\t\t<\/div>\n\t\t\t\t<\/div>\n\t\t\t\t<div class=\"elementor-element elementor-element-76db28f elementor-widget-divider--view-line elementor-widget elementor-widget-divider\" data-id=\"76db28f\" data-element_type=\"widget\" data-e-type=\"widget\" data-widget_type=\"divider.default\">\n\t\t\t\t<div class=\"elementor-widget-container\">\n\t\t\t\t\t\t\t<div class=\"elementor-divider\">\n\t\t\t<span class=\"elementor-divider-separator\">\n\t\t\t\t\t\t<\/span>\n\t\t<\/div>\n\t\t\t\t\t\t<\/div>\n\t\t\t\t<\/div>\n\t\t\t\t\t<\/div>\n\t\t<\/div>\n\t\t\t\t\t<\/div>\n\t\t<\/section>\n\t\t\t\t<section class=\"elementor-section elementor-top-section elementor-element elementor-element-69f2713 elementor-section-boxed elementor-section-height-default elementor-section-height-default\" data-id=\"69f2713\" data-element_type=\"section\" data-e-type=\"section\">\n\t\t\t\t\t\t<div class=\"elementor-container elementor-column-gap-default\">\n\t\t\t\t\t<div class=\"elementor-column elementor-col-50 elementor-top-column elementor-element elementor-element-314a98c\" data-id=\"314a98c\" data-element_type=\"column\" data-e-type=\"column\">\n\t\t\t<div class=\"elementor-widget-wrap elementor-element-populated\">\n\t\t\t\t\t\t<div class=\"elementor-element elementor-element-c2f4e37 elementor-widget elementor-widget-image\" data-id=\"c2f4e37\" data-element_type=\"widget\" data-e-type=\"widget\" data-widget_type=\"image.default\">\n\t\t\t\t<div class=\"elementor-widget-container\">\n\t\t\t\t\t\t\t\t\t\t\t\t<figure class=\"wp-caption\">\n\t\t\t\t\t\t\t\t\t\t<img fetchpriority=\"high\" decoding=\"async\" width=\"300\" height=\"168\" src=\"https:\/\/r-filter.ro\/wp-content\/uploads\/2021\/04\/UVE-110K-300x168.jpg\" class=\"attachment-medium size-medium wp-image-1406\" alt=\"\" srcset=\"https:\/\/r-filter.ro\/wp-content\/uploads\/2021\/04\/UVE-110K-300x168.jpg 300w, https:\/\/r-filter.ro\/wp-content\/uploads\/2021\/04\/UVE-110K-16x9.jpg 16w, https:\/\/r-filter.ro\/wp-content\/uploads\/2021\/04\/UVE-110K.jpg 400w\" sizes=\"(max-width: 300px) 100vw, 300px\" \/>\t\t\t\t\t\t\t\t\t\t\t<figcaption class=\"widget-image-caption wp-caption-text\">UVE 110KUC<\/figcaption>\n\t\t\t\t\t\t\t\t\t\t<\/figure>\n\t\t\t\t\t\t\t\t\t<\/div>\n\t\t\t\t<\/div>\n\t\t\t\t<div class=\"elementor-element elementor-element-28e573b elementor-align-center elementor-widget elementor-widget-button\" data-id=\"28e573b\" data-element_type=\"widget\" data-e-type=\"widget\" data-widget_type=\"button.default\">\n\t\t\t\t<div class=\"elementor-widget-container\">\n\t\t\t\t\t\t\t\t\t<div class=\"elementor-button-wrapper\">\n\t\t\t\t\t<a class=\"elementor-button elementor-button-link elementor-size-sm elementor-animation-shrink\" href=\"https:\/\/r-filter.ro\/de\/uve110\/\" target=\"_blank\">\n\t\t\t\t\t\t<span class=\"elementor-button-content-wrapper\">\n\t\t\t\t\t\t\t\t\t<span class=\"elementor-button-text\">Infos<\/span>\n\t\t\t\t\t<\/span>\n\t\t\t\t\t<\/a>\n\t\t\t\t<\/div>\n\t\t\t\t\t\t\t\t<\/div>\n\t\t\t\t<\/div>\n\t\t\t\t<div class=\"elementor-element elementor-element-c63a145 elementor-widget elementor-widget-image\" data-id=\"c63a145\" data-element_type=\"widget\" data-e-type=\"widget\" data-widget_type=\"image.default\">\n\t\t\t\t<div class=\"elementor-widget-container\">\n\t\t\t\t\t\t\t\t\t\t\t\t<figure class=\"wp-caption\">\n\t\t\t\t\t\t\t\t\t\t<img decoding=\"async\" width=\"300\" height=\"169\" src=\"https:\/\/r-filter.ro\/wp-content\/uploads\/2021\/10\/UVS-220-Black.49-300x169.jpg\" class=\"attachment-medium size-medium wp-image-3139\" alt=\"\" srcset=\"https:\/\/r-filter.ro\/wp-content\/uploads\/2021\/10\/UVS-220-Black.49-300x169.jpg 300w, https:\/\/r-filter.ro\/wp-content\/uploads\/2021\/10\/UVS-220-Black.49-1024x576.jpg 1024w, https:\/\/r-filter.ro\/wp-content\/uploads\/2021\/10\/UVS-220-Black.49-768x432.jpg 768w, https:\/\/r-filter.ro\/wp-content\/uploads\/2021\/10\/UVS-220-Black.49-1536x864.jpg 1536w, https:\/\/r-filter.ro\/wp-content\/uploads\/2021\/10\/UVS-220-Black.49-18x10.jpg 18w, https:\/\/r-filter.ro\/wp-content\/uploads\/2021\/10\/UVS-220-Black.49.jpg 1920w\" sizes=\"(max-width: 300px) 100vw, 300px\" \/>\t\t\t\t\t\t\t\t\t\t\t<figcaption class=\"widget-image-caption wp-caption-text\">EVU 110KUB<\/figcaption>\n\t\t\t\t\t\t\t\t\t\t<\/figure>\n\t\t\t\t\t\t\t\t\t<\/div>\n\t\t\t\t<\/div>\n\t\t\t\t<div class=\"elementor-element elementor-element-a92b74f elementor-align-center elementor-widget elementor-widget-button\" data-id=\"a92b74f\" data-element_type=\"widget\" data-e-type=\"widget\" data-widget_type=\"button.default\">\n\t\t\t\t<div class=\"elementor-widget-container\">\n\t\t\t\t\t\t\t\t\t<div class=\"elementor-button-wrapper\">\n\t\t\t\t\t<a class=\"elementor-button elementor-button-link elementor-size-sm elementor-animation-shrink\" href=\"https:\/\/r-filter.ro\/de\/uve110\/\" target=\"_blank\">\n\t\t\t\t\t\t<span class=\"elementor-button-content-wrapper\">\n\t\t\t\t\t\t\t\t\t<span class=\"elementor-button-text\">Infos<\/span>\n\t\t\t\t\t<\/span>\n\t\t\t\t\t<\/a>\n\t\t\t\t<\/div>\n\t\t\t\t\t\t\t\t<\/div>\n\t\t\t\t<\/div>\n\t\t\t\t\t<\/div>\n\t\t<\/div>\n\t\t\t\t<div class=\"elementor-column elementor-col-50 elementor-top-column elementor-element elementor-element-bd6977c\" data-id=\"bd6977c\" data-element_type=\"column\" data-e-type=\"column\">\n\t\t\t<div class=\"elementor-widget-wrap elementor-element-populated\">\n\t\t\t\t\t\t<div class=\"elementor-element elementor-element-30c8d40 elementor-widget elementor-widget-image\" data-id=\"30c8d40\" data-element_type=\"widget\" data-e-type=\"widget\" data-widget_type=\"image.default\">\n\t\t\t\t<div class=\"elementor-widget-container\">\n\t\t\t\t\t\t\t\t\t\t\t\t<figure class=\"wp-caption\">\n\t\t\t\t\t\t\t\t\t\t<img decoding=\"async\" width=\"300\" height=\"169\" src=\"https:\/\/r-filter.ro\/wp-content\/uploads\/2021\/10\/UVS220.53-300x169.jpg\" class=\"attachment-medium size-medium wp-image-3153\" alt=\"\" srcset=\"https:\/\/r-filter.ro\/wp-content\/uploads\/2021\/10\/UVS220.53-300x169.jpg 300w, https:\/\/r-filter.ro\/wp-content\/uploads\/2021\/10\/UVS220.53-1024x576.jpg 1024w, https:\/\/r-filter.ro\/wp-content\/uploads\/2021\/10\/UVS220.53-768x432.jpg 768w, https:\/\/r-filter.ro\/wp-content\/uploads\/2021\/10\/UVS220.53-1536x864.jpg 1536w, https:\/\/r-filter.ro\/wp-content\/uploads\/2021\/10\/UVS220.53-18x10.jpg 18w, https:\/\/r-filter.ro\/wp-content\/uploads\/2021\/10\/UVS220.53.jpg 1920w\" sizes=\"(max-width: 300px) 100vw, 300px\" \/>\t\t\t\t\t\t\t\t\t\t\t<figcaption class=\"widget-image-caption wp-caption-text\">UVE 220KUC<\/figcaption>\n\t\t\t\t\t\t\t\t\t\t<\/figure>\n\t\t\t\t\t\t\t\t\t<\/div>\n\t\t\t\t<\/div>\n\t\t\t\t<div class=\"elementor-element elementor-element-b375b1d elementor-align-center elementor-widget elementor-widget-button\" data-id=\"b375b1d\" data-element_type=\"widget\" data-e-type=\"widget\" data-widget_type=\"button.default\">\n\t\t\t\t<div class=\"elementor-widget-container\">\n\t\t\t\t\t\t\t\t\t<div class=\"elementor-button-wrapper\">\n\t\t\t\t\t<a class=\"elementor-button elementor-button-link elementor-size-sm elementor-animation-shrink\" href=\"https:\/\/r-filter.ro\/de\/uve220\/\" target=\"_blank\">\n\t\t\t\t\t\t<span class=\"elementor-button-content-wrapper\">\n\t\t\t\t\t\t\t\t\t<span class=\"elementor-button-text\">Infos<\/span>\n\t\t\t\t\t<\/span>\n\t\t\t\t\t<\/a>\n\t\t\t\t<\/div>\n\t\t\t\t\t\t\t\t<\/div>\n\t\t\t\t<\/div>\n\t\t\t\t<div class=\"elementor-element elementor-element-44c3e8d elementor-widget elementor-widget-image\" data-id=\"44c3e8d\" data-element_type=\"widget\" data-e-type=\"widget\" data-widget_type=\"image.default\">\n\t\t\t\t<div class=\"elementor-widget-container\">\n\t\t\t\t\t\t\t\t\t\t\t\t<figure class=\"wp-caption\">\n\t\t\t\t\t\t\t\t\t\t<img loading=\"lazy\" decoding=\"async\" width=\"300\" height=\"169\" src=\"https:\/\/r-filter.ro\/wp-content\/uploads\/2021\/10\/UVS-220-Black.56-300x169.jpg\" class=\"attachment-medium size-medium wp-image-3140\" alt=\"\" srcset=\"https:\/\/r-filter.ro\/wp-content\/uploads\/2021\/10\/UVS-220-Black.56-300x169.jpg 300w, https:\/\/r-filter.ro\/wp-content\/uploads\/2021\/10\/UVS-220-Black.56-1024x576.jpg 1024w, https:\/\/r-filter.ro\/wp-content\/uploads\/2021\/10\/UVS-220-Black.56-768x432.jpg 768w, https:\/\/r-filter.ro\/wp-content\/uploads\/2021\/10\/UVS-220-Black.56-1536x864.jpg 1536w, https:\/\/r-filter.ro\/wp-content\/uploads\/2021\/10\/UVS-220-Black.56-18x10.jpg 18w, https:\/\/r-filter.ro\/wp-content\/uploads\/2021\/10\/UVS-220-Black.56.jpg 1920w\" sizes=\"(max-width: 300px) 100vw, 300px\" \/>\t\t\t\t\t\t\t\t\t\t\t<figcaption class=\"widget-image-caption wp-caption-text\">EVU 220KUB<\/figcaption>\n\t\t\t\t\t\t\t\t\t\t<\/figure>\n\t\t\t\t\t\t\t\t\t<\/div>\n\t\t\t\t<\/div>\n\t\t\t\t<div class=\"elementor-element elementor-element-954b6f6 elementor-align-center elementor-widget elementor-widget-button\" data-id=\"954b6f6\" data-element_type=\"widget\" data-e-type=\"widget\" data-widget_type=\"button.default\">\n\t\t\t\t<div class=\"elementor-widget-container\">\n\t\t\t\t\t\t\t\t\t<div class=\"elementor-button-wrapper\">\n\t\t\t\t\t<a class=\"elementor-button elementor-button-link elementor-size-sm elementor-animation-shrink\" href=\"https:\/\/r-filter.ro\/de\/uve220\/\" target=\"_blank\">\n\t\t\t\t\t\t<span class=\"elementor-button-content-wrapper\">\n\t\t\t\t\t\t\t\t\t<span class=\"elementor-button-text\">Infos<\/span>\n\t\t\t\t\t<\/span>\n\t\t\t\t\t<\/a>\n\t\t\t\t<\/div>\n\t\t\t\t\t\t\t\t<\/div>\n\t\t\t\t<\/div>\n\t\t\t\t\t<\/div>\n\t\t<\/div>\n\t\t\t\t\t<\/div>\n\t\t<\/section>\n\t\t\t\t<section class=\"elementor-section elementor-top-section elementor-element elementor-element-54119671 elementor-section-boxed elementor-section-height-default elementor-section-height-default\" data-id=\"54119671\" data-element_type=\"section\" data-e-type=\"section\">\n\t\t\t\t\t\t<div class=\"elementor-container elementor-column-gap-default\">\n\t\t\t\t\t<div class=\"elementor-column elementor-col-100 elementor-top-column elementor-element elementor-element-46a8093c\" data-id=\"46a8093c\" data-element_type=\"column\" data-e-type=\"column\">\n\t\t\t<div class=\"elementor-widget-wrap elementor-element-populated\">\n\t\t\t\t\t\t<section class=\"elementor-section elementor-inner-section elementor-element elementor-element-b181a6d elementor-section-boxed elementor-section-height-default elementor-section-height-default\" data-id=\"b181a6d\" data-element_type=\"section\" data-e-type=\"section\">\n\t\t\t\t\t\t<div class=\"elementor-container elementor-column-gap-default\">\n\t\t\t\t\t<div class=\"elementor-column elementor-col-50 elementor-inner-column elementor-element elementor-element-e8b56af\" data-id=\"e8b56af\" data-element_type=\"column\" data-e-type=\"column\">\n\t\t\t<div class=\"elementor-widget-wrap elementor-element-populated\">\n\t\t\t\t\t\t<div class=\"elementor-element elementor-element-d64b143 elementor-widget elementor-widget-text-editor\" data-id=\"d64b143\" data-element_type=\"widget\" data-e-type=\"widget\" data-widget_type=\"text-editor.default\">\n\t\t\t\t<div class=\"elementor-widget-container\">\n\t\t\t\t\t\t\t\t\t<p>Das photokatalytische Desinfektionsmittel und photokatalytische Desodorierungsmittel UVE wurde f\u00fcr die Desinfektion und Desodorierung von stark genutzten und beanspruchten Gemeinschaftsr\u00e4umen entwickelt.<br \/><strong>\u00d6ffentliche R\u00e4ume, B\u00fcros, medizinische Warter\u00e4ume, Lebensmittelindustrie und andere gewerbliche Einrichtungen, Restaurants, Hotels, Labors, Raucherr\u00e4ume, Toiletten.<\/strong><br \/>Das Ger\u00e4t kann \u00fcberall dort eingesetzt werden, wo Sie Viren, Bakterien und unangenehme Ger\u00fcche beseitigen wollen, die Ihrer Gesundheit schaden. Das Ger\u00e4t nutzt die kombinierte synergetische Wirkung von UV-Licht und Photokatalyse. Sie k\u00f6nnen w\u00e4hlen, ob Sie die Desinfektion, die Desodorierung oder sogar beide Funktionen gleichzeitig nutzen m\u00f6chten, um Ihre Luftreinigungsziele zu erreichen.<br \/>Die Photokatalyse findet bei normaler Temperatur und Luftfeuchtigkeit statt, ohne dass besondere Betriebsbedingungen erforderlich sind.<br \/>Das Ger\u00e4t kann an der Wand montiert oder auf einen St\u00e4nder gestellt werden.<\/p>\t\t\t\t\t\t\t\t<\/div>\n\t\t\t\t<\/div>\n\t\t\t\t<div class=\"elementor-element elementor-element-07f5664 elementor-widget elementor-widget-text-editor\" data-id=\"07f5664\" data-element_type=\"widget\" data-e-type=\"widget\" data-widget_type=\"text-editor.default\">\n\t\t\t\t<div class=\"elementor-widget-container\">\n\t\t\t\t\t\t\t\t\t<strong>Wie es funktioniert<\/strong>\t\t\t\t\t\t\t\t<\/div>\n\t\t\t\t<\/div>\n\t\t\t\t<div class=\"elementor-element elementor-element-9774e92 elementor-widget-divider--view-line elementor-widget elementor-widget-divider\" data-id=\"9774e92\" data-element_type=\"widget\" data-e-type=\"widget\" data-widget_type=\"divider.default\">\n\t\t\t\t<div class=\"elementor-widget-container\">\n\t\t\t\t\t\t\t<div class=\"elementor-divider\">\n\t\t\t<span class=\"elementor-divider-separator\">\n\t\t\t\t\t\t<\/span>\n\t\t<\/div>\n\t\t\t\t\t\t<\/div>\n\t\t\t\t<\/div>\n\t\t\t\t<div class=\"elementor-element elementor-element-285d8a7 elementor-widget elementor-widget-text-editor\" data-id=\"285d8a7\" data-element_type=\"widget\" data-e-type=\"widget\" data-widget_type=\"text-editor.default\">\n\t\t\t\t<div class=\"elementor-widget-container\">\n\t\t\t\t\t\t\t\t\t<p>Es ist allgemein bekannt, dass nano-TiO<sub>2<\/sub> weisen eine selbstreinigende Wirkung auf, wenn sie dem Sonnenlicht ausgesetzt werden. Auch in unseren wandmontierten Luftreinigern verwenden wir mit Titandioxid beschichtete Oberfl\u00e4chen, so genannte Photokatalysatoren, aber in diesem Fall beleuchten wir die Oberfl\u00e4che mit ultraviolettem Licht.<br \/>Im Luftreiniger wirken zwei Technologien synergetisch zusammen.<\/p><p><b style=\"font-size: var(--bodyfontsize); letter-spacing: var(--bodyletterspacing); text-transform: var(--bodytexttransform);\">PCO (photokatalytische Oxidation):<br \/><\/b><span style=\"background-colour: var(--nv-site-bg); font-size: var(--bodyfontsize); letter-spacing: var(--bodyletterspacing); text-transform: var(--bodytexttransform);\">Die von den eingebauten Ventilatoren umgew\u00e4lzte Raumluft str\u00f6mt durch das Ger\u00e4t und kommt mit den photokatalytischen Platten in Kontakt. Die Platten werden mit UV-Licht beleuchtet, das die Katalysatorplatten aktiviert und hochreaktive Hydroxyl- und Superoxid-Ionen erzeugt. Diese greifen Schadstoffe in der Luft an, wie die meisten organischen Schadstoffe (Bakterien, Viren, Schimmelpilze und Ger\u00fcche), und zerst\u00f6ren sie durch Oxidation.<br \/><strong>UVGI (Ultraviolette Keimt\u00f6tende Bestrahlung):<br \/><\/strong>Die verwendete keimt\u00f6tende oder bakterient\u00f6tende Lampe ist eine spezielle UV-C-Lichtquelle. Die kurzwellige ultraviolette Strahlung in der UV-Reaktorkammer des Ger\u00e4ts zerst\u00f6rt die DNA und RNA der Mikroorganismen und t\u00f6tet sie ab. Das UV-Licht dient auch zur Aktivierung der Photokatalysatorplatten.<\/span><\/p><p><em>Der folgende Luftreinigungsprozess findet auf dem TiO<sub>2<\/sub>:<\/em><\/p>\t\t\t\t\t\t\t\t<\/div>\n\t\t\t\t<\/div>\n\t\t\t\t<div class=\"elementor-element elementor-element-ada335a elementor-widget elementor-widget-image\" data-id=\"ada335a\" data-element_type=\"widget\" data-e-type=\"widget\" data-widget_type=\"image.default\">\n\t\t\t\t<div class=\"elementor-widget-container\">\n\t\t\t\t\t\t\t\t\t\t\t\t\t\t\t<img loading=\"lazy\" decoding=\"async\" width=\"2048\" height=\"1339\" src=\"https:\/\/r-filter.ro\/wp-content\/uploads\/2021\/11\/fot.e.1.n-2048x1374.jpg\" class=\"attachment-2048x2048 size-2048x2048 wp-image-8704\" alt=\"\" srcset=\"\" sizes=\"(max-width: 2048px) 100vw, 2048px\" data-srcset=\"\" \/>\t\t\t\t\t\t\t\t\t\t\t\t\t\t\t<\/div>\n\t\t\t\t<\/div>\n\t\t\t\t<div class=\"elementor-element elementor-element-e11169e elementor-widget elementor-widget-text-editor\" data-id=\"e11169e\" data-element_type=\"widget\" data-e-type=\"widget\" data-widget_type=\"text-editor.default\">\n\t\t\t\t<div class=\"elementor-widget-container\">\n\t\t\t\t\t\t\t\t\tDie oben erw\u00e4hnte TiO\u2082-Beschichtung ist ein Halbleiter, der bei Beleuchtung mit Licht einer bestimmten Wellenl\u00e4nge Elektronen (e-) in das Leitungsband freisetzt und an ihrer Stelle L\u00f6cher (h+) hinterl\u00e4sst. Die L\u00f6cher wirken stark oxidierend, w\u00e4hrend die Elektronen stark reduzierend wirken. Hochreaktive Hydroxylradikale (-OH) werden aus dem Wasser der Luftfeuchtigkeit gebildet, w\u00e4hrend reaktive Superoxidradikale (-O\u2082-) aus dem Sauerstoff der Luft entstehen. Geruchsstoffe in der Luft werden abgebaut und Mikroorganismen werden durch Sch\u00e4digung der Struktur ihrer DNA zerst\u00f6rt, so dass nur Kohlendioxid und Wasser zur\u00fcckbleiben, die mit der gereinigten Luft abgef\u00fchrt werden. Die Titandioxid-Beschichtung nutzt sich nicht ab und bleibt dauerhaft funktionsf\u00e4hig.\n\n<em>Ein Querschnittsbild, das den Zersetzungsprozess von fl\u00fcchtigen organischen Verbindungen (VOC) zeigt:<\/em>\t\t\t\t\t\t\t\t<\/div>\n\t\t\t\t<\/div>\n\t\t\t\t<div class=\"elementor-element elementor-element-bcd7f4a elementor-widget elementor-widget-image\" data-id=\"bcd7f4a\" data-element_type=\"widget\" data-e-type=\"widget\" data-widget_type=\"image.default\">\n\t\t\t\t<div class=\"elementor-widget-container\">\n\t\t\t\t\t\t\t\t\t\t\t\t\t\t\t<img loading=\"lazy\" decoding=\"async\" width=\"2048\" height=\"1177\" src=\"https:\/\/r-filter.ro\/wp-content\/uploads\/2021\/11\/fot.e.2.n.jpg\" class=\"attachment-2048x2048 size-2048x2048 wp-image-8705\" alt=\"\" srcset=\"https:\/\/r-filter.ro\/wp-content\/uploads\/2021\/11\/fot.e.2.n.jpg 1415w, https:\/\/r-filter.ro\/wp-content\/uploads\/2021\/11\/fot.e.2.n-300x172.jpg 300w, https:\/\/r-filter.ro\/wp-content\/uploads\/2021\/11\/fot.e.2.n-1024x588.jpg 1024w, https:\/\/r-filter.ro\/wp-content\/uploads\/2021\/11\/fot.e.2.n-768x441.jpg 768w, https:\/\/r-filter.ro\/wp-content\/uploads\/2021\/11\/fot.e.2.n-18x10.jpg 18w\" sizes=\"(max-width: 2048px) 100vw, 2048px\" \/>\t\t\t\t\t\t\t\t\t\t\t\t\t\t\t<\/div>\n\t\t\t\t<\/div>\n\t\t\t\t\t<\/div>\n\t\t<\/div>\n\t\t\t\t<div class=\"elementor-column elementor-col-50 elementor-inner-column elementor-element elementor-element-32c5a0d\" data-id=\"32c5a0d\" data-element_type=\"column\" data-e-type=\"column\">\n\t\t\t<div class=\"elementor-widget-wrap elementor-element-populated\">\n\t\t\t\t\t\t<div class=\"elementor-element elementor-element-dd36dc0 elementor-widget elementor-widget-image\" data-id=\"dd36dc0\" data-element_type=\"widget\" data-e-type=\"widget\" data-widget_type=\"image.default\">\n\t\t\t\t<div class=\"elementor-widget-container\">\n\t\t\t\t\t\t\t\t\t\t\t\t\t\t\t<img loading=\"lazy\" decoding=\"async\" width=\"1024\" height=\"512\" src=\"https:\/\/r-filter.ro\/wp-content\/uploads\/2022\/10\/UVE4-1024x512.jpg\" class=\"attachment-large size-large wp-image-5299\" alt=\"R-Filter innovat\u00edv konyhai l\u00e9gkezel\u00e9s, zs\u00edrbont\u00e1s \u00e9s szagtalan\u00edt\u00e1s\" srcset=\"\" sizes=\"(max-width: 1024px) 100vw, 1024px\" data-srcset=\"\" \/>\t\t\t\t\t\t\t\t\t\t\t\t\t\t\t<\/div>\n\t\t\t\t<\/div>\n\t\t\t\t<div class=\"elementor-element elementor-element-2ee9c69 elementor-widget elementor-widget-text-editor\" data-id=\"2ee9c69\" data-element_type=\"widget\" data-e-type=\"widget\" data-widget_type=\"text-editor.default\">\n\t\t\t\t<div class=\"elementor-widget-container\">\n\t\t\t\t\t\t\t\t\t<p style=\"color: #0000f3;\">Vorteile der Verwendung des Ger\u00e4ts:<\/p><ul><li>die synergistische Wirkung von ultravioletter keimt\u00f6tender Bestrahlung (UVGI) und photokatalytischer Oxidation (PCO)<\/li><li>t\u00f6tet Bakterien und Viren<\/li><li>neutralisiert Ger\u00fcche<\/li><li>kein Filter<\/li><li>arbeitet ohne Chemikalien<\/li><li>ecologic<\/li><li>Niedrige Energiekosten, programmierbare Zyklen<\/li><li>Korrosionsfreies Edelstahlgeh\u00e4use<\/li><li>Erfordert minimale Wartung<\/li><li>Einfach zu installieren<\/li><\/ul>\t\t\t\t\t\t\t\t<\/div>\n\t\t\t\t<\/div>\n\t\t\t\t<div class=\"elementor-element elementor-element-9862255 elementor-widget elementor-widget-text-editor\" data-id=\"9862255\" data-element_type=\"widget\" data-e-type=\"widget\" data-widget_type=\"text-editor.default\">\n\t\t\t\t<div class=\"elementor-widget-container\">\n\t\t\t\t\t\t\t\t\t<strong>Auf Anfrage senden wir Ihnen die Datenbl\u00e4tter der Ger\u00e4te zu, nachdem Sie sich im Men\u00fc &#8222;Kontakt&#8221; registriert haben.<\/strong>\t\t\t\t\t\t\t\t<\/div>\n\t\t\t\t<\/div>\n\t\t\t\t\t<\/div>\n\t\t<\/div>\n\t\t\t\t\t<\/div>\n\t\t<\/section>\n\t\t\t\t<div class=\"elementor-element elementor-element-c7614fb elementor-widget elementor-widget-spacer\" data-id=\"c7614fb\" data-element_type=\"widget\" data-e-type=\"widget\" data-widget_type=\"spacer.default\">\n\t\t\t\t<div class=\"elementor-widget-container\">\n\t\t\t\t\t\t\t<div class=\"elementor-spacer\">\n\t\t\t<div class=\"elementor-spacer-inner\"><\/div>\n\t\t<\/div>\n\t\t\t\t\t\t<\/div>\n\t\t\t\t<\/div>\n\t\t\t\t\t<\/div>\n\t\t<\/div>\n\t\t\t\t\t<\/div>\n\t\t<\/section>\n\t\t\t\t<\/div>","protected":false},"excerpt":{"rendered":"<p>UVE PHOTOKATALYSATORISCHES DESINFEKTIONSMITTEL UND DEODORISIERUNGSMITTEL UVE UVE 110KUC Info UVE 110KUB Info UVE 220KUB Info UVE 220KUB Info Das photokatalytische Desinfektions- und Desodorierungsmittel UVE wurde f\u00fcr die Desinfektion und Desodorierung von intensiv genutzten und stark beanspruchten Gemeinschaftsbereichen entwickelt: \u00f6ffentliche Bereiche, B\u00fcros, medizinische Warter\u00e4ume, Lebensmittelindustrie und andere gewerbliche Einrichtungen, Restaurants, Hotels, Labors, Raucherr\u00e4ume, Toiletten;&nbsp;<a href=\"https:\/\/r-filter.ro\/de\/uve\/\" rel=\"bookmark\">Mehr lesen &raquo;<span class=\"screen-reader-text\">UVE<\/span><\/a><\/p>","protected":false},"author":2,"featured_media":0,"parent":0,"menu_order":0,"comment_status":"closed","ping_status":"closed","template":"","meta":{"neve_meta_sidebar":"full-width","neve_meta_container":"","neve_meta_enable_content_width":"on","neve_meta_content_width":100,"neve_meta_title_alignment":"","neve_meta_author_avatar":"","neve_post_elements_order":"","neve_meta_disable_header":"","neve_meta_disable_footer":"","neve_meta_disable_title":"","neve_meta_reading_time":"","_themeisle_gutenberg_block_has_review":false,"_ti_tpc_template_sync":false,"_ti_tpc_template_id":"","footnotes":""},"class_list":["post-1405","page","type-page","status-publish","hentry"],"_links":{"self":[{"href":"https:\/\/r-filter.ro\/de\/wp-json\/wp\/v2\/pages\/1405","targetHints":{"allow":["GET"]}}],"collection":[{"href":"https:\/\/r-filter.ro\/de\/wp-json\/wp\/v2\/pages"}],"about":[{"href":"https:\/\/r-filter.ro\/de\/wp-json\/wp\/v2\/types\/page"}],"author":[{"embeddable":true,"href":"https:\/\/r-filter.ro\/de\/wp-json\/wp\/v2\/users\/2"}],"replies":[{"embeddable":true,"href":"https:\/\/r-filter.ro\/de\/wp-json\/wp\/v2\/comments?post=1405"}],"version-history":[{"count":187,"href":"https:\/\/r-filter.ro\/de\/wp-json\/wp\/v2\/pages\/1405\/revisions"}],"predecessor-version":[{"id":8708,"href":"https:\/\/r-filter.ro\/de\/wp-json\/wp\/v2\/pages\/1405\/revisions\/8708"}],"wp:attachment":[{"href":"https:\/\/r-filter.ro\/de\/wp-json\/wp\/v2\/media?parent=1405"}],"curies":[{"name":"wp","href":"https:\/\/api.w.org\/{rel}","templated":true}]}}